{"id":1806,"date":"2023-06-05T16:58:53","date_gmt":"2023-06-05T16:58:53","guid":{"rendered":"https:\/\/outkast-shop.com\/?page_id=1806"},"modified":"2024-03-19T09:06:07","modified_gmt":"2024-03-19T09:06:07","slug":"responsible-gambling-guide","status":"publish","type":"page","link":"https:\/\/outkast-shop.com\/de\/leitfaden-fur-verantwortungsbewusstes-spielen\/","title":{"rendered":"Leitfaden f\u00fcr verantwortungsvolles Spielen"},"content":{"rendered":"<h1 class=\"wp-block-heading has-text-align-center\">Verantwortungsvolles Gl\u00fccksspiel <\/h1>\n\n\n\n<p class=\"has-text-align-center\">Gl\u00fccksspiel ist eine Aktivit\u00e4t, die Millionen von Menschen auf der ganzen Welt genie\u00dfen, aber es ist wichtig, dies verantwortungsbewusst zu tun. Dieser Leitfaden behandelt die Grundlagen des verantwortungsvollen Gl\u00fccksspiels, einschlie\u00dflich der Funktionsweise von Gl\u00fccksspielen, der damit verbundenen Risiken und der Erkennung von problematischem Gl\u00fccksspiel. Er enth\u00e4lt auch praktische Tipps und Ressourcen f\u00fcr diejenigen, die verantwortungsbewusst spielen wollen.<\/p>\n\n\n\n<figure class=\"wp-block-image aligncenter size-full is-resized\"><img decoding=\"async\" src=\"https:\/\/outkast-shop.com\/wp-content\/uploads\/2023\/06\/resp-gambling.jpg\" alt=\"Verantwortungsvolles Gl\u00fccksspiel \" class=\"wp-image-1863\" width=\"600\" height=\"368\" srcset=\"https:\/\/outkast-shop.com\/wp-content\/uploads\/2023\/06\/resp-gambling.jpg 800w, https:\/\/outkast-shop.com\/wp-content\/uploads\/2023\/06\/resp-gambling-300x184.jpg 300w, https:\/\/outkast-shop.com\/wp-content\/uploads\/2023\/06\/resp-gambling-768x470.jpg 768w, https:\/\/outkast-shop.com\/wp-content\/uploads\/2023\/06\/resp-gambling-18x12.jpg 18w, https:\/\/outkast-shop.com\/wp-content\/uploads\/2023\/06\/resp-gambling-110x67.jpg 110w, https:\/\/outkast-shop.com\/wp-content\/uploads\/2023\/06\/resp-gambling-575x352.jpg 575w\" sizes=\"(max-width: 600px) 100vw, 600px\" \/><\/figure>\n\n\n\n<h2 class=\"wp-block-heading has-text-align-center\">Gl\u00fccksspiel verstehen<\/h2>\n\n\n\n<p>Bevor Sie mit dem Gl\u00fccksspiel beginnen, ist es wichtig, die verschiedenen Arten von Gl\u00fccksspielen und deren Funktionsweise zu verstehen. In diesem Abschnitt geht es um die Grundlagen des Gl\u00fccksspiels, einschlie\u00dflich der damit verbundenen Risiken.<\/p>\n\n\n\n<p>Gl\u00fccksspiele sind eine beliebte Form der Unterhaltung, die von Menschen jeden Alters, jeder Herkunft und jedes Niveaus genutzt werden kann. Manche Menschen spielen zum Spa\u00df, w\u00e4hrend andere versuchen, Geld zu gewinnen. Was auch immer Ihre Gr\u00fcnde f\u00fcr das Gl\u00fccksspiel sein m\u00f6gen, es ist wichtig, die verschiedenen Arten von Gl\u00fccksspielen zu verstehen.<\/p>\n\n\n\n<p>Es gibt viele verschiedene Arten von Gl\u00fccksspielen, darunter Casino-Spiele, Sportwetten und Lotterien. Jede Art von Gl\u00fccksspiel hat ihre eigenen Regeln und ist mit Risiken verbunden. Casinospiele zum Beispiel sollen unterhaltsam sein und Spa\u00df machen, aber sie sind auch mit einem hohen Risiko verbunden. \u00c4hnlich k\u00f6nnen Sportwetten eine unterhaltsame Art sein, Ihren Lieblingssport zu genie\u00dfen, aber sie k\u00f6nnen auch riskant sein, wenn Sie nicht wissen, was Sie tun.<\/p>\n\n\n\n<p>Um ein erfolgreicher Spieler zu sein, ist es wichtig, die Risiken zu kennen, die mit jeder Art von Gl\u00fccksspiel verbunden sind, sowie die Strategien, die zur Verringerung dieser Risiken eingesetzt werden k\u00f6nnen.<\/p>\n\n\n\n<h2 class=\"wp-block-heading has-text-align-center\">Anzeichen f\u00fcr problematisches Gl\u00fccksspiel<\/h2>\n\n\n\n<p>Problematisches Gl\u00fccksspiel kann ein sehr ernstes Problem sein, das eine Reihe von negativen Folgen haben kann. Es kann nicht nur zu finanziellen Schwierigkeiten f\u00fchren, sondern auch erhebliche Auswirkungen auf Beziehungen und die psychische Gesundheit haben. Personen, die mit problematischem Gl\u00fccksspiel zu k\u00e4mpfen haben, k\u00f6nnen sich zum Beispiel verschulden, was zu Stress und \u00c4ngsten f\u00fchren kann. Dies kann dann zu Problemen mit dem Partner oder Familienmitgliedern f\u00fchren, die sich durch die Situation frustriert oder ver\u00e4rgert f\u00fchlen k\u00f6nnen. Dar\u00fcber hinaus kann sich problematisches Gl\u00fccksspiel auch negativ auf die psychische Gesundheit auswirken und zu Depressionen oder einem geringen Selbstwertgef\u00fchl f\u00fchren.<\/p>\n\n\n\n<p>Wenn Sie das Gef\u00fchl haben, dass Sie oder jemand, den Sie kennen, mit problematischem Gl\u00fccksspiel zu k\u00e4mpfen hat, ist es wichtig, auf die Warnzeichen zu achten. Dazu geh\u00f6ren beispielsweise, dass Sie mehr Geld f\u00fcr Gl\u00fccksspiele ausgeben, als Sie sich leisten k\u00f6nnen, dass Sie Freunde oder Familienmitglieder \u00fcber Ihre Spielgewohnheiten anl\u00fcgen und dass Sie sich gereizt oder \u00e4ngstlich f\u00fchlen, wenn Sie nicht in der Lage sind zu spielen. Gl\u00fccklicherweise gibt es viele Hilfsangebote f\u00fcr Menschen, die mit problematischem Gl\u00fccksspiel zu k\u00e4mpfen haben. Dazu geh\u00f6ren Selbsthilfegruppen, Therapien und Online-Ressourcen, die Informationen und Ratschl\u00e4ge f\u00fcr den Umgang mit diesem Problem bieten.<\/p>\n\n\n\n<h2 class=\"wp-block-heading has-text-align-center\">Verantwortungsvolle Spielpraktiken<\/h2>\n\n\n\n<p>Gl\u00fccksspiel kann ein angenehmer Zeitvertreib sein, aber es ist wichtig, verantwortungsbewusst damit umzugehen. Hier sind einige zus\u00e4tzliche Strategien, die Ihnen helfen, Ihre Spielgewohnheiten unter Kontrolle zu halten:<\/p>\n\n\n\n<ul class=\"list-star wp-block-list\">\n<li>Legen Sie ein Budget fest: Legen Sie fest, wie viel Geld Sie sich leisten k\u00f6nnen zu verlieren, bevor Sie mit dem Gl\u00fccksspiel beginnen. Halten Sie sich an dieses Budget und spielen Sie nie mit Geld, das Sie sich nicht leisten k\u00f6nnen zu verlieren.<\/li>\n\n\n\n<li>Setzen Sie sich ein Zeitlimit: Legen Sie fest, wie viel Zeit Sie realistischerweise mit dem Spielen verbringen k\u00f6nnen, und halten Sie sich an dieses Limit. So behalten Sie die Kontrolle und verlieren die Zeit nicht aus den Augen.<\/li>\n\n\n\n<li>Identifizieren Sie Ausl\u00f6ser: Wenn es Ihnen schwerf\u00e4llt, die Kontrolle zu behalten, kann es hilfreich sein, die Ausl\u00f6ser f\u00fcr Ihr Spielverhalten zu ermitteln. Das k\u00f6nnen Stress, Langeweile oder andere Faktoren sein. Sobald Sie Ihre Ausl\u00f6ser kennen, k\u00f6nnen Sie Ma\u00dfnahmen ergreifen, um sie zu vermeiden oder besser mit ihnen umzugehen.<\/li>\n\n\n\n<li>Verstehen Sie die Gewinnchancen: Es ist wichtig, dass Sie eine realistische Vorstellung von den Gewinnchancen haben, bevor Sie mit dem Gl\u00fccksspiel beginnen. So k\u00f6nnen Sie unrealistische Erwartungen vermeiden und fundiertere Entscheidungen dar\u00fcber treffen, wann und wie Sie spielen.<\/li>\n<\/ul>\n\n\n\n<h2 class=\"wp-block-heading has-text-align-center\">Ressourcen f\u00fcr Hilfe und Unterst\u00fctzung<\/h2>\n\n\n\n<p>Wenn Sie oder jemand, den Sie kennen, mit Gl\u00fccksspielproblemen zu k\u00e4mpfen hat, ist es wichtig zu wissen, dass Sie nicht allein sind. Es gibt viele Menschen, die mit \u00e4hnlichen Herausforderungen konfrontiert sind, und viele Ressourcen, die Hilfe und Unterst\u00fctzung bieten. In diesem Abschnitt finden Sie ausf\u00fchrliche Informationen \u00fcber Hotlines, Selbsthilfegruppen, Online-Ressourcen und professionelle Behandlungsm\u00f6glichkeiten. Egal, ob Sie eine vertrauliche Hotline suchen, um mit jemandem \u00fcber Ihre Sorgen zu sprechen, oder ob Sie eine Selbsthilfegruppe suchen, in der Sie sich mit anderen austauschen k\u00f6nnen, die verstehen, was Sie durchmachen - es gibt viele M\u00f6glichkeiten. Dar\u00fcber hinaus gibt es zahlreiche Online-Ressourcen, darunter Foren, Chatrooms und informative Websites, die wertvolle Informationen und Unterst\u00fctzung bieten k\u00f6nnen. Und wenn Sie das Gef\u00fchl haben, dass Sie eine professionelle Behandlung ben\u00f6tigen, stehen Ihnen viele verschiedene M\u00f6glichkeiten zur Verf\u00fcgung, wie z. B. Therapie, Beratung, station\u00e4re und ambulante Programme. Ganz gleich, welche Bed\u00fcrfnisse Sie haben, es gibt immer Hilfe.<\/p>\n\n\n\n<h2 class=\"wp-block-heading has-text-align-center\">Schlussfolgerung<\/h2>\n\n\n\n<p>Es ist wichtig, daran zu denken, dass verantwortungsvolles Gl\u00fccksspiel nicht nur bedeutet, problematisches Gl\u00fccksspiel zu vermeiden, sondern auch sicherzustellen, dass Sie das Gl\u00fccksspiel auf eine nachhaltige und sichere Weise genie\u00dfen. Das bedeutet, dass Sie sich die Zeit nehmen m\u00fcssen, um die mit dem Gl\u00fccksspiel verbundenen Risiken zu verstehen, Ihre Ausgaben und Ihre Zeit einzuschr\u00e4nken und zu wissen, wann Sie bei Bedarf Hilfe suchen m\u00fcssen. Wenn Sie verantwortungsbewusst mit dem Gl\u00fccksspiel umgehen, k\u00f6nnen Sie es sicher und unbesorgt genie\u00dfen.<\/p>\n\n\n\n<div class=\"wp-block-group alignfull gallery_section has-poka-boxes-background-color-alt-background-color has-background is-layout-constrained wp-block-group-is-layout-constrained\"><div class=\"wp-block-group__inner-container\">\n<p class=\"has-medium-font-size\"><strong>Mehr entdecken:<\/strong><\/p>\n\n\n\n<div class=\"types-gallery\">\r\n\t  <a class=\"item\" href=\"https:\/\/outkast-shop.com\/de\/anonyme-kasinos\/\"><img decoding=\"async\" src=\"\/wp-content\/uploads\/2023\/06\/ct4.png\" alt=\"Anonymes Kasino-Symbol\"><span>Anonyme Kasinos<\/span><\/a>\r\n      <a class=\"item\" href=\"https:\/\/outkast-shop.com\/de\/blockchain-casinos\/\"><img decoding=\"async\" src=\"\/wp-content\/uploads\/2023\/06\/ct2.png\" alt=\"Symbol f\u00fcr Blockchain-Casinos\"><span>Blockchain-Kasinos<\/span><\/a>\r\n      <a class=\"item\" href=\"https:\/\/outkast-shop.com\/de\/dezentralisierte-casinos\/\"><img decoding=\"async\" src=\"\/wp-content\/uploads\/2023\/06\/ct5.png\" alt=\"Symbol f\u00fcr dezentrale Casinos\"><span>Dezentralisierte Casinos<\/span><\/a>\r\n      <a class=\"item\" href=\"https:\/\/outkast-shop.com\/de\/hybrid-online-casinos\/\"><img decoding=\"async\" src=\"\/wp-content\/uploads\/2023\/06\/ct3.png\" alt=\"Symbol f\u00fcr Hybrid-Casinos\"><span>Hybrid-Kasinos<\/span><\/a>\r\n      <a class=\"item\" href=\"https:\/\/outkast-shop.com\/de\/neue-krypto-casinos\/\"><img decoding=\"async\" src=\"\/wp-content\/uploads\/2023\/06\/ct6-1.png\" alt=\"Neues Symbol Crypto Casinos\"><span>Neue Krypto-Kasinos<\/span><\/a>\r\n      <a class=\"item\" href=\"https:\/\/outkast-shop.com\/de\/nft-casinos\/\"><img decoding=\"async\" src=\"\/wp-content\/uploads\/2023\/06\/ct7-1.png\" alt=\"NFT Casinos Symbol\"><span>NFT-Kasinos<\/span><\/a>     \r\n<\/div>\n<\/div><\/div>\n\n\n\n<div class=\"wp-block-group alignfull has-background is-layout-flow wp-container-16\" style=\"padding-top:60px;padding-right:0px;padding-bottom:10px;padding-left:0px; background:#1d2730;\"><div class=\"wp-block-group__inner-container\">\n<div class=\"wp-block-columns are-vertically-aligned-center is-layout-flex wp-container-15\">\n<div class=\"wp-block-column is-vertically-aligned-center is-layout-flow\" style=\"flex-basis:100%\">\n<div class=\"wp-block-group is-layout-flow\"><div class=\"wp-block-group__inner-container\">\n<div class=\"wp-block-columns is-layout-flex wp-container-12\" style=\"padding-right:20px;padding-left:20px\">\n<div class=\"wp-block-column is-vertically-aligned-center is-layout-flow\" style=\"padding-top:20px;padding-bottom:20px;flex-basis:70%\">\n<p class=\"has-text-align-left has-white-color has-text-color wp-block-heading\" style=\"font-size:46px;font-style:normal;font-weight:300;margin-top:10px;margin-right:0px;margin-bottom:10px;margin-left:0px\">Beginnen Sie jetzt zu spielen!<\/p>\n<\/div>\n\n\n\n<div class=\"wp-block-column is-vertically-aligned-center is-layout-flow\" style=\"padding-top:10px;padding-bottom:10px;flex-basis:30%\"><div class=\"wp-block-poka-button\">\n<a class=\"wp-block-button__link has-vivid-red-background-color has-background\" href=\"https:\/\/outkast-shop.com\/de\/go\/play\/\" style=\"border-radius:100px\"><strong>Jetzt spielen!<\/strong><\/a>\n\n\t\t<\/div><\/div>\n<\/div>\n<\/div><\/div>\n<\/div>\n<\/div>\n<\/div><\/div>\n\n\n\n<div class=\"wp-block-group alignfull gallery_section has-poka-boxes-background-color-alt-background-color has-background is-layout-constrained wp-block-group-is-layout-constrained\"><div class=\"wp-block-group__inner-container\">\n<p class=\"has-medium-font-size\"><strong><strong>Top-Kryptow\u00e4hrungen:<\/strong><\/strong><\/p>\n\n\n\n<div class=\"icons-galley\">\r\n\t\t  <a class=\"item\" href=\"https:\/\/outkast-shop.com\/de\/bitcoin-casinos\/\"><img decoding=\"async\" src=\"\/wp-content\/uploads\/2023\/06\/btc.png\" alt=\"Bitcoin Kasino-Symbol\"><span>BTC Spielbanken<\/span><\/a>\r\n\t  <a class=\"item\" href=\"https:\/\/outkast-shop.com\/de\/ethereum-kasinos\/\"><img decoding=\"async\" src=\"\/wp-content\/uploads\/2023\/06\/eth.png\" alt=\"Ethereum Kasino-Symbol\"><span>ETH Kasinos<\/span><\/a>\r\n\t  <a class=\"item\" href=\"https:\/\/outkast-shop.com\/de\/tether-casinos\/\"><img decoding=\"async\" src=\"\/wp-content\/uploads\/2023\/06\/usdt.png\" alt=\"Tether Kasino-Symbol\"><span>USDT Kasinos<\/span><\/a>\r\n\t  <a class=\"item\" href=\"https:\/\/outkast-shop.com\/de\/litecoin-casinos\/\"><img decoding=\"async\" src=\"\/wp-content\/uploads\/2023\/06\/ltc.png\" alt=\"Litecoin Kasino-Symbol\"><span>LTC Kasinos<\/span><\/a>\r\n\t  <a class=\"item\" href=\"https:\/\/outkast-shop.com\/de\/dogecoin-casinos\/\"><img decoding=\"async\" src=\"\/wp-content\/uploads\/2023\/06\/doge.png\" alt=\"Dogecoin Kasino-Symbol\"><span>Doge Kasinos<\/span><\/a>\r\n\t  <a class=\"item\" href=\"https:\/\/outkast-shop.com\/de\/ripple-casinos\/\"><img decoding=\"async\" src=\"\/wp-content\/uploads\/2023\/06\/xrp.png\" alt=\"Ripple Kasino-Symbol\"><span>XRP Spielbanken<\/span><\/a>\r\n\t  <a class=\"item\" href=\"https:\/\/outkast-shop.com\/de\/bitcoin-cash-casinos\/\"><img decoding=\"async\" src=\"\/wp-content\/uploads\/2023\/06\/bch.png\" alt=\"Bitcoin Cash Kasino-Symbol\"><span>BCH Kasinos<\/span><\/a>\r\n\t  <a class=\"item\" href=\"https:\/\/outkast-shop.com\/de\/tron-casinos\/\"><img decoding=\"async\" src=\"\/wp-content\/uploads\/2023\/06\/trx.png\" alt=\"Tron Kasino-Symbol\"><span>TRX<\/span><\/a> \r\n\t  <a class=\"item\" href=\"https:\/\/outkast-shop.com\/de\/cardano-kasinos\/\"><img decoding=\"async\" src=\"\/wp-content\/uploads\/2023\/06\/ada.png\" alt=\"Ada Kasinos Symbol\"><span>Ada Kasinos<\/span><\/a>\r\n      <a class=\"item\" href=\"https:\/\/outkast-shop.com\/de\/binance-coin-casinos\/\"><img decoding=\"async\" src=\"\/wp-content\/uploads\/2023\/06\/bnb.png\" alt=\"Bnb Kasinos Symbol\"><span>BNB Kasinos<\/span><\/a>\r\n      <a class=\"item\" href=\"https:\/\/outkast-shop.com\/de\/dash-casinos\/\"><img decoding=\"async\" src=\"\/wp-content\/uploads\/2023\/06\/dash.png\" alt=\"Dash Kasino-Symbol\"><span>Dash Kasinos<\/span><\/a>\r\n      <a class=\"item\" href=\"https:\/\/outkast-shop.com\/de\/shiba-inu-casinos\/\"><img decoding=\"async\" src=\"\/wp-content\/uploads\/2023\/06\/shib.png\" alt=\"Shiba Inu Kasino-Symbol\"><span>Shiba-Kasinos<\/span><\/a>\r\n      <a class=\"item\" href=\"https:\/\/outkast-shop.com\/de\/solana-casinos\/\"><img decoding=\"async\" src=\"\/wp-content\/uploads\/2023\/06\/sol.png\" alt=\"Solana Kaskadensymbol\"><span>SOL-Kasinos<\/span><\/a>\r\n      <a class=\"item\" href=\"https:\/\/outkast-shop.com\/de\/monero-kasinos\/\"><img decoding=\"async\" src=\"\/wp-content\/uploads\/2023\/06\/xmr.png\" alt=\"Xmr Kasinos Symbol\"><span>XMR-Kasinos<\/span><\/a>     \r\n<\/div>\n<\/div><\/div>","protected":false},"excerpt":{"rendered":"<p>Verantwortungsbewusstes Gl\u00fccksspiel Gl\u00fccksspiel ist eine Aktivit\u00e4t, die von Millionen von Menschen auf der ganzen Welt genossen wird, aber es ist wichtig, dies verantwortungsbewusst zu tun. In diesem Leitfaden werden die Grundlagen des verantwortungsvollen Gl\u00fccksspiels behandelt, darunter die Funktionsweise des Gl\u00fccksspiels, die damit verbundenen Risiken und die Erkennung von problematischem Gl\u00fccksspiel. Er enth\u00e4lt au\u00dferdem praktische Tipps und Ressourcen f\u00fcr [...]<\/p>","protected":false},"author":1,"featured_media":1863,"parent":0,"menu_order":0,"comment_status":"closed","ping_status":"closed","template":"","meta":{"_mi_skip_tracking":false,"_monsterinsights_sitenote_active":false,"_monsterinsights_sitenote_note":"","_monsterinsights_sitenote_category":0,"footnotes":""},"class_list":["post-1806","page","type-page","status-publish","has-post-thumbnail","hentry"],"acf":[],"yoast_head":"<!-- This site is optimized with the Yoast SEO plugin v22.8 - https:\/\/yoast.com\/wordpress\/plugins\/seo\/ -->\n<title>Responsible Gambling Essentials: How to Enjoy Betting Safely<\/title>\n<meta name=\"description\" content=\"Discover essential advice on enjoying betting safely, with practical tips for setting limits, recognizing risk signs, and accessing support resources.\" \/>\n<meta name=\"robots\" content=\"index, follow, max-snippet:-1, max-image-preview:large, max-video-preview:-1\" \/>\n<link rel=\"canonical\" href=\"https:\/\/outkast-shop.com\/de\/leitfaden-fur-verantwortungsbewusstes-spielen\/\" \/>\n<meta property=\"og:locale\" content=\"de_DE\" \/>\n<meta property=\"og:type\" content=\"article\" \/>\n<meta property=\"og:title\" content=\"Responsible Gambling Essentials: How to Enjoy Betting Safely\" \/>\n<meta property=\"og:description\" content=\"Discover essential advice on enjoying betting safely, with practical tips for setting limits, recognizing risk signs, and accessing support resources.\" \/>\n<meta property=\"og:url\" content=\"https:\/\/outkast-shop.com\/de\/leitfaden-fur-verantwortungsbewusstes-spielen\/\" \/>\n<meta property=\"og:site_name\" content=\"Crypto Casino\" \/>\n<meta property=\"article:modified_time\" content=\"2024-03-19T09:06:07+00:00\" \/>\n<meta property=\"og:image\" content=\"https:\/\/outkast-shop.com\/wp-content\/uploads\/2023\/06\/resp-gambling.jpg\" \/>\n\t<meta property=\"og:image:width\" content=\"800\" \/>\n\t<meta property=\"og:image:height\" content=\"490\" \/>\n\t<meta property=\"og:image:type\" content=\"image\/jpeg\" \/>\n<meta name=\"twitter:card\" content=\"summary_large_image\" \/>\n<meta name=\"twitter:label1\" content=\"Gesch\u00e4tzte Lesezeit\" \/>\n\t<meta name=\"twitter:data1\" content=\"5\u00a0Minuten\" \/>\n<!-- \/ Yoast SEO plugin. -->","yoast_head_json":{"title":"Responsible Gambling Essentials: How to Enjoy Betting Safely","description":"Discover essential advice on enjoying betting safely, with practical tips for setting limits, recognizing risk signs, and accessing support resources.","robots":{"index":"index","follow":"follow","max-snippet":"max-snippet:-1","max-image-preview":"max-image-preview:large","max-video-preview":"max-video-preview:-1"},"canonical":"https:\/\/outkast-shop.com\/de\/leitfaden-fur-verantwortungsbewusstes-spielen\/","og_locale":"de_DE","og_type":"article","og_title":"Responsible Gambling Essentials: How to Enjoy Betting Safely","og_description":"Discover essential advice on enjoying betting safely, with practical tips for setting limits, recognizing risk signs, and accessing support resources.","og_url":"https:\/\/outkast-shop.com\/de\/leitfaden-fur-verantwortungsbewusstes-spielen\/","og_site_name":"Crypto Casino","article_modified_time":"2024-03-19T09:06:07+00:00","og_image":[{"width":800,"height":490,"url":"https:\/\/outkast-shop.com\/wp-content\/uploads\/2023\/06\/resp-gambling.jpg","type":"image\/jpeg"}],"twitter_card":"summary_large_image","twitter_misc":{"Gesch\u00e4tzte Lesezeit":"5\u00a0Minuten"},"schema":{"@context":"https:\/\/schema.org","@graph":[{"@type":"WebPage","@id":"https:\/\/outkast-shop.com\/responsible-gambling-guide\/","url":"https:\/\/outkast-shop.com\/responsible-gambling-guide\/","name":"Responsible Gambling Essentials: How to Enjoy Betting Safely","isPartOf":{"@id":"https:\/\/outkast-shop.com\/#website"},"primaryImageOfPage":{"@id":"https:\/\/outkast-shop.com\/responsible-gambling-guide\/#primaryimage"},"image":{"@id":"https:\/\/outkast-shop.com\/responsible-gambling-guide\/#primaryimage"},"thumbnailUrl":"https:\/\/outkast-shop.com\/wp-content\/uploads\/2023\/06\/resp-gambling.jpg","datePublished":"2023-06-05T16:58:53+00:00","dateModified":"2024-03-19T09:06:07+00:00","description":"Discover essential advice on enjoying betting safely, with practical tips for setting limits, recognizing risk signs, and accessing support resources.","breadcrumb":{"@id":"https:\/\/outkast-shop.com\/responsible-gambling-guide\/#breadcrumb"},"inLanguage":"de","potentialAction":[{"@type":"ReadAction","target":["https:\/\/outkast-shop.com\/responsible-gambling-guide\/"]}]},{"@type":"ImageObject","inLanguage":"de","@id":"https:\/\/outkast-shop.com\/responsible-gambling-guide\/#primaryimage","url":"https:\/\/outkast-shop.com\/wp-content\/uploads\/2023\/06\/resp-gambling.jpg","contentUrl":"https:\/\/outkast-shop.com\/wp-content\/uploads\/2023\/06\/resp-gambling.jpg","width":800,"height":490,"caption":"Responsible Gambling"},{"@type":"BreadcrumbList","@id":"https:\/\/outkast-shop.com\/responsible-gambling-guide\/#breadcrumb","itemListElement":[{"@type":"ListItem","position":1,"name":"Home","item":"https:\/\/outkast-shop.com\/"},{"@type":"ListItem","position":2,"name":"Responsible Gambling Guide"}]},{"@type":"WebSite","@id":"https:\/\/outkast-shop.com\/#website","url":"https:\/\/outkast-shop.com\/","name":"Crypto Casino","description":"","publisher":{"@id":"https:\/\/outkast-shop.com\/#organization"},"potentialAction":[{"@type":"SearchAction","target":{"@type":"EntryPoint","urlTemplate":"https:\/\/outkast-shop.com\/?s={search_term_string}"},"query-input":"required name=search_term_string"}],"inLanguage":"de"},{"@type":"Organization","@id":"https:\/\/outkast-shop.com\/#organization","name":"Outkast Roller","alternateName":"outkast-shop.com","url":"https:\/\/outkast-shop.com\/","logo":{"@type":"ImageObject","inLanguage":"de","@id":"https:\/\/outkast-shop.com\/#\/schema\/logo\/image\/","url":"https:\/\/outkast-shop.com\/wp-content\/uploads\/2023\/06\/long-logo.png","contentUrl":"https:\/\/outkast-shop.com\/wp-content\/uploads\/2023\/06\/long-logo.png","width":326,"height":75,"caption":"Outkast Roller"},"image":{"@id":"https:\/\/outkast-shop.com\/#\/schema\/logo\/image\/"}}]}},"_links":{"self":[{"href":"https:\/\/outkast-shop.com\/de\/wp-json\/wp\/v2\/pages\/1806","targetHints":{"allow":["GET"]}}],"collection":[{"href":"https:\/\/outkast-shop.com\/de\/wp-json\/wp\/v2\/pages"}],"about":[{"href":"https:\/\/outkast-shop.com\/de\/wp-json\/wp\/v2\/types\/page"}],"author":[{"embeddable":true,"href":"https:\/\/outkast-shop.com\/de\/wp-json\/wp\/v2\/users\/1"}],"replies":[{"embeddable":true,"href":"https:\/\/outkast-shop.com\/de\/wp-json\/wp\/v2\/comments?post=1806"}],"version-history":[{"count":0,"href":"https:\/\/outkast-shop.com\/de\/wp-json\/wp\/v2\/pages\/1806\/revisions"}],"wp:featuredmedia":[{"embeddable":true,"href":"https:\/\/outkast-shop.com\/de\/wp-json\/wp\/v2\/media\/1863"}],"wp:attachment":[{"href":"https:\/\/outkast-shop.com\/de\/wp-json\/wp\/v2\/media?parent=1806"}],"curies":[{"name":"wp","href":"https:\/\/api.w.org\/{rel}","templated":true}]}}