{"id":1840,"date":"2023-06-06T11:03:13","date_gmt":"2023-06-06T11:03:13","guid":{"rendered":"https:\/\/outkast-shop.com\/?page_id=1840"},"modified":"2024-03-19T10:24:56","modified_gmt":"2024-03-19T10:24:56","slug":"about-us","status":"publish","type":"page","link":"https:\/\/outkast-shop.com\/de\/uber-uns\/","title":{"rendered":"\u00dcber uns"},"content":{"rendered":"<h1 class=\"wp-block-heading has-text-align-center\">\u00dcber uns<\/h1>\n\n\n\n<p class=\"has-text-align-center\">Wenn Sie ein Fan von Online-Casinos und Spielen sind, wissen Sie, wie wichtig es ist, vertrauensw\u00fcrdige und unvoreingenommene Bewertungen zu finden. Mit so vielen Optionen zur Verf\u00fcgung, kann es \u00fcberw\u00e4ltigend sein, die richtige zu w\u00e4hlen. Genau hier kommt Outkast Roller ins Spiel. Unser Team von erfahrenen Rezensenten ist seit \u00fcber 5 Jahren in der Branche t\u00e4tig und wir sind bestrebt, Ihnen m\u00f6glichst genaue und zuverl\u00e4ssige Informationen zu liefern.<\/p>\n\n\n\n<figure class=\"wp-block-image aligncenter size-full is-resized\"><img decoding=\"async\" width=\"800\" height=\"489\" src=\"https:\/\/outkast-shop.com\/wp-content\/uploads\/2023\/06\/about-us-small-min.jpg\" alt=\"\u00dcber uns Outkast Roller\" class=\"wp-image-1841\" style=\"width:600px;height:367px\" srcset=\"https:\/\/outkast-shop.com\/wp-content\/uploads\/2023\/06\/about-us-small-min.jpg 800w, https:\/\/outkast-shop.com\/wp-content\/uploads\/2023\/06\/about-us-small-min-300x183.jpg 300w, https:\/\/outkast-shop.com\/wp-content\/uploads\/2023\/06\/about-us-small-min-768x469.jpg 768w, https:\/\/outkast-shop.com\/wp-content\/uploads\/2023\/06\/about-us-small-min-18x12.jpg 18w, https:\/\/outkast-shop.com\/wp-content\/uploads\/2023\/06\/about-us-small-min-110x67.jpg 110w, https:\/\/outkast-shop.com\/wp-content\/uploads\/2023\/06\/about-us-small-min-575x351.jpg 575w\" sizes=\"(max-width: 800px) 100vw, 800px\" \/><\/figure>\n\n\n\n<h2 class=\"wp-block-heading has-text-align-center\">Ihre vertrauensw\u00fcrdige Quelle f\u00fcr unvoreingenommene Casino- und Spielbewertungen<\/h2>\n\n\n\n<p>Wir von Outkast Roller verstehen, dass die Welt des Online-Gl\u00fccksspiels verwirrend und manchmal sogar riskant sein kann. Deshalb haben wir uns verpflichtet, unvoreingenommene Bewertungen der beliebtesten Casinos und Spiele in der Branche anzubieten. Unsere Bewertungen basieren auf umfangreichen Recherchen, Tests und Analysen, und wir geben immer unsere ehrliche Meinung ab, ob sie nun positiv oder negativ ist.<\/p>\n\n\n\n<p>Zus\u00e4tzlich zu unseren Bewertungen haben wir uns auch der Aufgabe verschrieben, Spieler und die gesamte Branche dazu zu inspirieren, diejenigen zu ehren, die Online-Unterhaltung suchen. Wir glauben, dass jeder Zugang zu sicheren, fairen und angenehmen Spielerfahrungen haben sollte, und wir arbeiten hart daran, diese Werte in der Branche zu f\u00f6rdern.<\/p>\n\n\n\n<h2 class=\"wp-block-heading has-text-align-center\">Unsere Experten<\/h2>\n\n\n\n<div class=\"wp-block-columns is-layout-flex wp-container-core-columns-is-layout-28f84493 wp-block-columns-is-layout-flex\">\n<div class=\"wp-block-column is-layout-flow wp-block-column-is-layout-flow\">\n<figure class=\"wp-block-image size-full\"><img decoding=\"async\" width=\"500\" height=\"476\" src=\"https:\/\/outkast-shop.com\/wp-content\/uploads\/2023\/10\/denis-mak-big.jpg\" alt=\"Denis Mak \u00fcber Seite\" class=\"wp-image-2622\" srcset=\"https:\/\/outkast-shop.com\/wp-content\/uploads\/2023\/10\/denis-mak-big.jpg 500w, https:\/\/outkast-shop.com\/wp-content\/uploads\/2023\/10\/denis-mak-big-300x286.jpg 300w, https:\/\/outkast-shop.com\/wp-content\/uploads\/2023\/10\/denis-mak-big-13x12.jpg 13w, https:\/\/outkast-shop.com\/wp-content\/uploads\/2023\/10\/denis-mak-big-110x105.jpg 110w\" sizes=\"(max-width: 500px) 100vw, 500px\" \/><\/figure>\n<\/div>\n\n\n\n<div class=\"wp-block-column is-layout-flow wp-block-column-is-layout-flow\">\n<p>Der ideologische Inspirator des gesamten Projekts: Denis Mak<\/p>\n\n\n\n<p class=\"has-text-align-left\"><strong>Infos:<\/strong><\/p>\n\n\n\n<ul class=\"wp-block-list\">\n<li><a href=\"https:\/\/www.facebook.com\/profile.php?id=100083645510467\" target=\"_blank\" rel=\"noreferrer noopener\">Facebook<\/a><\/li>\n\n\n\n<li><a href=\"https:\/\/twitter.com\/DenisMak18\" target=\"_blank\" rel=\"noreferrer noopener\">Twitter<\/a><\/li>\n\n\n\n<li><a href=\"https:\/\/www.youtube.com\/channel\/UChMjmYBn7NFOLKsIpviYZhA\">Youtube<\/a><\/li>\n<\/ul>\n<\/div>\n<\/div>\n\n\n\n<div class=\"wp-block-columns is-layout-flex wp-container-core-columns-is-layout-28f84493 wp-block-columns-is-layout-flex\">\n<div class=\"wp-block-column is-layout-flow wp-block-column-is-layout-flow\">\n<figure class=\"wp-block-image size-full\"><a href=\"https:\/\/outkast-shop.com\/de\/bobby-brown\/\"><img decoding=\"async\" width=\"500\" height=\"475\" src=\"https:\/\/outkast-shop.com\/wp-content\/uploads\/2023\/06\/bobby-brown-f.jpg\" alt=\"Bobby Brown Krypto-Autor\" class=\"wp-image-2390\" srcset=\"https:\/\/outkast-shop.com\/wp-content\/uploads\/2023\/06\/bobby-brown-f.jpg 500w, https:\/\/outkast-shop.com\/wp-content\/uploads\/2023\/06\/bobby-brown-f-300x285.jpg 300w, https:\/\/outkast-shop.com\/wp-content\/uploads\/2023\/06\/bobby-brown-f-13x12.jpg 13w, https:\/\/outkast-shop.com\/wp-content\/uploads\/2023\/06\/bobby-brown-f-110x105.jpg 110w\" sizes=\"(max-width: 500px) 100vw, 500px\" \/><\/a><figcaption class=\"wp-element-caption\">Bobby Brown - Krypto-Gl\u00fccksspiel-Experte<\/figcaption><\/figure>\n<\/div>\n\n\n\n<div class=\"wp-block-column is-layout-flow wp-block-column-is-layout-flow\">\n<figure class=\"wp-block-image size-full\"><a href=\"https:\/\/outkast-shop.com\/de\/martin-gor\/\"><img decoding=\"async\" width=\"496\" height=\"475\" src=\"https:\/\/outkast-shop.com\/wp-content\/uploads\/2023\/06\/gor-a.jpg\" alt=\"Martyn Gor - Krypto-Autor\" class=\"wp-image-2391\" srcset=\"https:\/\/outkast-shop.com\/wp-content\/uploads\/2023\/06\/gor-a.jpg 496w, https:\/\/outkast-shop.com\/wp-content\/uploads\/2023\/06\/gor-a-300x287.jpg 300w, https:\/\/outkast-shop.com\/wp-content\/uploads\/2023\/06\/gor-a-13x12.jpg 13w, https:\/\/outkast-shop.com\/wp-content\/uploads\/2023\/06\/gor-a-110x105.jpg 110w\" sizes=\"(max-width: 496px) 100vw, 496px\" \/><\/a><figcaption class=\"wp-element-caption\">Martyn Gor - Krypto-Gl\u00fccksspiel-Experte<\/figcaption><\/figure>\n<\/div>\n<\/div>\n\n\n\n<h2 class=\"wp-block-heading has-text-align-center\">Unser Auftrag<\/h2>\n\n\n\n<p>Unser Ziel ist es, den Spielern genaue und zuverl\u00e4ssige Informationen \u00fcber Online-Casinos und Spiele zur Verf\u00fcgung zu stellen und gleichzeitig ein sicheres, faires und angenehmes Spielerlebnis zu f\u00f6rdern. Wir bem\u00fchen uns, den Spielern die M\u00f6glichkeit zu geben, fundierte Entscheidungen zu treffen, indem wir gr\u00fcndliche Recherchen und Analysen durchf\u00fchren und uns \u00fcber die neuesten Trends und Entwicklungen in der Branche auf dem Laufenden halten. Dar\u00fcber hinaus setzen wir uns f\u00fcr die Rechte und Interessen der Spieler ein und machen Online-Casinos und Spielentwickler f\u00fcr ihre Handlungen verantwortlich. Wir hoffen, dass wir uns mit unserem weiteren Wachstum als f\u00fchrende Stimme in der Online-Gaming-Community etablieren und andere dazu inspirieren k\u00f6nnen, die Bed\u00fcrfnisse und Interessen der Spieler in den Vordergrund zu stellen.<\/p>\n\n\n\n<div class=\"wp-block-group alignfull gallery_section has-poka-boxes-background-color-alt-background-color has-background is-layout-constrained wp-block-group-is-layout-constrained\"><div class=\"wp-block-group__inner-container\">\n<p class=\"has-medium-font-size\"><strong>Mehr entdecken:<\/strong><\/p>\n\n\n\n<div class=\"types-gallery\">\r\n\t  <a class=\"item\" href=\"https:\/\/outkast-shop.com\/de\/anonyme-kasinos\/\"><img decoding=\"async\" src=\"\/wp-content\/uploads\/2023\/06\/ct4.png\" alt=\"Anonymes Kasino-Symbol\"><span>Anonyme Kasinos<\/span><\/a>\r\n      <a class=\"item\" href=\"https:\/\/outkast-shop.com\/de\/blockchain-casinos\/\"><img decoding=\"async\" src=\"\/wp-content\/uploads\/2023\/06\/ct2.png\" alt=\"Symbol f\u00fcr Blockchain-Casinos\"><span>Blockchain-Kasinos<\/span><\/a>\r\n      <a class=\"item\" href=\"https:\/\/outkast-shop.com\/de\/dezentralisierte-casinos\/\"><img decoding=\"async\" src=\"\/wp-content\/uploads\/2023\/06\/ct5.png\" alt=\"Symbol f\u00fcr dezentrale Casinos\"><span>Dezentralisierte Casinos<\/span><\/a>\r\n      <a class=\"item\" href=\"https:\/\/outkast-shop.com\/de\/hybrid-online-casinos\/\"><img decoding=\"async\" src=\"\/wp-content\/uploads\/2023\/06\/ct3.png\" alt=\"Symbol f\u00fcr Hybrid-Casinos\"><span>Hybrid-Kasinos<\/span><\/a>\r\n      <a class=\"item\" href=\"https:\/\/outkast-shop.com\/de\/neue-krypto-casinos\/\"><img decoding=\"async\" src=\"\/wp-content\/uploads\/2023\/06\/ct6-1.png\" alt=\"Neues Symbol Crypto Casinos\"><span>Neue Krypto-Kasinos<\/span><\/a>\r\n      <a class=\"item\" href=\"https:\/\/outkast-shop.com\/de\/nft-casinos\/\"><img decoding=\"async\" src=\"\/wp-content\/uploads\/2023\/06\/ct7-1.png\" alt=\"NFT Casinos Symbol\"><span>NFT-Kasinos<\/span><\/a>     \r\n<\/div>\n<\/div><\/div>\n\n\n\n<div class=\"wp-block-group alignfull has-background is-layout-flow wp-container-16\" style=\"padding-top:60px;padding-right:0px;padding-bottom:10px;padding-left:0px; background:#1d2730;\"><div class=\"wp-block-group__inner-container\">\n<div class=\"wp-block-columns are-vertically-aligned-center is-layout-flex wp-container-15\">\n<div class=\"wp-block-column is-vertically-aligned-center is-layout-flow\" style=\"flex-basis:100%\">\n<div class=\"wp-block-group is-layout-flow\"><div class=\"wp-block-group__inner-container\">\n<div class=\"wp-block-columns is-layout-flex wp-container-12\" style=\"padding-right:20px;padding-left:20px\">\n<div class=\"wp-block-column is-vertically-aligned-center is-layout-flow\" style=\"padding-top:20px;padding-bottom:20px;flex-basis:70%\">\n<p class=\"has-text-align-left has-white-color has-text-color wp-block-heading\" style=\"font-size:46px;font-style:normal;font-weight:300;margin-top:10px;margin-right:0px;margin-bottom:10px;margin-left:0px\">Beginnen Sie jetzt zu spielen!<\/p>\n<\/div>\n\n\n\n<div class=\"wp-block-column is-vertically-aligned-center is-layout-flow\" style=\"padding-top:10px;padding-bottom:10px;flex-basis:30%\"><div class=\"wp-block-poka-button\">\n<a class=\"wp-block-button__link has-vivid-red-background-color has-background\" href=\"https:\/\/outkast-shop.com\/de\/go\/play\/\" style=\"border-radius:100px\"><strong>Jetzt spielen!<\/strong><\/a>\n\n\t\t<\/div><\/div>\n<\/div>\n<\/div><\/div>\n<\/div>\n<\/div>\n<\/div><\/div>\n\n\n\n<div class=\"wp-block-group alignfull gallery_section has-poka-boxes-background-color-alt-background-color has-background is-layout-constrained wp-block-group-is-layout-constrained\"><div class=\"wp-block-group__inner-container\">\n<p class=\"has-medium-font-size\"><strong><strong>Top-Kryptow\u00e4hrungen:<\/strong><\/strong><\/p>\n\n\n\n<div class=\"icons-galley\">\r\n\t\t  <a class=\"item\" href=\"https:\/\/outkast-shop.com\/de\/bitcoin-casinos\/\"><img decoding=\"async\" src=\"\/wp-content\/uploads\/2023\/06\/btc.png\" alt=\"Bitcoin Kasino-Symbol\"><span>BTC Spielbanken<\/span><\/a>\r\n\t  <a class=\"item\" href=\"https:\/\/outkast-shop.com\/de\/ethereum-kasinos\/\"><img decoding=\"async\" src=\"\/wp-content\/uploads\/2023\/06\/eth.png\" alt=\"Ethereum Kasino-Symbol\"><span>ETH Kasinos<\/span><\/a>\r\n\t  <a class=\"item\" href=\"https:\/\/outkast-shop.com\/de\/tether-casinos\/\"><img decoding=\"async\" src=\"\/wp-content\/uploads\/2023\/06\/usdt.png\" alt=\"Tether Kasino-Symbol\"><span>USDT Kasinos<\/span><\/a>\r\n\t  <a class=\"item\" href=\"https:\/\/outkast-shop.com\/de\/litecoin-casinos\/\"><img decoding=\"async\" src=\"\/wp-content\/uploads\/2023\/06\/ltc.png\" alt=\"Litecoin Kasino-Symbol\"><span>LTC Kasinos<\/span><\/a>\r\n\t  <a class=\"item\" href=\"https:\/\/outkast-shop.com\/de\/dogecoin-casinos\/\"><img decoding=\"async\" src=\"\/wp-content\/uploads\/2023\/06\/doge.png\" alt=\"Dogecoin Kasino-Symbol\"><span>Doge Kasinos<\/span><\/a>\r\n\t  <a class=\"item\" href=\"https:\/\/outkast-shop.com\/de\/ripple-casinos\/\"><img decoding=\"async\" src=\"\/wp-content\/uploads\/2023\/06\/xrp.png\" alt=\"Ripple Kasino-Symbol\"><span>XRP Spielbanken<\/span><\/a>\r\n\t  <a class=\"item\" href=\"https:\/\/outkast-shop.com\/de\/bitcoin-cash-casinos\/\"><img decoding=\"async\" src=\"\/wp-content\/uploads\/2023\/06\/bch.png\" alt=\"Bitcoin Cash Kasino-Symbol\"><span>BCH Kasinos<\/span><\/a>\r\n\t  <a class=\"item\" href=\"https:\/\/outkast-shop.com\/de\/tron-casinos\/\"><img decoding=\"async\" src=\"\/wp-content\/uploads\/2023\/06\/trx.png\" alt=\"Tron Kasino-Symbol\"><span>TRX<\/span><\/a> \r\n\t  <a class=\"item\" href=\"https:\/\/outkast-shop.com\/de\/cardano-kasinos\/\"><img decoding=\"async\" src=\"\/wp-content\/uploads\/2023\/06\/ada.png\" alt=\"Ada Kasinos Symbol\"><span>Ada Kasinos<\/span><\/a>\r\n      <a class=\"item\" href=\"https:\/\/outkast-shop.com\/de\/binance-coin-casinos\/\"><img decoding=\"async\" src=\"\/wp-content\/uploads\/2023\/06\/bnb.png\" alt=\"Bnb Kasinos Symbol\"><span>BNB Kasinos<\/span><\/a>\r\n      <a class=\"item\" href=\"https:\/\/outkast-shop.com\/de\/dash-casinos\/\"><img decoding=\"async\" src=\"\/wp-content\/uploads\/2023\/06\/dash.png\" alt=\"Dash Kasino-Symbol\"><span>Dash Kasinos<\/span><\/a>\r\n      <a class=\"item\" href=\"https:\/\/outkast-shop.com\/de\/shiba-inu-casinos\/\"><img decoding=\"async\" src=\"\/wp-content\/uploads\/2023\/06\/shib.png\" alt=\"Shiba Inu Kasino-Symbol\"><span>Shiba-Kasinos<\/span><\/a>\r\n      <a class=\"item\" href=\"https:\/\/outkast-shop.com\/de\/solana-casinos\/\"><img decoding=\"async\" src=\"\/wp-content\/uploads\/2023\/06\/sol.png\" alt=\"Solana Kaskadensymbol\"><span>SOL-Kasinos<\/span><\/a>\r\n      <a class=\"item\" href=\"https:\/\/outkast-shop.com\/de\/monero-kasinos\/\"><img decoding=\"async\" src=\"\/wp-content\/uploads\/2023\/06\/xmr.png\" alt=\"Xmr Kasinos Symbol\"><span>XMR-Kasinos<\/span><\/a>     \r\n<\/div>\n<\/div><\/div>","protected":false},"excerpt":{"rendered":"<p>\u00dcber uns Wenn Sie ein Fan von Online-Casinos und Spielen sind, wissen Sie, wie wichtig es ist, vertrauensw\u00fcrdige und unvoreingenommene Bewertungen zu finden. Bei so vielen M\u00f6glichkeiten kann es \u00fcberw\u00e4ltigend sein, das Richtige zu w\u00e4hlen. Genau hier kommt Outkast Roller ins Spiel. Unser Team von erfahrenen Rezensenten hat in der Branche f\u00fcr [...]<\/p>","protected":false},"author":1,"featured_media":1841,"parent":0,"menu_order":0,"comment_status":"closed","ping_status":"closed","template":"","meta":{"_mi_skip_tracking":false,"_monsterinsights_sitenote_active":false,"_monsterinsights_sitenote_note":"","_monsterinsights_sitenote_category":0,"footnotes":""},"class_list":["post-1840","page","type-page","status-publish","has-post-thumbnail","hentry"],"acf":[],"yoast_head":"<!-- This site is optimized with the Yoast SEO plugin v22.8 - https:\/\/yoast.com\/wordpress\/plugins\/seo\/ -->\n<title>About OutKast Shop: Your Trusted Online Gaming Partner<\/title>\n<meta name=\"description\" content=\"Get to know OutKast Shop: values and commitment to providing secure online gaming experiences. Learn what sets us apart in the digital gaming world.\" \/>\n<meta name=\"robots\" content=\"index, follow, max-snippet:-1, max-image-preview:large, max-video-preview:-1\" \/>\n<link rel=\"canonical\" href=\"https:\/\/outkast-shop.com\/de\/uber-uns\/\" \/>\n<meta property=\"og:locale\" content=\"de_DE\" \/>\n<meta property=\"og:type\" content=\"article\" \/>\n<meta property=\"og:title\" content=\"About OutKast Shop: Your Trusted Online Gaming Partner\" \/>\n<meta property=\"og:description\" content=\"Get to know OutKast Shop: values and commitment to providing secure online gaming experiences. Learn what sets us apart in the digital gaming world.\" \/>\n<meta property=\"og:url\" content=\"https:\/\/outkast-shop.com\/de\/uber-uns\/\" \/>\n<meta property=\"og:site_name\" content=\"Crypto Casino\" \/>\n<meta property=\"article:modified_time\" content=\"2024-03-19T10:24:56+00:00\" \/>\n<meta property=\"og:image\" content=\"https:\/\/outkast-shop.com\/wp-content\/uploads\/2023\/06\/about-us-small-min.jpg\" \/>\n\t<meta property=\"og:image:width\" content=\"800\" \/>\n\t<meta property=\"og:image:height\" content=\"489\" \/>\n\t<meta property=\"og:image:type\" content=\"image\/jpeg\" \/>\n<meta name=\"twitter:card\" content=\"summary_large_image\" \/>\n<meta name=\"twitter:label1\" content=\"Gesch\u00e4tzte Lesezeit\" \/>\n\t<meta name=\"twitter:data1\" content=\"3\u00a0Minuten\" \/>\n<!-- \/ Yoast SEO plugin. -->","yoast_head_json":{"title":"About OutKast Shop: Your Trusted Online Gaming Partner","description":"Get to know OutKast Shop: values and commitment to providing secure online gaming experiences. Learn what sets us apart in the digital gaming world.","robots":{"index":"index","follow":"follow","max-snippet":"max-snippet:-1","max-image-preview":"max-image-preview:large","max-video-preview":"max-video-preview:-1"},"canonical":"https:\/\/outkast-shop.com\/de\/uber-uns\/","og_locale":"de_DE","og_type":"article","og_title":"About OutKast Shop: Your Trusted Online Gaming Partner","og_description":"Get to know OutKast Shop: values and commitment to providing secure online gaming experiences. Learn what sets us apart in the digital gaming world.","og_url":"https:\/\/outkast-shop.com\/de\/uber-uns\/","og_site_name":"Crypto Casino","article_modified_time":"2024-03-19T10:24:56+00:00","og_image":[{"width":800,"height":489,"url":"https:\/\/outkast-shop.com\/wp-content\/uploads\/2023\/06\/about-us-small-min.jpg","type":"image\/jpeg"}],"twitter_card":"summary_large_image","twitter_misc":{"Gesch\u00e4tzte Lesezeit":"3\u00a0Minuten"},"schema":{"@context":"https:\/\/schema.org","@graph":[{"@type":"WebPage","@id":"https:\/\/outkast-shop.com\/about-us\/","url":"https:\/\/outkast-shop.com\/about-us\/","name":"About OutKast Shop: Your Trusted Online Gaming Partner","isPartOf":{"@id":"https:\/\/outkast-shop.com\/#website"},"primaryImageOfPage":{"@id":"https:\/\/outkast-shop.com\/about-us\/#primaryimage"},"image":{"@id":"https:\/\/outkast-shop.com\/about-us\/#primaryimage"},"thumbnailUrl":"https:\/\/outkast-shop.com\/wp-content\/uploads\/2023\/06\/about-us-small-min.jpg","datePublished":"2023-06-06T11:03:13+00:00","dateModified":"2024-03-19T10:24:56+00:00","description":"Get to know OutKast Shop: values and commitment to providing secure online gaming experiences. Learn what sets us apart in the digital gaming world.","breadcrumb":{"@id":"https:\/\/outkast-shop.com\/about-us\/#breadcrumb"},"inLanguage":"de","potentialAction":[{"@type":"ReadAction","target":["https:\/\/outkast-shop.com\/about-us\/"]}]},{"@type":"ImageObject","inLanguage":"de","@id":"https:\/\/outkast-shop.com\/about-us\/#primaryimage","url":"https:\/\/outkast-shop.com\/wp-content\/uploads\/2023\/06\/about-us-small-min.jpg","contentUrl":"https:\/\/outkast-shop.com\/wp-content\/uploads\/2023\/06\/about-us-small-min.jpg","width":800,"height":489,"caption":"About Us Outkast Roller"},{"@type":"BreadcrumbList","@id":"https:\/\/outkast-shop.com\/about-us\/#breadcrumb","itemListElement":[{"@type":"ListItem","position":1,"name":"Home","item":"https:\/\/outkast-shop.com\/"},{"@type":"ListItem","position":2,"name":"About Us"}]},{"@type":"WebSite","@id":"https:\/\/outkast-shop.com\/#website","url":"https:\/\/outkast-shop.com\/","name":"Crypto Casino","description":"","publisher":{"@id":"https:\/\/outkast-shop.com\/#organization"},"potentialAction":[{"@type":"SearchAction","target":{"@type":"EntryPoint","urlTemplate":"https:\/\/outkast-shop.com\/?s={search_term_string}"},"query-input":"required name=search_term_string"}],"inLanguage":"de"},{"@type":"Organization","@id":"https:\/\/outkast-shop.com\/#organization","name":"Outkast Roller","alternateName":"outkast-shop.com","url":"https:\/\/outkast-shop.com\/","logo":{"@type":"ImageObject","inLanguage":"de","@id":"https:\/\/outkast-shop.com\/#\/schema\/logo\/image\/","url":"https:\/\/outkast-shop.com\/wp-content\/uploads\/2023\/06\/long-logo.png","contentUrl":"https:\/\/outkast-shop.com\/wp-content\/uploads\/2023\/06\/long-logo.png","width":326,"height":75,"caption":"Outkast Roller"},"image":{"@id":"https:\/\/outkast-shop.com\/#\/schema\/logo\/image\/"}}]}},"_links":{"self":[{"href":"https:\/\/outkast-shop.com\/de\/wp-json\/wp\/v2\/pages\/1840","targetHints":{"allow":["GET"]}}],"collection":[{"href":"https:\/\/outkast-shop.com\/de\/wp-json\/wp\/v2\/pages"}],"about":[{"href":"https:\/\/outkast-shop.com\/de\/wp-json\/wp\/v2\/types\/page"}],"author":[{"embeddable":true,"href":"https:\/\/outkast-shop.com\/de\/wp-json\/wp\/v2\/users\/1"}],"replies":[{"embeddable":true,"href":"https:\/\/outkast-shop.com\/de\/wp-json\/wp\/v2\/comments?post=1840"}],"version-history":[{"count":0,"href":"https:\/\/outkast-shop.com\/de\/wp-json\/wp\/v2\/pages\/1840\/revisions"}],"wp:featuredmedia":[{"embeddable":true,"href":"https:\/\/outkast-shop.com\/de\/wp-json\/wp\/v2\/media\/1841"}],"wp:attachment":[{"href":"https:\/\/outkast-shop.com\/de\/wp-json\/wp\/v2\/media?parent=1840"}],"curies":[{"name":"wp","href":"https:\/\/api.w.org\/{rel}","templated":true}]}}