{"id":2342,"date":"2023-06-26T09:25:06","date_gmt":"2023-06-26T09:25:06","guid":{"rendered":"https:\/\/outkast-shop.com\/?page_id=2342"},"modified":"2023-06-26T10:12:18","modified_gmt":"2023-06-26T10:12:18","slug":"gambling-terminology-glossary","status":"publish","type":"page","link":"https:\/\/outkast-shop.com\/de\/glucksspiel-terminologie-glossar\/","title":{"rendered":"Glossar der Gl\u00fccksspielterminologie"},"content":{"rendered":"<h1 class=\"wp-block-heading has-text-align-center\">Glossar der Gl\u00fccksspielterminologie<\/h1>\n\n\n\n<p class=\"has-text-align-center\">Gl\u00fccksspiel kann ein spannendes und lukratives Hobby sein, aber es ist wichtig, die Terminologie und die Regeln der Spiele zu verstehen, bevor man sich darauf einl\u00e4sst. Dieser umfassende Leitfaden bietet einen \u00dcberblick \u00fcber einige der gebr\u00e4uchlichsten Begriffe, die in Casinos und beim Gl\u00fccksspiel verwendet werden.<\/p>\n\n\n\n<figure class=\"wp-block-image aligncenter size-full is-resized\"><img decoding=\"async\" src=\"https:\/\/outkast-shop.com\/wp-content\/uploads\/2023\/06\/gambling-terminology-glossary-min.jpg\" alt=\"Glossar der Gl\u00fccksspielterminologie\" class=\"wp-image-2344\" width=\"750\" height=\"459\" srcset=\"https:\/\/outkast-shop.com\/wp-content\/uploads\/2023\/06\/gambling-terminology-glossary-min.jpg 1000w, https:\/\/outkast-shop.com\/wp-content\/uploads\/2023\/06\/gambling-terminology-glossary-min-300x184.jpg 300w, https:\/\/outkast-shop.com\/wp-content\/uploads\/2023\/06\/gambling-terminology-glossary-min-768x470.jpg 768w, https:\/\/outkast-shop.com\/wp-content\/uploads\/2023\/06\/gambling-terminology-glossary-min-18x12.jpg 18w, https:\/\/outkast-shop.com\/wp-content\/uploads\/2023\/06\/gambling-terminology-glossary-min-110x67.jpg 110w, https:\/\/outkast-shop.com\/wp-content\/uploads\/2023\/06\/gambling-terminology-glossary-min-575x352.jpg 575w\" sizes=\"(max-width: 750px) 100vw, 750px\" \/><\/figure>\n\n\n\n<h2 class=\"wp-block-heading has-text-align-center\">Casino-Glossar &amp; Gl\u00fccksspiel-Terminologie<\/h2>\n\n\n\n<h3 class=\"wp-block-heading\">A<\/h3>\n\n\n\n<ul class=\"wp-block-list\">\n<li><em>Aktion<\/em>: Der Gesamtbetrag des Geldes, den ein Spieler w\u00e4hrend eines Spiels setzt.<\/li>\n\n\n\n<li><em>Ante<\/em>: Der Mindesteinsatz, der zur Teilnahme an einem Spiel erforderlich ist.<\/li>\n\n\n\n<li><em>Ass hoch\/niedrig<\/em>: Eine Regel beim Poker, bei der das Ass entweder die h\u00f6chste oder die niedrigste Karte in einer Stra\u00dfe sein kann.<\/li>\n\n\n\n<li><em>All-In<\/em>: Einsetzen aller verbleibenden Chips in einem Pokerspiel.<\/li>\n<\/ul>\n\n\n\n<h3 class=\"wp-block-heading\">B<\/h3>\n\n\n\n<ul class=\"wp-block-list\">\n<li><em>Bankkonto<\/em>: Der Gesamtbetrag des Geldes, den ein Spieler zum Spielen beiseite gelegt hat.<\/li>\n\n\n\n<li><em>Gro\u00dfer Blind<\/em>: Der gr\u00f6\u00dfere der beiden erzwungenen Eins\u00e4tze in einem Texas Hold'em-Pokerspiel.<\/li>\n\n\n\n<li><em>Blackjack<\/em>: Ein Kartenspiel, bei dem das Ziel darin besteht, eine Hand mit einem Wert von 21 oder so nahe wie m\u00f6glich an 21 zu bekommen, ohne zu \u00fcberziehen.<\/li>\n\n\n\n<li><em>Bluff<\/em>: Beim Poker mit einem schwachen Blatt einen Einsatz oder eine Erh\u00f6hung machen, um den Gegner zu t\u00e4uschen.<\/li>\n<\/ul>\n\n\n\n<h3 class=\"wp-block-heading\">C<\/h3>\n\n\n\n<ul class=\"wp-block-list\">\n<li><em>Rufen Sie  an.<\/em>: Anpassung an den aktuellen Einsatz in einem Pokerspiel.<\/li>\n\n\n\n<li><em>Kasino-Vorteil<\/em>: Der Vorteil, den das Casino gegen\u00fcber den Spielern in einem Spiel hat.<\/li>\n\n\n\n<li><em>Chips<\/em>: Runde Jetons, die in einem Kasino anstelle von Geld verwendet werden.<\/li>\n\n\n\n<li><em>Croupier<\/em>: Die Person, die ein Spiel in einem Kasino leitet.<\/li>\n<\/ul>\n\n\n\n<h3 class=\"wp-block-heading\">D<\/h3>\n\n\n\n<ul class=\"wp-block-list\">\n<li><em>H\u00e4ndler<\/em>: Die Person, die in einem Kasinospiel die Karten austeilt.<\/li>\n\n\n\n<li><em>Doppelt oder nichts<\/em>: Eine Wette, die entweder den Gewinn des Spielers verdoppelt oder zu einem Totalverlust f\u00fchrt.<\/li>\n\n\n\n<li><em>Bis auf den Filz<\/em>: Wenn ein Spieler alle seine Chips in einem Spiel verloren hat.<\/li>\n<\/ul>\n\n\n\n<h3 class=\"wp-block-heading\">E<\/h3>\n\n\n\n<ul class=\"wp-block-list\">\n<li><em>Erwarteter Wert<\/em>: Der Geldbetrag, den ein Spieler im Laufe der Zeit bei einem Spiel gewinnen oder verlieren kann.<\/li>\n\n\n\n<li><em>Das Auge im Himmel<\/em>: Kameras, die in einem Kasino aufgestellt werden, um die Aktivit\u00e4ten zu \u00fcberwachen und Betrug zu verhindern.<\/li>\n<\/ul>\n\n\n\n<h3 class=\"wp-block-heading\">F<\/h3>\n\n\n\n<ul class=\"wp-block-list\">\n<li><em>Gesichtskarten<\/em>: Buben, Damen und K\u00f6nige in einem Kartenspiel.<\/li>\n\n\n\n<li><em>Fisch<\/em>: Ein Begriff, der verwendet wird, um einen neuen und unerfahrenen Spieler zu beschreiben.<\/li>\n\n\n\n<li><em>Flachwetten<\/em>: Wetten auf den gleichen Geldbetrag bei jeder Hand oder Runde eines Spiels.<\/li>\n\n\n\n<li><em>Falten<\/em>: Beim Pokern ein Blatt aufgeben und die bereits gesetzten Chips aufgeben.<\/li>\n<\/ul>\n\n\n\n<h3 class=\"wp-block-heading\">G<\/h3>\n\n\n\n<ul class=\"wp-block-list\">\n<li><em>Spielert\u00e4uschung<\/em>: Die irrt\u00fcmliche Annahme, dass ein Ereignis aufgrund fr\u00fcherer Ergebnisse mehr oder weniger wahrscheinlich eintritt.<\/li>\n\n\n\n<li><em>Grind<\/em>: Langsam und stetig Gewinne anh\u00e4ufen im Laufe der Zeit.<\/li>\n<\/ul>\n\n\n\n<h3 class=\"wp-block-heading\">H<\/h3>\n\n\n\n<ul class=\"wp-block-list\">\n<li><em>High Roller<\/em>: Ein Spieler, der regelm\u00e4\u00dfig gro\u00dfe Geldbetr\u00e4ge setzt.<\/li>\n\n\n\n<li><em>Hit<\/em>: Beim Blackjack um eine weitere Karte bitten.<\/li>\n\n\n\n<li><em>Hauskante<\/em>: Der Vorteil, den das Casino bei einem Spiel hat.<\/li>\n<\/ul>\n\n\n\n<h3 class=\"wp-block-heading\">I<\/h3>\n\n\n\n<ul class=\"wp-block-list\">\n<li><em>Versicherung<\/em>: Eine Nebenwette beim Blackjack, die ausgezahlt wird, wenn der Dealer einen nat\u00fcrlichen Blackjack hat.<\/li>\n\n\n\n<li><em>Innere Wette<\/em>: Ein Einsatz, der auf eine bestimmte Zahl oder Zahlenkombination beim Roulette gesetzt wird.<\/li>\n<\/ul>\n\n\n\n<h3 class=\"wp-block-heading\">J<\/h3>\n\n\n\n<ul class=\"wp-block-list\">\n<li><em>Jackpot<\/em>: Ein gro\u00dfer Preis, der an einem Spielautomaten oder bei einem anderen Casino-Spiel gewonnen werden kann.<\/li>\n\n\n\n<li><em>Joker<\/em>: Eine Karte, die in einigen Spielen wie jede andere Karte verwendet werden kann.<\/li>\n<\/ul>\n\n\n\n<h3 class=\"wp-block-heading\">K<\/h3>\n\n\n\n<ul class=\"wp-block-list\">\n<li><em>Kicker<\/em>: Eine Karte, die verwendet wird, um Gleichst\u00e4nde in Pokerh\u00e4nden zu brechen, die den gleichen Wert haben.<\/li>\n\n\n\n<li><em>Kitty<\/em>: Der Geldbetrag, der von den Spielern in einem Spiel gesammelt wird, um in einen progressiven Jackpot zu flie\u00dfen.<\/li>\n<\/ul>\n\n\n\n<h3 class=\"wp-block-heading\">L<\/h3>\n\n\n\n<ul class=\"wp-block-list\">\n<li><em>Grenze<\/em>: Die maximalen und minimalen Eins\u00e4tze, die in einem Spiel erlaubt sind.<\/li>\n\n\n\n<li><em>Aufladen<\/em>: Wetten auf den maximal zul\u00e4ssigen Geldbetrag in einem Spiel.<\/li>\n\n\n\n<li><em>Lose<\/em>: Ein Begriff, der verwendet wird, um einen Spieler zu beschreiben, der eine Menge H\u00e4nde spielt und aggressiv setzt.<\/li>\n<\/ul>\n\n\n\n<h3 class=\"wp-block-heading\">M<\/h3>\n\n\n\n<ul class=\"wp-block-list\">\n<li><em>Martingal-System<\/em>: Eine Wettstrategie, bei der ein Spieler seinen Einsatz nach jedem Verlust verdoppelt, um zu versuchen, die Verluste auszugleichen.<\/li>\n\n\n\n<li><em>Maximaler Einsatz<\/em>: Der h\u00f6chste erlaubte Einsatz in einem Spiel.<\/li>\n\n\n\n<li><em>Mindestwette<\/em>: Der niedrigste erlaubte Einsatz in einem Spiel.<\/li>\n<\/ul>\n\n\n\n<h3 class=\"wp-block-heading\">N<\/h3>\n\n\n\n<ul class=\"wp-block-list\">\n<li><em>Nat\u00fcrlich<\/em>: Eine Hand aus zwei Karten beim Blackjack, die 21 ergibt.<\/li>\n\n\n\n<li><em>Nickel<\/em>: Slang f\u00fcr einen $5-Chip in einem Kasino.<\/li>\n<\/ul>\n\n\n\n<h3 class=\"wp-block-heading\">O<\/h3>\n\n\n\n<ul class=\"wp-block-list\">\n<li><em>Quoten<\/em>: Die Wahrscheinlichkeit des Eintretens eines bestimmten Ereignisses in einem Spiel.<\/li>\n\n\n\n<li><em>Au\u00dfenwette<\/em>: Eine Wette, die auf der Au\u00dfenseite des Roulettetisches platziert wird, z. B. rot oder schwarz.<\/li>\n<\/ul>\n\n\n\n<h3 class=\"wp-block-heading\">P<\/h3>\n\n\n\n<ul class=\"wp-block-list\">\n<li><em>Auszahlung<\/em>: Der Geldbetrag, der bei einem Spiel gewonnen wird.<\/li>\n\n\n\n<li><em>Auszahlungstabelle<\/em>: Eine Tabelle, die die Auszahlungen f\u00fcr jede gewinnende Hand oder Kombination in einem Spiel anzeigt.<\/li>\n\n\n\n<li><em>Topf<\/em>: Der Geldbetrag, der von allen Spielern in einem Pokerspiel gesetzt wird.<\/li>\n<\/ul>\n\n\n\n<h3 class=\"wp-block-heading\">Q<\/h3>\n\n\n\n<ul class=\"wp-block-list\">\n<li><em>Qualifier<\/em>: Bei einigen Spielen, wie z. B. Caribbean Stud Poker, muss ein Spieler ein bestimmtes Blatt haben, um sich f\u00fcr den progressiven Jackpot zu qualifizieren.<\/li>\n<\/ul>\n\n\n\n<h3 class=\"wp-block-heading\">R<\/h3>\n\n\n\n<ul class=\"wp-block-list\">\n<li><em>Harke<\/em>: Der Prozentsatz des Potts, den das Casino als Geb\u00fchr f\u00fcr die Veranstaltung des Spiels einnimmt.<\/li>\n\n\n\n<li><em>Royal Flush<\/em>: Das h\u00f6chstm\u00f6gliche Blatt beim Poker, bestehend aus einer 10, einem Buben, einer Dame, einem K\u00f6nig und einem Ass derselben Farbe.<\/li>\n<\/ul>\n\n\n\n<h3 class=\"wp-block-heading\">S<\/h3>\n\n\n\n<ul class=\"wp-block-list\">\n<li><em>Schuh<\/em>: Das Ger\u00e4t, das bei einigen Casino-Spielen zum Halten und Ausgeben von Karten verwendet wird.<\/li>\n\n\n\n<li><em>Teilen<\/em>: Beim Blackjack die M\u00f6glichkeit, ein Kartenpaar in zwei separate H\u00e4nde aufzuteilen.<\/li>\n\n\n\n<li><em>Pfahl<\/em>: Der Geldbetrag, der auf ein einzelnes Spiel oder Blatt gesetzt wird.<\/li>\n\n\n\n<li><em>Gerade<\/em>: Ein Pokerblatt, das aus f\u00fcnf aufeinanderfolgenden Karten besteht.<\/li>\n<\/ul>\n\n\n\n<h3 class=\"wp-block-heading\">T<\/h3>\n\n\n\n<ul class=\"wp-block-list\">\n<li><em>Tabelle Grenzwerte<\/em>: Die minimalen und maximalen Eins\u00e4tze, die an einem Tisch erlaubt sind.<\/li>\n\n\n\n<li><em>Turnier<\/em>: Ein Wettbewerb, bei dem die Spieler gegeneinander antreten, um einen Preis zu gewinnen.<\/li>\n\n\n\n<li><em>Fahrten<\/em>: Eine Pokerhand, die aus drei Gleichen besteht.<\/li>\n<\/ul>\n\n\n\n<h3 class=\"wp-block-heading\">U<\/h3>\n\n\n\n<ul class=\"wp-block-list\">\n<li><em>Up-Karte<\/em>: Beim Blackjack die aufgedeckte Karte des Dealers, die f\u00fcr die Spieler sichtbar ist.<\/li>\n\n\n\n<li><em>Einheit<\/em>: Der Mindesteinsatz in einem Spiel.<\/li>\n<\/ul>\n\n\n\n<h3 class=\"wp-block-heading\">V<\/h3>\n\n\n\n<ul class=\"wp-block-list\">\n<li><em>Vigorish<\/em>: Die Geb\u00fchr, die ein Buchmacher f\u00fcr die Annahme einer Wette erhebt.<\/li>\n\n\n\n<li><em>VIP<\/em>: Ein Spieler mit hohem Status, der vom Kasino eine Sonderbehandlung erh\u00e4lt.<\/li>\n<\/ul>\n\n\n\n<h3 class=\"wp-block-heading\">W<\/h3>\n\n\n\n<ul class=\"wp-block-list\">\n<li><em>Walfisch<\/em>: Ein Begriff, der einen Spieler beschreibt, der sehr hohe Betr\u00e4ge setzt.<\/li>\n\n\n\n<li><em>Wild Card<\/em>: Eine Karte, die in einigen Spielen wie jede andere Karte verwendet werden kann.<\/li>\n\n\n\n<li><em>Gewonnene Hand<\/em>: Die Hand, die ein Spiel gewinnt.<\/li>\n<\/ul>\n\n\n\n<h3 class=\"wp-block-heading\">X<\/h3>\n\n\n\n<ul class=\"wp-block-list\">\n<li><em>R\u00f6ntgenblick<\/em>: Ein Begriff, der die F\u00e4higkeit beschreibt, durch Karten oder andere Gegenst\u00e4nde in einem Kasino hindurchzusehen.<\/li>\n<\/ul>\n\n\n\n<h3 class=\"wp-block-heading\">Y<\/h3>\n\n\n\n<ul class=\"wp-block-list\">\n<li><em>Gelb<\/em>: Slang f\u00fcr einen $1.000-Chip in einem Kasino.<\/li>\n<\/ul>\n\n\n\n<h3 class=\"wp-block-heading\">Z<\/h3>\n\n\n\n<ul class=\"wp-block-list\">\n<li><em>Null<\/em>: Die Zahl auf dem Rouletterad, die gr\u00fcn ist und weder zur roten noch zur schwarzen Gruppe geh\u00f6rt.<\/li>\n<\/ul>\n\n\n\n<div class=\"wp-block-group alignfull gallery_section has-poka-boxes-background-color-alt-background-color has-background is-layout-constrained wp-block-group-is-layout-constrained\"><div class=\"wp-block-group__inner-container\">\n<p class=\"has-medium-font-size\"><strong>Mehr entdecken:<\/strong><\/p>\n\n\n\n<div class=\"types-gallery\">\r\n\t  <a class=\"item\" href=\"https:\/\/outkast-shop.com\/de\/anonyme-kasinos\/\"><img decoding=\"async\" src=\"\/wp-content\/uploads\/2023\/06\/ct4.png\" alt=\"Anonymes Kasino-Symbol\"><span>Anonyme Kasinos<\/span><\/a>\r\n      <a class=\"item\" href=\"https:\/\/outkast-shop.com\/de\/blockchain-casinos\/\"><img decoding=\"async\" src=\"\/wp-content\/uploads\/2023\/06\/ct2.png\" alt=\"Symbol f\u00fcr Blockchain-Casinos\"><span>Blockchain-Kasinos<\/span><\/a>\r\n      <a class=\"item\" href=\"https:\/\/outkast-shop.com\/de\/dezentralisierte-casinos\/\"><img decoding=\"async\" src=\"\/wp-content\/uploads\/2023\/06\/ct5.png\" alt=\"Symbol f\u00fcr dezentrale Casinos\"><span>Dezentralisierte Casinos<\/span><\/a>\r\n      <a class=\"item\" href=\"https:\/\/outkast-shop.com\/de\/hybrid-online-casinos\/\"><img decoding=\"async\" src=\"\/wp-content\/uploads\/2023\/06\/ct3.png\" alt=\"Symbol f\u00fcr Hybrid-Casinos\"><span>Hybrid-Kasinos<\/span><\/a>\r\n      <a class=\"item\" href=\"https:\/\/outkast-shop.com\/de\/neue-krypto-casinos\/\"><img decoding=\"async\" src=\"\/wp-content\/uploads\/2023\/06\/ct6-1.png\" alt=\"Neues Symbol Crypto Casinos\"><span>Neue Krypto-Kasinos<\/span><\/a>\r\n      <a class=\"item\" href=\"https:\/\/outkast-shop.com\/de\/nft-casinos\/\"><img decoding=\"async\" src=\"\/wp-content\/uploads\/2023\/06\/ct7-1.png\" alt=\"NFT Casinos Symbol\"><span>NFT-Kasinos<\/span><\/a>     \r\n<\/div>\n<\/div><\/div>\n\n\n\n<div class=\"wp-block-group alignfull has-background is-layout-flow wp-container-16\" style=\"padding-top:60px;padding-right:0px;padding-bottom:10px;padding-left:0px; background:#1d2730;\"><div class=\"wp-block-group__inner-container\">\n<div class=\"wp-block-columns are-vertically-aligned-center is-layout-flex wp-container-15\">\n<div class=\"wp-block-column is-vertically-aligned-center is-layout-flow\" style=\"flex-basis:100%\">\n<div class=\"wp-block-group is-layout-flow\"><div class=\"wp-block-group__inner-container\">\n<div class=\"wp-block-columns is-layout-flex wp-container-12\" style=\"padding-right:20px;padding-left:20px\">\n<div class=\"wp-block-column is-vertically-aligned-center is-layout-flow\" style=\"padding-top:20px;padding-bottom:20px;flex-basis:70%\">\n<p class=\"has-text-align-left has-white-color has-text-color wp-block-heading\" style=\"font-size:46px;font-style:normal;font-weight:300;margin-top:10px;margin-right:0px;margin-bottom:10px;margin-left:0px\">Beginnen Sie jetzt zu spielen!<\/p>\n<\/div>\n\n\n\n<div class=\"wp-block-column is-vertically-aligned-center is-layout-flow\" style=\"padding-top:10px;padding-bottom:10px;flex-basis:30%\"><div class=\"wp-block-poka-button\">\n<a class=\"wp-block-button__link has-vivid-red-background-color has-background\" href=\"https:\/\/outkast-shop.com\/de\/go\/play\/\" style=\"border-radius:100px\"><strong>Jetzt spielen!<\/strong><\/a>\n\n\t\t<\/div><\/div>\n<\/div>\n<\/div><\/div>\n<\/div>\n<\/div>\n<\/div><\/div>\n\n\n\n<div class=\"wp-block-group alignfull gallery_section has-poka-boxes-background-color-alt-background-color has-background is-layout-constrained wp-block-group-is-layout-constrained\"><div class=\"wp-block-group__inner-container\">\n<p class=\"has-medium-font-size\"><strong><strong>Top-Kryptow\u00e4hrungen:<\/strong><\/strong><\/p>\n\n\n\n<div class=\"icons-galley\">\r\n\t\t  <a class=\"item\" href=\"https:\/\/outkast-shop.com\/de\/bitcoin-casinos\/\"><img decoding=\"async\" src=\"\/wp-content\/uploads\/2023\/06\/btc.png\" alt=\"Bitcoin Kasino-Symbol\"><span>BTC Spielbanken<\/span><\/a>\r\n\t  <a class=\"item\" href=\"https:\/\/outkast-shop.com\/de\/ethereum-kasinos\/\"><img decoding=\"async\" src=\"\/wp-content\/uploads\/2023\/06\/eth.png\" alt=\"Ethereum Kasino-Symbol\"><span>ETH Kasinos<\/span><\/a>\r\n\t  <a class=\"item\" href=\"https:\/\/outkast-shop.com\/de\/tether-casinos\/\"><img decoding=\"async\" src=\"\/wp-content\/uploads\/2023\/06\/usdt.png\" alt=\"Tether Kasino-Symbol\"><span>USDT Kasinos<\/span><\/a>\r\n\t  <a class=\"item\" href=\"https:\/\/outkast-shop.com\/de\/litecoin-casinos\/\"><img decoding=\"async\" src=\"\/wp-content\/uploads\/2023\/06\/ltc.png\" alt=\"Litecoin Kasino-Symbol\"><span>LTC Kasinos<\/span><\/a>\r\n\t  <a class=\"item\" href=\"https:\/\/outkast-shop.com\/de\/dogecoin-casinos\/\"><img decoding=\"async\" src=\"\/wp-content\/uploads\/2023\/06\/doge.png\" alt=\"Dogecoin Kasino-Symbol\"><span>Doge Kasinos<\/span><\/a>\r\n\t  <a class=\"item\" href=\"https:\/\/outkast-shop.com\/de\/ripple-casinos\/\"><img decoding=\"async\" src=\"\/wp-content\/uploads\/2023\/06\/xrp.png\" alt=\"Ripple Kasino-Symbol\"><span>XRP Spielbanken<\/span><\/a>\r\n\t  <a class=\"item\" href=\"https:\/\/outkast-shop.com\/de\/bitcoin-cash-casinos\/\"><img decoding=\"async\" src=\"\/wp-content\/uploads\/2023\/06\/bch.png\" alt=\"Bitcoin Cash Kasino-Symbol\"><span>BCH Kasinos<\/span><\/a>\r\n\t  <a class=\"item\" href=\"https:\/\/outkast-shop.com\/de\/tron-casinos\/\"><img decoding=\"async\" src=\"\/wp-content\/uploads\/2023\/06\/trx.png\" alt=\"Tron Kasino-Symbol\"><span>TRX<\/span><\/a> \r\n\t  <a class=\"item\" href=\"https:\/\/outkast-shop.com\/de\/cardano-kasinos\/\"><img decoding=\"async\" src=\"\/wp-content\/uploads\/2023\/06\/ada.png\" alt=\"Ada Kasinos Symbol\"><span>Ada Kasinos<\/span><\/a>\r\n      <a class=\"item\" href=\"https:\/\/outkast-shop.com\/de\/binance-coin-casinos\/\"><img decoding=\"async\" src=\"\/wp-content\/uploads\/2023\/06\/bnb.png\" alt=\"Bnb Kasinos Symbol\"><span>BNB Kasinos<\/span><\/a>\r\n      <a class=\"item\" href=\"https:\/\/outkast-shop.com\/de\/dash-casinos\/\"><img decoding=\"async\" src=\"\/wp-content\/uploads\/2023\/06\/dash.png\" alt=\"Dash Kasino-Symbol\"><span>Dash Kasinos<\/span><\/a>\r\n      <a class=\"item\" href=\"https:\/\/outkast-shop.com\/de\/shiba-inu-casinos\/\"><img decoding=\"async\" src=\"\/wp-content\/uploads\/2023\/06\/shib.png\" alt=\"Shiba Inu Kasino-Symbol\"><span>Shiba-Kasinos<\/span><\/a>\r\n      <a class=\"item\" href=\"https:\/\/outkast-shop.com\/de\/solana-casinos\/\"><img decoding=\"async\" src=\"\/wp-content\/uploads\/2023\/06\/sol.png\" alt=\"Solana Kaskadensymbol\"><span>SOL-Kasinos<\/span><\/a>\r\n      <a class=\"item\" href=\"https:\/\/outkast-shop.com\/de\/monero-kasinos\/\"><img decoding=\"async\" src=\"\/wp-content\/uploads\/2023\/06\/xmr.png\" alt=\"Xmr Kasinos Symbol\"><span>XMR-Kasinos<\/span><\/a>     \r\n<\/div>\n<\/div><\/div>","protected":false},"excerpt":{"rendered":"<p>Glossar der Gl\u00fccksspielterminologie Gl\u00fccksspiel kann ein aufregendes und lukratives Hobby sein, aber es ist wichtig, die Terminologie und die Regeln der Spiele zu verstehen, bevor man sich darauf einl\u00e4sst. Dieser umfassende Leitfaden bietet einen \u00dcberblick \u00fcber einige der gebr\u00e4uchlichsten Begriffe, die in Casinos und beim Gl\u00fccksspiel verwendet werden. Casino-Glossar &amp; Gl\u00fccksspiel-Terminologie A B C D E [...]<\/p>","protected":false},"author":1,"featured_media":0,"parent":0,"menu_order":0,"comment_status":"closed","ping_status":"closed","template":"","meta":{"_mi_skip_tracking":false,"_monsterinsights_sitenote_active":false,"_monsterinsights_sitenote_note":"","_monsterinsights_sitenote_category":0,"footnotes":""},"class_list":["post-2342","page","type-page","status-publish","hentry"],"acf":[],"yoast_head":"<!-- This site is optimized with the Yoast SEO plugin v22.8 - https:\/\/yoast.com\/wordpress\/plugins\/seo\/ -->\n<title>Gambling Glossary and Casino Terminology<\/title>\n<meta name=\"description\" content=\"Gambling can be an exciting and lucrative hobby, but it&#039;s important to understand the terminology and rules of the games before diving in.\" \/>\n<meta name=\"robots\" content=\"index, follow, max-snippet:-1, max-image-preview:large, max-video-preview:-1\" \/>\n<link rel=\"canonical\" href=\"https:\/\/outkast-shop.com\/de\/\uac9c\ube14\ub9c1-\uc6a9\uc5b4\uc9d1\/\" \/>\n<meta property=\"og:locale\" content=\"de_DE\" \/>\n<meta property=\"og:type\" content=\"article\" \/>\n<meta property=\"og:title\" content=\"Gambling Glossary and Casino Terminology\" \/>\n<meta property=\"og:description\" content=\"Gambling can be an exciting and lucrative hobby, but it&#039;s important to understand the terminology and rules of the games before diving in.\" \/>\n<meta property=\"og:url\" content=\"https:\/\/outkast-shop.com\/de\/\uac9c\ube14\ub9c1-\uc6a9\uc5b4\uc9d1\/\" \/>\n<meta property=\"og:site_name\" content=\"Crypto Casino\" \/>\n<meta property=\"article:modified_time\" content=\"2023-06-26T10:12:18+00:00\" \/>\n<meta property=\"og:image\" content=\"https:\/\/outkast-shop.com\/wp-content\/uploads\/2023\/06\/gambling-terminology-glossary-min.jpg\" \/>\n<meta name=\"twitter:card\" content=\"summary_large_image\" \/>\n<meta name=\"twitter:label1\" content=\"Gesch\u00e4tzte Lesezeit\" \/>\n\t<meta name=\"twitter:data1\" content=\"5\u00a0Minuten\" \/>\n<!-- \/ Yoast SEO plugin. -->","yoast_head_json":{"title":"Gambling Glossary and Casino Terminology","description":"Gambling can be an exciting and lucrative hobby, but it's important to understand the terminology and rules of the games before diving in.","robots":{"index":"index","follow":"follow","max-snippet":"max-snippet:-1","max-image-preview":"max-image-preview:large","max-video-preview":"max-video-preview:-1"},"canonical":"https:\/\/outkast-shop.com\/de\/\uac9c\ube14\ub9c1-\uc6a9\uc5b4\uc9d1\/","og_locale":"de_DE","og_type":"article","og_title":"Gambling Glossary and Casino Terminology","og_description":"Gambling can be an exciting and lucrative hobby, but it's important to understand the terminology and rules of the games before diving in.","og_url":"https:\/\/outkast-shop.com\/de\/\uac9c\ube14\ub9c1-\uc6a9\uc5b4\uc9d1\/","og_site_name":"Crypto Casino","article_modified_time":"2023-06-26T10:12:18+00:00","og_image":[{"url":"https:\/\/outkast-shop.com\/wp-content\/uploads\/2023\/06\/gambling-terminology-glossary-min.jpg"}],"twitter_card":"summary_large_image","twitter_misc":{"Gesch\u00e4tzte Lesezeit":"5\u00a0Minuten"},"schema":{"@context":"https:\/\/schema.org","@graph":[{"@type":"WebPage","@id":"https:\/\/outkast-shop.com\/ko\/%ea%b2%9c%eb%b8%94%eb%a7%81-%ec%9a%a9%ec%96%b4%ec%a7%91\/","url":"https:\/\/outkast-shop.com\/ko\/%ea%b2%9c%eb%b8%94%eb%a7%81-%ec%9a%a9%ec%96%b4%ec%a7%91\/","name":"Gambling Glossary and Casino Terminology","isPartOf":{"@id":"https:\/\/outkast-shop.com\/#website"},"primaryImageOfPage":{"@id":"https:\/\/outkast-shop.com\/ko\/%ea%b2%9c%eb%b8%94%eb%a7%81-%ec%9a%a9%ec%96%b4%ec%a7%91\/#primaryimage"},"image":{"@id":"https:\/\/outkast-shop.com\/ko\/%ea%b2%9c%eb%b8%94%eb%a7%81-%ec%9a%a9%ec%96%b4%ec%a7%91\/#primaryimage"},"thumbnailUrl":"https:\/\/outkast-shop.com\/wp-content\/uploads\/2023\/06\/gambling-terminology-glossary-min.jpg","datePublished":"2023-06-26T09:25:06+00:00","dateModified":"2023-06-26T10:12:18+00:00","description":"Gambling can be an exciting and lucrative hobby, but it's important to understand the terminology and rules of the games before diving in.","breadcrumb":{"@id":"https:\/\/outkast-shop.com\/ko\/%ea%b2%9c%eb%b8%94%eb%a7%81-%ec%9a%a9%ec%96%b4%ec%a7%91\/#breadcrumb"},"inLanguage":"de","potentialAction":[{"@type":"ReadAction","target":["https:\/\/outkast-shop.com\/ko\/%ea%b2%9c%eb%b8%94%eb%a7%81-%ec%9a%a9%ec%96%b4%ec%a7%91\/"]}]},{"@type":"ImageObject","inLanguage":"de","@id":"https:\/\/outkast-shop.com\/ko\/%ea%b2%9c%eb%b8%94%eb%a7%81-%ec%9a%a9%ec%96%b4%ec%a7%91\/#primaryimage","url":"https:\/\/outkast-shop.com\/wp-content\/uploads\/2023\/06\/gambling-terminology-glossary-min.jpg","contentUrl":"https:\/\/outkast-shop.com\/wp-content\/uploads\/2023\/06\/gambling-terminology-glossary-min.jpg"},{"@type":"BreadcrumbList","@id":"https:\/\/outkast-shop.com\/ko\/%ea%b2%9c%eb%b8%94%eb%a7%81-%ec%9a%a9%ec%96%b4%ec%a7%91\/#breadcrumb","itemListElement":[{"@type":"ListItem","position":1,"name":"Home","item":"https:\/\/outkast-shop.com\/"},{"@type":"ListItem","position":2,"name":"Gambling Terminology Glossary"}]},{"@type":"WebSite","@id":"https:\/\/outkast-shop.com\/#website","url":"https:\/\/outkast-shop.com\/","name":"Crypto Casino","description":"","publisher":{"@id":"https:\/\/outkast-shop.com\/#organization"},"potentialAction":[{"@type":"SearchAction","target":{"@type":"EntryPoint","urlTemplate":"https:\/\/outkast-shop.com\/?s={search_term_string}"},"query-input":"required name=search_term_string"}],"inLanguage":"de"},{"@type":"Organization","@id":"https:\/\/outkast-shop.com\/#organization","name":"Outkast Roller","alternateName":"outkast-shop.com","url":"https:\/\/outkast-shop.com\/","logo":{"@type":"ImageObject","inLanguage":"de","@id":"https:\/\/outkast-shop.com\/#\/schema\/logo\/image\/","url":"https:\/\/outkast-shop.com\/wp-content\/uploads\/2023\/06\/long-logo.png","contentUrl":"https:\/\/outkast-shop.com\/wp-content\/uploads\/2023\/06\/long-logo.png","width":326,"height":75,"caption":"Outkast Roller"},"image":{"@id":"https:\/\/outkast-shop.com\/#\/schema\/logo\/image\/"}}]}},"_links":{"self":[{"href":"https:\/\/outkast-shop.com\/de\/wp-json\/wp\/v2\/pages\/2342","targetHints":{"allow":["GET"]}}],"collection":[{"href":"https:\/\/outkast-shop.com\/de\/wp-json\/wp\/v2\/pages"}],"about":[{"href":"https:\/\/outkast-shop.com\/de\/wp-json\/wp\/v2\/types\/page"}],"author":[{"embeddable":true,"href":"https:\/\/outkast-shop.com\/de\/wp-json\/wp\/v2\/users\/1"}],"replies":[{"embeddable":true,"href":"https:\/\/outkast-shop.com\/de\/wp-json\/wp\/v2\/comments?post=2342"}],"version-history":[{"count":0,"href":"https:\/\/outkast-shop.com\/de\/wp-json\/wp\/v2\/pages\/2342\/revisions"}],"wp:attachment":[{"href":"https:\/\/outkast-shop.com\/de\/wp-json\/wp\/v2\/media?parent=2342"}],"curies":[{"name":"wp","href":"https:\/\/api.w.org\/{rel}","templated":true}]}}