{"id":2350,"date":"2023-06-26T10:12:59","date_gmt":"2023-06-26T10:12:59","guid":{"rendered":"https:\/\/outkast-shop.com\/?page_id=2350"},"modified":"2023-06-26T10:13:01","modified_gmt":"2023-06-26T10:13:01","slug":"terms-of-use","status":"publish","type":"page","link":"https:\/\/outkast-shop.com\/de\/nutzungsbedingungen\/","title":{"rendered":"Nutzungsbedingungen"},"content":{"rendered":"<h1 class=\"wp-block-heading has-text-align-center\">Nutzungsbedingungen<\/h1>\n\n\n\n<p>Im Folgenden sind die Nutzungsbedingungen f\u00fcr <a href=\"https:\/\/outkast-shop.com\/de\/\">outkast-shop.de<\/a>. Bitte beachten Sie, dass f\u00fcr die Nutzung der Website und ihrer Dienste die Datenschutzbestimmungen von Outkast Roller gelten, die Sie hier einsehen k\u00f6nnen.<\/p>\n\n\n\n<p>Durch die Nutzung der Website erkl\u00e4ren Sie sich mit unseren Nutzungsbedingungen und unserer Datenschutzrichtlinie einverstanden. Diese gelten f\u00fcr jeden, der die Website, die Dienste oder die Software im Rahmen der Vereinbarung nutzt. Bitte lesen Sie sie vor der Nutzung sorgf\u00e4ltig durch.<\/p>\n\n\n\n<p>Mit dem Besuch der Website erkl\u00e4ren Sie sich mit den folgenden Nutzungsbedingungen einverstanden und sind an diese gebunden:<\/p>\n\n\n\n<ol class=\"wp-block-list\">\n<li>Der Inhalt dieser Website dient nur zur Information. Wir sind nicht verantwortlich f\u00fcr Handlungen, die auf der Grundlage der auf dieser Website verf\u00fcgbaren Informationen oder in von uns gesendeten Werbe-E-Mails vorgenommen werden.<\/li>\n\n\n\n<li>Wir betreiben keine Online-Gl\u00fccksspiele und verarbeiten keine Online-Geldtransaktionen f\u00fcr Wetten oder Eins\u00e4tze.<\/li>\n\n\n\n<li>Durch die Nutzung der Website erkl\u00e4ren Sie sich damit einverstanden, keinen Teil der Website f\u00fcr illegale oder ungesetzliche Aktivit\u00e4ten zu nutzen. Sie erkl\u00e4ren sich damit einverstanden, die Website in \u00dcbereinstimmung mit allen einschl\u00e4gigen Gesetzen zu nutzen. Sie werden f\u00fcr alle Verluste, Sch\u00e4den, Kosten und Haftungen verantwortlich gemacht, die aus der Verletzung unserer Nutzungsbedingungen entstehen k\u00f6nnen.<\/li>\n\n\n\n<li>Sie verpflichten sich, keine sch\u00e4dliche Software hochzuladen, die den normalen Betrieb der Website besch\u00e4digen oder st\u00f6ren k\u00f6nnte.<\/li>\n\n\n\n<li>Laden Sie keine beleidigenden, unangemessenen, unanst\u00e4ndigen, obsz\u00f6nen oder anst\u00f6\u00dfigen Inhalte hoch, einschlie\u00dflich l\u00e4stiger, unbequemer oder spammiger Inhalte. Wir k\u00f6nnen solche Inhalte ohne vorherige Benachrichtigung oder Erkl\u00e4rung entfernen.<\/li>\n<\/ol>\n\n\n\n<p>Unser Inhalt kann Links zu externen Websites oder Ressourcen enthalten. Durch die Nutzung unserer Website erkennen Sie an, dass wir nicht f\u00fcr irref\u00fchrende oder verleumderische Inhalte auf diesen externen Websites oder Ressourcen verantwortlich sind. Wir \u00fcbernehmen keine Verantwortung f\u00fcr die Datenschutzbestimmungen, Werbung, Inhalte, Produkte, Materialien oder Dienstleistungen dieser externen Websites. Wir sind nicht verantwortlich f\u00fcr Verluste, Sch\u00e4den oder Beleidigungen, die durch diese externen Websites oder Ressourcen verursacht werden oder angeblich verursacht werden sollen.<\/p>\n\n\n\n<p>Die Website sowie alle unsere Inserenten halten sich an einen strengen Verhaltenskodex, der Folgendes beinhaltet:<\/p>\n\n\n\n<ul class=\"wp-block-list\">\n<li>Verhindern Sie, dass Gl\u00fccksspiele eine Quelle von Verbrechen oder Unruhen sind oder mit Personen oder Einrichtungen verbunden sind, die Gl\u00fccksspiele unterst\u00fctzen oder nutzen, um Verbrechen und Unruhen zu f\u00f6rdern.<\/li>\n\n\n\n<li>Sicherstellen, dass Gl\u00fccksspiele in all ihren Formen auf faire und sichere Weise durchgef\u00fchrt werden.<\/li>\n\n\n\n<li>Schutz von Minderj\u00e4hrigen und anderen schutzbed\u00fcrftigen Personen vor der Gef\u00e4hrdung, Ausbeutung oder Sch\u00e4digung durch Gl\u00fccksspiele.<\/li>\n<\/ul>\n\n\n\n<p>Wir werden die oben genannten Ziele stets ber\u00fccksichtigen und in einer Weise handeln, die fair und mit diesen Zielen vereinbar ist.<\/p>\n\n\n\n<p>Wir tun unser M\u00f6glichstes, um sicherzustellen, dass alle auf unserer Website verf\u00fcgbaren Inhalte jederzeit korrekt, fehlerfrei und genau sind. Dennoch k\u00f6nnen wir nicht f\u00fcr die Richtigkeit von Informationen garantieren, die von Websites und Ressourcen Dritter bereitgestellt werden.<\/p>\n\n\n\n<p>Die Nutzung von Materialien, Ressourcen und Links auf unserer Website erfolgt auf eigene Gefahr. Wir \u00fcbernehmen keine Verantwortung f\u00fcr Verluste, Sch\u00e4den oder Haftung, die direkt oder indirekt durch diese Materialien oder Links verursacht werden.<\/p>\n\n\n\n<p>Die Nutzer der Website sind daf\u00fcr verantwortlich, die Regeln f\u00fcr Online-Gl\u00fccksspiele in ihrem Wohnsitzland zu kennen und zu verstehen, einschlie\u00dflich des Mindestalters. Es liegt also an Ihnen, sicherzustellen, dass Sie die Gl\u00fccksspielgesetze Ihres Landes einhalten und die Mindestanforderungen erf\u00fcllen.<\/p>\n\n\n\n<h2 class=\"wp-block-heading\">AKZEPTIEREN UNSERER NUTZUNGSBEDINGUNGEN<\/h2>\n\n\n\n<p>Durch die Nutzung unserer Website erkl\u00e4ren Sie sich mit unseren Nutzungsbedingungen einverstanden. Wenn Sie mit einer der Bedingungen nicht einverstanden sind, stellen Sie bitte die Nutzung der Website und ihrer Dienste ein. Wir k\u00f6nnen die Bedingungen der Vereinbarung von Zeit zu Zeit aktualisieren und werden Sie \u00fcber alle \u00c4nderungen informieren. Es liegt in Ihrer Verantwortung, die aktualisierten Bedingungen zu lesen, bevor Sie unsere Website erneut nutzen, und sich regelm\u00e4\u00dfig \u00fcber etwaige \u00c4nderungen zu informieren. Wir behalten uns das Recht vor, Ihre Nutzung der Dienste auf unserer Website jederzeit und ohne Angabe von Gr\u00fcnden nach unserem alleinigen Ermessen auszusetzen oder zu beenden.<\/p>\n\n\n\n<h2 class=\"wp-block-heading\">NUTZUNG DER WEBSITE UND DER DIENSTE<\/h2>\n\n\n\n<p>Besucher m\u00fcssen mindestens 18 Jahre alt sein oder das gesetzliche Mindestalter in ihrem Wohnsitzland erreicht haben, um unsere Website und Dienstleistungen nutzen zu k\u00f6nnen. Die Seite und ihr Inhalt sind nicht f\u00fcr Personen unter dem gesetzlichen Mindestalter bestimmt. Unsere Website bietet Informationen \u00fcber Casinospiele und die Gl\u00fccksspielindustrie. Die Nutzung ist kostenlos und dient nur zu Informationszwecken. Wir betreiben keine Online-Casinos oder Pokerseiten und akzeptieren daher keine Geldtransaktionen f\u00fcr Wetten oder Eins\u00e4tze.<\/p>\n\n\n\n<h2 class=\"wp-block-heading\">VERBOTENE AKTIVIT\u00c4TEN<\/h2>\n\n\n\n<p>Mit dem Besuch der Website verpflichten Sie sich, von verbotenen Aktivit\u00e4ten abzusehen.<\/p>\n\n\n\n<ul class=\"wp-block-list\">\n<li>Pers\u00f6nliche Daten von anderen Nutzern der Website zu erfassen oder zu erhalten<\/li>\n\n\n\n<li>die Website und ihre Dienste f\u00fcr irgendwelche zwielichtigen Aktivit\u00e4ten zu nutzen<\/li>\n\n\n\n<li>Inhalte oder Quellcodes f\u00fcr den pers\u00f6nlichen oder beruflichen Gebrauch zu kopieren, zu verbreiten, zu verwenden, zu ver\u00e4ndern, zu \u00fcbersetzen oder zu ver\u00e4ndern.<\/li>\n\n\n\n<li>Daten oder Informationen unrechtm\u00e4\u00dfig oder mit hinterh\u00e4ltigen Mitteln zu sammeln, unabh\u00e4ngig davon, ob diese automatisiert sind oder nicht.<\/li>\n\n\n\n<li>Dritte \u00fcber die Website oder Dienstleistungen zu informieren.<\/li>\n\n\n\n<li>Hochladen oder Verbreiten von skizzenhafter Malware, Viren, Trojanern, W\u00fcrmern, Spybots oder \u00c4hnlichem auf die Website oder Dienste.<\/li>\n\n\n\n<li>Die Website zu knacken oder sich auf hinterh\u00e4ltige Weise Zugang zu ihr zu verschaffen.<\/li>\n<\/ul>\n\n\n\n<h2 class=\"wp-block-heading\">INHALTE DRITTER<\/h2>\n\n\n\n<p>Unsere Website kann Hyperlinks zu Websites, Dienstleistungen oder Produkten Dritter enthalten. Wir sind nicht verantwortlich f\u00fcr die Inhalte Dritter. Au\u00dferdem bef\u00fcrworten wir keine Produkte oder Dienstleistungen Dritter. Sie sind f\u00fcr die Nutzung von Diensten Dritter, die \u00fcber einen Hyperlink von unserer Website aus zug\u00e4nglich sind, selbst verantwortlich. Die Nutzung von Drittanbieter-Hyperlinks erfolgt auf Ihr eigenes Risiko.<\/p>\n\n\n\n<h2 class=\"wp-block-heading\">SPIELDIENSTE<\/h2>\n\n\n\n<p>Diese Website dient ausschlie\u00dflich zu Informations- und Unterhaltungszwecken und bietet Informationen \u00fcber Casinospiele und die Gl\u00fccksspielindustrie. Wir k\u00f6nnen Hyperlinks einf\u00fcgen oder f\u00fcr Inhalte Dritter werben, die sich auf Gl\u00fccksspieldienste und Online-Gl\u00fccksspiele beziehen. Unsere Dienste sind f\u00fcr Nutzer gedacht, die \u00fcber 18 Jahre alt sind und sich in einem Land befinden, in dem Online-Gl\u00fccksspiele legal sind. Durch die Nutzung unserer Dienste stimmen Sie zu, dass Sie diese Anforderungen erf\u00fcllen. Wir bieten keine Beratung zu den rechtlichen Aspekten des Gl\u00fccksspiels an und es obliegt dem Nutzer, die Gesetze in seiner Region zu verstehen. Obwohl wir Informationen \u00fcber Gl\u00fccksspiele zur Verf\u00fcgung stellen, ermutigen wir niemanden zur Teilnahme an diesen Aktivit\u00e4ten, da dies eine pers\u00f6nliche Entscheidung ist.<\/p>\n\n\n\n<h2 class=\"wp-block-heading\">BEENDIGUNG DES ABKOMMENS<\/h2>\n\n\n\n<p>Wir behalten uns das Recht vor, die Vereinbarung sowie den Zugang zur Website und zu den Dienstleistungen jederzeit ohne vorherige Benachrichtigung und ohne finanzielle Entsch\u00e4digung zu beenden.<\/p>\n\n\n\n<p>Unsere Website bietet eine Reihe von Diensten, die Ihnen helfen, Ihre Ziele zu erreichen, und wir sind bestrebt, allen unseren Nutzern die bestm\u00f6gliche Erfahrung zu bieten. Wir behalten uns jedoch das Recht vor, diese Dienste einzustellen, wenn wir dies f\u00fcr notwendig erachten. Dies kann der Fall sein, wenn wir einen Versto\u00df gegen die Vereinbarung festgestellt haben, oder wenn wir andere triftige Gr\u00fcnde daf\u00fcr haben. Wir nehmen diese Entscheidungen ernst und werden immer versuchen, sie unseren Nutzern so klar und transparent wie m\u00f6glich mitzuteilen. Wir wissen Ihr Vertrauen in uns zu sch\u00e4tzen und werden hart daran arbeiten, es zu erhalten.<\/p>\n\n\n\n<h2 class=\"wp-block-heading\">WAIVER<\/h2>\n\n\n\n<p>Wir werden keine Verzichtserkl\u00e4rung auf die Bedingungen des Abkommens abgeben.<\/p>","protected":false},"excerpt":{"rendered":"<p>Nutzungsbedingungen Im Folgenden finden Sie die Nutzungsbedingungen f\u00fcr outkast-shop.com. Bitte beachten Sie, dass f\u00fcr die Nutzung der Website und ihrer Dienste die Outkast Roller Datenschutzbestimmungen gelten, die Sie hier finden. Durch die Nutzung der Website erkl\u00e4ren Sie sich mit unseren Nutzungsbedingungen und Datenschutzrichtlinien einverstanden. Diese gelten f\u00fcr alle Nutzer der [...]<\/p>","protected":false},"author":1,"featured_media":0,"parent":0,"menu_order":0,"comment_status":"closed","ping_status":"closed","template":"","meta":{"_mi_skip_tracking":false,"_monsterinsights_sitenote_active":false,"_monsterinsights_sitenote_note":"","_monsterinsights_sitenote_category":0,"footnotes":""},"class_list":["post-2350","page","type-page","status-publish","hentry"],"acf":[],"yoast_head":"<!-- This site is optimized with the Yoast SEO plugin v22.8 - https:\/\/yoast.com\/wordpress\/plugins\/seo\/ -->\n<title>Terms of Use - Crypto Casino<\/title>\n<meta name=\"description\" content=\"The following are the Terms of Use for outkast-shop.com. Please note that the Outkast Roller Privacy Policy applies to the use of the site and its services, and can be found here.\" \/>\n<meta name=\"robots\" content=\"index, follow, max-snippet:-1, max-image-preview:large, max-video-preview:-1\" \/>\n<link rel=\"canonical\" href=\"https:\/\/outkast-shop.com\/de\/nutzungsbedingungen\/\" \/>\n<meta property=\"og:locale\" content=\"de_DE\" \/>\n<meta property=\"og:type\" content=\"article\" \/>\n<meta property=\"og:title\" content=\"Terms of Use - Crypto Casino\" \/>\n<meta property=\"og:description\" content=\"The following are the Terms of Use for outkast-shop.com. Please note that the Outkast Roller Privacy Policy applies to the use of the site and its services, and can be found here.\" \/>\n<meta property=\"og:url\" content=\"https:\/\/outkast-shop.com\/de\/nutzungsbedingungen\/\" \/>\n<meta property=\"og:site_name\" content=\"Crypto Casino\" \/>\n<meta property=\"article:modified_time\" content=\"2023-06-26T10:13:01+00:00\" \/>\n<meta name=\"twitter:card\" content=\"summary_large_image\" \/>\n<meta name=\"twitter:label1\" content=\"Gesch\u00e4tzte Lesezeit\" \/>\n\t<meta name=\"twitter:data1\" content=\"6\u00a0Minuten\" \/>\n<!-- \/ Yoast SEO plugin. -->","yoast_head_json":{"title":"Terms of Use - Crypto Casino","description":"The following are the Terms of Use for outkast-shop.com. Please note that the Outkast Roller Privacy Policy applies to the use of the site and its services, and can be found here.","robots":{"index":"index","follow":"follow","max-snippet":"max-snippet:-1","max-image-preview":"max-image-preview:large","max-video-preview":"max-video-preview:-1"},"canonical":"https:\/\/outkast-shop.com\/de\/nutzungsbedingungen\/","og_locale":"de_DE","og_type":"article","og_title":"Terms of Use - Crypto Casino","og_description":"The following are the Terms of Use for outkast-shop.com. Please note that the Outkast Roller Privacy Policy applies to the use of the site and its services, and can be found here.","og_url":"https:\/\/outkast-shop.com\/de\/nutzungsbedingungen\/","og_site_name":"Crypto Casino","article_modified_time":"2023-06-26T10:13:01+00:00","twitter_card":"summary_large_image","twitter_misc":{"Gesch\u00e4tzte Lesezeit":"6\u00a0Minuten"},"schema":{"@context":"https:\/\/schema.org","@graph":[{"@type":"WebPage","@id":"https:\/\/outkast-shop.com\/terms-of-use\/","url":"https:\/\/outkast-shop.com\/terms-of-use\/","name":"Terms of Use - Crypto Casino","isPartOf":{"@id":"https:\/\/outkast-shop.com\/#website"},"datePublished":"2023-06-26T10:12:59+00:00","dateModified":"2023-06-26T10:13:01+00:00","description":"The following are the Terms of Use for outkast-shop.com. Please note that the Outkast Roller Privacy Policy applies to the use of the site and its services, and can be found here.","breadcrumb":{"@id":"https:\/\/outkast-shop.com\/terms-of-use\/#breadcrumb"},"inLanguage":"de","potentialAction":[{"@type":"ReadAction","target":["https:\/\/outkast-shop.com\/terms-of-use\/"]}]},{"@type":"BreadcrumbList","@id":"https:\/\/outkast-shop.com\/terms-of-use\/#breadcrumb","itemListElement":[{"@type":"ListItem","position":1,"name":"Home","item":"https:\/\/outkast-shop.com\/"},{"@type":"ListItem","position":2,"name":"Terms of Use"}]},{"@type":"WebSite","@id":"https:\/\/outkast-shop.com\/#website","url":"https:\/\/outkast-shop.com\/","name":"Crypto Casino","description":"","publisher":{"@id":"https:\/\/outkast-shop.com\/#organization"},"potentialAction":[{"@type":"SearchAction","target":{"@type":"EntryPoint","urlTemplate":"https:\/\/outkast-shop.com\/?s={search_term_string}"},"query-input":"required name=search_term_string"}],"inLanguage":"de"},{"@type":"Organization","@id":"https:\/\/outkast-shop.com\/#organization","name":"Outkast Roller","alternateName":"outkast-shop.com","url":"https:\/\/outkast-shop.com\/","logo":{"@type":"ImageObject","inLanguage":"de","@id":"https:\/\/outkast-shop.com\/#\/schema\/logo\/image\/","url":"https:\/\/outkast-shop.com\/wp-content\/uploads\/2023\/06\/long-logo.png","contentUrl":"https:\/\/outkast-shop.com\/wp-content\/uploads\/2023\/06\/long-logo.png","width":326,"height":75,"caption":"Outkast Roller"},"image":{"@id":"https:\/\/outkast-shop.com\/#\/schema\/logo\/image\/"}}]}},"_links":{"self":[{"href":"https:\/\/outkast-shop.com\/de\/wp-json\/wp\/v2\/pages\/2350","targetHints":{"allow":["GET"]}}],"collection":[{"href":"https:\/\/outkast-shop.com\/de\/wp-json\/wp\/v2\/pages"}],"about":[{"href":"https:\/\/outkast-shop.com\/de\/wp-json\/wp\/v2\/types\/page"}],"author":[{"embeddable":true,"href":"https:\/\/outkast-shop.com\/de\/wp-json\/wp\/v2\/users\/1"}],"replies":[{"embeddable":true,"href":"https:\/\/outkast-shop.com\/de\/wp-json\/wp\/v2\/comments?post=2350"}],"version-history":[{"count":0,"href":"https:\/\/outkast-shop.com\/de\/wp-json\/wp\/v2\/pages\/2350\/revisions"}],"wp:attachment":[{"href":"https:\/\/outkast-shop.com\/de\/wp-json\/wp\/v2\/media?parent=2350"}],"curies":[{"name":"wp","href":"https:\/\/api.w.org\/{rel}","templated":true}]}}