{"id":1792,"date":"2023-06-06T14:57:54","date_gmt":"2023-06-06T14:57:54","guid":{"rendered":"https:\/\/outkast-shop.com\/?page_id=1792"},"modified":"2024-03-19T10:20:54","modified_gmt":"2024-03-19T10:20:54","slug":"licenses-for-online-casinos","status":"publish","type":"page","link":"https:\/\/outkast-shop.com\/fr\/licences-pour-les-casinos-en-ligne\/","title":{"rendered":"Licences pour les casinos en ligne"},"content":{"rendered":"<h1 class=\"wp-block-heading has-text-align-center\">Licences pour les casinos en ligne<\/h1>\n\n\n\n<p class=\"has-text-align-center\">Les casinos en ligne sont un secteur en plein essor qui offre un moyen pratique de jouer depuis le confort de son domicile. Toutefois, l'essor des casinos en ligne s'accompagne de la n\u00e9cessit\u00e9 d'obtenir des licences ad\u00e9quates afin de garantir que ces entreprises op\u00e8rent en toute l\u00e9galit\u00e9 et en toute s\u00e9curit\u00e9.<\/p>\n\n\n\n<figure class=\"wp-block-image aligncenter size-full is-resized\"><img decoding=\"async\" src=\"https:\/\/outkast-shop.com\/wp-content\/uploads\/2023\/06\/licenses-min.jpg\" alt=\"Licences pour les casinos en ligne\" class=\"wp-image-1879\" width=\"600\" height=\"368\" srcset=\"https:\/\/outkast-shop.com\/wp-content\/uploads\/2023\/06\/licenses-min.jpg 800w, https:\/\/outkast-shop.com\/wp-content\/uploads\/2023\/06\/licenses-min-300x184.jpg 300w, https:\/\/outkast-shop.com\/wp-content\/uploads\/2023\/06\/licenses-min-768x470.jpg 768w, https:\/\/outkast-shop.com\/wp-content\/uploads\/2023\/06\/licenses-min-18x12.jpg 18w, https:\/\/outkast-shop.com\/wp-content\/uploads\/2023\/06\/licenses-min-110x67.jpg 110w, https:\/\/outkast-shop.com\/wp-content\/uploads\/2023\/06\/licenses-min-575x352.jpg 575w\" sizes=\"(max-width: 600px) 100vw, 600px\" \/><\/figure>\n\n\n\n<h2 class=\"wp-block-heading has-text-align-center\">Types de licences<\/h2>\n\n\n\n<p>Plusieurs juridictions proposent des licences pour les casinos en ligne, chacune avec son propre ensemble de r\u00e8gles et de r\u00e9glementations. Parmi les juridictions les plus populaires figurent Malte, Gibraltar et l'\u00eele de Man. En outre, il existe diff\u00e9rents types de licences, telles que les licences B2B et B2C. Les co\u00fbts associ\u00e9s \u00e0 l'obtention d'une licence peuvent varier en fonction du lieu et du type de licence.<\/p>\n\n\n\n<h2 class=\"wp-block-heading has-text-align-center\">Avantages de l'octroi de licences<\/h2>\n\n\n\n<p>L'un des principaux avantages de l'obtention d'une licence pour un casino en ligne est la s\u00e9curit\u00e9 qu'elle procure aux joueurs. Les casinos titulaires d'une licence sont tenus de suivre des proc\u00e9dures strictes pour garantir un jeu \u00e9quitable et responsable et pour prot\u00e9ger les informations personnelles et financi\u00e8res des joueurs. En outre, le fait d'\u00eatre titulaire d'une licence aide les casinos en ligne \u00e0 se conformer aux exigences l\u00e9gales et r\u00e9glementaires, ce qui peut am\u00e9liorer leur r\u00e9putation et leur cr\u00e9dibilit\u00e9. Les casinos agr\u00e9\u00e9s ont \u00e9galement acc\u00e8s \u00e0 des processeurs de paiement, ce qui peut \u00eatre un facteur crucial de leur succ\u00e8s.<\/p>\n\n\n\n<h2 class=\"wp-block-heading has-text-align-center\">Casinos agr\u00e9\u00e9s et casinos r\u00e9glement\u00e9s<\/h2>\n\n\n\n<p>Il est important de noter que l'obtention d'une licence ne signifie pas n\u00e9cessairement qu'un casino en ligne est enti\u00e8rement r\u00e9glement\u00e9. Si l'octroi d'une licence permet un certain niveau de surveillance, la r\u00e9glementation implique un contr\u00f4le permanent et l'application de r\u00e8gles et de normes. Les casinos r\u00e9glement\u00e9s font l'objet d'audits et d'inspections r\u00e9guliers afin de s'assurer qu'ils respectent toutes les lois et r\u00e9glementations en vigueur. Les joueurs doivent rechercher des casinos en ligne \u00e0 la fois agr\u00e9\u00e9s et r\u00e9glement\u00e9s afin de garantir le plus haut niveau de s\u00fbret\u00e9 et de s\u00e9curit\u00e9.<\/p>\n\n\n\n<h2 class=\"wp-block-heading has-text-align-center\">Licences internationales de jeux d'argent<\/h2>\n\n\n\n<p>Outre les juridictions populaires mentionn\u00e9es plus haut, de nombreux autres pays proposent des licences pour les casinos en ligne. Il s'agit notamment du Royaume-Uni, du Curacao et du Costa Rica. Chaque pays poss\u00e8de son propre ensemble de r\u00e8gles et de r\u00e9glementations, et les co\u00fbts associ\u00e9s \u00e0 l'obtention d'une licence peuvent varier consid\u00e9rablement. Il est important que les casinos en ligne fassent des recherches et \u00e9tudient soigneusement les options qui s'offrent \u00e0 eux avant de choisir une juridiction pour l'obtention d'une licence.<\/p>\n\n\n\n<ul class=\"list-star wp-block-list\">\n<li><strong>Royaume-Uni<\/strong>: Le Royaume-Uni est l'une des juridictions les plus populaires pour les licences de jeux en ligne. La UK Gambling Commission est connue pour ses r\u00e9glementations strictes et ses normes \u00e9lev\u00e9es en mati\u00e8re de casinos en ligne. Le co\u00fbt d'obtention d'une licence peut \u00eatre \u00e9lev\u00e9, mais la r\u00e9putation et la cr\u00e9dibilit\u00e9 qui en d\u00e9coulent en valent la peine.<\/li>\n\n\n\n<li><strong>Curacao<\/strong>: Le Curacao est une juridiction populaire pour les licences de jeux en ligne en raison de ses frais peu \u00e9lev\u00e9s et de son processus de demande relativement simple. Cependant, le niveau de surveillance et de r\u00e9glementation n'est pas aussi \u00e9lev\u00e9 que dans d'autres juridictions, les joueurs doivent donc \u00eatre prudents lorsqu'ils choisissent un casino titulaire d'une licence de Curacao.<\/li>\n\n\n\n<li><strong>Costa Rica<\/strong>: Le Costa Rica est une autre juridiction populaire pour les licences de jeux en ligne en raison de ses frais peu \u00e9lev\u00e9s et de l'absence de r\u00e9glementation. Bien que les casinos licenci\u00e9s au Costa Rica puissent \u00eatre s\u00fbrs et r\u00e9put\u00e9s, les joueurs doivent savoir qu'il y a peu de surveillance ou d'application des r\u00e8gles et des r\u00e8glements dans cette juridiction.<\/li>\n<\/ul>\n\n\n\n<p>Outre les trois pays mentionn\u00e9s ci-dessus, de nombreux autres pays proposent des licences de jeu en ligne. Parmi les autres juridictions populaires, on peut citer Malte, Gibraltar et l'\u00eele de Man. Chaque pays a ses propres r\u00e8gles et r\u00e9glementations, et les co\u00fbts associ\u00e9s \u00e0 l'obtention d'une licence peuvent varier consid\u00e9rablement.<\/p>\n\n\n\n<p>Avant de choisir une juridiction pour l'obtention d'une licence, les casinos en ligne doivent \u00e9tudier soigneusement les options qui s'offrent \u00e0 eux. Ils doivent \u00e9valuer le niveau de surveillance et de r\u00e9glementation de chaque juridiction, ainsi que les co\u00fbts et la r\u00e9putation qui y sont associ\u00e9s.<\/p>\n\n\n\n<p>Il est important que les joueurs sachent dans quelle juridiction un casino en ligne est licenci\u00e9, car cela peut avoir un impact sur le niveau de s\u00e9curit\u00e9 auquel ils peuvent s'attendre. Les joueurs doivent rechercher des casinos en ligne agr\u00e9\u00e9s et r\u00e9glement\u00e9s afin de garantir un niveau de s\u00e9curit\u00e9 optimal.<\/p>\n\n\n\n<h2 class=\"wp-block-heading has-text-align-center\">Conclusion<\/h2>\n\n\n\n<p>En conclusion, l'obtention d'une licence pour un casino en ligne est un facteur important pour garantir la s\u00fbret\u00e9 et la s\u00e9curit\u00e9 des joueurs, ainsi que le respect des exigences l\u00e9gales et r\u00e9glementaires. Au fur et \u00e0 mesure que le secteur se d\u00e9veloppe, il deviendra de plus en plus important pour les casinos en ligne d'obtenir une licence appropri\u00e9e afin d'op\u00e9rer de mani\u00e8re l\u00e9gale et responsable.<\/p>\n\n\n\n<div class=\"wp-block-group alignfull gallery_section has-poka-boxes-background-color-alt-background-color has-background is-layout-constrained wp-block-group-is-layout-constrained\"><div class=\"wp-block-group__inner-container\">\n<p class=\"has-medium-font-size\"><strong>En savoir plus :<\/strong><\/p>\n\n\n\n<div class=\"types-gallery\">\r\n\t  <a class=\"item\" href=\"https:\/\/outkast-shop.com\/fr\/casinos-anonymes\/\"><img decoding=\"async\" src=\"\/wp-content\/uploads\/2023\/06\/ct4.png\" alt=\"Ic\u00f4ne des casinos anonymes\"><span>Casinos anonymes<\/span><\/a>\r\n      <a class=\"item\" href=\"https:\/\/outkast-shop.com\/fr\/blockchain-casinos\/\"><img decoding=\"async\" src=\"\/wp-content\/uploads\/2023\/06\/ct2.png\" alt=\"Blockchain Casinos icon\"><span>Casinos en ligne<\/span><\/a>\r\n      <a class=\"item\" href=\"https:\/\/outkast-shop.com\/fr\/casinos-decentralises\/\"><img decoding=\"async\" src=\"\/wp-content\/uploads\/2023\/06\/ct5.png\" alt=\"Ic\u00f4ne des casinos d\u00e9centralis\u00e9s\"><span>Casinos d\u00e9centralis\u00e9s<\/span><\/a>\r\n      <a class=\"item\" href=\"https:\/\/outkast-shop.com\/fr\/casinos-en-ligne-hybrides\/\"><img decoding=\"async\" src=\"\/wp-content\/uploads\/2023\/06\/ct3.png\" alt=\"Ic\u00f4ne des casinos hybrides\"><span>Casinos hybrides<\/span><\/a>\r\n      <a class=\"item\" href=\"https:\/\/outkast-shop.com\/fr\/nouveaux-crypto-casinos\/\"><img decoding=\"async\" src=\"\/wp-content\/uploads\/2023\/06\/ct6-1.png\" alt=\"Nouvelle ic\u00f4ne Crypto Casinos\"><span>Nouveau Crypto Casinos<\/span><\/a>\r\n      <a class=\"item\" href=\"https:\/\/outkast-shop.com\/fr\/nft-casinos\/\"><img decoding=\"async\" src=\"\/wp-content\/uploads\/2023\/06\/ct7-1.png\" alt=\"Ic\u00f4ne NFT Casinos\"><span>Casinos NFT<\/span><\/a>     \r\n<\/div>\n<\/div><\/div>\n\n\n\n<div class=\"wp-block-group alignfull has-background is-layout-flow wp-container-16\" style=\"padding-top:60px;padding-right:0px;padding-bottom:10px;padding-left:0px; background:#1d2730;\"><div class=\"wp-block-group__inner-container\">\n<div class=\"wp-block-columns are-vertically-aligned-center is-layout-flex wp-container-15\">\n<div class=\"wp-block-column is-vertically-aligned-center is-layout-flow\" style=\"flex-basis:100%\">\n<div class=\"wp-block-group is-layout-flow\"><div class=\"wp-block-group__inner-container\">\n<div class=\"wp-block-columns is-layout-flex wp-container-12\" style=\"padding-right:20px;padding-left:20px\">\n<div class=\"wp-block-column is-vertically-aligned-center is-layout-flow\" style=\"padding-top:20px;padding-bottom:20px;flex-basis:70%\">\n<p class=\"has-text-align-left has-white-color has-text-color wp-block-heading\" style=\"font-size:46px;font-style:normal;font-weight:300;margin-top:10px;margin-right:0px;margin-bottom:10px;margin-left:0px\">Commencez \u00e0 jouer d\u00e8s maintenant !<\/p>\n<\/div>\n\n\n\n<div class=\"wp-block-column is-vertically-aligned-center is-layout-flow\" style=\"padding-top:10px;padding-bottom:10px;flex-basis:30%\"><div class=\"wp-block-poka-button\">\n<a class=\"wp-block-button__link has-vivid-red-background-color has-background\" href=\"https:\/\/outkast-shop.com\/fr\/go\/play\/\" style=\"border-radius:100px\"><strong>Jouer maintenant !<\/strong><\/a>\n\n\t\t<\/div><\/div>\n<\/div>\n<\/div><\/div>\n<\/div>\n<\/div>\n<\/div><\/div>\n\n\n\n<div class=\"wp-block-group alignfull gallery_section has-poka-boxes-background-color-alt-background-color has-background is-layout-constrained wp-block-group-is-layout-constrained\"><div class=\"wp-block-group__inner-container\">\n<p class=\"has-medium-font-size\"><strong><strong>Principaux cryptomonnaies :<\/strong><\/strong><\/p>\n\n\n\n<div class=\"icons-galley\">\r\n\t\t  <a class=\"item\" href=\"https:\/\/outkast-shop.com\/fr\/casinos-en-bitcoins\/\"><img decoding=\"async\" src=\"\/wp-content\/uploads\/2023\/06\/btc.png\" alt=\"Bitcoin Casinos icon\"><span>BTC Casinos<\/span><\/a>\r\n\t  <a class=\"item\" href=\"https:\/\/outkast-shop.com\/fr\/ethereum-casinos\/\"><img decoding=\"async\" src=\"\/wp-content\/uploads\/2023\/06\/eth.png\" alt=\"Ethereum Casinos icon\"><span>ETH Casinos<\/span><\/a>\r\n\t  <a class=\"item\" href=\"https:\/\/outkast-shop.com\/fr\/tether-casinos\/\"><img decoding=\"async\" src=\"\/wp-content\/uploads\/2023\/06\/usdt.png\" alt=\"Tether Casinos icon\"><span>USDT Casinos<\/span><\/a>\r\n\t  <a class=\"item\" href=\"https:\/\/outkast-shop.com\/fr\/casinos-en-litecoin\/\"><img decoding=\"async\" src=\"\/wp-content\/uploads\/2023\/06\/ltc.png\" alt=\"Litecoin Casinos icon\"><span>LTC Casinos<\/span><\/a>\r\n\t  <a class=\"item\" href=\"https:\/\/outkast-shop.com\/fr\/dogecoin-casinos\/\"><img decoding=\"async\" src=\"\/wp-content\/uploads\/2023\/06\/doge.png\" alt=\"Dogecoin ic\u00f4ne des casinos\"><span>Doge Casinos<\/span><\/a>\r\n\t  <a class=\"item\" href=\"https:\/\/outkast-shop.com\/fr\/casinos-ondules\/\"><img decoding=\"async\" src=\"\/wp-content\/uploads\/2023\/06\/xrp.png\" alt=\"Ripple Casinos icon\"><span>XRP Casinos<\/span><\/a>\r\n\t  <a class=\"item\" href=\"https:\/\/outkast-shop.com\/fr\/casinos-bitcoin-cash\/\"><img decoding=\"async\" src=\"\/wp-content\/uploads\/2023\/06\/bch.png\" alt=\"Bitcoin Cash ic\u00f4ne du casino\"><span>Casinos BCH<\/span><\/a>\r\n\t  <a class=\"item\" href=\"https:\/\/outkast-shop.com\/fr\/tron-casinos\/\"><img decoding=\"async\" src=\"\/wp-content\/uploads\/2023\/06\/trx.png\" alt=\"Tron ic\u00f4ne du casino\"><span>TRX<\/span><\/a> \r\n\t  <a class=\"item\" href=\"https:\/\/outkast-shop.com\/fr\/cardano-casinos\/\"><img decoding=\"async\" src=\"\/wp-content\/uploads\/2023\/06\/ada.png\" alt=\"Ic\u00f4ne des casinos Ada\"><span>Casinos Ada<\/span><\/a>\r\n      <a class=\"item\" href=\"https:\/\/outkast-shop.com\/fr\/binance-coin-casinos\/\"><img decoding=\"async\" src=\"\/wp-content\/uploads\/2023\/06\/bnb.png\" alt=\"Ic\u00f4ne des casinos Bnb\"><span>BNB Casinos<\/span><\/a>\r\n      <a class=\"item\" href=\"https:\/\/outkast-shop.com\/fr\/casinos-en-ligne\/\"><img decoding=\"async\" src=\"\/wp-content\/uploads\/2023\/06\/dash.png\" alt=\"Dash ic\u00f4ne des casinos\"><span>Dash Casinos<\/span><\/a>\r\n      <a class=\"item\" href=\"https:\/\/outkast-shop.com\/fr\/shiba-inu-casinos\/\"><img decoding=\"async\" src=\"\/wp-content\/uploads\/2023\/06\/shib.png\" alt=\"Shiba Inu ic\u00f4ne des casinos\"><span>Casinos Shiba<\/span><\/a>\r\n      <a class=\"item\" href=\"https:\/\/outkast-shop.com\/fr\/solana-casinos\/\"><img decoding=\"async\" src=\"\/wp-content\/uploads\/2023\/06\/sol.png\" alt=\"Solana casionos icon\"><span>SOL Casinos<\/span><\/a>\r\n      <a class=\"item\" href=\"https:\/\/outkast-shop.com\/fr\/monero-casinos\/\"><img decoding=\"async\" src=\"\/wp-content\/uploads\/2023\/06\/xmr.png\" alt=\"Ic\u00f4ne des casinos Xmr\"><span>Casinos XMR<\/span><\/a>     \r\n<\/div>\n<\/div><\/div>","protected":false},"excerpt":{"rendered":"<p>Licences pour les casinos en ligne Les casinos en ligne sont un secteur en pleine expansion qui permet aux gens de jouer dans le confort de leur foyer. Toutefois, l'essor des casinos en ligne s'accompagne de la n\u00e9cessit\u00e9 d'obtenir des licences ad\u00e9quates afin de garantir que ces entreprises op\u00e8rent l\u00e9galement et en toute s\u00e9curit\u00e9. Types de licences Il existe diff\u00e9rentes juridictions [...]<\/p>","protected":false},"author":1,"featured_media":0,"parent":0,"menu_order":0,"comment_status":"closed","ping_status":"closed","template":"","meta":{"_mi_skip_tracking":false,"_monsterinsights_sitenote_active":false,"_monsterinsights_sitenote_note":"","_monsterinsights_sitenote_category":0,"footnotes":""},"class_list":["post-1792","page","type-page","status-publish","hentry"],"acf":[],"yoast_head":"<!-- This site is optimized with the Yoast SEO plugin v22.8 - https:\/\/yoast.com\/wordpress\/plugins\/seo\/ -->\n<title>Online Casino Licensing: Ensuring Safe and Legal Gaming<\/title>\n<meta name=\"description\" content=\"Learn about the importance of licenses for online casinos and how they protect players. Discover the key elements that make online gambling safe and legal.\" \/>\n<meta name=\"robots\" content=\"index, follow, max-snippet:-1, max-image-preview:large, max-video-preview:-1\" \/>\n<link rel=\"canonical\" href=\"https:\/\/outkast-shop.com\/fr\/licences-pour-les-casinos-en-ligne\/\" \/>\n<meta property=\"og:locale\" content=\"fr_FR\" \/>\n<meta property=\"og:type\" content=\"article\" \/>\n<meta property=\"og:title\" content=\"Online Casino Licensing: Ensuring Safe and Legal Gaming\" \/>\n<meta property=\"og:description\" content=\"Learn about the importance of licenses for online casinos and how they protect players. Discover the key elements that make online gambling safe and legal.\" \/>\n<meta property=\"og:url\" content=\"https:\/\/outkast-shop.com\/fr\/licences-pour-les-casinos-en-ligne\/\" \/>\n<meta property=\"og:site_name\" content=\"Crypto Casino\" \/>\n<meta property=\"article:modified_time\" content=\"2024-03-19T10:20:54+00:00\" \/>\n<meta property=\"og:image\" content=\"https:\/\/outkast-shop.com\/wp-content\/uploads\/2023\/06\/licenses-min.jpg\" \/>\n<meta name=\"twitter:card\" content=\"summary_large_image\" \/>\n<meta name=\"twitter:label1\" content=\"Dur\u00e9e de lecture estim\u00e9e\" \/>\n\t<meta name=\"twitter:data1\" content=\"4 minutes\" \/>\n<!-- \/ Yoast SEO plugin. -->","yoast_head_json":{"title":"Online Casino Licensing: Ensuring Safe and Legal Gaming","description":"Learn about the importance of licenses for online casinos and how they protect players. Discover the key elements that make online gambling safe and legal.","robots":{"index":"index","follow":"follow","max-snippet":"max-snippet:-1","max-image-preview":"max-image-preview:large","max-video-preview":"max-video-preview:-1"},"canonical":"https:\/\/outkast-shop.com\/fr\/licences-pour-les-casinos-en-ligne\/","og_locale":"fr_FR","og_type":"article","og_title":"Online Casino Licensing: Ensuring Safe and Legal Gaming","og_description":"Learn about the importance of licenses for online casinos and how they protect players. Discover the key elements that make online gambling safe and legal.","og_url":"https:\/\/outkast-shop.com\/fr\/licences-pour-les-casinos-en-ligne\/","og_site_name":"Crypto Casino","article_modified_time":"2024-03-19T10:20:54+00:00","og_image":[{"url":"https:\/\/outkast-shop.com\/wp-content\/uploads\/2023\/06\/licenses-min.jpg"}],"twitter_card":"summary_large_image","twitter_misc":{"Dur\u00e9e de lecture estim\u00e9e":"4 minutes"},"schema":{"@context":"https:\/\/schema.org","@graph":[{"@type":"WebPage","@id":"https:\/\/outkast-shop.com\/licenses-for-online-casinos\/","url":"https:\/\/outkast-shop.com\/licenses-for-online-casinos\/","name":"Online Casino Licensing: Ensuring Safe and Legal Gaming","isPartOf":{"@id":"https:\/\/outkast-shop.com\/#website"},"primaryImageOfPage":{"@id":"https:\/\/outkast-shop.com\/licenses-for-online-casinos\/#primaryimage"},"image":{"@id":"https:\/\/outkast-shop.com\/licenses-for-online-casinos\/#primaryimage"},"thumbnailUrl":"https:\/\/outkast-shop.com\/wp-content\/uploads\/2023\/06\/licenses-min.jpg","datePublished":"2023-06-06T14:57:54+00:00","dateModified":"2024-03-19T10:20:54+00:00","description":"Learn about the importance of licenses for online casinos and how they protect players. Discover the key elements that make online gambling safe and legal.","breadcrumb":{"@id":"https:\/\/outkast-shop.com\/licenses-for-online-casinos\/#breadcrumb"},"inLanguage":"fr-FR","potentialAction":[{"@type":"ReadAction","target":["https:\/\/outkast-shop.com\/licenses-for-online-casinos\/"]}]},{"@type":"ImageObject","inLanguage":"fr-FR","@id":"https:\/\/outkast-shop.com\/licenses-for-online-casinos\/#primaryimage","url":"https:\/\/outkast-shop.com\/wp-content\/uploads\/2023\/06\/licenses-min.jpg","contentUrl":"https:\/\/outkast-shop.com\/wp-content\/uploads\/2023\/06\/licenses-min.jpg"},{"@type":"BreadcrumbList","@id":"https:\/\/outkast-shop.com\/licenses-for-online-casinos\/#breadcrumb","itemListElement":[{"@type":"ListItem","position":1,"name":"Home","item":"https:\/\/outkast-shop.com\/"},{"@type":"ListItem","position":2,"name":"Licenses for Online Casinos"}]},{"@type":"WebSite","@id":"https:\/\/outkast-shop.com\/#website","url":"https:\/\/outkast-shop.com\/","name":"Crypto Casino","description":"","publisher":{"@id":"https:\/\/outkast-shop.com\/#organization"},"potentialAction":[{"@type":"SearchAction","target":{"@type":"EntryPoint","urlTemplate":"https:\/\/outkast-shop.com\/?s={search_term_string}"},"query-input":"required name=search_term_string"}],"inLanguage":"fr-FR"},{"@type":"Organization","@id":"https:\/\/outkast-shop.com\/#organization","name":"Outkast Roller","alternateName":"outkast-shop.com","url":"https:\/\/outkast-shop.com\/","logo":{"@type":"ImageObject","inLanguage":"fr-FR","@id":"https:\/\/outkast-shop.com\/#\/schema\/logo\/image\/","url":"https:\/\/outkast-shop.com\/wp-content\/uploads\/2023\/06\/long-logo.png","contentUrl":"https:\/\/outkast-shop.com\/wp-content\/uploads\/2023\/06\/long-logo.png","width":326,"height":75,"caption":"Outkast Roller"},"image":{"@id":"https:\/\/outkast-shop.com\/#\/schema\/logo\/image\/"}}]}},"_links":{"self":[{"href":"https:\/\/outkast-shop.com\/fr\/wp-json\/wp\/v2\/pages\/1792","targetHints":{"allow":["GET"]}}],"collection":[{"href":"https:\/\/outkast-shop.com\/fr\/wp-json\/wp\/v2\/pages"}],"about":[{"href":"https:\/\/outkast-shop.com\/fr\/wp-json\/wp\/v2\/types\/page"}],"author":[{"embeddable":true,"href":"https:\/\/outkast-shop.com\/fr\/wp-json\/wp\/v2\/users\/1"}],"replies":[{"embeddable":true,"href":"https:\/\/outkast-shop.com\/fr\/wp-json\/wp\/v2\/comments?post=1792"}],"version-history":[{"count":0,"href":"https:\/\/outkast-shop.com\/fr\/wp-json\/wp\/v2\/pages\/1792\/revisions"}],"wp:attachment":[{"href":"https:\/\/outkast-shop.com\/fr\/wp-json\/wp\/v2\/media?parent=1792"}],"curies":[{"name":"wp","href":"https:\/\/api.w.org\/{rel}","templated":true}]}}