{"id":1806,"date":"2023-06-05T16:58:53","date_gmt":"2023-06-05T16:58:53","guid":{"rendered":"https:\/\/outkast-shop.com\/?page_id=1806"},"modified":"2024-03-19T09:06:07","modified_gmt":"2024-03-19T09:06:07","slug":"responsible-gambling-guide","status":"publish","type":"page","link":"https:\/\/outkast-shop.com\/fr\/guide-du-jeu-responsable\/","title":{"rendered":"Guide du jeu responsable"},"content":{"rendered":"<h1 class=\"wp-block-heading has-text-align-center\">Jeu responsable <\/h1>\n\n\n\n<p class=\"has-text-align-center\">Le jeu est une activit\u00e9 appr\u00e9ci\u00e9e par des millions de personnes dans le monde, mais il est important de le pratiquer de mani\u00e8re responsable. Ce guide aborde les bases du jeu responsable, notamment le fonctionnement des jeux d'argent, les risques qui y sont associ\u00e9s et la mani\u00e8re d'identifier les probl\u00e8mes de jeu. Il fournit \u00e9galement des conseils pratiques et des ressources pour ceux qui souhaitent jouer de mani\u00e8re responsable.<\/p>\n\n\n\n<figure class=\"wp-block-image aligncenter size-full is-resized\"><img decoding=\"async\" src=\"https:\/\/outkast-shop.com\/wp-content\/uploads\/2023\/06\/resp-gambling.jpg\" alt=\"Jeu responsable \" class=\"wp-image-1863\" width=\"600\" height=\"368\" srcset=\"https:\/\/outkast-shop.com\/wp-content\/uploads\/2023\/06\/resp-gambling.jpg 800w, https:\/\/outkast-shop.com\/wp-content\/uploads\/2023\/06\/resp-gambling-300x184.jpg 300w, https:\/\/outkast-shop.com\/wp-content\/uploads\/2023\/06\/resp-gambling-768x470.jpg 768w, https:\/\/outkast-shop.com\/wp-content\/uploads\/2023\/06\/resp-gambling-18x12.jpg 18w, https:\/\/outkast-shop.com\/wp-content\/uploads\/2023\/06\/resp-gambling-110x67.jpg 110w, https:\/\/outkast-shop.com\/wp-content\/uploads\/2023\/06\/resp-gambling-575x352.jpg 575w\" sizes=\"(max-width: 600px) 100vw, 600px\" \/><\/figure>\n\n\n\n<h2 class=\"wp-block-heading has-text-align-center\">Comprendre les jeux d'argent<\/h2>\n\n\n\n<p>Avant de commencer \u00e0 jouer, il est important de comprendre les diff\u00e9rents types de jeux de hasard et leur fonctionnement. Cette section aborde les principes de base des jeux d'argent, y compris les risques qui y sont associ\u00e9s.<\/p>\n\n\n\n<p>Les jeux d'argent sont une forme de divertissement populaire qui peut \u00eatre appr\u00e9ci\u00e9e par des personnes de tous \u00e2ges, de tous horizons et de tous niveaux de comp\u00e9tence. Certains jouent pour s'amuser, d'autres pour essayer de gagner de l'argent. Quelles que soient les raisons qui vous poussent \u00e0 jouer, il est important de comprendre les diff\u00e9rents types de jeux de hasard qui existent.<\/p>\n\n\n\n<p>Il existe de nombreux types de jeux d'argent, notamment les jeux de casino, les paris sportifs et les loteries. Chaque type de jeu a son propre ensemble de r\u00e8gles et de risques. Par exemple, les jeux de casino sont con\u00e7us pour \u00eatre divertissants et agr\u00e9ables, mais ils pr\u00e9sentent \u00e9galement un niveau de risque \u00e9lev\u00e9. De m\u00eame, les paris sportifs peuvent \u00eatre un moyen amusant de pratiquer son sport favori, mais ils peuvent aussi \u00eatre risqu\u00e9s si l'on ne sait pas ce que l'on fait.<\/p>\n\n\n\n<p>Pour r\u00e9ussir \u00e0 jouer, il est important de comprendre les risques associ\u00e9s \u00e0 chaque type de jeu, ainsi que les strat\u00e9gies qui peuvent \u00eatre utilis\u00e9es pour r\u00e9duire ces risques.<\/p>\n\n\n\n<h2 class=\"wp-block-heading has-text-align-center\">Signes de jeu probl\u00e9matique<\/h2>\n\n\n\n<p>Le jeu excessif peut \u00eatre un probl\u00e8me tr\u00e8s s\u00e9rieux qui peut avoir toute une s\u00e9rie de cons\u00e9quences n\u00e9gatives. Il peut non seulement entra\u00eener des difficult\u00e9s financi\u00e8res, mais aussi avoir un impact significatif sur les relations et la sant\u00e9 mentale. Par exemple, les personnes aux prises avec un probl\u00e8me de jeu peuvent se retrouver endett\u00e9es, ce qui peut \u00eatre source de stress et d'anxi\u00e9t\u00e9. Cela peut alors entra\u00eener des probl\u00e8mes avec leur partenaire ou les membres de leur famille, qui peuvent se sentir frustr\u00e9s ou contrari\u00e9s par la situation. En outre, le jeu excessif peut \u00e9galement avoir un impact n\u00e9gatif sur la sant\u00e9 mentale, entra\u00eenant des sentiments de d\u00e9pression ou une faible estime de soi.<\/p>\n\n\n\n<p>Si vous pensez que vous ou quelqu'un que vous connaissez \u00eates aux prises avec un probl\u00e8me de jeu, il est important d'en conna\u00eetre les signes avant-coureurs. Il peut s'agir de choses comme le fait de d\u00e9penser plus d'argent que vous ne pouvez vous le permettre pour jouer, de mentir \u00e0 vos amis ou aux membres de votre famille au sujet de vos habitudes de jeu, et de vous sentir irritable ou anxieux lorsque vous n'\u00eates pas en mesure de jouer. Heureusement, il existe de nombreuses ressources pour aider les personnes aux prises avec un probl\u00e8me de jeu. Il peut s'agir de groupes de soutien, de th\u00e9rapies et de ressources en ligne qui peuvent fournir des informations et des conseils sur la fa\u00e7on de g\u00e9rer ce probl\u00e8me.<\/p>\n\n\n\n<h2 class=\"wp-block-heading has-text-align-center\">Pratiques de jeu responsables<\/h2>\n\n\n\n<p>Le jeu peut \u00eatre un passe-temps agr\u00e9able, mais il est important de l'aborder en gardant \u00e0 l'esprit la responsabilit\u00e9. Voici quelques strat\u00e9gies suppl\u00e9mentaires pour vous aider \u00e0 garder le contr\u00f4le de vos habitudes de jeu :<\/p>\n\n\n\n<ul class=\"list-star wp-block-list\">\n<li>\u00c9tablissez un budget : D\u00e9terminez le montant que vous pouvez vous permettre de perdre avant de commencer \u00e0 jouer. Respectez ce budget et ne jouez jamais avec de l'argent que vous ne pouvez pas vous permettre de perdre.<\/li>\n\n\n\n<li>Fixez une limite de temps : d\u00e9cidez du temps que vous pouvez raisonnablement consacrer au jeu et respectez cette limite. Cela vous aidera \u00e0 garder le contr\u00f4le et \u00e0 ne pas perdre la notion du temps.<\/li>\n\n\n\n<li>Identifiez les \u00e9l\u00e9ments d\u00e9clencheurs : Si vous avez du mal \u00e0 garder le contr\u00f4le, il peut \u00eatre utile d'identifier ce qui d\u00e9clenche votre comportement de jeu. Il peut s'agir du stress, de l'ennui ou d'autres facteurs. Une fois que vous connaissez vos d\u00e9clencheurs, vous pouvez prendre des mesures pour les \u00e9viter ou les g\u00e9rer plus efficacement.<\/li>\n\n\n\n<li>Comprendre les probabilit\u00e9s : Il est important d'avoir une compr\u00e9hension r\u00e9aliste des chances de gagner avant de commencer \u00e0 jouer. Cela peut vous aider \u00e0 \u00e9viter des attentes irr\u00e9alistes et \u00e0 prendre des d\u00e9cisions plus \u00e9clair\u00e9es sur le moment et la mani\u00e8re de jouer.<\/li>\n<\/ul>\n\n\n\n<h2 class=\"wp-block-heading has-text-align-center\">Ressources d'aide et de soutien<\/h2>\n\n\n\n<p>Si vous ou quelqu'un que vous connaissez \u00eates aux prises avec un probl\u00e8me de jeu, il est important de savoir que vous n'\u00eates pas seul. De nombreuses personnes ont \u00e9t\u00e9 confront\u00e9es \u00e0 des probl\u00e8mes similaires et de nombreuses ressources sont disponibles pour vous aider et vous soutenir. Cette section fournit des informations d\u00e9taill\u00e9es sur les lignes t\u00e9l\u00e9phoniques d'urgence, les groupes de soutien, les ressources en ligne et les options de traitement professionnel. Que vous recherchiez une ligne d'assistance t\u00e9l\u00e9phonique confidentielle pour parler \u00e0 quelqu'un de vos pr\u00e9occupations ou que vous souhaitiez trouver un groupe de soutien o\u00f9 vous pourrez entrer en contact avec d'autres personnes qui comprennent ce que vous traversez, de nombreuses options s'offrent \u00e0 vous. En outre, de nombreuses ressources sont disponibles en ligne, notamment des forums, des salons de discussion et des sites web d'information, qui peuvent fournir des informations et un soutien pr\u00e9cieux. Enfin, si vous estimez que vous avez besoin d'un traitement professionnel, il existe de nombreuses options diff\u00e9rentes, notamment la th\u00e9rapie, le conseil et les programmes d'hospitalisation et de traitement ambulatoire. Quels que soient vos besoins, vous pouvez obtenir de l'aide.<\/p>\n\n\n\n<h2 class=\"wp-block-heading has-text-align-center\">Conclusion<\/h2>\n\n\n\n<p>Il est important de se rappeler que le jeu responsable ne consiste pas seulement \u00e0 \u00e9viter le jeu probl\u00e9matique, mais aussi \u00e0 s'assurer que l'on profite de l'activit\u00e9 d'une mani\u00e8re durable et s\u00fbre. Cela signifie qu'il faut prendre le temps de comprendre les risques associ\u00e9s au jeu, fixer des limites \u00e0 ses d\u00e9penses et \u00e0 son temps, et savoir quand demander de l'aide si n\u00e9cessaire. En adoptant une approche responsable du jeu, vous pouvez profiter de cette activit\u00e9 en toute s\u00e9curit\u00e9 et en toute s\u00e9r\u00e9nit\u00e9.<\/p>\n\n\n\n<div class=\"wp-block-group alignfull gallery_section has-poka-boxes-background-color-alt-background-color has-background is-layout-constrained wp-block-group-is-layout-constrained\"><div class=\"wp-block-group__inner-container\">\n<p class=\"has-medium-font-size\"><strong>En savoir plus :<\/strong><\/p>\n\n\n\n<div class=\"types-gallery\">\r\n\t  <a class=\"item\" href=\"https:\/\/outkast-shop.com\/fr\/casinos-anonymes\/\"><img decoding=\"async\" src=\"\/wp-content\/uploads\/2023\/06\/ct4.png\" alt=\"Ic\u00f4ne des casinos anonymes\"><span>Casinos anonymes<\/span><\/a>\r\n      <a class=\"item\" href=\"https:\/\/outkast-shop.com\/fr\/blockchain-casinos\/\"><img decoding=\"async\" src=\"\/wp-content\/uploads\/2023\/06\/ct2.png\" alt=\"Blockchain Casinos icon\"><span>Casinos en ligne<\/span><\/a>\r\n      <a class=\"item\" href=\"https:\/\/outkast-shop.com\/fr\/casinos-decentralises\/\"><img decoding=\"async\" src=\"\/wp-content\/uploads\/2023\/06\/ct5.png\" alt=\"Ic\u00f4ne des casinos d\u00e9centralis\u00e9s\"><span>Casinos d\u00e9centralis\u00e9s<\/span><\/a>\r\n      <a class=\"item\" href=\"https:\/\/outkast-shop.com\/fr\/casinos-en-ligne-hybrides\/\"><img decoding=\"async\" src=\"\/wp-content\/uploads\/2023\/06\/ct3.png\" alt=\"Ic\u00f4ne des casinos hybrides\"><span>Casinos hybrides<\/span><\/a>\r\n      <a class=\"item\" href=\"https:\/\/outkast-shop.com\/fr\/nouveaux-crypto-casinos\/\"><img decoding=\"async\" src=\"\/wp-content\/uploads\/2023\/06\/ct6-1.png\" alt=\"Nouvelle ic\u00f4ne Crypto Casinos\"><span>Nouveau Crypto Casinos<\/span><\/a>\r\n      <a class=\"item\" href=\"https:\/\/outkast-shop.com\/fr\/nft-casinos\/\"><img decoding=\"async\" src=\"\/wp-content\/uploads\/2023\/06\/ct7-1.png\" alt=\"Ic\u00f4ne NFT Casinos\"><span>Casinos NFT<\/span><\/a>     \r\n<\/div>\n<\/div><\/div>\n\n\n\n<div class=\"wp-block-group alignfull has-background is-layout-flow wp-container-16\" style=\"padding-top:60px;padding-right:0px;padding-bottom:10px;padding-left:0px; background:#1d2730;\"><div class=\"wp-block-group__inner-container\">\n<div class=\"wp-block-columns are-vertically-aligned-center is-layout-flex wp-container-15\">\n<div class=\"wp-block-column is-vertically-aligned-center is-layout-flow\" style=\"flex-basis:100%\">\n<div class=\"wp-block-group is-layout-flow\"><div class=\"wp-block-group__inner-container\">\n<div class=\"wp-block-columns is-layout-flex wp-container-12\" style=\"padding-right:20px;padding-left:20px\">\n<div class=\"wp-block-column is-vertically-aligned-center is-layout-flow\" style=\"padding-top:20px;padding-bottom:20px;flex-basis:70%\">\n<p class=\"has-text-align-left has-white-color has-text-color wp-block-heading\" style=\"font-size:46px;font-style:normal;font-weight:300;margin-top:10px;margin-right:0px;margin-bottom:10px;margin-left:0px\">Commencez \u00e0 jouer d\u00e8s maintenant !<\/p>\n<\/div>\n\n\n\n<div class=\"wp-block-column is-vertically-aligned-center is-layout-flow\" style=\"padding-top:10px;padding-bottom:10px;flex-basis:30%\"><div class=\"wp-block-poka-button\">\n<a class=\"wp-block-button__link has-vivid-red-background-color has-background\" href=\"https:\/\/outkast-shop.com\/fr\/go\/play\/\" style=\"border-radius:100px\"><strong>Jouer maintenant !<\/strong><\/a>\n\n\t\t<\/div><\/div>\n<\/div>\n<\/div><\/div>\n<\/div>\n<\/div>\n<\/div><\/div>\n\n\n\n<div class=\"wp-block-group alignfull gallery_section has-poka-boxes-background-color-alt-background-color has-background is-layout-constrained wp-block-group-is-layout-constrained\"><div class=\"wp-block-group__inner-container\">\n<p class=\"has-medium-font-size\"><strong><strong>Principaux cryptomonnaies :<\/strong><\/strong><\/p>\n\n\n\n<div class=\"icons-galley\">\r\n\t\t  <a class=\"item\" href=\"https:\/\/outkast-shop.com\/fr\/casinos-en-bitcoins\/\"><img decoding=\"async\" src=\"\/wp-content\/uploads\/2023\/06\/btc.png\" alt=\"Bitcoin Casinos icon\"><span>BTC Casinos<\/span><\/a>\r\n\t  <a class=\"item\" href=\"https:\/\/outkast-shop.com\/fr\/ethereum-casinos\/\"><img decoding=\"async\" src=\"\/wp-content\/uploads\/2023\/06\/eth.png\" alt=\"Ethereum Casinos icon\"><span>ETH Casinos<\/span><\/a>\r\n\t  <a class=\"item\" href=\"https:\/\/outkast-shop.com\/fr\/tether-casinos\/\"><img decoding=\"async\" src=\"\/wp-content\/uploads\/2023\/06\/usdt.png\" alt=\"Tether Casinos icon\"><span>USDT Casinos<\/span><\/a>\r\n\t  <a class=\"item\" href=\"https:\/\/outkast-shop.com\/fr\/casinos-en-litecoin\/\"><img decoding=\"async\" src=\"\/wp-content\/uploads\/2023\/06\/ltc.png\" alt=\"Litecoin Casinos icon\"><span>LTC Casinos<\/span><\/a>\r\n\t  <a class=\"item\" href=\"https:\/\/outkast-shop.com\/fr\/dogecoin-casinos\/\"><img decoding=\"async\" src=\"\/wp-content\/uploads\/2023\/06\/doge.png\" alt=\"Dogecoin ic\u00f4ne des casinos\"><span>Doge Casinos<\/span><\/a>\r\n\t  <a class=\"item\" href=\"https:\/\/outkast-shop.com\/fr\/casinos-ondules\/\"><img decoding=\"async\" src=\"\/wp-content\/uploads\/2023\/06\/xrp.png\" alt=\"Ripple Casinos icon\"><span>XRP Casinos<\/span><\/a>\r\n\t  <a class=\"item\" href=\"https:\/\/outkast-shop.com\/fr\/casinos-bitcoin-cash\/\"><img decoding=\"async\" src=\"\/wp-content\/uploads\/2023\/06\/bch.png\" alt=\"Bitcoin Cash ic\u00f4ne du casino\"><span>Casinos BCH<\/span><\/a>\r\n\t  <a class=\"item\" href=\"https:\/\/outkast-shop.com\/fr\/tron-casinos\/\"><img decoding=\"async\" src=\"\/wp-content\/uploads\/2023\/06\/trx.png\" alt=\"Tron ic\u00f4ne du casino\"><span>TRX<\/span><\/a> \r\n\t  <a class=\"item\" href=\"https:\/\/outkast-shop.com\/fr\/cardano-casinos\/\"><img decoding=\"async\" src=\"\/wp-content\/uploads\/2023\/06\/ada.png\" alt=\"Ic\u00f4ne des casinos Ada\"><span>Casinos Ada<\/span><\/a>\r\n      <a class=\"item\" href=\"https:\/\/outkast-shop.com\/fr\/binance-coin-casinos\/\"><img decoding=\"async\" src=\"\/wp-content\/uploads\/2023\/06\/bnb.png\" alt=\"Ic\u00f4ne des casinos Bnb\"><span>BNB Casinos<\/span><\/a>\r\n      <a class=\"item\" href=\"https:\/\/outkast-shop.com\/fr\/casinos-en-ligne\/\"><img decoding=\"async\" src=\"\/wp-content\/uploads\/2023\/06\/dash.png\" alt=\"Dash ic\u00f4ne des casinos\"><span>Dash Casinos<\/span><\/a>\r\n      <a class=\"item\" href=\"https:\/\/outkast-shop.com\/fr\/shiba-inu-casinos\/\"><img decoding=\"async\" src=\"\/wp-content\/uploads\/2023\/06\/shib.png\" alt=\"Shiba Inu ic\u00f4ne des casinos\"><span>Casinos Shiba<\/span><\/a>\r\n      <a class=\"item\" href=\"https:\/\/outkast-shop.com\/fr\/solana-casinos\/\"><img decoding=\"async\" src=\"\/wp-content\/uploads\/2023\/06\/sol.png\" alt=\"Solana casionos icon\"><span>SOL Casinos<\/span><\/a>\r\n      <a class=\"item\" href=\"https:\/\/outkast-shop.com\/fr\/monero-casinos\/\"><img decoding=\"async\" src=\"\/wp-content\/uploads\/2023\/06\/xmr.png\" alt=\"Ic\u00f4ne des casinos Xmr\"><span>Casinos XMR<\/span><\/a>     \r\n<\/div>\n<\/div><\/div>","protected":false},"excerpt":{"rendered":"<p>Le jeu responsable Le jeu est une activit\u00e9 appr\u00e9ci\u00e9e par des millions de personnes dans le monde, mais il est important de le pratiquer de mani\u00e8re responsable. Ce guide aborde les principes de base du jeu responsable, notamment le fonctionnement du jeu, les risques qui y sont associ\u00e9s et la mani\u00e8re d'identifier les probl\u00e8mes de jeu. Il fournit \u00e9galement des conseils pratiques et des ressources pour [...]<\/p>","protected":false},"author":1,"featured_media":1863,"parent":0,"menu_order":0,"comment_status":"closed","ping_status":"closed","template":"","meta":{"_mi_skip_tracking":false,"_monsterinsights_sitenote_active":false,"_monsterinsights_sitenote_note":"","_monsterinsights_sitenote_category":0,"footnotes":""},"class_list":["post-1806","page","type-page","status-publish","has-post-thumbnail","hentry"],"acf":[],"yoast_head":"<!-- This site is optimized with the Yoast SEO plugin v22.8 - https:\/\/yoast.com\/wordpress\/plugins\/seo\/ -->\n<title>Responsible Gambling Essentials: How to Enjoy Betting Safely<\/title>\n<meta name=\"description\" content=\"Discover essential advice on enjoying betting safely, with practical tips for setting limits, recognizing risk signs, and accessing support resources.\" \/>\n<meta name=\"robots\" content=\"index, follow, max-snippet:-1, max-image-preview:large, max-video-preview:-1\" \/>\n<link rel=\"canonical\" href=\"https:\/\/outkast-shop.com\/fr\/guide-du-jeu-responsable\/\" \/>\n<meta property=\"og:locale\" content=\"fr_FR\" \/>\n<meta property=\"og:type\" content=\"article\" \/>\n<meta property=\"og:title\" content=\"Responsible Gambling Essentials: How to Enjoy Betting Safely\" \/>\n<meta property=\"og:description\" content=\"Discover essential advice on enjoying betting safely, with practical tips for setting limits, recognizing risk signs, and accessing support resources.\" \/>\n<meta property=\"og:url\" content=\"https:\/\/outkast-shop.com\/fr\/guide-du-jeu-responsable\/\" \/>\n<meta property=\"og:site_name\" content=\"Crypto Casino\" \/>\n<meta property=\"article:modified_time\" content=\"2024-03-19T09:06:07+00:00\" \/>\n<meta property=\"og:image\" content=\"https:\/\/outkast-shop.com\/wp-content\/uploads\/2023\/06\/resp-gambling.jpg\" \/>\n\t<meta property=\"og:image:width\" content=\"800\" \/>\n\t<meta property=\"og:image:height\" content=\"490\" \/>\n\t<meta property=\"og:image:type\" content=\"image\/jpeg\" \/>\n<meta name=\"twitter:card\" content=\"summary_large_image\" \/>\n<meta name=\"twitter:label1\" content=\"Dur\u00e9e de lecture estim\u00e9e\" \/>\n\t<meta name=\"twitter:data1\" content=\"5 minutes\" \/>\n<!-- \/ Yoast SEO plugin. -->","yoast_head_json":{"title":"Responsible Gambling Essentials: How to Enjoy Betting Safely","description":"Discover essential advice on enjoying betting safely, with practical tips for setting limits, recognizing risk signs, and accessing support resources.","robots":{"index":"index","follow":"follow","max-snippet":"max-snippet:-1","max-image-preview":"max-image-preview:large","max-video-preview":"max-video-preview:-1"},"canonical":"https:\/\/outkast-shop.com\/fr\/guide-du-jeu-responsable\/","og_locale":"fr_FR","og_type":"article","og_title":"Responsible Gambling Essentials: How to Enjoy Betting Safely","og_description":"Discover essential advice on enjoying betting safely, with practical tips for setting limits, recognizing risk signs, and accessing support resources.","og_url":"https:\/\/outkast-shop.com\/fr\/guide-du-jeu-responsable\/","og_site_name":"Crypto Casino","article_modified_time":"2024-03-19T09:06:07+00:00","og_image":[{"width":800,"height":490,"url":"https:\/\/outkast-shop.com\/wp-content\/uploads\/2023\/06\/resp-gambling.jpg","type":"image\/jpeg"}],"twitter_card":"summary_large_image","twitter_misc":{"Dur\u00e9e de lecture estim\u00e9e":"5 minutes"},"schema":{"@context":"https:\/\/schema.org","@graph":[{"@type":"WebPage","@id":"https:\/\/outkast-shop.com\/responsible-gambling-guide\/","url":"https:\/\/outkast-shop.com\/responsible-gambling-guide\/","name":"Responsible Gambling Essentials: How to Enjoy Betting Safely","isPartOf":{"@id":"https:\/\/outkast-shop.com\/#website"},"primaryImageOfPage":{"@id":"https:\/\/outkast-shop.com\/responsible-gambling-guide\/#primaryimage"},"image":{"@id":"https:\/\/outkast-shop.com\/responsible-gambling-guide\/#primaryimage"},"thumbnailUrl":"https:\/\/outkast-shop.com\/wp-content\/uploads\/2023\/06\/resp-gambling.jpg","datePublished":"2023-06-05T16:58:53+00:00","dateModified":"2024-03-19T09:06:07+00:00","description":"Discover essential advice on enjoying betting safely, with practical tips for setting limits, recognizing risk signs, and accessing support resources.","breadcrumb":{"@id":"https:\/\/outkast-shop.com\/responsible-gambling-guide\/#breadcrumb"},"inLanguage":"fr-FR","potentialAction":[{"@type":"ReadAction","target":["https:\/\/outkast-shop.com\/responsible-gambling-guide\/"]}]},{"@type":"ImageObject","inLanguage":"fr-FR","@id":"https:\/\/outkast-shop.com\/responsible-gambling-guide\/#primaryimage","url":"https:\/\/outkast-shop.com\/wp-content\/uploads\/2023\/06\/resp-gambling.jpg","contentUrl":"https:\/\/outkast-shop.com\/wp-content\/uploads\/2023\/06\/resp-gambling.jpg","width":800,"height":490,"caption":"Responsible Gambling"},{"@type":"BreadcrumbList","@id":"https:\/\/outkast-shop.com\/responsible-gambling-guide\/#breadcrumb","itemListElement":[{"@type":"ListItem","position":1,"name":"Home","item":"https:\/\/outkast-shop.com\/"},{"@type":"ListItem","position":2,"name":"Responsible Gambling Guide"}]},{"@type":"WebSite","@id":"https:\/\/outkast-shop.com\/#website","url":"https:\/\/outkast-shop.com\/","name":"Crypto Casino","description":"","publisher":{"@id":"https:\/\/outkast-shop.com\/#organization"},"potentialAction":[{"@type":"SearchAction","target":{"@type":"EntryPoint","urlTemplate":"https:\/\/outkast-shop.com\/?s={search_term_string}"},"query-input":"required name=search_term_string"}],"inLanguage":"fr-FR"},{"@type":"Organization","@id":"https:\/\/outkast-shop.com\/#organization","name":"Outkast Roller","alternateName":"outkast-shop.com","url":"https:\/\/outkast-shop.com\/","logo":{"@type":"ImageObject","inLanguage":"fr-FR","@id":"https:\/\/outkast-shop.com\/#\/schema\/logo\/image\/","url":"https:\/\/outkast-shop.com\/wp-content\/uploads\/2023\/06\/long-logo.png","contentUrl":"https:\/\/outkast-shop.com\/wp-content\/uploads\/2023\/06\/long-logo.png","width":326,"height":75,"caption":"Outkast Roller"},"image":{"@id":"https:\/\/outkast-shop.com\/#\/schema\/logo\/image\/"}}]}},"_links":{"self":[{"href":"https:\/\/outkast-shop.com\/fr\/wp-json\/wp\/v2\/pages\/1806","targetHints":{"allow":["GET"]}}],"collection":[{"href":"https:\/\/outkast-shop.com\/fr\/wp-json\/wp\/v2\/pages"}],"about":[{"href":"https:\/\/outkast-shop.com\/fr\/wp-json\/wp\/v2\/types\/page"}],"author":[{"embeddable":true,"href":"https:\/\/outkast-shop.com\/fr\/wp-json\/wp\/v2\/users\/1"}],"replies":[{"embeddable":true,"href":"https:\/\/outkast-shop.com\/fr\/wp-json\/wp\/v2\/comments?post=1806"}],"version-history":[{"count":0,"href":"https:\/\/outkast-shop.com\/fr\/wp-json\/wp\/v2\/pages\/1806\/revisions"}],"wp:featuredmedia":[{"embeddable":true,"href":"https:\/\/outkast-shop.com\/fr\/wp-json\/wp\/v2\/media\/1863"}],"wp:attachment":[{"href":"https:\/\/outkast-shop.com\/fr\/wp-json\/wp\/v2\/media?parent=1806"}],"curies":[{"name":"wp","href":"https:\/\/api.w.org\/{rel}","templated":true}]}}