{"id":1840,"date":"2023-06-06T11:03:13","date_gmt":"2023-06-06T11:03:13","guid":{"rendered":"https:\/\/outkast-shop.com\/?page_id=1840"},"modified":"2024-03-19T10:24:56","modified_gmt":"2024-03-19T10:24:56","slug":"about-us","status":"publish","type":"page","link":"https:\/\/outkast-shop.com\/fr\/a-propos-de-nous\/","title":{"rendered":"\u00c0 propos de nous"},"content":{"rendered":"<h1 class=\"wp-block-heading has-text-align-center\">\u00c0 propos de nous<\/h1>\n\n\n\n<p class=\"has-text-align-center\">Si vous \u00eates un fan de casinos et de jeux en ligne, vous savez \u00e0 quel point il est important de trouver des avis fiables et impartiaux. Avec autant d'options disponibles, il peut \u00eatre difficile de choisir la bonne. C'est l\u00e0 qu'Outkast Roller entre en jeu. Notre \u00e9quipe d'\u00e9valuateurs exp\u00e9riment\u00e9s travaille dans l'industrie depuis plus de 5 ans, et nous nous engageons \u00e0 vous fournir les informations les plus pr\u00e9cises et les plus fiables possibles.<\/p>\n\n\n\n<figure class=\"wp-block-image aligncenter size-full is-resized\"><img decoding=\"async\" width=\"800\" height=\"489\" src=\"https:\/\/outkast-shop.com\/wp-content\/uploads\/2023\/06\/about-us-small-min.jpg\" alt=\"\u00c0 propos de nous Outkast Roller\" class=\"wp-image-1841\" style=\"width:600px;height:367px\" srcset=\"https:\/\/outkast-shop.com\/wp-content\/uploads\/2023\/06\/about-us-small-min.jpg 800w, https:\/\/outkast-shop.com\/wp-content\/uploads\/2023\/06\/about-us-small-min-300x183.jpg 300w, https:\/\/outkast-shop.com\/wp-content\/uploads\/2023\/06\/about-us-small-min-768x469.jpg 768w, https:\/\/outkast-shop.com\/wp-content\/uploads\/2023\/06\/about-us-small-min-18x12.jpg 18w, https:\/\/outkast-shop.com\/wp-content\/uploads\/2023\/06\/about-us-small-min-110x67.jpg 110w, https:\/\/outkast-shop.com\/wp-content\/uploads\/2023\/06\/about-us-small-min-575x351.jpg 575w\" sizes=\"(max-width: 800px) 100vw, 800px\" \/><\/figure>\n\n\n\n<h2 class=\"wp-block-heading has-text-align-center\">Votre source de confiance pour des critiques impartiales de casinos et de jeux<\/h2>\n\n\n\n<p>Chez Outkast Roller, nous comprenons que le monde des jeux en ligne peut \u00eatre d\u00e9routant et parfois m\u00eame risqu\u00e9. C'est pourquoi nous nous engageons \u00e0 proposer des revues impartiales des casinos et des jeux les plus populaires de l'industrie. Nos revues sont bas\u00e9es sur des recherches, des tests et des analyses approfondies, et nous donnons toujours notre opinion honn\u00eate, qu'elle soit positive ou n\u00e9gative.<\/p>\n\n\n\n<p>En plus de nos critiques, nous nous effor\u00e7ons \u00e9galement d'inspirer les joueurs et l'ensemble du secteur \u00e0 honorer ceux qui cherchent \u00e0 se divertir en ligne. Nous pensons que tout le monde devrait avoir acc\u00e8s \u00e0 des exp\u00e9riences de jeu s\u00fbres, \u00e9quitables et agr\u00e9ables, et nous travaillons dur pour promouvoir ces valeurs dans l'industrie.<\/p>\n\n\n\n<h2 class=\"wp-block-heading has-text-align-center\">Nos experts<\/h2>\n\n\n\n<div class=\"wp-block-columns is-layout-flex wp-container-core-columns-is-layout-28f84493 wp-block-columns-is-layout-flex\">\n<div class=\"wp-block-column is-layout-flow wp-block-column-is-layout-flow\">\n<figure class=\"wp-block-image size-full\"><img decoding=\"async\" width=\"500\" height=\"476\" src=\"https:\/\/outkast-shop.com\/wp-content\/uploads\/2023\/10\/denis-mak-big.jpg\" alt=\"Denis Mak \u00e0 propos de la page\" class=\"wp-image-2622\" srcset=\"https:\/\/outkast-shop.com\/wp-content\/uploads\/2023\/10\/denis-mak-big.jpg 500w, https:\/\/outkast-shop.com\/wp-content\/uploads\/2023\/10\/denis-mak-big-300x286.jpg 300w, https:\/\/outkast-shop.com\/wp-content\/uploads\/2023\/10\/denis-mak-big-13x12.jpg 13w, https:\/\/outkast-shop.com\/wp-content\/uploads\/2023\/10\/denis-mak-big-110x105.jpg 110w\" sizes=\"(max-width: 500px) 100vw, 500px\" \/><\/figure>\n<\/div>\n\n\n\n<div class=\"wp-block-column is-layout-flow wp-block-column-is-layout-flow\">\n<p>L'inspirateur id\u00e9ologique de l'ensemble du projet : Denis Mak<\/p>\n\n\n\n<p class=\"has-text-align-left\"><strong>Info :<\/strong><\/p>\n\n\n\n<ul class=\"wp-block-list\">\n<li><a href=\"https:\/\/www.facebook.com\/profile.php?id=100083645510467\" target=\"_blank\" rel=\"noreferrer noopener\">Facebook<\/a><\/li>\n\n\n\n<li><a href=\"https:\/\/twitter.com\/DenisMak18\" target=\"_blank\" rel=\"noreferrer noopener\">Twitter<\/a><\/li>\n\n\n\n<li><a href=\"https:\/\/www.youtube.com\/channel\/UChMjmYBn7NFOLKsIpviYZhA\">Youtube<\/a><\/li>\n<\/ul>\n<\/div>\n<\/div>\n\n\n\n<div class=\"wp-block-columns is-layout-flex wp-container-core-columns-is-layout-28f84493 wp-block-columns-is-layout-flex\">\n<div class=\"wp-block-column is-layout-flow wp-block-column-is-layout-flow\">\n<figure class=\"wp-block-image size-full\"><a href=\"https:\/\/outkast-shop.com\/fr\/bobby-brown\/\"><img decoding=\"async\" width=\"500\" height=\"475\" src=\"https:\/\/outkast-shop.com\/wp-content\/uploads\/2023\/06\/bobby-brown-f.jpg\" alt=\"Bobby Brown Crypto Auteur\" class=\"wp-image-2390\" srcset=\"https:\/\/outkast-shop.com\/wp-content\/uploads\/2023\/06\/bobby-brown-f.jpg 500w, https:\/\/outkast-shop.com\/wp-content\/uploads\/2023\/06\/bobby-brown-f-300x285.jpg 300w, https:\/\/outkast-shop.com\/wp-content\/uploads\/2023\/06\/bobby-brown-f-13x12.jpg 13w, https:\/\/outkast-shop.com\/wp-content\/uploads\/2023\/06\/bobby-brown-f-110x105.jpg 110w\" sizes=\"(max-width: 500px) 100vw, 500px\" \/><\/a><figcaption class=\"wp-element-caption\">Bobby Brown - Expert en jeux de hasard cryptographiques<\/figcaption><\/figure>\n<\/div>\n\n\n\n<div class=\"wp-block-column is-layout-flow wp-block-column-is-layout-flow\">\n<figure class=\"wp-block-image size-full\"><a href=\"https:\/\/outkast-shop.com\/fr\/martin-gor\/\"><img decoding=\"async\" width=\"496\" height=\"475\" src=\"https:\/\/outkast-shop.com\/wp-content\/uploads\/2023\/06\/gor-a.jpg\" alt=\"Martyn Gor - Crypto-auteur\" class=\"wp-image-2391\" srcset=\"https:\/\/outkast-shop.com\/wp-content\/uploads\/2023\/06\/gor-a.jpg 496w, https:\/\/outkast-shop.com\/wp-content\/uploads\/2023\/06\/gor-a-300x287.jpg 300w, https:\/\/outkast-shop.com\/wp-content\/uploads\/2023\/06\/gor-a-13x12.jpg 13w, https:\/\/outkast-shop.com\/wp-content\/uploads\/2023\/06\/gor-a-110x105.jpg 110w\" sizes=\"(max-width: 496px) 100vw, 496px\" \/><\/a><figcaption class=\"wp-element-caption\">Martyn Gor - Expert en jeux de hasard cryptographiques<\/figcaption><\/figure>\n<\/div>\n<\/div>\n\n\n\n<h2 class=\"wp-block-heading has-text-align-center\">Notre mission<\/h2>\n\n\n\n<p>Notre mission est de fournir aux joueurs des informations pr\u00e9cises et fiables sur les casinos et les jeux en ligne, tout en promouvant des exp\u00e9riences de jeu s\u00fbres, \u00e9quitables et agr\u00e9ables. Nous nous effor\u00e7ons de donner aux joueurs les moyens de prendre des d\u00e9cisions \u00e9clair\u00e9es en menant des recherches et des analyses approfondies et en nous tenant au courant des derni\u00e8res tendances et \u00e9volutions du secteur. En outre, nous nous engageons \u00e0 d\u00e9fendre les droits et les int\u00e9r\u00eats des joueurs et \u00e0 tenir les casinos en ligne et les d\u00e9veloppeurs de jeux responsables de leurs actions. Au fur et \u00e0 mesure de notre croissance et de notre expansion, nous esp\u00e9rons nous imposer comme l'une des principales voix de la communaut\u00e9 des jeux en ligne et inciter les autres \u00e0 donner la priorit\u00e9 aux besoins et aux int\u00e9r\u00eats des joueurs.<\/p>\n\n\n\n<div class=\"wp-block-group alignfull gallery_section has-poka-boxes-background-color-alt-background-color has-background is-layout-constrained wp-block-group-is-layout-constrained\"><div class=\"wp-block-group__inner-container\">\n<p class=\"has-medium-font-size\"><strong>En savoir plus :<\/strong><\/p>\n\n\n\n<div class=\"types-gallery\">\r\n\t  <a class=\"item\" href=\"https:\/\/outkast-shop.com\/fr\/casinos-anonymes\/\"><img decoding=\"async\" src=\"\/wp-content\/uploads\/2023\/06\/ct4.png\" alt=\"Ic\u00f4ne des casinos anonymes\"><span>Casinos anonymes<\/span><\/a>\r\n      <a class=\"item\" href=\"https:\/\/outkast-shop.com\/fr\/blockchain-casinos\/\"><img decoding=\"async\" src=\"\/wp-content\/uploads\/2023\/06\/ct2.png\" alt=\"Blockchain Casinos icon\"><span>Casinos en ligne<\/span><\/a>\r\n      <a class=\"item\" href=\"https:\/\/outkast-shop.com\/fr\/casinos-decentralises\/\"><img decoding=\"async\" src=\"\/wp-content\/uploads\/2023\/06\/ct5.png\" alt=\"Ic\u00f4ne des casinos d\u00e9centralis\u00e9s\"><span>Casinos d\u00e9centralis\u00e9s<\/span><\/a>\r\n      <a class=\"item\" href=\"https:\/\/outkast-shop.com\/fr\/casinos-en-ligne-hybrides\/\"><img decoding=\"async\" src=\"\/wp-content\/uploads\/2023\/06\/ct3.png\" alt=\"Ic\u00f4ne des casinos hybrides\"><span>Casinos hybrides<\/span><\/a>\r\n      <a class=\"item\" href=\"https:\/\/outkast-shop.com\/fr\/nouveaux-crypto-casinos\/\"><img decoding=\"async\" src=\"\/wp-content\/uploads\/2023\/06\/ct6-1.png\" alt=\"Nouvelle ic\u00f4ne Crypto Casinos\"><span>Nouveau Crypto Casinos<\/span><\/a>\r\n      <a class=\"item\" href=\"https:\/\/outkast-shop.com\/fr\/nft-casinos\/\"><img decoding=\"async\" src=\"\/wp-content\/uploads\/2023\/06\/ct7-1.png\" alt=\"Ic\u00f4ne NFT Casinos\"><span>Casinos NFT<\/span><\/a>     \r\n<\/div>\n<\/div><\/div>\n\n\n\n<div class=\"wp-block-group alignfull has-background is-layout-flow wp-container-16\" style=\"padding-top:60px;padding-right:0px;padding-bottom:10px;padding-left:0px; background:#1d2730;\"><div class=\"wp-block-group__inner-container\">\n<div class=\"wp-block-columns are-vertically-aligned-center is-layout-flex wp-container-15\">\n<div class=\"wp-block-column is-vertically-aligned-center is-layout-flow\" style=\"flex-basis:100%\">\n<div class=\"wp-block-group is-layout-flow\"><div class=\"wp-block-group__inner-container\">\n<div class=\"wp-block-columns is-layout-flex wp-container-12\" style=\"padding-right:20px;padding-left:20px\">\n<div class=\"wp-block-column is-vertically-aligned-center is-layout-flow\" style=\"padding-top:20px;padding-bottom:20px;flex-basis:70%\">\n<p class=\"has-text-align-left has-white-color has-text-color wp-block-heading\" style=\"font-size:46px;font-style:normal;font-weight:300;margin-top:10px;margin-right:0px;margin-bottom:10px;margin-left:0px\">Commencez \u00e0 jouer d\u00e8s maintenant !<\/p>\n<\/div>\n\n\n\n<div class=\"wp-block-column is-vertically-aligned-center is-layout-flow\" style=\"padding-top:10px;padding-bottom:10px;flex-basis:30%\"><div class=\"wp-block-poka-button\">\n<a class=\"wp-block-button__link has-vivid-red-background-color has-background\" href=\"https:\/\/outkast-shop.com\/fr\/go\/play\/\" style=\"border-radius:100px\"><strong>Jouer maintenant !<\/strong><\/a>\n\n\t\t<\/div><\/div>\n<\/div>\n<\/div><\/div>\n<\/div>\n<\/div>\n<\/div><\/div>\n\n\n\n<div class=\"wp-block-group alignfull gallery_section has-poka-boxes-background-color-alt-background-color has-background is-layout-constrained wp-block-group-is-layout-constrained\"><div class=\"wp-block-group__inner-container\">\n<p class=\"has-medium-font-size\"><strong><strong>Principaux cryptomonnaies :<\/strong><\/strong><\/p>\n\n\n\n<div class=\"icons-galley\">\r\n\t\t  <a class=\"item\" href=\"https:\/\/outkast-shop.com\/fr\/casinos-en-bitcoins\/\"><img decoding=\"async\" src=\"\/wp-content\/uploads\/2023\/06\/btc.png\" alt=\"Bitcoin Casinos icon\"><span>BTC Casinos<\/span><\/a>\r\n\t  <a class=\"item\" href=\"https:\/\/outkast-shop.com\/fr\/ethereum-casinos\/\"><img decoding=\"async\" src=\"\/wp-content\/uploads\/2023\/06\/eth.png\" alt=\"Ethereum Casinos icon\"><span>ETH Casinos<\/span><\/a>\r\n\t  <a class=\"item\" href=\"https:\/\/outkast-shop.com\/fr\/tether-casinos\/\"><img decoding=\"async\" src=\"\/wp-content\/uploads\/2023\/06\/usdt.png\" alt=\"Tether Casinos icon\"><span>USDT Casinos<\/span><\/a>\r\n\t  <a class=\"item\" href=\"https:\/\/outkast-shop.com\/fr\/casinos-en-litecoin\/\"><img decoding=\"async\" src=\"\/wp-content\/uploads\/2023\/06\/ltc.png\" alt=\"Litecoin Casinos icon\"><span>LTC Casinos<\/span><\/a>\r\n\t  <a class=\"item\" href=\"https:\/\/outkast-shop.com\/fr\/dogecoin-casinos\/\"><img decoding=\"async\" src=\"\/wp-content\/uploads\/2023\/06\/doge.png\" alt=\"Dogecoin ic\u00f4ne des casinos\"><span>Doge Casinos<\/span><\/a>\r\n\t  <a class=\"item\" href=\"https:\/\/outkast-shop.com\/fr\/casinos-ondules\/\"><img decoding=\"async\" src=\"\/wp-content\/uploads\/2023\/06\/xrp.png\" alt=\"Ripple Casinos icon\"><span>XRP Casinos<\/span><\/a>\r\n\t  <a class=\"item\" href=\"https:\/\/outkast-shop.com\/fr\/casinos-bitcoin-cash\/\"><img decoding=\"async\" src=\"\/wp-content\/uploads\/2023\/06\/bch.png\" alt=\"Bitcoin Cash ic\u00f4ne du casino\"><span>Casinos BCH<\/span><\/a>\r\n\t  <a class=\"item\" href=\"https:\/\/outkast-shop.com\/fr\/tron-casinos\/\"><img decoding=\"async\" src=\"\/wp-content\/uploads\/2023\/06\/trx.png\" alt=\"Tron ic\u00f4ne du casino\"><span>TRX<\/span><\/a> \r\n\t  <a class=\"item\" href=\"https:\/\/outkast-shop.com\/fr\/cardano-casinos\/\"><img decoding=\"async\" src=\"\/wp-content\/uploads\/2023\/06\/ada.png\" alt=\"Ic\u00f4ne des casinos Ada\"><span>Casinos Ada<\/span><\/a>\r\n      <a class=\"item\" href=\"https:\/\/outkast-shop.com\/fr\/binance-coin-casinos\/\"><img decoding=\"async\" src=\"\/wp-content\/uploads\/2023\/06\/bnb.png\" alt=\"Ic\u00f4ne des casinos Bnb\"><span>BNB Casinos<\/span><\/a>\r\n      <a class=\"item\" href=\"https:\/\/outkast-shop.com\/fr\/casinos-en-ligne\/\"><img decoding=\"async\" src=\"\/wp-content\/uploads\/2023\/06\/dash.png\" alt=\"Dash ic\u00f4ne des casinos\"><span>Dash Casinos<\/span><\/a>\r\n      <a class=\"item\" href=\"https:\/\/outkast-shop.com\/fr\/shiba-inu-casinos\/\"><img decoding=\"async\" src=\"\/wp-content\/uploads\/2023\/06\/shib.png\" alt=\"Shiba Inu ic\u00f4ne des casinos\"><span>Casinos Shiba<\/span><\/a>\r\n      <a class=\"item\" href=\"https:\/\/outkast-shop.com\/fr\/solana-casinos\/\"><img decoding=\"async\" src=\"\/wp-content\/uploads\/2023\/06\/sol.png\" alt=\"Solana casionos icon\"><span>SOL Casinos<\/span><\/a>\r\n      <a class=\"item\" href=\"https:\/\/outkast-shop.com\/fr\/monero-casinos\/\"><img decoding=\"async\" src=\"\/wp-content\/uploads\/2023\/06\/xmr.png\" alt=\"Ic\u00f4ne des casinos Xmr\"><span>Casinos XMR<\/span><\/a>     \r\n<\/div>\n<\/div><\/div>","protected":false},"excerpt":{"rendered":"<p>A propos de nous Si vous \u00eates un fan de casinos et de jeux en ligne, vous savez \u00e0 quel point il est important de trouver des avis fiables et impartiaux. Avec tant d'options disponibles, il peut \u00eatre difficile de choisir la bonne. C'est l\u00e0 qu'Outkast Roller entre en jeu. Notre \u00e9quipe d'\u00e9valuateurs exp\u00e9riment\u00e9s travaille dans l'industrie depuis [...]<\/p>","protected":false},"author":1,"featured_media":1841,"parent":0,"menu_order":0,"comment_status":"closed","ping_status":"closed","template":"","meta":{"_mi_skip_tracking":false,"_monsterinsights_sitenote_active":false,"_monsterinsights_sitenote_note":"","_monsterinsights_sitenote_category":0,"footnotes":""},"class_list":["post-1840","page","type-page","status-publish","has-post-thumbnail","hentry"],"acf":[],"yoast_head":"<!-- This site is optimized with the Yoast SEO plugin v22.8 - https:\/\/yoast.com\/wordpress\/plugins\/seo\/ -->\n<title>About OutKast Shop: Your Trusted Online Gaming Partner<\/title>\n<meta name=\"description\" content=\"Get to know OutKast Shop: values and commitment to providing secure online gaming experiences. Learn what sets us apart in the digital gaming world.\" \/>\n<meta name=\"robots\" content=\"index, follow, max-snippet:-1, max-image-preview:large, max-video-preview:-1\" \/>\n<link rel=\"canonical\" href=\"https:\/\/outkast-shop.com\/fr\/a-propos-de-nous\/\" \/>\n<meta property=\"og:locale\" content=\"fr_FR\" \/>\n<meta property=\"og:type\" content=\"article\" \/>\n<meta property=\"og:title\" content=\"About OutKast Shop: Your Trusted Online Gaming Partner\" \/>\n<meta property=\"og:description\" content=\"Get to know OutKast Shop: values and commitment to providing secure online gaming experiences. Learn what sets us apart in the digital gaming world.\" \/>\n<meta property=\"og:url\" content=\"https:\/\/outkast-shop.com\/fr\/a-propos-de-nous\/\" \/>\n<meta property=\"og:site_name\" content=\"Crypto Casino\" \/>\n<meta property=\"article:modified_time\" content=\"2024-03-19T10:24:56+00:00\" \/>\n<meta property=\"og:image\" content=\"https:\/\/outkast-shop.com\/wp-content\/uploads\/2023\/06\/about-us-small-min.jpg\" \/>\n\t<meta property=\"og:image:width\" content=\"800\" \/>\n\t<meta property=\"og:image:height\" content=\"489\" \/>\n\t<meta property=\"og:image:type\" content=\"image\/jpeg\" \/>\n<meta name=\"twitter:card\" content=\"summary_large_image\" \/>\n<meta name=\"twitter:label1\" content=\"Dur\u00e9e de lecture estim\u00e9e\" \/>\n\t<meta name=\"twitter:data1\" content=\"3 minutes\" \/>\n<!-- \/ Yoast SEO plugin. -->","yoast_head_json":{"title":"About OutKast Shop: Your Trusted Online Gaming Partner","description":"Get to know OutKast Shop: values and commitment to providing secure online gaming experiences. Learn what sets us apart in the digital gaming world.","robots":{"index":"index","follow":"follow","max-snippet":"max-snippet:-1","max-image-preview":"max-image-preview:large","max-video-preview":"max-video-preview:-1"},"canonical":"https:\/\/outkast-shop.com\/fr\/a-propos-de-nous\/","og_locale":"fr_FR","og_type":"article","og_title":"About OutKast Shop: Your Trusted Online Gaming Partner","og_description":"Get to know OutKast Shop: values and commitment to providing secure online gaming experiences. Learn what sets us apart in the digital gaming world.","og_url":"https:\/\/outkast-shop.com\/fr\/a-propos-de-nous\/","og_site_name":"Crypto Casino","article_modified_time":"2024-03-19T10:24:56+00:00","og_image":[{"width":800,"height":489,"url":"https:\/\/outkast-shop.com\/wp-content\/uploads\/2023\/06\/about-us-small-min.jpg","type":"image\/jpeg"}],"twitter_card":"summary_large_image","twitter_misc":{"Dur\u00e9e de lecture estim\u00e9e":"3 minutes"},"schema":{"@context":"https:\/\/schema.org","@graph":[{"@type":"WebPage","@id":"https:\/\/outkast-shop.com\/about-us\/","url":"https:\/\/outkast-shop.com\/about-us\/","name":"About OutKast Shop: Your Trusted Online Gaming Partner","isPartOf":{"@id":"https:\/\/outkast-shop.com\/#website"},"primaryImageOfPage":{"@id":"https:\/\/outkast-shop.com\/about-us\/#primaryimage"},"image":{"@id":"https:\/\/outkast-shop.com\/about-us\/#primaryimage"},"thumbnailUrl":"https:\/\/outkast-shop.com\/wp-content\/uploads\/2023\/06\/about-us-small-min.jpg","datePublished":"2023-06-06T11:03:13+00:00","dateModified":"2024-03-19T10:24:56+00:00","description":"Get to know OutKast Shop: values and commitment to providing secure online gaming experiences. Learn what sets us apart in the digital gaming world.","breadcrumb":{"@id":"https:\/\/outkast-shop.com\/about-us\/#breadcrumb"},"inLanguage":"fr-FR","potentialAction":[{"@type":"ReadAction","target":["https:\/\/outkast-shop.com\/about-us\/"]}]},{"@type":"ImageObject","inLanguage":"fr-FR","@id":"https:\/\/outkast-shop.com\/about-us\/#primaryimage","url":"https:\/\/outkast-shop.com\/wp-content\/uploads\/2023\/06\/about-us-small-min.jpg","contentUrl":"https:\/\/outkast-shop.com\/wp-content\/uploads\/2023\/06\/about-us-small-min.jpg","width":800,"height":489,"caption":"About Us Outkast Roller"},{"@type":"BreadcrumbList","@id":"https:\/\/outkast-shop.com\/about-us\/#breadcrumb","itemListElement":[{"@type":"ListItem","position":1,"name":"Home","item":"https:\/\/outkast-shop.com\/"},{"@type":"ListItem","position":2,"name":"About Us"}]},{"@type":"WebSite","@id":"https:\/\/outkast-shop.com\/#website","url":"https:\/\/outkast-shop.com\/","name":"Crypto Casino","description":"","publisher":{"@id":"https:\/\/outkast-shop.com\/#organization"},"potentialAction":[{"@type":"SearchAction","target":{"@type":"EntryPoint","urlTemplate":"https:\/\/outkast-shop.com\/?s={search_term_string}"},"query-input":"required name=search_term_string"}],"inLanguage":"fr-FR"},{"@type":"Organization","@id":"https:\/\/outkast-shop.com\/#organization","name":"Outkast Roller","alternateName":"outkast-shop.com","url":"https:\/\/outkast-shop.com\/","logo":{"@type":"ImageObject","inLanguage":"fr-FR","@id":"https:\/\/outkast-shop.com\/#\/schema\/logo\/image\/","url":"https:\/\/outkast-shop.com\/wp-content\/uploads\/2023\/06\/long-logo.png","contentUrl":"https:\/\/outkast-shop.com\/wp-content\/uploads\/2023\/06\/long-logo.png","width":326,"height":75,"caption":"Outkast Roller"},"image":{"@id":"https:\/\/outkast-shop.com\/#\/schema\/logo\/image\/"}}]}},"_links":{"self":[{"href":"https:\/\/outkast-shop.com\/fr\/wp-json\/wp\/v2\/pages\/1840","targetHints":{"allow":["GET"]}}],"collection":[{"href":"https:\/\/outkast-shop.com\/fr\/wp-json\/wp\/v2\/pages"}],"about":[{"href":"https:\/\/outkast-shop.com\/fr\/wp-json\/wp\/v2\/types\/page"}],"author":[{"embeddable":true,"href":"https:\/\/outkast-shop.com\/fr\/wp-json\/wp\/v2\/users\/1"}],"replies":[{"embeddable":true,"href":"https:\/\/outkast-shop.com\/fr\/wp-json\/wp\/v2\/comments?post=1840"}],"version-history":[{"count":0,"href":"https:\/\/outkast-shop.com\/fr\/wp-json\/wp\/v2\/pages\/1840\/revisions"}],"wp:featuredmedia":[{"embeddable":true,"href":"https:\/\/outkast-shop.com\/fr\/wp-json\/wp\/v2\/media\/1841"}],"wp:attachment":[{"href":"https:\/\/outkast-shop.com\/fr\/wp-json\/wp\/v2\/media?parent=1840"}],"curies":[{"name":"wp","href":"https:\/\/api.w.org\/{rel}","templated":true}]}}