{"id":2350,"date":"2023-06-26T10:12:59","date_gmt":"2023-06-26T10:12:59","guid":{"rendered":"https:\/\/outkast-shop.com\/?page_id=2350"},"modified":"2023-06-26T10:13:01","modified_gmt":"2023-06-26T10:13:01","slug":"terms-of-use","status":"publish","type":"page","link":"https:\/\/outkast-shop.com\/fr\/conditions-dutilisation\/","title":{"rendered":"Conditions d'utilisation"},"content":{"rendered":"<h1 class=\"wp-block-heading has-text-align-center\">Conditions d'utilisation<\/h1>\n\n\n\n<p>Les conditions d'utilisation suivantes s'appliquent \u00e0 <a href=\"https:\/\/outkast-shop.com\/fr\/\">outkast-shop.com<\/a>. Veuillez noter que la politique de confidentialit\u00e9 d'Outkast Roller s'applique \u00e0 l'utilisation du site et de ses services, et peut \u00eatre consult\u00e9e ici.<\/p>\n\n\n\n<p>En utilisant le site, vous acceptez nos conditions d'utilisation et notre politique de confidentialit\u00e9. Celles-ci s'appliquent \u00e0 toute personne utilisant le site, les services ou les logiciels dans le cadre de l'accord. Veuillez les lire attentivement avant de les utiliser.<\/p>\n\n\n\n<p>En visitant le site, vous acceptez et \u00eates li\u00e9 par les conditions d'utilisation suivantes :<\/p>\n\n\n\n<ol class=\"wp-block-list\">\n<li>Le contenu de ce site est fourni \u00e0 titre d'information uniquement. Nous ne sommes pas responsables des actions entreprises sur la base des informations disponibles sur ce site ou dans les courriels promotionnels que nous envoyons.<\/li>\n\n\n\n<li>Nous n'exploitons pas de jeux d'argent en ligne et ne traitons aucune transaction mon\u00e9taire en ligne pour des paris ou des mises.<\/li>\n\n\n\n<li>En utilisant le site, vous acceptez de n'utiliser aucune partie du site pour des activit\u00e9s ill\u00e9gales ou illicites. Vous acceptez d'utiliser le site conform\u00e9ment \u00e0 toutes les lois juridictionnelles pertinentes. Vous serez tenu responsable de toute perte, de tout dommage, de tout co\u00fbt et de toute responsabilit\u00e9 pouvant r\u00e9sulter d'une violation de nos conditions d'utilisation.<\/li>\n\n\n\n<li>Vous acceptez de ne pas t\u00e9l\u00e9charger de logiciels nuisibles susceptibles d'endommager ou d'interf\u00e9rer avec le fonctionnement normal du site.<\/li>\n\n\n\n<li>Ne t\u00e9l\u00e9chargez pas de contenu offensant, inappropri\u00e9, ind\u00e9cent, obsc\u00e8ne ou r\u00e9pr\u00e9hensible, y compris du contenu ennuyeux, g\u00eanant ou ind\u00e9sirable. Nous pouvons supprimer ce type de contenu sans notification ou explication pr\u00e9alable.<\/li>\n<\/ol>\n\n\n\n<p>Des liens vers des sites ou des ressources externes peuvent \u00eatre inclus dans notre contenu. En utilisant notre site, vous reconnaissez que nous ne sommes pas responsables du contenu trompeur ou diffamatoire de ces sites ou ressources externes. Nous n'approuvons pas la politique de confidentialit\u00e9, la publicit\u00e9, le contenu, les produits, le mat\u00e9riel ou les services de ces sites externes et n'en assumons pas la responsabilit\u00e9. Nous ne sommes pas responsables des pertes, dommages ou pr\u00e9judices caus\u00e9s ou suppos\u00e9s \u00eatre caus\u00e9s par ces sites ou ressources externes.<\/p>\n\n\n\n<p>Le site, ainsi que tous nos annonceurs, adh\u00e8rent \u00e0 un code de conduite strict qui comprend les \u00e9l\u00e9ments suivants :<\/p>\n\n\n\n<ul class=\"wp-block-list\">\n<li>Emp\u00eacher les jeux d'\u00eatre une source de criminalit\u00e9 ou de d\u00e9sordre ou d'\u00eatre affili\u00e9s \u00e0 toute personne ou agence qui approuve ou utilise les jeux d'argent pour soutenir la criminalit\u00e9 et le d\u00e9sordre.<\/li>\n\n\n\n<li>Veiller \u00e0 ce que les jeux d'argent sous toutes leurs formes soient organis\u00e9s de mani\u00e8re \u00e9quitable et s\u00fbre.<\/li>\n\n\n\n<li>Prot\u00e9ger les mineurs et les autres personnes vuln\u00e9rables de l'exposition, de l'exploitation ou des pr\u00e9judices li\u00e9s aux jeux d'argent.<\/li>\n<\/ul>\n\n\n\n<p>Nous tiendrons toujours compte des objectifs susmentionn\u00e9s et agirons d'une mani\u00e8re \u00e9quitable et coh\u00e9rente avec ces objectifs.<\/p>\n\n\n\n<p>Nous ferons tout ce qui est en notre pouvoir pour garantir que tout le contenu disponible sur notre site est correct, exempt d'erreurs et pr\u00e9cis \u00e0 tout moment. Toutefois, nous ne pouvons pas garantir l'exactitude des informations fournies par des sites web et des ressources de tiers.<\/p>\n\n\n\n<p>L'utilisation du mat\u00e9riel, des ressources et des liens figurant sur notre site web se fait \u00e0 vos risques et p\u00e9rils. Nous n'assumons aucune responsabilit\u00e9 en cas de perte, de dommage ou de responsabilit\u00e9 caus\u00e9s directement ou indirectement par ces mat\u00e9riels ou ces liens.<\/p>\n\n\n\n<p>Il incombe aux utilisateurs du site de prendre connaissance et de comprendre les r\u00e8gles relatives aux jeux d'argent en ligne en vigueur dans leur pays de r\u00e9sidence, y compris l'\u00e2ge minimum requis. Cela dit, il vous appartient de vous assurer que vous respectez les lois sur les jeux d'argent impos\u00e9es par votre pays et que vous remplissez les conditions minimales requises.<\/p>\n\n\n\n<h2 class=\"wp-block-heading\">ACCEPTER NOS CONDITIONS D'UTILISATION<\/h2>\n\n\n\n<p>En utilisant notre site, vous acceptez nos conditions d'utilisation. Si vous n'acceptez pas l'une de ces conditions, veuillez cesser d'utiliser le site et ses services. Nous pouvons mettre \u00e0 jour les conditions de l'accord de temps \u00e0 autre et nous vous informerons de toute modification. Il vous incombe de prendre connaissance des conditions mises \u00e0 jour avant d'utiliser \u00e0 nouveau notre site et de v\u00e9rifier r\u00e9guli\u00e8rement si des modifications ont \u00e9t\u00e9 apport\u00e9es. Nous nous r\u00e9servons le droit de suspendre ou de mettre fin \u00e0 votre utilisation des services de notre site \u00e0 tout moment, pour quelque raison que ce soit, \u00e0 notre seule discr\u00e9tion.<\/p>\n\n\n\n<h2 class=\"wp-block-heading\">UTILISATION DU SITE ET DES SERVICES<\/h2>\n\n\n\n<p>Les visiteurs doivent avoir 18 ans ou plus, ou atteindre l'\u00e2ge l\u00e9gal d'utilisation dans leur pays de r\u00e9sidence, pour utiliser notre site et nos services. Le site et son contenu ne sont pas destin\u00e9s aux personnes n'ayant pas atteint l'\u00e2ge l\u00e9gal. Notre site fournit des informations sur les jeux de casino et l'industrie du jeu. Son utilisation est gratuite et ne sert qu'\u00e0 des fins d'information. Nous n'exploitons pas de casinos ou de sites de poker en ligne et n'acceptons donc pas de transactions mon\u00e9taires pour des paris ou des mises.<\/p>\n\n\n\n<h2 class=\"wp-block-heading\">ACTIVIT\u00c9S INTERDITES<\/h2>\n\n\n\n<p>En visitant le site, vous vous engagez \u00e0 ne pas vous livrer \u00e0 des activit\u00e9s interdites.<\/p>\n\n\n\n<ul class=\"wp-block-list\">\n<li>obtenir des donn\u00e9es personnelles d'autres utilisateurs du site<\/li>\n\n\n\n<li>Utiliser le site et ses services pour toute activit\u00e9 louche<\/li>\n\n\n\n<li>Copier, diffuser, utiliser, adapter, traduire ou modifier tout contenu ou code source pour votre usage personnel ou professionnel.<\/li>\n\n\n\n<li>collecter des donn\u00e9es ou des informations de mani\u00e8re ill\u00e9gale ou par des moyens d\u00e9tourn\u00e9s, qu'ils soient automatis\u00e9s ou non.<\/li>\n\n\n\n<li>de divulguer des informations sur le site ou les services \u00e0 des tiers.<\/li>\n\n\n\n<li>T\u00e9l\u00e9charger ou distribuer des logiciels malveillants, des virus, des chevaux de Troie, des vers, des robots d'espionnage ou d'autres \u00e9l\u00e9ments similaires sur le site ou les services.<\/li>\n\n\n\n<li>S'introduire dans le site ou y acc\u00e9der par des moyens d\u00e9tourn\u00e9s.<\/li>\n<\/ul>\n\n\n\n<h2 class=\"wp-block-heading\">CONTENU DE TIERS<\/h2>\n\n\n\n<p>Notre site peut contenir des hyperliens vers des sites web, des services ou des produits de tiers. Nous ne sommes pas responsables du contenu de ces sites. Nous ne cautionnons pas non plus les produits ou services de tiers. Vous \u00eates responsable de l'utilisation de tout service tiers accessible par hyperlien depuis notre site. L'utilisation d'hyperliens de tiers se fait \u00e0 vos risques et p\u00e9rils.<\/p>\n\n\n\n<h2 class=\"wp-block-heading\">SERVICES DE JEUX<\/h2>\n\n\n\n<p>Ce site est uniquement destin\u00e9 \u00e0 des fins d'information et de divertissement et fournit des informations sur les jeux de casino et l'industrie du jeu. Nous pouvons inclure des hyperliens ou faire de la publicit\u00e9 pour des contenus de tiers li\u00e9s aux services de jeux d'argent et aux jeux en ligne. Nos services sont destin\u00e9s aux utilisateurs \u00e2g\u00e9s de plus de 18 ans et r\u00e9sidant dans une juridiction o\u00f9 les jeux d'argent en ligne sont l\u00e9gaux. En utilisant nos services, vous acceptez de r\u00e9pondre \u00e0 ces exigences. Nous ne fournissons pas de conseils sur la l\u00e9galit\u00e9 des jeux d'argent et il appartient \u00e0 l'utilisateur de comprendre les lois en vigueur dans sa r\u00e9gion. Bien que nous fournissions des informations sur les jeux d'argent et de hasard, nous n'encourageons personne \u00e0 participer \u00e0 ces activit\u00e9s, car il s'agit d'un choix personnel.<\/p>\n\n\n\n<h2 class=\"wp-block-heading\">R\u00c9SILIATION DE L'ACCORD<\/h2>\n\n\n\n<p>Nous nous r\u00e9servons le droit de mettre fin \u00e0 l'accord ainsi qu'\u00e0 l'acc\u00e8s au site et aux services \u00e0 tout moment, sans notification pr\u00e9alable et sans compensation financi\u00e8re.<\/p>\n\n\n\n<p>Notre site offre une gamme de services pour vous aider \u00e0 atteindre vos objectifs, et nous nous engageons \u00e0 fournir la meilleure exp\u00e9rience possible \u00e0 tous nos utilisateurs. Toutefois, nous nous r\u00e9servons le droit d'interrompre ces services si nous estimons qu'il est n\u00e9cessaire de le faire. Cela peut \u00eatre d\u00fb au fait que nous avons identifi\u00e9 une violation de l'accord ou que nous avons d'autres motifs raisonnables de le faire. Nous prenons ces d\u00e9cisions au s\u00e9rieux et nous nous efforcerons toujours de les communiquer \u00e0 nos utilisateurs de la mani\u00e8re la plus claire et la plus transparente possible. Nous appr\u00e9cions la confiance que vous nous accordez et nous nous efforcerons de la conserver.<\/p>\n\n\n\n<h2 class=\"wp-block-heading\">RENONCIATION<\/h2>\n\n\n\n<p>Nous n'accorderons aucune d\u00e9rogation aux dispositions de l'accord.<\/p>","protected":false},"excerpt":{"rendered":"<p>Conditions d'utilisation Voici les conditions d'utilisation du site outkast-shop.com. Veuillez noter que la politique de confidentialit\u00e9 d'Outkast Roller s'applique \u00e0 l'utilisation du site et de ses services et peut \u00eatre consult\u00e9e ici. En utilisant le site, vous acceptez nos conditions d'utilisation et notre politique de confidentialit\u00e9. Celles-ci s'appliquent \u00e0 toute personne utilisant le [...]<\/p>","protected":false},"author":1,"featured_media":0,"parent":0,"menu_order":0,"comment_status":"closed","ping_status":"closed","template":"","meta":{"_mi_skip_tracking":false,"_monsterinsights_sitenote_active":false,"_monsterinsights_sitenote_note":"","_monsterinsights_sitenote_category":0,"footnotes":""},"class_list":["post-2350","page","type-page","status-publish","hentry"],"acf":[],"yoast_head":"<!-- This site is optimized with the Yoast SEO plugin v22.8 - https:\/\/yoast.com\/wordpress\/plugins\/seo\/ -->\n<title>Terms of Use - Crypto Casino<\/title>\n<meta name=\"description\" content=\"The following are the Terms of Use for outkast-shop.com. Please note that the Outkast Roller Privacy Policy applies to the use of the site and its services, and can be found here.\" \/>\n<meta name=\"robots\" content=\"index, follow, max-snippet:-1, max-image-preview:large, max-video-preview:-1\" \/>\n<link rel=\"canonical\" href=\"https:\/\/outkast-shop.com\/fr\/conditions-dutilisation\/\" \/>\n<meta property=\"og:locale\" content=\"fr_FR\" \/>\n<meta property=\"og:type\" content=\"article\" \/>\n<meta property=\"og:title\" content=\"Terms of Use - Crypto Casino\" \/>\n<meta property=\"og:description\" content=\"The following are the Terms of Use for outkast-shop.com. Please note that the Outkast Roller Privacy Policy applies to the use of the site and its services, and can be found here.\" \/>\n<meta property=\"og:url\" content=\"https:\/\/outkast-shop.com\/fr\/conditions-dutilisation\/\" \/>\n<meta property=\"og:site_name\" content=\"Crypto Casino\" \/>\n<meta property=\"article:modified_time\" content=\"2023-06-26T10:13:01+00:00\" \/>\n<meta name=\"twitter:card\" content=\"summary_large_image\" \/>\n<meta name=\"twitter:label1\" content=\"Dur\u00e9e de lecture estim\u00e9e\" \/>\n\t<meta name=\"twitter:data1\" content=\"6 minutes\" \/>\n<!-- \/ Yoast SEO plugin. -->","yoast_head_json":{"title":"Terms of Use - Crypto Casino","description":"The following are the Terms of Use for outkast-shop.com. Please note that the Outkast Roller Privacy Policy applies to the use of the site and its services, and can be found here.","robots":{"index":"index","follow":"follow","max-snippet":"max-snippet:-1","max-image-preview":"max-image-preview:large","max-video-preview":"max-video-preview:-1"},"canonical":"https:\/\/outkast-shop.com\/fr\/conditions-dutilisation\/","og_locale":"fr_FR","og_type":"article","og_title":"Terms of Use - Crypto Casino","og_description":"The following are the Terms of Use for outkast-shop.com. Please note that the Outkast Roller Privacy Policy applies to the use of the site and its services, and can be found here.","og_url":"https:\/\/outkast-shop.com\/fr\/conditions-dutilisation\/","og_site_name":"Crypto Casino","article_modified_time":"2023-06-26T10:13:01+00:00","twitter_card":"summary_large_image","twitter_misc":{"Dur\u00e9e de lecture estim\u00e9e":"6 minutes"},"schema":{"@context":"https:\/\/schema.org","@graph":[{"@type":"WebPage","@id":"https:\/\/outkast-shop.com\/terms-of-use\/","url":"https:\/\/outkast-shop.com\/terms-of-use\/","name":"Terms of Use - Crypto Casino","isPartOf":{"@id":"https:\/\/outkast-shop.com\/#website"},"datePublished":"2023-06-26T10:12:59+00:00","dateModified":"2023-06-26T10:13:01+00:00","description":"The following are the Terms of Use for outkast-shop.com. Please note that the Outkast Roller Privacy Policy applies to the use of the site and its services, and can be found here.","breadcrumb":{"@id":"https:\/\/outkast-shop.com\/terms-of-use\/#breadcrumb"},"inLanguage":"fr-FR","potentialAction":[{"@type":"ReadAction","target":["https:\/\/outkast-shop.com\/terms-of-use\/"]}]},{"@type":"BreadcrumbList","@id":"https:\/\/outkast-shop.com\/terms-of-use\/#breadcrumb","itemListElement":[{"@type":"ListItem","position":1,"name":"Home","item":"https:\/\/outkast-shop.com\/"},{"@type":"ListItem","position":2,"name":"Terms of Use"}]},{"@type":"WebSite","@id":"https:\/\/outkast-shop.com\/#website","url":"https:\/\/outkast-shop.com\/","name":"Crypto Casino","description":"","publisher":{"@id":"https:\/\/outkast-shop.com\/#organization"},"potentialAction":[{"@type":"SearchAction","target":{"@type":"EntryPoint","urlTemplate":"https:\/\/outkast-shop.com\/?s={search_term_string}"},"query-input":"required name=search_term_string"}],"inLanguage":"fr-FR"},{"@type":"Organization","@id":"https:\/\/outkast-shop.com\/#organization","name":"Outkast Roller","alternateName":"outkast-shop.com","url":"https:\/\/outkast-shop.com\/","logo":{"@type":"ImageObject","inLanguage":"fr-FR","@id":"https:\/\/outkast-shop.com\/#\/schema\/logo\/image\/","url":"https:\/\/outkast-shop.com\/wp-content\/uploads\/2023\/06\/long-logo.png","contentUrl":"https:\/\/outkast-shop.com\/wp-content\/uploads\/2023\/06\/long-logo.png","width":326,"height":75,"caption":"Outkast Roller"},"image":{"@id":"https:\/\/outkast-shop.com\/#\/schema\/logo\/image\/"}}]}},"_links":{"self":[{"href":"https:\/\/outkast-shop.com\/fr\/wp-json\/wp\/v2\/pages\/2350","targetHints":{"allow":["GET"]}}],"collection":[{"href":"https:\/\/outkast-shop.com\/fr\/wp-json\/wp\/v2\/pages"}],"about":[{"href":"https:\/\/outkast-shop.com\/fr\/wp-json\/wp\/v2\/types\/page"}],"author":[{"embeddable":true,"href":"https:\/\/outkast-shop.com\/fr\/wp-json\/wp\/v2\/users\/1"}],"replies":[{"embeddable":true,"href":"https:\/\/outkast-shop.com\/fr\/wp-json\/wp\/v2\/comments?post=2350"}],"version-history":[{"count":0,"href":"https:\/\/outkast-shop.com\/fr\/wp-json\/wp\/v2\/pages\/2350\/revisions"}],"wp:attachment":[{"href":"https:\/\/outkast-shop.com\/fr\/wp-json\/wp\/v2\/media?parent=2350"}],"curies":[{"name":"wp","href":"https:\/\/api.w.org\/{rel}","templated":true}]}}