{"id":2383,"date":"2023-06-29T06:52:59","date_gmt":"2023-06-29T06:52:59","guid":{"rendered":"https:\/\/outkast-shop.com\/?page_id=2383"},"modified":"2023-06-29T06:53:12","modified_gmt":"2023-06-29T06:53:12","slug":"martin-gor","status":"publish","type":"page","link":"https:\/\/outkast-shop.com\/fr\/martin-gor\/","title":{"rendered":"Martin Gor"},"content":{"rendered":"<h1 class=\"wp-block-heading has-text-align-center\">Martin Gor<\/h1>\n\n\n\n<p class=\"has-text-align-center\">Martin Gor est un expert en crypto-casinos tr\u00e8s exp\u00e9riment\u00e9 qui a \u00e9t\u00e9 impliqu\u00e9 dans l'industrie pendant de nombreuses ann\u00e9es.<\/p>\n\n\n\n<figure class=\"wp-block-image aligncenter size-full\"><img decoding=\"async\" width=\"500\" height=\"475\" src=\"https:\/\/outkast-shop.com\/wp-content\/uploads\/2023\/06\/gor.jpg\" alt=\"Martyn Gor - Auteur\" class=\"wp-image-2386\" srcset=\"https:\/\/outkast-shop.com\/wp-content\/uploads\/2023\/06\/gor.jpg 500w, https:\/\/outkast-shop.com\/wp-content\/uploads\/2023\/06\/gor-300x285.jpg 300w, https:\/\/outkast-shop.com\/wp-content\/uploads\/2023\/06\/gor-13x12.jpg 13w, https:\/\/outkast-shop.com\/wp-content\/uploads\/2023\/06\/gor-110x105.jpg 110w\" sizes=\"(max-width: 500px) 100vw, 500px\" \/><\/figure>\n\n\n\n<p>Passionn\u00e9 par le partage de ses connaissances, il r\u00e9dige r\u00e9guli\u00e8rement des articles sur les derni\u00e8res nouvelles et tendances, et donne des conseils \u00e0 ceux qui souhaitent entrer dans l'industrie des casinos. En outre, Martin participe activement aux \u00e9v\u00e9nements et conf\u00e9rences du secteur, o\u00f9 il partage son expertise avec d'autres et se tient au courant des derniers d\u00e9veloppements. Son d\u00e9vouement et son engagement envers l'industrie des casinos font de lui une ressource pr\u00e9cieuse pour tous ceux qui souhaitent en savoir plus sur ce domaine passionnant et en constante \u00e9volution.<\/p>\n\n\n\n<div class=\"wp-block-group alignfull gallery_section has-poka-boxes-background-color-alt-background-color has-background is-layout-constrained wp-block-group-is-layout-constrained\"><div class=\"wp-block-group__inner-container\">\n<p class=\"has-medium-font-size\"><strong><strong>Principaux cryptomonnaies :<\/strong><\/strong><\/p>\n\n\n\n<div class=\"icons-galley\">\r\n\t\t  <a class=\"item\" href=\"https:\/\/outkast-shop.com\/fr\/casinos-en-bitcoins\/\"><img decoding=\"async\" src=\"\/wp-content\/uploads\/2023\/06\/btc.png\" alt=\"Bitcoin Casinos icon\"><span>BTC Casinos<\/span><\/a>\r\n\t  <a class=\"item\" href=\"https:\/\/outkast-shop.com\/fr\/ethereum-casinos\/\"><img decoding=\"async\" src=\"\/wp-content\/uploads\/2023\/06\/eth.png\" alt=\"Ethereum Casinos icon\"><span>ETH Casinos<\/span><\/a>\r\n\t  <a class=\"item\" href=\"https:\/\/outkast-shop.com\/fr\/tether-casinos\/\"><img decoding=\"async\" src=\"\/wp-content\/uploads\/2023\/06\/usdt.png\" alt=\"Tether Casinos icon\"><span>USDT Casinos<\/span><\/a>\r\n\t  <a class=\"item\" href=\"https:\/\/outkast-shop.com\/fr\/casinos-en-litecoin\/\"><img decoding=\"async\" src=\"\/wp-content\/uploads\/2023\/06\/ltc.png\" alt=\"Litecoin Casinos icon\"><span>LTC Casinos<\/span><\/a>\r\n\t  <a class=\"item\" href=\"https:\/\/outkast-shop.com\/fr\/dogecoin-casinos\/\"><img decoding=\"async\" src=\"\/wp-content\/uploads\/2023\/06\/doge.png\" alt=\"Dogecoin ic\u00f4ne des casinos\"><span>Doge Casinos<\/span><\/a>\r\n\t  <a class=\"item\" href=\"https:\/\/outkast-shop.com\/fr\/casinos-ondules\/\"><img decoding=\"async\" src=\"\/wp-content\/uploads\/2023\/06\/xrp.png\" alt=\"Ripple Casinos icon\"><span>XRP Casinos<\/span><\/a>\r\n\t  <a class=\"item\" href=\"https:\/\/outkast-shop.com\/fr\/casinos-bitcoin-cash\/\"><img decoding=\"async\" src=\"\/wp-content\/uploads\/2023\/06\/bch.png\" alt=\"Bitcoin Cash ic\u00f4ne du casino\"><span>Casinos BCH<\/span><\/a>\r\n\t  <a class=\"item\" href=\"https:\/\/outkast-shop.com\/fr\/tron-casinos\/\"><img decoding=\"async\" src=\"\/wp-content\/uploads\/2023\/06\/trx.png\" alt=\"Tron ic\u00f4ne du casino\"><span>TRX<\/span><\/a> \r\n\t  <a class=\"item\" href=\"https:\/\/outkast-shop.com\/fr\/cardano-casinos\/\"><img decoding=\"async\" src=\"\/wp-content\/uploads\/2023\/06\/ada.png\" alt=\"Ic\u00f4ne des casinos Ada\"><span>Casinos Ada<\/span><\/a>\r\n      <a class=\"item\" href=\"https:\/\/outkast-shop.com\/fr\/binance-coin-casinos\/\"><img decoding=\"async\" src=\"\/wp-content\/uploads\/2023\/06\/bnb.png\" alt=\"Ic\u00f4ne des casinos Bnb\"><span>BNB Casinos<\/span><\/a>\r\n      <a class=\"item\" href=\"https:\/\/outkast-shop.com\/fr\/casinos-en-ligne\/\"><img decoding=\"async\" src=\"\/wp-content\/uploads\/2023\/06\/dash.png\" alt=\"Dash ic\u00f4ne des casinos\"><span>Dash Casinos<\/span><\/a>\r\n      <a class=\"item\" href=\"https:\/\/outkast-shop.com\/fr\/shiba-inu-casinos\/\"><img decoding=\"async\" src=\"\/wp-content\/uploads\/2023\/06\/shib.png\" alt=\"Shiba Inu ic\u00f4ne des casinos\"><span>Casinos Shiba<\/span><\/a>\r\n      <a class=\"item\" href=\"https:\/\/outkast-shop.com\/fr\/solana-casinos\/\"><img decoding=\"async\" src=\"\/wp-content\/uploads\/2023\/06\/sol.png\" alt=\"Solana casionos icon\"><span>SOL Casinos<\/span><\/a>\r\n      <a class=\"item\" href=\"https:\/\/outkast-shop.com\/fr\/monero-casinos\/\"><img decoding=\"async\" src=\"\/wp-content\/uploads\/2023\/06\/xmr.png\" alt=\"Ic\u00f4ne des casinos Xmr\"><span>Casinos XMR<\/span><\/a>     \r\n<\/div>\n<\/div><\/div>\n\n\n\n<div class=\"wp-block-group alignfull has-background is-layout-flow wp-container-16\" style=\"padding-top:60px;padding-right:0px;padding-bottom:10px;padding-left:0px; background:#1d2730;\"><div class=\"wp-block-group__inner-container\">\n<div class=\"wp-block-columns are-vertically-aligned-center is-layout-flex wp-container-15\">\n<div class=\"wp-block-column is-vertically-aligned-center is-layout-flow\" style=\"flex-basis:100%\">\n<div class=\"wp-block-group is-layout-flow\"><div class=\"wp-block-group__inner-container\">\n<div class=\"wp-block-columns is-layout-flex wp-container-12\" style=\"padding-right:20px;padding-left:20px\">\n<div class=\"wp-block-column is-vertically-aligned-center is-layout-flow\" style=\"padding-top:20px;padding-bottom:20px;flex-basis:70%\">\n<p class=\"has-text-align-left has-white-color has-text-color wp-block-heading\" style=\"font-size:46px;font-style:normal;font-weight:300;margin-top:10px;margin-right:0px;margin-bottom:10px;margin-left:0px\">Commencez \u00e0 jouer d\u00e8s maintenant !<\/p>\n<\/div>\n\n\n\n<div class=\"wp-block-column is-vertically-aligned-center is-layout-flow\" style=\"padding-top:10px;padding-bottom:10px;flex-basis:30%\"><div class=\"wp-block-poka-button\">\n<a class=\"wp-block-button__link has-vivid-red-background-color has-background\" href=\"https:\/\/outkast-shop.com\/fr\/go\/play\/\" style=\"border-radius:100px\"><strong>Jouer maintenant !<\/strong><\/a>\n\n\t\t<\/div><\/div>\n<\/div>\n<\/div><\/div>\n<\/div>\n<\/div>\n<\/div><\/div>\n\n\n\n<div class=\"wp-block-group alignfull gallery_section has-poka-boxes-background-color-alt-background-color has-background is-layout-constrained wp-block-group-is-layout-constrained\"><div class=\"wp-block-group__inner-container\">\n<p class=\"has-medium-font-size\"><strong>En savoir plus :<\/strong><\/p>\n\n\n\n<div class=\"types-gallery\">\r\n\t  <a class=\"item\" href=\"https:\/\/outkast-shop.com\/fr\/casinos-anonymes\/\"><img decoding=\"async\" src=\"\/wp-content\/uploads\/2023\/06\/ct4.png\" alt=\"Ic\u00f4ne des casinos anonymes\"><span>Casinos anonymes<\/span><\/a>\r\n      <a class=\"item\" href=\"https:\/\/outkast-shop.com\/fr\/blockchain-casinos\/\"><img decoding=\"async\" src=\"\/wp-content\/uploads\/2023\/06\/ct2.png\" alt=\"Blockchain Casinos icon\"><span>Casinos en ligne<\/span><\/a>\r\n      <a class=\"item\" href=\"https:\/\/outkast-shop.com\/fr\/casinos-decentralises\/\"><img decoding=\"async\" src=\"\/wp-content\/uploads\/2023\/06\/ct5.png\" alt=\"Ic\u00f4ne des casinos d\u00e9centralis\u00e9s\"><span>Casinos d\u00e9centralis\u00e9s<\/span><\/a>\r\n      <a class=\"item\" href=\"https:\/\/outkast-shop.com\/fr\/casinos-en-ligne-hybrides\/\"><img decoding=\"async\" src=\"\/wp-content\/uploads\/2023\/06\/ct3.png\" alt=\"Ic\u00f4ne des casinos hybrides\"><span>Casinos hybrides<\/span><\/a>\r\n      <a class=\"item\" href=\"https:\/\/outkast-shop.com\/fr\/nouveaux-crypto-casinos\/\"><img decoding=\"async\" src=\"\/wp-content\/uploads\/2023\/06\/ct6-1.png\" alt=\"Nouvelle ic\u00f4ne Crypto Casinos\"><span>Nouveau Crypto Casinos<\/span><\/a>\r\n      <a class=\"item\" href=\"https:\/\/outkast-shop.com\/fr\/nft-casinos\/\"><img decoding=\"async\" src=\"\/wp-content\/uploads\/2023\/06\/ct7-1.png\" alt=\"Ic\u00f4ne NFT Casinos\"><span>Casinos NFT<\/span><\/a>     \r\n<\/div>\n<\/div><\/div>","protected":false},"excerpt":{"rendered":"<p>Martin Gor Martin Gor est un expert en crypto-casinos tr\u00e8s exp\u00e9riment\u00e9, impliqu\u00e9 dans l'industrie depuis de nombreuses ann\u00e9es. Passionn\u00e9 par le partage de ses connaissances, il \u00e9crit r\u00e9guli\u00e8rement des articles sur les derni\u00e8res nouvelles et tendances, tout en offrant des conseils et des orientations \u00e0 ceux qui cherchent \u00e0 entrer dans l'industrie du casino. [...]<\/p>","protected":false},"author":1,"featured_media":0,"parent":0,"menu_order":0,"comment_status":"closed","ping_status":"closed","template":"","meta":{"_mi_skip_tracking":false,"_monsterinsights_sitenote_active":false,"_monsterinsights_sitenote_note":"","_monsterinsights_sitenote_category":0,"footnotes":""},"class_list":["post-2383","page","type-page","status-publish","hentry"],"acf":[],"yoast_head":"<!-- This site is optimized with the Yoast SEO plugin v22.8 - https:\/\/yoast.com\/wordpress\/plugins\/seo\/ -->\n<title>Martin Gor, Author at outkast-shop.com<\/title>\n<meta name=\"description\" content=\"Martin Gor is a highly experienced crypto casino expert who has been involved in the industry for many years.\" \/>\n<meta name=\"robots\" content=\"index, follow, max-snippet:-1, max-image-preview:large, max-video-preview:-1\" \/>\n<link rel=\"canonical\" href=\"https:\/\/outkast-shop.com\/fr\/martin-gor\/\" \/>\n<meta property=\"og:locale\" content=\"fr_FR\" \/>\n<meta property=\"og:type\" content=\"article\" \/>\n<meta property=\"og:title\" content=\"Martin Gor, Author at outkast-shop.com\" \/>\n<meta property=\"og:description\" content=\"Martin Gor is a highly experienced crypto casino expert who has been involved in the industry for many years.\" \/>\n<meta property=\"og:url\" content=\"https:\/\/outkast-shop.com\/fr\/martin-gor\/\" \/>\n<meta property=\"og:site_name\" content=\"Crypto Casino\" \/>\n<meta property=\"article:modified_time\" content=\"2023-06-29T06:53:12+00:00\" \/>\n<meta property=\"og:image\" content=\"https:\/\/outkast-shop.com\/wp-content\/uploads\/2023\/06\/gor.jpg\" \/>\n<meta name=\"twitter:card\" content=\"summary_large_image\" \/>\n<meta name=\"twitter:label1\" content=\"Dur\u00e9e de lecture estim\u00e9e\" \/>\n\t<meta name=\"twitter:data1\" content=\"1 minute\" \/>\n<!-- \/ Yoast SEO plugin. -->","yoast_head_json":{"title":"Martin Gor, Author at outkast-shop.com","description":"Martin Gor is a highly experienced crypto casino expert who has been involved in the industry for many years.","robots":{"index":"index","follow":"follow","max-snippet":"max-snippet:-1","max-image-preview":"max-image-preview:large","max-video-preview":"max-video-preview:-1"},"canonical":"https:\/\/outkast-shop.com\/fr\/martin-gor\/","og_locale":"fr_FR","og_type":"article","og_title":"Martin Gor, Author at outkast-shop.com","og_description":"Martin Gor is a highly experienced crypto casino expert who has been involved in the industry for many years.","og_url":"https:\/\/outkast-shop.com\/fr\/martin-gor\/","og_site_name":"Crypto Casino","article_modified_time":"2023-06-29T06:53:12+00:00","og_image":[{"url":"https:\/\/outkast-shop.com\/wp-content\/uploads\/2023\/06\/gor.jpg"}],"twitter_card":"summary_large_image","twitter_misc":{"Dur\u00e9e de lecture estim\u00e9e":"1 minute"},"schema":{"@context":"https:\/\/schema.org","@graph":[{"@type":"WebPage","@id":"https:\/\/outkast-shop.com\/martin-gor\/","url":"https:\/\/outkast-shop.com\/martin-gor\/","name":"Martin Gor, Author at outkast-shop.com","isPartOf":{"@id":"https:\/\/outkast-shop.com\/#website"},"primaryImageOfPage":{"@id":"https:\/\/outkast-shop.com\/martin-gor\/#primaryimage"},"image":{"@id":"https:\/\/outkast-shop.com\/martin-gor\/#primaryimage"},"thumbnailUrl":"https:\/\/outkast-shop.com\/wp-content\/uploads\/2023\/06\/gor.jpg","datePublished":"2023-06-29T06:52:59+00:00","dateModified":"2023-06-29T06:53:12+00:00","description":"Martin Gor is a highly experienced crypto casino expert who has been involved in the industry for many years.","breadcrumb":{"@id":"https:\/\/outkast-shop.com\/martin-gor\/#breadcrumb"},"inLanguage":"fr-FR","potentialAction":[{"@type":"ReadAction","target":["https:\/\/outkast-shop.com\/martin-gor\/"]}]},{"@type":"ImageObject","inLanguage":"fr-FR","@id":"https:\/\/outkast-shop.com\/martin-gor\/#primaryimage","url":"https:\/\/outkast-shop.com\/wp-content\/uploads\/2023\/06\/gor.jpg","contentUrl":"https:\/\/outkast-shop.com\/wp-content\/uploads\/2023\/06\/gor.jpg"},{"@type":"BreadcrumbList","@id":"https:\/\/outkast-shop.com\/martin-gor\/#breadcrumb","itemListElement":[{"@type":"ListItem","position":1,"name":"Home","item":"https:\/\/outkast-shop.com\/"},{"@type":"ListItem","position":2,"name":"Martin Gor"}]},{"@type":"WebSite","@id":"https:\/\/outkast-shop.com\/#website","url":"https:\/\/outkast-shop.com\/","name":"Crypto Casino","description":"","publisher":{"@id":"https:\/\/outkast-shop.com\/#organization"},"potentialAction":[{"@type":"SearchAction","target":{"@type":"EntryPoint","urlTemplate":"https:\/\/outkast-shop.com\/?s={search_term_string}"},"query-input":"required name=search_term_string"}],"inLanguage":"fr-FR"},{"@type":"Organization","@id":"https:\/\/outkast-shop.com\/#organization","name":"Outkast Roller","alternateName":"outkast-shop.com","url":"https:\/\/outkast-shop.com\/","logo":{"@type":"ImageObject","inLanguage":"fr-FR","@id":"https:\/\/outkast-shop.com\/#\/schema\/logo\/image\/","url":"https:\/\/outkast-shop.com\/wp-content\/uploads\/2023\/06\/long-logo.png","contentUrl":"https:\/\/outkast-shop.com\/wp-content\/uploads\/2023\/06\/long-logo.png","width":326,"height":75,"caption":"Outkast Roller"},"image":{"@id":"https:\/\/outkast-shop.com\/#\/schema\/logo\/image\/"}}]}},"_links":{"self":[{"href":"https:\/\/outkast-shop.com\/fr\/wp-json\/wp\/v2\/pages\/2383","targetHints":{"allow":["GET"]}}],"collection":[{"href":"https:\/\/outkast-shop.com\/fr\/wp-json\/wp\/v2\/pages"}],"about":[{"href":"https:\/\/outkast-shop.com\/fr\/wp-json\/wp\/v2\/types\/page"}],"author":[{"embeddable":true,"href":"https:\/\/outkast-shop.com\/fr\/wp-json\/wp\/v2\/users\/1"}],"replies":[{"embeddable":true,"href":"https:\/\/outkast-shop.com\/fr\/wp-json\/wp\/v2\/comments?post=2383"}],"version-history":[{"count":0,"href":"https:\/\/outkast-shop.com\/fr\/wp-json\/wp\/v2\/pages\/2383\/revisions"}],"wp:attachment":[{"href":"https:\/\/outkast-shop.com\/fr\/wp-json\/wp\/v2\/media?parent=2383"}],"curies":[{"name":"wp","href":"https:\/\/api.w.org\/{rel}","templated":true}]}}