{"id":1840,"date":"2023-06-06T11:03:13","date_gmt":"2023-06-06T11:03:13","guid":{"rendered":"https:\/\/outkast-shop.com\/?page_id=1840"},"modified":"2024-03-19T10:24:56","modified_gmt":"2024-03-19T10:24:56","slug":"about-us","status":"publish","type":"page","link":"https:\/\/outkast-shop.com\/it\/su-di-noi\/","title":{"rendered":"Chi siamo"},"content":{"rendered":"<h1 class=\"wp-block-heading has-text-align-center\">Chi siamo<\/h1>\n\n\n\n<p class=\"has-text-align-center\">Se siete appassionati di giochi e casin\u00f2 online, sapete quanto sia importante trovare recensioni affidabili e imparziali. Con cos\u00ec tante opzioni disponibili, pu\u00f2 essere opprimente scegliere quella giusta. \u00c8 qui che entra in gioco Outkast Roller. Il nostro team di recensori esperti opera nel settore da oltre 5 anni e si dedica a fornirvi le informazioni pi\u00f9 accurate e affidabili possibili.<\/p>\n\n\n\n<figure class=\"wp-block-image aligncenter size-full is-resized\"><img decoding=\"async\" width=\"800\" height=\"489\" src=\"https:\/\/outkast-shop.com\/wp-content\/uploads\/2023\/06\/about-us-small-min.jpg\" alt=\"Chi siamo Outkast Roller\" class=\"wp-image-1841\" style=\"width:600px;height:367px\" srcset=\"https:\/\/outkast-shop.com\/wp-content\/uploads\/2023\/06\/about-us-small-min.jpg 800w, https:\/\/outkast-shop.com\/wp-content\/uploads\/2023\/06\/about-us-small-min-300x183.jpg 300w, https:\/\/outkast-shop.com\/wp-content\/uploads\/2023\/06\/about-us-small-min-768x469.jpg 768w, https:\/\/outkast-shop.com\/wp-content\/uploads\/2023\/06\/about-us-small-min-18x12.jpg 18w, https:\/\/outkast-shop.com\/wp-content\/uploads\/2023\/06\/about-us-small-min-110x67.jpg 110w, https:\/\/outkast-shop.com\/wp-content\/uploads\/2023\/06\/about-us-small-min-575x351.jpg 575w\" sizes=\"(max-width: 800px) 100vw, 800px\" \/><\/figure>\n\n\n\n<h2 class=\"wp-block-heading has-text-align-center\">La vostra fonte affidabile per le recensioni imparziali di casin\u00f2 e giochi<\/h2>\n\n\n\n<p>Noi di Outkast Roller siamo consapevoli che il mondo del gioco d'azzardo online pu\u00f2 essere confuso e talvolta persino rischioso. Ecco perch\u00e9 ci impegniamo a offrire recensioni imparziali dei casin\u00f2 e dei giochi pi\u00f9 popolari del settore. Le nostre recensioni si basano su ricerche, test e analisi approfondite, e forniamo sempre la nostra opinione onesta, sia essa positiva o negativa.<\/p>\n\n\n\n<p>Oltre alle nostre recensioni, ci dedichiamo anche a ispirare i giocatori e l'intero settore a onorare coloro che cercano l'intrattenimento online. Crediamo che tutti debbano avere accesso a esperienze di gioco sicure, corrette e divertenti, e lavoriamo duramente per promuovere questi valori nel settore.<\/p>\n\n\n\n<h2 class=\"wp-block-heading has-text-align-center\">I nostri esperti<\/h2>\n\n\n\n<div class=\"wp-block-columns is-layout-flex wp-container-core-columns-is-layout-28f84493 wp-block-columns-is-layout-flex\">\n<div class=\"wp-block-column is-layout-flow wp-block-column-is-layout-flow\">\n<figure class=\"wp-block-image size-full\"><img decoding=\"async\" width=\"500\" height=\"476\" src=\"https:\/\/outkast-shop.com\/wp-content\/uploads\/2023\/10\/denis-mak-big.jpg\" alt=\"Denis Mak sulla pagina\" class=\"wp-image-2622\" srcset=\"https:\/\/outkast-shop.com\/wp-content\/uploads\/2023\/10\/denis-mak-big.jpg 500w, https:\/\/outkast-shop.com\/wp-content\/uploads\/2023\/10\/denis-mak-big-300x286.jpg 300w, https:\/\/outkast-shop.com\/wp-content\/uploads\/2023\/10\/denis-mak-big-13x12.jpg 13w, https:\/\/outkast-shop.com\/wp-content\/uploads\/2023\/10\/denis-mak-big-110x105.jpg 110w\" sizes=\"(max-width: 500px) 100vw, 500px\" \/><\/figure>\n<\/div>\n\n\n\n<div class=\"wp-block-column is-layout-flow wp-block-column-is-layout-flow\">\n<p>L'ispiratore ideologico dell'intero progetto: Denis Mak<\/p>\n\n\n\n<p class=\"has-text-align-left\"><strong>Info:<\/strong><\/p>\n\n\n\n<ul class=\"wp-block-list\">\n<li><a href=\"https:\/\/www.facebook.com\/profile.php?id=100083645510467\" target=\"_blank\" rel=\"noreferrer noopener\">Facebook<\/a><\/li>\n\n\n\n<li><a href=\"https:\/\/twitter.com\/DenisMak18\" target=\"_blank\" rel=\"noreferrer noopener\">Twitter<\/a><\/li>\n\n\n\n<li><a href=\"https:\/\/www.youtube.com\/channel\/UChMjmYBn7NFOLKsIpviYZhA\">Youtube<\/a><\/li>\n<\/ul>\n<\/div>\n<\/div>\n\n\n\n<div class=\"wp-block-columns is-layout-flex wp-container-core-columns-is-layout-28f84493 wp-block-columns-is-layout-flex\">\n<div class=\"wp-block-column is-layout-flow wp-block-column-is-layout-flow\">\n<figure class=\"wp-block-image size-full\"><a href=\"https:\/\/outkast-shop.com\/it\/bobby-marrone\/\"><img decoding=\"async\" width=\"500\" height=\"475\" src=\"https:\/\/outkast-shop.com\/wp-content\/uploads\/2023\/06\/bobby-brown-f.jpg\" alt=\"Autore crittografico Bobby Brown\" class=\"wp-image-2390\" srcset=\"https:\/\/outkast-shop.com\/wp-content\/uploads\/2023\/06\/bobby-brown-f.jpg 500w, https:\/\/outkast-shop.com\/wp-content\/uploads\/2023\/06\/bobby-brown-f-300x285.jpg 300w, https:\/\/outkast-shop.com\/wp-content\/uploads\/2023\/06\/bobby-brown-f-13x12.jpg 13w, https:\/\/outkast-shop.com\/wp-content\/uploads\/2023\/06\/bobby-brown-f-110x105.jpg 110w\" sizes=\"(max-width: 500px) 100vw, 500px\" \/><\/a><figcaption class=\"wp-element-caption\">Bobby Brown - Esperto di gioco d'azzardo in criptovalute<\/figcaption><\/figure>\n<\/div>\n\n\n\n<div class=\"wp-block-column is-layout-flow wp-block-column-is-layout-flow\">\n<figure class=\"wp-block-image size-full\"><a href=\"https:\/\/outkast-shop.com\/it\/martin-gor\/\"><img decoding=\"async\" width=\"496\" height=\"475\" src=\"https:\/\/outkast-shop.com\/wp-content\/uploads\/2023\/06\/gor-a.jpg\" alt=\"Martyn Gor - Autore di crittografia\" class=\"wp-image-2391\" srcset=\"https:\/\/outkast-shop.com\/wp-content\/uploads\/2023\/06\/gor-a.jpg 496w, https:\/\/outkast-shop.com\/wp-content\/uploads\/2023\/06\/gor-a-300x287.jpg 300w, https:\/\/outkast-shop.com\/wp-content\/uploads\/2023\/06\/gor-a-13x12.jpg 13w, https:\/\/outkast-shop.com\/wp-content\/uploads\/2023\/06\/gor-a-110x105.jpg 110w\" sizes=\"(max-width: 496px) 100vw, 496px\" \/><\/a><figcaption class=\"wp-element-caption\">Martyn Gor - Esperto di gioco d'azzardo in criptovalute<\/figcaption><\/figure>\n<\/div>\n<\/div>\n\n\n\n<h2 class=\"wp-block-heading has-text-align-center\">La nostra missione<\/h2>\n\n\n\n<p>La nostra missione \u00e8 fornire ai giocatori informazioni accurate e affidabili sui casin\u00f2 online e sui giochi, promuovendo al contempo esperienze di gioco sicure, corrette e divertenti. Ci sforziamo di mettere i giocatori in condizione di prendere decisioni informate conducendo ricerche e analisi approfondite e rimanendo aggiornati sulle ultime tendenze e sviluppi del settore. Inoltre, ci impegniamo a difendere i diritti e gli interessi dei giocatori e a ritenere i casin\u00f2 online e gli sviluppatori di giochi responsabili delle loro azioni. Continuando a crescere ed espanderci, speriamo di affermarci come una voce di spicco nella comunit\u00e0 del gioco online e di ispirare gli altri a dare priorit\u00e0 ai bisogni e agli interessi dei giocatori.<\/p>\n\n\n\n<div class=\"wp-block-group alignfull gallery_section has-poka-boxes-background-color-alt-background-color has-background is-layout-constrained wp-block-group-is-layout-constrained\"><div class=\"wp-block-group__inner-container\">\n<p class=\"has-medium-font-size\"><strong>Per saperne di pi\u00f9:<\/strong><\/p>\n\n\n\n<div class=\"types-gallery\">\r\n\t  <a class=\"item\" href=\"https:\/\/outkast-shop.com\/it\/casino-anonimi\/\"><img decoding=\"async\" src=\"\/wp-content\/uploads\/2023\/06\/ct4.png\" alt=\"Icona dei casin\u00f2 anonimi\"><span>Casin\u00f2 anonimi<\/span><\/a>\r\n      <a class=\"item\" href=\"https:\/\/outkast-shop.com\/it\/blockchain-casino\/\"><img decoding=\"async\" src=\"\/wp-content\/uploads\/2023\/06\/ct2.png\" alt=\"Icona dei casin\u00f2 Blockchain\"><span>Casin\u00f2 Blockchain<\/span><\/a>\r\n      <a class=\"item\" href=\"https:\/\/outkast-shop.com\/it\/casino-decentralizzati\/\"><img decoding=\"async\" src=\"\/wp-content\/uploads\/2023\/06\/ct5.png\" alt=\"Icona dei casin\u00f2 decentralizzati\"><span>Casin\u00f2 decentralizzati<\/span><\/a>\r\n      <a class=\"item\" href=\"https:\/\/outkast-shop.com\/it\/casino-ibridi-online\/\"><img decoding=\"async\" src=\"\/wp-content\/uploads\/2023\/06\/ct3.png\" alt=\"Icona dei casin\u00f2 ibridi\"><span>Casin\u00f2 ibridi<\/span><\/a>\r\n      <a class=\"item\" href=\"https:\/\/outkast-shop.com\/it\/nuovi-casino-crypto\/\"><img decoding=\"async\" src=\"\/wp-content\/uploads\/2023\/06\/ct6-1.png\" alt=\"Nuova icona Crypto Casinos\"><span>Nuovo Crypto Casinos<\/span><\/a>\r\n      <a class=\"item\" href=\"https:\/\/outkast-shop.com\/it\/nft-casino\/\"><img decoding=\"async\" src=\"\/wp-content\/uploads\/2023\/06\/ct7-1.png\" alt=\"Icona dei Casin\u00f2 NFT\"><span>Casin\u00f2 NFT<\/span><\/a>     \r\n<\/div>\n<\/div><\/div>\n\n\n\n<div class=\"wp-block-group alignfull has-background is-layout-flow wp-container-16\" style=\"padding-top:60px;padding-right:0px;padding-bottom:10px;padding-left:0px; background:#1d2730;\"><div class=\"wp-block-group__inner-container\">\n<div class=\"wp-block-columns are-vertically-aligned-center is-layout-flex wp-container-15\">\n<div class=\"wp-block-column is-vertically-aligned-center is-layout-flow\" style=\"flex-basis:100%\">\n<div class=\"wp-block-group is-layout-flow\"><div class=\"wp-block-group__inner-container\">\n<div class=\"wp-block-columns is-layout-flex wp-container-12\" style=\"padding-right:20px;padding-left:20px\">\n<div class=\"wp-block-column is-vertically-aligned-center is-layout-flow\" style=\"padding-top:20px;padding-bottom:20px;flex-basis:70%\">\n<p class=\"has-text-align-left has-white-color has-text-color wp-block-heading\" style=\"font-size:46px;font-style:normal;font-weight:300;margin-top:10px;margin-right:0px;margin-bottom:10px;margin-left:0px\">Inizia subito a giocare!<\/p>\n<\/div>\n\n\n\n<div class=\"wp-block-column is-vertically-aligned-center is-layout-flow\" style=\"padding-top:10px;padding-bottom:10px;flex-basis:30%\"><div class=\"wp-block-poka-button\">\n<a class=\"wp-block-button__link has-vivid-red-background-color has-background\" href=\"https:\/\/outkast-shop.com\/it\/go\/play\/\" style=\"border-radius:100px\"><strong>Gioca ora!<\/strong><\/a>\n\n\t\t<\/div><\/div>\n<\/div>\n<\/div><\/div>\n<\/div>\n<\/div>\n<\/div><\/div>\n\n\n\n<div class=\"wp-block-group alignfull gallery_section has-poka-boxes-background-color-alt-background-color has-background is-layout-constrained wp-block-group-is-layout-constrained\"><div class=\"wp-block-group__inner-container\">\n<p class=\"has-medium-font-size\"><strong><strong>Top Cryptos:<\/strong><\/strong><\/p>\n\n\n\n<div class=\"icons-galley\">\r\n\t\t  <a class=\"item\" href=\"https:\/\/outkast-shop.com\/it\/bitcoin-casino\/\"><img decoding=\"async\" src=\"\/wp-content\/uploads\/2023\/06\/btc.png\" alt=\"Icona Bitcoin Casin\u00f2\"><span>BTC Casin\u00f2<\/span><\/a>\r\n\t  <a class=\"item\" href=\"https:\/\/outkast-shop.com\/it\/casino-ethereum\/\"><img decoding=\"async\" src=\"\/wp-content\/uploads\/2023\/06\/eth.png\" alt=\"Icona Ethereum Casin\u00f2\"><span>ETH Casin\u00f2<\/span><\/a>\r\n\t  <a class=\"item\" href=\"https:\/\/outkast-shop.com\/it\/tether-casino\/\"><img decoding=\"async\" src=\"\/wp-content\/uploads\/2023\/06\/usdt.png\" alt=\"Icona Tether Casin\u00f2\"><span>USDT Casin\u00f2<\/span><\/a>\r\n\t  <a class=\"item\" href=\"https:\/\/outkast-shop.com\/it\/litecoin-casino\/\"><img decoding=\"async\" src=\"\/wp-content\/uploads\/2023\/06\/ltc.png\" alt=\"Icona dei casin\u00f2 Litecoin\"><span>LTC Casin\u00f2<\/span><\/a>\r\n\t  <a class=\"item\" href=\"https:\/\/outkast-shop.com\/it\/dogecoin-casino\/\"><img decoding=\"async\" src=\"\/wp-content\/uploads\/2023\/06\/doge.png\" alt=\"Icona dei casin\u00f2 Dogecoin\"><span>Doge Casin\u00f2<\/span><\/a>\r\n\t  <a class=\"item\" href=\"https:\/\/outkast-shop.com\/it\/ripple-casino\/\"><img decoding=\"async\" src=\"\/wp-content\/uploads\/2023\/06\/xrp.png\" alt=\"Icona Ripple Casin\u00f2\"><span>XRP Casin\u00f2<\/span><\/a>\r\n\t  <a class=\"item\" href=\"https:\/\/outkast-shop.com\/it\/bitcoin-cash-casino\/\"><img decoding=\"async\" src=\"\/wp-content\/uploads\/2023\/06\/bch.png\" alt=\"Icona del casin\u00f2 Bitcoin Cash\"><span>Casin\u00f2 BCH<\/span><\/a>\r\n\t  <a class=\"item\" href=\"https:\/\/outkast-shop.com\/it\/tron-casino\/\"><img decoding=\"async\" src=\"\/wp-content\/uploads\/2023\/06\/trx.png\" alt=\"Tron icona del casin\u00f2\"><span>TRX<\/span><\/a> \r\n\t  <a class=\"item\" href=\"https:\/\/outkast-shop.com\/it\/cardano-casino\/\"><img decoding=\"async\" src=\"\/wp-content\/uploads\/2023\/06\/ada.png\" alt=\"Icona dei casin\u00f2 Ada\"><span>Casin\u00f2 di Ada<\/span><\/a>\r\n      <a class=\"item\" href=\"https:\/\/outkast-shop.com\/it\/binance-coin-casino\/\"><img decoding=\"async\" src=\"\/wp-content\/uploads\/2023\/06\/bnb.png\" alt=\"Icona dei casin\u00f2 Bnb\"><span>BNB Casin\u00f2<\/span><\/a>\r\n      <a class=\"item\" href=\"https:\/\/outkast-shop.com\/it\/dash-casino\/\"><img decoding=\"async\" src=\"\/wp-content\/uploads\/2023\/06\/dash.png\" alt=\"Icona dei casin\u00f2 Dash\"><span>Dash Casin\u00f2<\/span><\/a>\r\n      <a class=\"item\" href=\"https:\/\/outkast-shop.com\/it\/casino-shiba-inu\/\"><img decoding=\"async\" src=\"\/wp-content\/uploads\/2023\/06\/shib.png\" alt=\"Icona dei casin\u00f2 Shiba Inu\"><span>Casin\u00f2 Shiba<\/span><\/a>\r\n      <a class=\"item\" href=\"https:\/\/outkast-shop.com\/it\/solana-casino\/\"><img decoding=\"async\" src=\"\/wp-content\/uploads\/2023\/06\/sol.png\" alt=\"Icona Solana casionos\"><span>Casin\u00f2 SOL<\/span><\/a>\r\n      <a class=\"item\" href=\"https:\/\/outkast-shop.com\/it\/monero-casino\/\"><img decoding=\"async\" src=\"\/wp-content\/uploads\/2023\/06\/xmr.png\" alt=\"Icona dei casin\u00f2 Xmr\"><span>Casin\u00f2 XMR<\/span><\/a>     \r\n<\/div>\n<\/div><\/div>","protected":false},"excerpt":{"rendered":"<p>Chi \u00e8 appassionato di casin\u00f2 e giochi online sa quanto sia importante trovare recensioni affidabili e imparziali. Con cos\u00ec tante opzioni disponibili, pu\u00f2 essere opprimente scegliere quella giusta. \u00c8 qui che entra in gioco Outkast Roller. Il nostro team di recensori esperti opera nel settore da [...]<\/p>","protected":false},"author":1,"featured_media":1841,"parent":0,"menu_order":0,"comment_status":"closed","ping_status":"closed","template":"","meta":{"_mi_skip_tracking":false,"_monsterinsights_sitenote_active":false,"_monsterinsights_sitenote_note":"","_monsterinsights_sitenote_category":0,"footnotes":""},"class_list":["post-1840","page","type-page","status-publish","has-post-thumbnail","hentry"],"acf":[],"yoast_head":"<!-- This site is optimized with the Yoast SEO plugin v22.8 - https:\/\/yoast.com\/wordpress\/plugins\/seo\/ -->\n<title>About OutKast Shop: Your Trusted Online Gaming Partner<\/title>\n<meta name=\"description\" content=\"Get to know OutKast Shop: values and commitment to providing secure online gaming experiences. Learn what sets us apart in the digital gaming world.\" \/>\n<meta name=\"robots\" content=\"index, follow, max-snippet:-1, max-image-preview:large, max-video-preview:-1\" \/>\n<link rel=\"canonical\" href=\"https:\/\/outkast-shop.com\/it\/su-di-noi\/\" \/>\n<meta property=\"og:locale\" content=\"it_IT\" \/>\n<meta property=\"og:type\" content=\"article\" \/>\n<meta property=\"og:title\" content=\"About OutKast Shop: Your Trusted Online Gaming Partner\" \/>\n<meta property=\"og:description\" content=\"Get to know OutKast Shop: values and commitment to providing secure online gaming experiences. Learn what sets us apart in the digital gaming world.\" \/>\n<meta property=\"og:url\" content=\"https:\/\/outkast-shop.com\/it\/su-di-noi\/\" \/>\n<meta property=\"og:site_name\" content=\"Crypto Casino\" \/>\n<meta property=\"article:modified_time\" content=\"2024-03-19T10:24:56+00:00\" \/>\n<meta property=\"og:image\" content=\"https:\/\/outkast-shop.com\/wp-content\/uploads\/2023\/06\/about-us-small-min.jpg\" \/>\n\t<meta property=\"og:image:width\" content=\"800\" \/>\n\t<meta property=\"og:image:height\" content=\"489\" \/>\n\t<meta property=\"og:image:type\" content=\"image\/jpeg\" \/>\n<meta name=\"twitter:card\" content=\"summary_large_image\" \/>\n<meta name=\"twitter:label1\" content=\"Tempo di lettura stimato\" \/>\n\t<meta name=\"twitter:data1\" content=\"3 minuti\" \/>\n<!-- \/ Yoast SEO plugin. -->","yoast_head_json":{"title":"About OutKast Shop: Your Trusted Online Gaming Partner","description":"Get to know OutKast Shop: values and commitment to providing secure online gaming experiences. Learn what sets us apart in the digital gaming world.","robots":{"index":"index","follow":"follow","max-snippet":"max-snippet:-1","max-image-preview":"max-image-preview:large","max-video-preview":"max-video-preview:-1"},"canonical":"https:\/\/outkast-shop.com\/it\/su-di-noi\/","og_locale":"it_IT","og_type":"article","og_title":"About OutKast Shop: Your Trusted Online Gaming Partner","og_description":"Get to know OutKast Shop: values and commitment to providing secure online gaming experiences. Learn what sets us apart in the digital gaming world.","og_url":"https:\/\/outkast-shop.com\/it\/su-di-noi\/","og_site_name":"Crypto Casino","article_modified_time":"2024-03-19T10:24:56+00:00","og_image":[{"width":800,"height":489,"url":"https:\/\/outkast-shop.com\/wp-content\/uploads\/2023\/06\/about-us-small-min.jpg","type":"image\/jpeg"}],"twitter_card":"summary_large_image","twitter_misc":{"Tempo di lettura stimato":"3 minuti"},"schema":{"@context":"https:\/\/schema.org","@graph":[{"@type":"WebPage","@id":"https:\/\/outkast-shop.com\/about-us\/","url":"https:\/\/outkast-shop.com\/about-us\/","name":"About OutKast Shop: Your Trusted Online Gaming Partner","isPartOf":{"@id":"https:\/\/outkast-shop.com\/#website"},"primaryImageOfPage":{"@id":"https:\/\/outkast-shop.com\/about-us\/#primaryimage"},"image":{"@id":"https:\/\/outkast-shop.com\/about-us\/#primaryimage"},"thumbnailUrl":"https:\/\/outkast-shop.com\/wp-content\/uploads\/2023\/06\/about-us-small-min.jpg","datePublished":"2023-06-06T11:03:13+00:00","dateModified":"2024-03-19T10:24:56+00:00","description":"Get to know OutKast Shop: values and commitment to providing secure online gaming experiences. Learn what sets us apart in the digital gaming world.","breadcrumb":{"@id":"https:\/\/outkast-shop.com\/about-us\/#breadcrumb"},"inLanguage":"it-IT","potentialAction":[{"@type":"ReadAction","target":["https:\/\/outkast-shop.com\/about-us\/"]}]},{"@type":"ImageObject","inLanguage":"it-IT","@id":"https:\/\/outkast-shop.com\/about-us\/#primaryimage","url":"https:\/\/outkast-shop.com\/wp-content\/uploads\/2023\/06\/about-us-small-min.jpg","contentUrl":"https:\/\/outkast-shop.com\/wp-content\/uploads\/2023\/06\/about-us-small-min.jpg","width":800,"height":489,"caption":"About Us Outkast Roller"},{"@type":"BreadcrumbList","@id":"https:\/\/outkast-shop.com\/about-us\/#breadcrumb","itemListElement":[{"@type":"ListItem","position":1,"name":"Home","item":"https:\/\/outkast-shop.com\/"},{"@type":"ListItem","position":2,"name":"About Us"}]},{"@type":"WebSite","@id":"https:\/\/outkast-shop.com\/#website","url":"https:\/\/outkast-shop.com\/","name":"Crypto Casino","description":"","publisher":{"@id":"https:\/\/outkast-shop.com\/#organization"},"potentialAction":[{"@type":"SearchAction","target":{"@type":"EntryPoint","urlTemplate":"https:\/\/outkast-shop.com\/?s={search_term_string}"},"query-input":"required name=search_term_string"}],"inLanguage":"it-IT"},{"@type":"Organization","@id":"https:\/\/outkast-shop.com\/#organization","name":"Outkast Roller","alternateName":"outkast-shop.com","url":"https:\/\/outkast-shop.com\/","logo":{"@type":"ImageObject","inLanguage":"it-IT","@id":"https:\/\/outkast-shop.com\/#\/schema\/logo\/image\/","url":"https:\/\/outkast-shop.com\/wp-content\/uploads\/2023\/06\/long-logo.png","contentUrl":"https:\/\/outkast-shop.com\/wp-content\/uploads\/2023\/06\/long-logo.png","width":326,"height":75,"caption":"Outkast Roller"},"image":{"@id":"https:\/\/outkast-shop.com\/#\/schema\/logo\/image\/"}}]}},"_links":{"self":[{"href":"https:\/\/outkast-shop.com\/it\/wp-json\/wp\/v2\/pages\/1840","targetHints":{"allow":["GET"]}}],"collection":[{"href":"https:\/\/outkast-shop.com\/it\/wp-json\/wp\/v2\/pages"}],"about":[{"href":"https:\/\/outkast-shop.com\/it\/wp-json\/wp\/v2\/types\/page"}],"author":[{"embeddable":true,"href":"https:\/\/outkast-shop.com\/it\/wp-json\/wp\/v2\/users\/1"}],"replies":[{"embeddable":true,"href":"https:\/\/outkast-shop.com\/it\/wp-json\/wp\/v2\/comments?post=1840"}],"version-history":[{"count":0,"href":"https:\/\/outkast-shop.com\/it\/wp-json\/wp\/v2\/pages\/1840\/revisions"}],"wp:featuredmedia":[{"embeddable":true,"href":"https:\/\/outkast-shop.com\/it\/wp-json\/wp\/v2\/media\/1841"}],"wp:attachment":[{"href":"https:\/\/outkast-shop.com\/it\/wp-json\/wp\/v2\/media?parent=1840"}],"curies":[{"name":"wp","href":"https:\/\/api.w.org\/{rel}","templated":true}]}}