{"id":2342,"date":"2023-06-26T09:25:06","date_gmt":"2023-06-26T09:25:06","guid":{"rendered":"https:\/\/outkast-shop.com\/?page_id=2342"},"modified":"2023-06-26T10:12:18","modified_gmt":"2023-06-26T10:12:18","slug":"gambling-terminology-glossary","status":"publish","type":"page","link":"https:\/\/outkast-shop.com\/it\/gioco-dazzardo-terminologia-glossario\/","title":{"rendered":"Glossario terminologico sul gioco d'azzardo"},"content":{"rendered":"<h1 class=\"wp-block-heading has-text-align-center\">Glossario terminologico sul gioco d'azzardo<\/h1>\n\n\n\n<p class=\"has-text-align-center\">Il gioco d'azzardo pu\u00f2 essere un hobby eccitante e redditizio, ma \u00e8 importante comprendere la terminologia e le regole dei giochi prima di immergersi. Questa guida completa fornisce una panoramica di alcuni dei termini pi\u00f9 comuni utilizzati nei casin\u00f2 e nel gioco d'azzardo.<\/p>\n\n\n\n<figure class=\"wp-block-image aligncenter size-full is-resized\"><img decoding=\"async\" src=\"https:\/\/outkast-shop.com\/wp-content\/uploads\/2023\/06\/gambling-terminology-glossary-min.jpg\" alt=\"Glossario terminologico sul gioco d&#039;azzardo\" class=\"wp-image-2344\" width=\"750\" height=\"459\" srcset=\"https:\/\/outkast-shop.com\/wp-content\/uploads\/2023\/06\/gambling-terminology-glossary-min.jpg 1000w, https:\/\/outkast-shop.com\/wp-content\/uploads\/2023\/06\/gambling-terminology-glossary-min-300x184.jpg 300w, https:\/\/outkast-shop.com\/wp-content\/uploads\/2023\/06\/gambling-terminology-glossary-min-768x470.jpg 768w, https:\/\/outkast-shop.com\/wp-content\/uploads\/2023\/06\/gambling-terminology-glossary-min-18x12.jpg 18w, https:\/\/outkast-shop.com\/wp-content\/uploads\/2023\/06\/gambling-terminology-glossary-min-110x67.jpg 110w, https:\/\/outkast-shop.com\/wp-content\/uploads\/2023\/06\/gambling-terminology-glossary-min-575x352.jpg 575w\" sizes=\"(max-width: 750px) 100vw, 750px\" \/><\/figure>\n\n\n\n<h2 class=\"wp-block-heading has-text-align-center\">Glossario del casin\u00f2 e terminologia del gioco d'azzardo<\/h2>\n\n\n\n<h3 class=\"wp-block-heading\">A<\/h3>\n\n\n\n<ul class=\"wp-block-list\">\n<li><em>Azione<\/em>: L'importo totale scommesso da un giocatore durante una partita.<\/li>\n\n\n\n<li><em>Ante<\/em>: La puntata minima richiesta per partecipare a un gioco.<\/li>\n\n\n\n<li><em>Asso alto\/basso<\/em>: Una regola del poker secondo cui l'Asso pu\u00f2 essere la carta pi\u00f9 alta o pi\u00f9 bassa in una scala.<\/li>\n\n\n\n<li><em>All-In<\/em>: Puntare tutte le fiches rimanenti in una partita di poker.<\/li>\n<\/ul>\n\n\n\n<h3 class=\"wp-block-heading\">B<\/h3>\n\n\n\n<ul class=\"wp-block-list\">\n<li><em>Libro paga<\/em>: L'importo totale del denaro che un giocatore ha messo da parte per il gioco d'azzardo.<\/li>\n\n\n\n<li><em>Big Blind<\/em>: La pi\u00f9 grande delle due puntate forzate in una partita di poker Texas Hold'em.<\/li>\n\n\n\n<li><em>Blackjack<\/em>: Un gioco di carte in cui l'obiettivo \u00e8 ottenere un valore di mano pari a 21 o il pi\u00f9 vicino possibile a 21 senza andare oltre.<\/li>\n\n\n\n<li><em>Bluff<\/em>: Fare una puntata o un rilancio nel poker con una mano debole nel tentativo di ingannare gli avversari.<\/li>\n<\/ul>\n\n\n\n<h3 class=\"wp-block-heading\">C<\/h3>\n\n\n\n<ul class=\"wp-block-list\">\n<li><em>Chiamata<\/em>: Corrispondenza con la puntata corrente in una partita di poker.<\/li>\n\n\n\n<li><em>Vantaggio del casin\u00f2<\/em>: Il vantaggio che il casin\u00f2 ha sui giocatori in un gioco.<\/li>\n\n\n\n<li><em>Patatine<\/em>: Gettoni rotondi utilizzati al posto del denaro in un casin\u00f2.<\/li>\n\n\n\n<li><em>Croupier<\/em>: La persona che gestisce un gioco al casin\u00f2.<\/li>\n<\/ul>\n\n\n\n<h3 class=\"wp-block-heading\">D<\/h3>\n\n\n\n<ul class=\"wp-block-list\">\n<li><em>Rivenditore<\/em>: La persona che distribuisce le carte in un casin\u00f2.<\/li>\n\n\n\n<li><em>Doppio o niente<\/em>: Una scommessa che pu\u00f2 raddoppiare le vincite del giocatore o provocare una perdita totale.<\/li>\n\n\n\n<li><em>Fino al feltro<\/em>: Quando un giocatore ha perso tutte le sue fiches in una partita.<\/li>\n<\/ul>\n\n\n\n<h3 class=\"wp-block-heading\">E<\/h3>\n\n\n\n<ul class=\"wp-block-list\">\n<li><em>Valore atteso<\/em>: La somma di denaro che un giocatore pu\u00f2 aspettarsi di vincere o perdere in un gioco nel tempo.<\/li>\n\n\n\n<li><em>L'occhio nel cielo<\/em>: Telecamere posizionate in tutto il casin\u00f2 per monitorare le attivit\u00e0 e prevenire gli imbrogli.<\/li>\n<\/ul>\n\n\n\n<h3 class=\"wp-block-heading\">F<\/h3>\n\n\n\n<ul class=\"wp-block-list\">\n<li><em>Carte da gioco<\/em>: Fanti, Regine e Re in un mazzo di carte.<\/li>\n\n\n\n<li><em>Pesce<\/em>: Termine usato per descrivere un giocatore nuovo e inesperto.<\/li>\n\n\n\n<li><em>Scommesse piatte<\/em>: Scommettere la stessa somma di denaro su ogni mano o turno di gioco.<\/li>\n\n\n\n<li><em>Piegare<\/em>: Perdere una mano di poker e rinunciare alle fiches gi\u00e0 puntate.<\/li>\n<\/ul>\n\n\n\n<h3 class=\"wp-block-heading\">G<\/h3>\n\n\n\n<ul class=\"wp-block-list\">\n<li><em>La fallacia del giocatore d'azzardo<\/em>: L'errata convinzione che un evento sia pi\u00f9 o meno probabile in base ai risultati precedenti.<\/li>\n\n\n\n<li><em>Macinare<\/em>: Accumulare lentamente e costantemente le vincite nel tempo.<\/li>\n<\/ul>\n\n\n\n<h3 class=\"wp-block-heading\">H<\/h3>\n\n\n\n<ul class=\"wp-block-list\">\n<li><em>High Roller<\/em>: Un giocatore che scommette regolarmente grandi somme di denaro.<\/li>\n\n\n\n<li><em>Colpire<\/em>: Chiedere un'altra carta nel blackjack.<\/li>\n\n\n\n<li><em>Bordo della casa<\/em>: Il vantaggio che il casin\u00f2 ha in un gioco.<\/li>\n<\/ul>\n\n\n\n<h3 class=\"wp-block-heading\">I<\/h3>\n\n\n\n<ul class=\"wp-block-list\">\n<li><em>Assicurazione<\/em>: Una scommessa secondaria nel blackjack che paga se il banco ha un blackjack naturale.<\/li>\n\n\n\n<li><em>Scommessa interna<\/em>: Una scommessa piazzata su un numero specifico o una combinazione di numeri nella roulette.<\/li>\n<\/ul>\n\n\n\n<h3 class=\"wp-block-heading\">J<\/h3>\n\n\n\n<ul class=\"wp-block-list\">\n<li><em>Jackpot<\/em>: Un premio di grandi dimensioni che pu\u00f2 essere vinto da una slot machine o da un altro gioco di casin\u00f2.<\/li>\n\n\n\n<li><em>Joker<\/em>: Una carta che pu\u00f2 essere utilizzata come qualsiasi altra carta in alcuni giochi.<\/li>\n<\/ul>\n\n\n\n<h3 class=\"wp-block-heading\">K<\/h3>\n\n\n\n<ul class=\"wp-block-list\">\n<li><em>Calciatore<\/em>: Una carta usata per rompere i legami nelle mani di poker che hanno lo stesso valore.<\/li>\n\n\n\n<li><em>Gattino<\/em>: La somma di denaro raccolta dai giocatori in un gioco da destinare a un jackpot progressivo.<\/li>\n<\/ul>\n\n\n\n<h3 class=\"wp-block-heading\">L<\/h3>\n\n\n\n<ul class=\"wp-block-list\">\n<li><em>Limite<\/em>: Le puntate massime e minime consentite in un gioco.<\/li>\n\n\n\n<li><em>Carico<\/em>: Scommettere l'importo massimo consentito in una partita.<\/li>\n\n\n\n<li><em>Sciolto<\/em>: Termine usato per descrivere un giocatore che gioca molte mani e scommette in modo aggressivo.<\/li>\n<\/ul>\n\n\n\n<h3 class=\"wp-block-heading\">M<\/h3>\n\n\n\n<ul class=\"wp-block-list\">\n<li><em>Sistema Martingala<\/em>: Una strategia di scommessa in cui il giocatore raddoppia la propria puntata dopo ogni perdita nel tentativo di recuperare le perdite.<\/li>\n\n\n\n<li><em>Puntata massima<\/em>: La puntata pi\u00f9 alta consentita in un gioco.<\/li>\n\n\n\n<li><em>Puntata minima<\/em>: La puntata pi\u00f9 bassa consentita in un gioco.<\/li>\n<\/ul>\n\n\n\n<h3 class=\"wp-block-heading\">N<\/h3>\n\n\n\n<ul class=\"wp-block-list\">\n<li><em>Naturale<\/em>: Una mano di due carte nel blackjack che somma 21.<\/li>\n\n\n\n<li><em>Nichel<\/em>: Slang per indicare una fiche $5 in un casin\u00f2.<\/li>\n<\/ul>\n\n\n\n<h3 class=\"wp-block-heading\">O<\/h3>\n\n\n\n<ul class=\"wp-block-list\">\n<li><em>Probabilit\u00e0<\/em>: La probabilit\u00e0 che un determinato evento si verifichi in un gioco.<\/li>\n\n\n\n<li><em>Scommessa esterna<\/em>: Una puntata piazzata all'esterno del tavolo della roulette, come il rosso o il nero.<\/li>\n<\/ul>\n\n\n\n<h3 class=\"wp-block-heading\">P<\/h3>\n\n\n\n<ul class=\"wp-block-list\">\n<li><em>Pagamento<\/em>: La somma di denaro vinta in un gioco.<\/li>\n\n\n\n<li><em>Tabella dei pagamenti<\/em>: Una tabella che mostra i pagamenti per ogni mano o combinazione vincente in un gioco.<\/li>\n\n\n\n<li><em>Pentola<\/em>: La somma di denaro scommessa da tutti i giocatori in una partita di poker.<\/li>\n<\/ul>\n\n\n\n<h3 class=\"wp-block-heading\">Q<\/h3>\n\n\n\n<ul class=\"wp-block-list\">\n<li><em>Qualificatore<\/em>: In alcuni giochi, come il Caribbean Stud poker, il giocatore deve avere una determinata mano per qualificarsi per il jackpot progressivo.<\/li>\n<\/ul>\n\n\n\n<h3 class=\"wp-block-heading\">R<\/h3>\n\n\n\n<ul class=\"wp-block-list\">\n<li><em>Rastrello<\/em>: La percentuale del piatto che il casin\u00f2 prende come compenso per ospitare il gioco.<\/li>\n\n\n\n<li><em>Scala reale<\/em>: La mano pi\u00f9 alta possibile nel poker, composta da 10, Jack, Regina, Re e Asso dello stesso seme.<\/li>\n<\/ul>\n\n\n\n<h3 class=\"wp-block-heading\">S<\/h3>\n\n\n\n<ul class=\"wp-block-list\">\n<li><em>Scarpa<\/em>: Il dispositivo utilizzato per tenere e distribuire le carte in alcuni giochi da casin\u00f2.<\/li>\n\n\n\n<li><em>Dividere<\/em>: Nel blackjack, l'opzione di dividere una coppia di carte in due mani separate.<\/li>\n\n\n\n<li><em>Palo<\/em>: La somma di denaro scommessa su un singolo gioco o mano.<\/li>\n\n\n\n<li><em>Dritto<\/em>: Una mano di poker che consiste in cinque carte in ordine sequenziale.<\/li>\n<\/ul>\n\n\n\n<h3 class=\"wp-block-heading\">T<\/h3>\n\n\n\n<ul class=\"wp-block-list\">\n<li><em>Limiti della tabella<\/em>: Le puntate minime e massime consentite a un tavolo.<\/li>\n\n\n\n<li><em>Torneo<\/em>: Una competizione in cui i giocatori si sfidano per ottenere un premio.<\/li>\n\n\n\n<li><em>Viaggi<\/em>: Una mano di poker che consiste in un tris.<\/li>\n<\/ul>\n\n\n\n<h3 class=\"wp-block-heading\">U<\/h3>\n\n\n\n<ul class=\"wp-block-list\">\n<li><em>Scheda Up<\/em>: Nel blackjack, la carta scoperta del banco visibile ai giocatori.<\/li>\n\n\n\n<li><em>Unit\u00e0<\/em>: La dimensione minima della puntata in un gioco.<\/li>\n<\/ul>\n\n\n\n<h3 class=\"wp-block-heading\">V<\/h3>\n\n\n\n<ul class=\"wp-block-list\">\n<li><em>Vigorish<\/em>: La commissione applicata da un bookmaker per l'accettazione di una scommessa.<\/li>\n\n\n\n<li><em>VIP<\/em>: Un giocatore di alto livello a cui il casin\u00f2 riserva un trattamento speciale.<\/li>\n<\/ul>\n\n\n\n<h3 class=\"wp-block-heading\">W<\/h3>\n\n\n\n<ul class=\"wp-block-list\">\n<li><em>Balena<\/em>: Termine usato per descrivere un giocatore che scommette somme di denaro molto elevate.<\/li>\n\n\n\n<li><em>Wild Card<\/em>: Una carta che pu\u00f2 essere utilizzata come qualsiasi altra carta in alcuni giochi.<\/li>\n\n\n\n<li><em>Mano vincente<\/em>: La mano che vince una partita.<\/li>\n<\/ul>\n\n\n\n<h3 class=\"wp-block-heading\">X<\/h3>\n\n\n\n<ul class=\"wp-block-list\">\n<li><em>Visione a raggi X<\/em>: Termine usato per descrivere la capacit\u00e0 di vedere attraverso le carte o altri oggetti in un casin\u00f2.<\/li>\n<\/ul>\n\n\n\n<h3 class=\"wp-block-heading\">Y<\/h3>\n\n\n\n<ul class=\"wp-block-list\">\n<li><em>Giallo<\/em>: Slang per indicare una fiche da $1.000 in un casin\u00f2.<\/li>\n<\/ul>\n\n\n\n<h3 class=\"wp-block-heading\">Z<\/h3>\n\n\n\n<ul class=\"wp-block-list\">\n<li><em>Zero<\/em>: Il numero sulla ruota della roulette che \u00e8 verde e non appartiene n\u00e9 al gruppo rosso n\u00e9 a quello nero.<\/li>\n<\/ul>\n\n\n\n<div class=\"wp-block-group alignfull gallery_section has-poka-boxes-background-color-alt-background-color has-background is-layout-constrained wp-block-group-is-layout-constrained\"><div class=\"wp-block-group__inner-container\">\n<p class=\"has-medium-font-size\"><strong>Per saperne di pi\u00f9:<\/strong><\/p>\n\n\n\n<div class=\"types-gallery\">\r\n\t  <a class=\"item\" href=\"https:\/\/outkast-shop.com\/it\/casino-anonimi\/\"><img decoding=\"async\" src=\"\/wp-content\/uploads\/2023\/06\/ct4.png\" alt=\"Icona dei casin\u00f2 anonimi\"><span>Casin\u00f2 anonimi<\/span><\/a>\r\n      <a class=\"item\" href=\"https:\/\/outkast-shop.com\/it\/blockchain-casino\/\"><img decoding=\"async\" src=\"\/wp-content\/uploads\/2023\/06\/ct2.png\" alt=\"Icona dei casin\u00f2 Blockchain\"><span>Casin\u00f2 Blockchain<\/span><\/a>\r\n      <a class=\"item\" href=\"https:\/\/outkast-shop.com\/it\/casino-decentralizzati\/\"><img decoding=\"async\" src=\"\/wp-content\/uploads\/2023\/06\/ct5.png\" alt=\"Icona dei casin\u00f2 decentralizzati\"><span>Casin\u00f2 decentralizzati<\/span><\/a>\r\n      <a class=\"item\" href=\"https:\/\/outkast-shop.com\/it\/casino-ibridi-online\/\"><img decoding=\"async\" src=\"\/wp-content\/uploads\/2023\/06\/ct3.png\" alt=\"Icona dei casin\u00f2 ibridi\"><span>Casin\u00f2 ibridi<\/span><\/a>\r\n      <a class=\"item\" href=\"https:\/\/outkast-shop.com\/it\/nuovi-casino-crypto\/\"><img decoding=\"async\" src=\"\/wp-content\/uploads\/2023\/06\/ct6-1.png\" alt=\"Nuova icona Crypto Casinos\"><span>Nuovo Crypto Casinos<\/span><\/a>\r\n      <a class=\"item\" href=\"https:\/\/outkast-shop.com\/it\/nft-casino\/\"><img decoding=\"async\" src=\"\/wp-content\/uploads\/2023\/06\/ct7-1.png\" alt=\"Icona dei Casin\u00f2 NFT\"><span>Casin\u00f2 NFT<\/span><\/a>     \r\n<\/div>\n<\/div><\/div>\n\n\n\n<div class=\"wp-block-group alignfull has-background is-layout-flow wp-container-16\" style=\"padding-top:60px;padding-right:0px;padding-bottom:10px;padding-left:0px; background:#1d2730;\"><div class=\"wp-block-group__inner-container\">\n<div class=\"wp-block-columns are-vertically-aligned-center is-layout-flex wp-container-15\">\n<div class=\"wp-block-column is-vertically-aligned-center is-layout-flow\" style=\"flex-basis:100%\">\n<div class=\"wp-block-group is-layout-flow\"><div class=\"wp-block-group__inner-container\">\n<div class=\"wp-block-columns is-layout-flex wp-container-12\" style=\"padding-right:20px;padding-left:20px\">\n<div class=\"wp-block-column is-vertically-aligned-center is-layout-flow\" style=\"padding-top:20px;padding-bottom:20px;flex-basis:70%\">\n<p class=\"has-text-align-left has-white-color has-text-color wp-block-heading\" style=\"font-size:46px;font-style:normal;font-weight:300;margin-top:10px;margin-right:0px;margin-bottom:10px;margin-left:0px\">Inizia subito a giocare!<\/p>\n<\/div>\n\n\n\n<div class=\"wp-block-column is-vertically-aligned-center is-layout-flow\" style=\"padding-top:10px;padding-bottom:10px;flex-basis:30%\"><div class=\"wp-block-poka-button\">\n<a class=\"wp-block-button__link has-vivid-red-background-color has-background\" href=\"https:\/\/outkast-shop.com\/it\/go\/play\/\" style=\"border-radius:100px\"><strong>Gioca ora!<\/strong><\/a>\n\n\t\t<\/div><\/div>\n<\/div>\n<\/div><\/div>\n<\/div>\n<\/div>\n<\/div><\/div>\n\n\n\n<div class=\"wp-block-group alignfull gallery_section has-poka-boxes-background-color-alt-background-color has-background is-layout-constrained wp-block-group-is-layout-constrained\"><div class=\"wp-block-group__inner-container\">\n<p class=\"has-medium-font-size\"><strong><strong>Top Cryptos:<\/strong><\/strong><\/p>\n\n\n\n<div class=\"icons-galley\">\r\n\t\t  <a class=\"item\" href=\"https:\/\/outkast-shop.com\/it\/bitcoin-casino\/\"><img decoding=\"async\" src=\"\/wp-content\/uploads\/2023\/06\/btc.png\" alt=\"Icona Bitcoin Casin\u00f2\"><span>BTC Casin\u00f2<\/span><\/a>\r\n\t  <a class=\"item\" href=\"https:\/\/outkast-shop.com\/it\/casino-ethereum\/\"><img decoding=\"async\" src=\"\/wp-content\/uploads\/2023\/06\/eth.png\" alt=\"Icona Ethereum Casin\u00f2\"><span>ETH Casin\u00f2<\/span><\/a>\r\n\t  <a class=\"item\" href=\"https:\/\/outkast-shop.com\/it\/tether-casino\/\"><img decoding=\"async\" src=\"\/wp-content\/uploads\/2023\/06\/usdt.png\" alt=\"Icona Tether Casin\u00f2\"><span>USDT Casin\u00f2<\/span><\/a>\r\n\t  <a class=\"item\" href=\"https:\/\/outkast-shop.com\/it\/litecoin-casino\/\"><img decoding=\"async\" src=\"\/wp-content\/uploads\/2023\/06\/ltc.png\" alt=\"Icona dei casin\u00f2 Litecoin\"><span>LTC Casin\u00f2<\/span><\/a>\r\n\t  <a class=\"item\" href=\"https:\/\/outkast-shop.com\/it\/dogecoin-casino\/\"><img decoding=\"async\" src=\"\/wp-content\/uploads\/2023\/06\/doge.png\" alt=\"Icona dei casin\u00f2 Dogecoin\"><span>Doge Casin\u00f2<\/span><\/a>\r\n\t  <a class=\"item\" href=\"https:\/\/outkast-shop.com\/it\/ripple-casino\/\"><img decoding=\"async\" src=\"\/wp-content\/uploads\/2023\/06\/xrp.png\" alt=\"Icona Ripple Casin\u00f2\"><span>XRP Casin\u00f2<\/span><\/a>\r\n\t  <a class=\"item\" href=\"https:\/\/outkast-shop.com\/it\/bitcoin-cash-casino\/\"><img decoding=\"async\" src=\"\/wp-content\/uploads\/2023\/06\/bch.png\" alt=\"Icona del casin\u00f2 Bitcoin Cash\"><span>Casin\u00f2 BCH<\/span><\/a>\r\n\t  <a class=\"item\" href=\"https:\/\/outkast-shop.com\/it\/tron-casino\/\"><img decoding=\"async\" src=\"\/wp-content\/uploads\/2023\/06\/trx.png\" alt=\"Tron icona del casin\u00f2\"><span>TRX<\/span><\/a> \r\n\t  <a class=\"item\" href=\"https:\/\/outkast-shop.com\/it\/cardano-casino\/\"><img decoding=\"async\" src=\"\/wp-content\/uploads\/2023\/06\/ada.png\" alt=\"Icona dei casin\u00f2 Ada\"><span>Casin\u00f2 di Ada<\/span><\/a>\r\n      <a class=\"item\" href=\"https:\/\/outkast-shop.com\/it\/binance-coin-casino\/\"><img decoding=\"async\" src=\"\/wp-content\/uploads\/2023\/06\/bnb.png\" alt=\"Icona dei casin\u00f2 Bnb\"><span>BNB Casin\u00f2<\/span><\/a>\r\n      <a class=\"item\" href=\"https:\/\/outkast-shop.com\/it\/dash-casino\/\"><img decoding=\"async\" src=\"\/wp-content\/uploads\/2023\/06\/dash.png\" alt=\"Icona dei casin\u00f2 Dash\"><span>Dash Casin\u00f2<\/span><\/a>\r\n      <a class=\"item\" href=\"https:\/\/outkast-shop.com\/it\/casino-shiba-inu\/\"><img decoding=\"async\" src=\"\/wp-content\/uploads\/2023\/06\/shib.png\" alt=\"Icona dei casin\u00f2 Shiba Inu\"><span>Casin\u00f2 Shiba<\/span><\/a>\r\n      <a class=\"item\" href=\"https:\/\/outkast-shop.com\/it\/solana-casino\/\"><img decoding=\"async\" src=\"\/wp-content\/uploads\/2023\/06\/sol.png\" alt=\"Icona Solana casionos\"><span>Casin\u00f2 SOL<\/span><\/a>\r\n      <a class=\"item\" href=\"https:\/\/outkast-shop.com\/it\/monero-casino\/\"><img decoding=\"async\" src=\"\/wp-content\/uploads\/2023\/06\/xmr.png\" alt=\"Icona dei casin\u00f2 Xmr\"><span>Casin\u00f2 XMR<\/span><\/a>     \r\n<\/div>\n<\/div><\/div>","protected":false},"excerpt":{"rendered":"<p>Glossario terminologico del gioco d'azzardo Il gioco d'azzardo pu\u00f2 essere un hobby eccitante e redditizio, ma \u00e8 importante comprendere la terminologia e le regole dei giochi prima di immergersi. Questa guida completa fornisce una panoramica di alcuni dei termini pi\u00f9 comuni utilizzati nei casin\u00f2 e nel gioco d'azzardo. Glossario dei casin\u00f2 e terminologia del gioco d'azzardo A B C D E [...]<\/p>","protected":false},"author":1,"featured_media":0,"parent":0,"menu_order":0,"comment_status":"closed","ping_status":"closed","template":"","meta":{"_mi_skip_tracking":false,"_monsterinsights_sitenote_active":false,"_monsterinsights_sitenote_note":"","_monsterinsights_sitenote_category":0,"footnotes":""},"class_list":["post-2342","page","type-page","status-publish","hentry"],"acf":[],"yoast_head":"<!-- This site is optimized with the Yoast SEO plugin v22.8 - https:\/\/yoast.com\/wordpress\/plugins\/seo\/ -->\n<title>Gambling Glossary and Casino Terminology<\/title>\n<meta name=\"description\" content=\"Gambling can be an exciting and lucrative hobby, but it&#039;s important to understand the terminology and rules of the games before diving in.\" \/>\n<meta name=\"robots\" content=\"index, follow, max-snippet:-1, max-image-preview:large, max-video-preview:-1\" \/>\n<link rel=\"canonical\" href=\"https:\/\/outkast-shop.com\/it\/\uac9c\ube14\ub9c1-\uc6a9\uc5b4\uc9d1\/\" \/>\n<meta property=\"og:locale\" content=\"it_IT\" \/>\n<meta property=\"og:type\" content=\"article\" \/>\n<meta property=\"og:title\" content=\"Gambling Glossary and Casino Terminology\" \/>\n<meta property=\"og:description\" content=\"Gambling can be an exciting and lucrative hobby, but it&#039;s important to understand the terminology and rules of the games before diving in.\" \/>\n<meta property=\"og:url\" content=\"https:\/\/outkast-shop.com\/it\/\uac9c\ube14\ub9c1-\uc6a9\uc5b4\uc9d1\/\" \/>\n<meta property=\"og:site_name\" content=\"Crypto Casino\" \/>\n<meta property=\"article:modified_time\" content=\"2023-06-26T10:12:18+00:00\" \/>\n<meta property=\"og:image\" content=\"https:\/\/outkast-shop.com\/wp-content\/uploads\/2023\/06\/gambling-terminology-glossary-min.jpg\" \/>\n<meta name=\"twitter:card\" content=\"summary_large_image\" \/>\n<meta name=\"twitter:label1\" content=\"Tempo di lettura stimato\" \/>\n\t<meta name=\"twitter:data1\" content=\"5 minuti\" \/>\n<!-- \/ Yoast SEO plugin. -->","yoast_head_json":{"title":"Gambling Glossary and Casino Terminology","description":"Gambling can be an exciting and lucrative hobby, but it's important to understand the terminology and rules of the games before diving in.","robots":{"index":"index","follow":"follow","max-snippet":"max-snippet:-1","max-image-preview":"max-image-preview:large","max-video-preview":"max-video-preview:-1"},"canonical":"https:\/\/outkast-shop.com\/it\/\uac9c\ube14\ub9c1-\uc6a9\uc5b4\uc9d1\/","og_locale":"it_IT","og_type":"article","og_title":"Gambling Glossary and Casino Terminology","og_description":"Gambling can be an exciting and lucrative hobby, but it's important to understand the terminology and rules of the games before diving in.","og_url":"https:\/\/outkast-shop.com\/it\/\uac9c\ube14\ub9c1-\uc6a9\uc5b4\uc9d1\/","og_site_name":"Crypto Casino","article_modified_time":"2023-06-26T10:12:18+00:00","og_image":[{"url":"https:\/\/outkast-shop.com\/wp-content\/uploads\/2023\/06\/gambling-terminology-glossary-min.jpg"}],"twitter_card":"summary_large_image","twitter_misc":{"Tempo di lettura stimato":"5 minuti"},"schema":{"@context":"https:\/\/schema.org","@graph":[{"@type":"WebPage","@id":"https:\/\/outkast-shop.com\/ko\/%ea%b2%9c%eb%b8%94%eb%a7%81-%ec%9a%a9%ec%96%b4%ec%a7%91\/","url":"https:\/\/outkast-shop.com\/ko\/%ea%b2%9c%eb%b8%94%eb%a7%81-%ec%9a%a9%ec%96%b4%ec%a7%91\/","name":"Gambling Glossary and Casino Terminology","isPartOf":{"@id":"https:\/\/outkast-shop.com\/#website"},"primaryImageOfPage":{"@id":"https:\/\/outkast-shop.com\/ko\/%ea%b2%9c%eb%b8%94%eb%a7%81-%ec%9a%a9%ec%96%b4%ec%a7%91\/#primaryimage"},"image":{"@id":"https:\/\/outkast-shop.com\/ko\/%ea%b2%9c%eb%b8%94%eb%a7%81-%ec%9a%a9%ec%96%b4%ec%a7%91\/#primaryimage"},"thumbnailUrl":"https:\/\/outkast-shop.com\/wp-content\/uploads\/2023\/06\/gambling-terminology-glossary-min.jpg","datePublished":"2023-06-26T09:25:06+00:00","dateModified":"2023-06-26T10:12:18+00:00","description":"Gambling can be an exciting and lucrative hobby, but it's important to understand the terminology and rules of the games before diving in.","breadcrumb":{"@id":"https:\/\/outkast-shop.com\/ko\/%ea%b2%9c%eb%b8%94%eb%a7%81-%ec%9a%a9%ec%96%b4%ec%a7%91\/#breadcrumb"},"inLanguage":"it-IT","potentialAction":[{"@type":"ReadAction","target":["https:\/\/outkast-shop.com\/ko\/%ea%b2%9c%eb%b8%94%eb%a7%81-%ec%9a%a9%ec%96%b4%ec%a7%91\/"]}]},{"@type":"ImageObject","inLanguage":"it-IT","@id":"https:\/\/outkast-shop.com\/ko\/%ea%b2%9c%eb%b8%94%eb%a7%81-%ec%9a%a9%ec%96%b4%ec%a7%91\/#primaryimage","url":"https:\/\/outkast-shop.com\/wp-content\/uploads\/2023\/06\/gambling-terminology-glossary-min.jpg","contentUrl":"https:\/\/outkast-shop.com\/wp-content\/uploads\/2023\/06\/gambling-terminology-glossary-min.jpg"},{"@type":"BreadcrumbList","@id":"https:\/\/outkast-shop.com\/ko\/%ea%b2%9c%eb%b8%94%eb%a7%81-%ec%9a%a9%ec%96%b4%ec%a7%91\/#breadcrumb","itemListElement":[{"@type":"ListItem","position":1,"name":"Home","item":"https:\/\/outkast-shop.com\/"},{"@type":"ListItem","position":2,"name":"Gambling Terminology Glossary"}]},{"@type":"WebSite","@id":"https:\/\/outkast-shop.com\/#website","url":"https:\/\/outkast-shop.com\/","name":"Crypto Casino","description":"","publisher":{"@id":"https:\/\/outkast-shop.com\/#organization"},"potentialAction":[{"@type":"SearchAction","target":{"@type":"EntryPoint","urlTemplate":"https:\/\/outkast-shop.com\/?s={search_term_string}"},"query-input":"required name=search_term_string"}],"inLanguage":"it-IT"},{"@type":"Organization","@id":"https:\/\/outkast-shop.com\/#organization","name":"Outkast Roller","alternateName":"outkast-shop.com","url":"https:\/\/outkast-shop.com\/","logo":{"@type":"ImageObject","inLanguage":"it-IT","@id":"https:\/\/outkast-shop.com\/#\/schema\/logo\/image\/","url":"https:\/\/outkast-shop.com\/wp-content\/uploads\/2023\/06\/long-logo.png","contentUrl":"https:\/\/outkast-shop.com\/wp-content\/uploads\/2023\/06\/long-logo.png","width":326,"height":75,"caption":"Outkast Roller"},"image":{"@id":"https:\/\/outkast-shop.com\/#\/schema\/logo\/image\/"}}]}},"_links":{"self":[{"href":"https:\/\/outkast-shop.com\/it\/wp-json\/wp\/v2\/pages\/2342","targetHints":{"allow":["GET"]}}],"collection":[{"href":"https:\/\/outkast-shop.com\/it\/wp-json\/wp\/v2\/pages"}],"about":[{"href":"https:\/\/outkast-shop.com\/it\/wp-json\/wp\/v2\/types\/page"}],"author":[{"embeddable":true,"href":"https:\/\/outkast-shop.com\/it\/wp-json\/wp\/v2\/users\/1"}],"replies":[{"embeddable":true,"href":"https:\/\/outkast-shop.com\/it\/wp-json\/wp\/v2\/comments?post=2342"}],"version-history":[{"count":0,"href":"https:\/\/outkast-shop.com\/it\/wp-json\/wp\/v2\/pages\/2342\/revisions"}],"wp:attachment":[{"href":"https:\/\/outkast-shop.com\/it\/wp-json\/wp\/v2\/media?parent=2342"}],"curies":[{"name":"wp","href":"https:\/\/api.w.org\/{rel}","templated":true}]}}