{"id":2350,"date":"2023-06-26T10:12:59","date_gmt":"2023-06-26T10:12:59","guid":{"rendered":"https:\/\/outkast-shop.com\/?page_id=2350"},"modified":"2023-06-26T10:13:01","modified_gmt":"2023-06-26T10:13:01","slug":"terms-of-use","status":"publish","type":"page","link":"https:\/\/outkast-shop.com\/it\/condizioni-duso\/","title":{"rendered":"Condizioni di utilizzo"},"content":{"rendered":"<h1 class=\"wp-block-heading has-text-align-center\">Condizioni di utilizzo<\/h1>\n\n\n\n<p>Di seguito sono riportate le Condizioni d'uso di <a href=\"https:\/\/outkast-shop.com\/it\/\">outkast-shop.com<\/a>. Si prega di notare che la politica sulla privacy di Outkast Roller si applica all'uso del sito e dei suoi servizi e pu\u00f2 essere trovata qui.<\/p>\n\n\n\n<p>Utilizzando il sito, l'utente accetta le nostre Condizioni d'uso e l'Informativa sulla privacy. Queste si applicano a chiunque utilizzi il sito, i servizi o il software ai sensi dell'Accordo. Si prega di leggerli attentamente prima dell'uso.<\/p>\n\n\n\n<p>Visitando il sito, l'utente accetta e si impegna a rispettare le seguenti condizioni di utilizzo:<\/p>\n\n\n\n<ol class=\"wp-block-list\">\n<li>Il contenuto di questo sito \u00e8 solo a scopo informativo. Non siamo responsabili di eventuali azioni intraprese sulla base delle informazioni disponibili su questo sito o nelle e-mail promozionali da noi inviate.<\/li>\n\n\n\n<li>Non operiamo nel settore del gioco d'azzardo online e non elaboriamo alcuna transazione monetaria online per scommesse o puntate.<\/li>\n\n\n\n<li>Utilizzando il sito, l'utente accetta di non utilizzare alcuna parte del sito per attivit\u00e0 illegali o illecite. L'utente accetta di utilizzare il sito in conformit\u00e0 con tutte le leggi giurisdizionali pertinenti. L'utente sar\u00e0 ritenuto responsabile di eventuali perdite, danni, costi e responsabilit\u00e0 che potrebbero derivare dalla violazione dei nostri termini di utilizzo.<\/li>\n\n\n\n<li>L'utente accetta di non caricare alcun software dannoso che possa danneggiare o interferire con le normali operazioni del sito.<\/li>\n\n\n\n<li>Non caricare contenuti offensivi, inappropriati, indecenti, osceni o discutibili, compresi contenuti fastidiosi, sconvenienti o di spam. Possiamo rimuovere tali contenuti senza preavviso o spiegazione.<\/li>\n<\/ol>\n\n\n\n<p>I nostri contenuti possono contenere link a siti o risorse esterne. Utilizzando il nostro sito, l'utente riconosce che non siamo responsabili di alcun contenuto fuorviante o diffamatorio presente in questi siti o risorse esterne. Non approviamo n\u00e9 ci assumiamo la responsabilit\u00e0 per la politica sulla privacy, la pubblicit\u00e0, il contenuto, i prodotti, i materiali o i servizi di questi siti esterni. Non siamo responsabili di eventuali perdite, danni o offese causati o presunti tali da tali siti o risorse esterne.<\/p>\n\n\n\n<p>Il sito, cos\u00ec come tutti i nostri inserzionisti, aderisce a un rigoroso codice di condotta che comprende quanto segue:<\/p>\n\n\n\n<ul class=\"wp-block-list\">\n<li>Impedire che il gioco d'azzardo sia fonte di crimini o disordini o che sia affiliato a persone o agenzie che sostengono o utilizzano il gioco d'azzardo per sostenere crimini e disordini.<\/li>\n\n\n\n<li>Garantire che il gioco d'azzardo in tutte le sue forme sia condotto in modo equo e sicuro.<\/li>\n\n\n\n<li>Proteggere i minori e le altre persone vulnerabili dall'esposizione al gioco d'azzardo, dallo sfruttamento o dai danni che ne derivano.<\/li>\n<\/ul>\n\n\n\n<p>Terremo sempre conto dei suddetti obiettivi e agiremo in modo corretto e coerente con essi.<\/p>\n\n\n\n<p>Faremo del nostro meglio per garantire che tutti i contenuti disponibili sul nostro sito siano sempre corretti, privi di errori e accurati. Tuttavia, non possiamo garantire l'accuratezza delle informazioni fornite da siti e risorse di terzi.<\/p>\n\n\n\n<p>L'utilizzo dei materiali, delle risorse e dei link presenti sul nostro sito web avviene a proprio rischio e pericolo. Non ci assumiamo alcuna responsabilit\u00e0 per eventuali perdite, danni o responsabilit\u00e0 direttamente o indirettamente causati da tali materiali o link.<\/p>\n\n\n\n<p>Gli utenti del sito web sono responsabili dell'apprendimento e della comprensione delle regole relative alle attivit\u00e0 di gioco d'azzardo online nel proprio Paese di residenza, compresi i requisiti minimi di et\u00e0. Detto questo, spetta a voi assicurarvi di rispettare le leggi sul gioco d'azzardo imposte dal vostro Paese e di soddisfare i requisiti minimi.<\/p>\n\n\n\n<h2 class=\"wp-block-heading\">ACCETTAZIONE DELLE NOSTRE CONDIZIONI D'USO<\/h2>\n\n\n\n<p>Utilizzando il nostro sito, l'utente accetta le nostre Condizioni d'uso. Se non si accettano alcuni dei termini, si prega di interrompere l'utilizzo del sito e dei suoi servizi. Possiamo aggiornare i termini del contratto di tanto in tanto e vi informeremo di eventuali modifiche. \u00c8 responsabilit\u00e0 dell'utente rivedere i termini aggiornati prima di utilizzare nuovamente il nostro sito e controllare regolarmente eventuali modifiche. Ci riserviamo il diritto di sospendere o interrompere l'utilizzo dei servizi del nostro sito in qualsiasi momento, per qualsiasi motivo, a nostra esclusiva discrezione.<\/p>\n\n\n\n<h2 class=\"wp-block-heading\">UTILIZZO DEL SITO E DEI SERVIZI<\/h2>\n\n\n\n<p>Per utilizzare il nostro sito e i nostri servizi, i visitatori devono avere almeno 18 anni o aver raggiunto l'et\u00e0 legale di utilizzo nel loro paese di residenza. Il sito e i suoi contenuti non sono destinati ai minori di et\u00e0. Il nostro sito fornisce informazioni sui giochi di casin\u00f2 e sull'industria del gioco d'azzardo. Il suo utilizzo \u00e8 libero e a scopo puramente informativo. Non gestiamo casin\u00f2 online o siti di poker e pertanto non accettiamo transazioni monetarie per scommesse o puntate.<\/p>\n\n\n\n<h2 class=\"wp-block-heading\">ATTIVIT\u00c0 VIETATE<\/h2>\n\n\n\n<p>Visitando il sito, l'utente accetta di astenersi dal compiere qualsiasi attivit\u00e0 vietata.<\/p>\n\n\n\n<ul class=\"wp-block-list\">\n<li>carpire o ottenere dati personali da altri utenti del sito<\/li>\n\n\n\n<li>Utilizzare il sito e i suoi servizi per qualsiasi attivit\u00e0 illecita.<\/li>\n\n\n\n<li>Copiare, diffondere, utilizzare, modificare, tradurre o alterare qualsiasi contenuto o codice sorgente per uso personale o professionale.<\/li>\n\n\n\n<li>Raccogliere dati o informazioni in modo illecito o subdolo, sia esso automatizzato o meno.<\/li>\n\n\n\n<li>Spiattellare il sito o i servizi a terzi.<\/li>\n\n\n\n<li>Caricare o distribuire malware, virus, trojan, worm, spybot o simili sul sito o sui servizi.<\/li>\n\n\n\n<li>Violare o accedere al sito in modo subdolo.<\/li>\n<\/ul>\n\n\n\n<h2 class=\"wp-block-heading\">CONTENUTI DI TERZE PARTI<\/h2>\n\n\n\n<p>Il nostro sito pu\u00f2 contenere collegamenti ipertestuali a siti web, servizi o prodotti di terzi. Non siamo responsabili per i contenuti di terzi. Inoltre, non appoggiamo alcun prodotto o servizio di terzi. L'utente \u00e8 responsabile dell'utilizzo di qualsiasi servizio di terzi collegato tramite hyperlink dal nostro sito. Utilizzate i collegamenti ipertestuali di terzi a vostro rischio e pericolo.<\/p>\n\n\n\n<h2 class=\"wp-block-heading\">SERVIZI DI GIOCO<\/h2>\n\n\n\n<p>Questo sito ha uno scopo esclusivamente informativo e di intrattenimento, fornendo informazioni sui giochi di casin\u00f2 e sull'industria del gioco d'azzardo. Possiamo includere collegamenti ipertestuali o pubblicizzare contenuti di terzi relativi ai servizi di gioco d'azzardo e al gioco online. I nostri servizi sono destinati a utenti di et\u00e0 superiore ai 18 anni e che si trovano in una giurisdizione in cui il gioco d'azzardo online \u00e8 legale. Utilizzando i nostri servizi, l'utente accetta di soddisfare questi requisiti. Non forniamo consigli sulle legalit\u00e0 del gioco d'azzardo e spetta all'utente comprendere le leggi della propria regione. Pur fornendo informazioni sul gioco d'azzardo, non incoraggiamo nessuno a partecipare a queste attivit\u00e0, poich\u00e9 si tratta di una scelta personale.<\/p>\n\n\n\n<h2 class=\"wp-block-heading\">RISOLUZIONE DEL CONTRATTO<\/h2>\n\n\n\n<p>Ci riserviamo il diritto di rescindere il Contratto e l'accesso al sito e ai servizi in qualsiasi momento, senza alcun preavviso e senza alcun compenso finanziario.<\/p>\n\n\n\n<p>Il nostro sito offre una serie di servizi per aiutarvi a raggiungere i vostri obiettivi e ci impegniamo a fornire la migliore esperienza possibile a tutti i nostri utenti. Tuttavia, ci riserviamo il diritto di interrompere questi servizi se riteniamo che sia necessario farlo. Ci\u00f2 pu\u00f2 avvenire perch\u00e9 abbiamo individuato una violazione del Contratto o perch\u00e9 abbiamo altri motivi ragionevoli per farlo. Prendiamo sul serio queste decisioni e cercheremo sempre di comunicarle ai nostri utenti nel modo pi\u00f9 chiaro e trasparente possibile. Apprezziamo la fiducia che gli utenti ripongono in noi e ci impegneremo per mantenerla.<\/p>\n\n\n\n<h2 class=\"wp-block-heading\">RINUNCIA<\/h2>\n\n\n\n<p>Non verr\u00e0 concessa alcuna deroga ai termini dell'Accordo.<\/p>","protected":false},"excerpt":{"rendered":"<p>Condizioni d'uso Le seguenti sono le condizioni d'uso di outkast-shop.com. Si prega di notare che l'Informativa sulla privacy di Outkast Roller si applica all'uso del sito e dei suoi servizi e pu\u00f2 essere trovata qui. Utilizzando il sito, l'utente accetta le nostre Condizioni d'uso e l'Informativa sulla privacy. Queste si applicano a chiunque utilizzi il [...]<\/p>","protected":false},"author":1,"featured_media":0,"parent":0,"menu_order":0,"comment_status":"closed","ping_status":"closed","template":"","meta":{"_mi_skip_tracking":false,"_monsterinsights_sitenote_active":false,"_monsterinsights_sitenote_note":"","_monsterinsights_sitenote_category":0,"footnotes":""},"class_list":["post-2350","page","type-page","status-publish","hentry"],"acf":[],"yoast_head":"<!-- This site is optimized with the Yoast SEO plugin v22.8 - https:\/\/yoast.com\/wordpress\/plugins\/seo\/ -->\n<title>Terms of Use - Crypto Casino<\/title>\n<meta name=\"description\" content=\"The following are the Terms of Use for outkast-shop.com. Please note that the Outkast Roller Privacy Policy applies to the use of the site and its services, and can be found here.\" \/>\n<meta name=\"robots\" content=\"index, follow, max-snippet:-1, max-image-preview:large, max-video-preview:-1\" \/>\n<link rel=\"canonical\" href=\"https:\/\/outkast-shop.com\/it\/condizioni-duso\/\" \/>\n<meta property=\"og:locale\" content=\"it_IT\" \/>\n<meta property=\"og:type\" content=\"article\" \/>\n<meta property=\"og:title\" content=\"Terms of Use - Crypto Casino\" \/>\n<meta property=\"og:description\" content=\"The following are the Terms of Use for outkast-shop.com. Please note that the Outkast Roller Privacy Policy applies to the use of the site and its services, and can be found here.\" \/>\n<meta property=\"og:url\" content=\"https:\/\/outkast-shop.com\/it\/condizioni-duso\/\" \/>\n<meta property=\"og:site_name\" content=\"Crypto Casino\" \/>\n<meta property=\"article:modified_time\" content=\"2023-06-26T10:13:01+00:00\" \/>\n<meta name=\"twitter:card\" content=\"summary_large_image\" \/>\n<meta name=\"twitter:label1\" content=\"Tempo di lettura stimato\" \/>\n\t<meta name=\"twitter:data1\" content=\"6 minuti\" \/>\n<!-- \/ Yoast SEO plugin. -->","yoast_head_json":{"title":"Terms of Use - Crypto Casino","description":"The following are the Terms of Use for outkast-shop.com. Please note that the Outkast Roller Privacy Policy applies to the use of the site and its services, and can be found here.","robots":{"index":"index","follow":"follow","max-snippet":"max-snippet:-1","max-image-preview":"max-image-preview:large","max-video-preview":"max-video-preview:-1"},"canonical":"https:\/\/outkast-shop.com\/it\/condizioni-duso\/","og_locale":"it_IT","og_type":"article","og_title":"Terms of Use - Crypto Casino","og_description":"The following are the Terms of Use for outkast-shop.com. Please note that the Outkast Roller Privacy Policy applies to the use of the site and its services, and can be found here.","og_url":"https:\/\/outkast-shop.com\/it\/condizioni-duso\/","og_site_name":"Crypto Casino","article_modified_time":"2023-06-26T10:13:01+00:00","twitter_card":"summary_large_image","twitter_misc":{"Tempo di lettura stimato":"6 minuti"},"schema":{"@context":"https:\/\/schema.org","@graph":[{"@type":"WebPage","@id":"https:\/\/outkast-shop.com\/terms-of-use\/","url":"https:\/\/outkast-shop.com\/terms-of-use\/","name":"Terms of Use - Crypto Casino","isPartOf":{"@id":"https:\/\/outkast-shop.com\/#website"},"datePublished":"2023-06-26T10:12:59+00:00","dateModified":"2023-06-26T10:13:01+00:00","description":"The following are the Terms of Use for outkast-shop.com. Please note that the Outkast Roller Privacy Policy applies to the use of the site and its services, and can be found here.","breadcrumb":{"@id":"https:\/\/outkast-shop.com\/terms-of-use\/#breadcrumb"},"inLanguage":"it-IT","potentialAction":[{"@type":"ReadAction","target":["https:\/\/outkast-shop.com\/terms-of-use\/"]}]},{"@type":"BreadcrumbList","@id":"https:\/\/outkast-shop.com\/terms-of-use\/#breadcrumb","itemListElement":[{"@type":"ListItem","position":1,"name":"Home","item":"https:\/\/outkast-shop.com\/"},{"@type":"ListItem","position":2,"name":"Terms of Use"}]},{"@type":"WebSite","@id":"https:\/\/outkast-shop.com\/#website","url":"https:\/\/outkast-shop.com\/","name":"Crypto Casino","description":"","publisher":{"@id":"https:\/\/outkast-shop.com\/#organization"},"potentialAction":[{"@type":"SearchAction","target":{"@type":"EntryPoint","urlTemplate":"https:\/\/outkast-shop.com\/?s={search_term_string}"},"query-input":"required name=search_term_string"}],"inLanguage":"it-IT"},{"@type":"Organization","@id":"https:\/\/outkast-shop.com\/#organization","name":"Outkast Roller","alternateName":"outkast-shop.com","url":"https:\/\/outkast-shop.com\/","logo":{"@type":"ImageObject","inLanguage":"it-IT","@id":"https:\/\/outkast-shop.com\/#\/schema\/logo\/image\/","url":"https:\/\/outkast-shop.com\/wp-content\/uploads\/2023\/06\/long-logo.png","contentUrl":"https:\/\/outkast-shop.com\/wp-content\/uploads\/2023\/06\/long-logo.png","width":326,"height":75,"caption":"Outkast Roller"},"image":{"@id":"https:\/\/outkast-shop.com\/#\/schema\/logo\/image\/"}}]}},"_links":{"self":[{"href":"https:\/\/outkast-shop.com\/it\/wp-json\/wp\/v2\/pages\/2350","targetHints":{"allow":["GET"]}}],"collection":[{"href":"https:\/\/outkast-shop.com\/it\/wp-json\/wp\/v2\/pages"}],"about":[{"href":"https:\/\/outkast-shop.com\/it\/wp-json\/wp\/v2\/types\/page"}],"author":[{"embeddable":true,"href":"https:\/\/outkast-shop.com\/it\/wp-json\/wp\/v2\/users\/1"}],"replies":[{"embeddable":true,"href":"https:\/\/outkast-shop.com\/it\/wp-json\/wp\/v2\/comments?post=2350"}],"version-history":[{"count":0,"href":"https:\/\/outkast-shop.com\/it\/wp-json\/wp\/v2\/pages\/2350\/revisions"}],"wp:attachment":[{"href":"https:\/\/outkast-shop.com\/it\/wp-json\/wp\/v2\/media?parent=2350"}],"curies":[{"name":"wp","href":"https:\/\/api.w.org\/{rel}","templated":true}]}}