{"id":2378,"date":"2023-06-29T06:26:15","date_gmt":"2023-06-29T06:26:15","guid":{"rendered":"https:\/\/outkast-shop.com\/?page_id=2378"},"modified":"2023-06-29T06:40:18","modified_gmt":"2023-06-29T06:40:18","slug":"bobby-brown","status":"publish","type":"page","link":"https:\/\/outkast-shop.com\/it\/bobby-marrone\/","title":{"rendered":"Bobby Brown"},"content":{"rendered":"<h1 class=\"wp-block-heading has-text-align-center\">Bobby Brown<\/h1>\n\n\n\n<p class=\"has-text-align-center\">Bobby Brown \u00e8 un rinomato esperto di iGaming con una vasta esperienza nel settore. Ha dato un contributo significativo al settore grazie alle sue analisi e ai suoi rapporti approfonditi.<\/p>\n\n\n\n<figure class=\"wp-block-image aligncenter size-full\"><img decoding=\"async\" width=\"500\" height=\"475\" src=\"https:\/\/outkast-shop.com\/wp-content\/uploads\/2023\/06\/bobby-brown.jpg\" alt=\"Immagine della pagina autore Bobby Brown\" class=\"wp-image-2379\" srcset=\"https:\/\/outkast-shop.com\/wp-content\/uploads\/2023\/06\/bobby-brown.jpg 500w, https:\/\/outkast-shop.com\/wp-content\/uploads\/2023\/06\/bobby-brown-300x285.jpg 300w, https:\/\/outkast-shop.com\/wp-content\/uploads\/2023\/06\/bobby-brown-13x12.jpg 13w, https:\/\/outkast-shop.com\/wp-content\/uploads\/2023\/06\/bobby-brown-110x105.jpg 110w\" sizes=\"(max-width: 500px) 100vw, 500px\" \/><\/figure>\n\n\n\n<p>In qualit\u00e0 di giornalista impegnato, Bobby ha coperto un'ampia gamma di argomenti, tra i quali il <a href=\"https:\/\/outkast-shop.com\/it\/cripto-baccarat\/\">Crypto Baccarat<\/a> e altri giochi di criptovalute. La sua vasta conoscenza e competenza gli hanno fatto guadagnare la reputazione di una delle voci pi\u00f9 rispettate del giornalismo sportivo. Bobby \u00e8 noto anche per la sua capacit\u00e0 di fornire approfondimenti dettagliati e accurati, che lo rendono una fonte di riferimento per i professionisti del settore e per gli appassionati. La sua passione per il settore \u00e8 evidente nel suo lavoro, che \u00e8 sempre approfondito e coinvolgente. In sintesi, Bobby Brown \u00e8 un giornalista ed esperto iGaming altamente qualificato, le cui conoscenze approfondite e la cui esperienza lo rendono una risorsa preziosa per il settore.<\/p>\n\n\n\n<div class=\"wp-block-group alignfull gallery_section has-poka-boxes-background-color-alt-background-color has-background is-layout-constrained wp-block-group-is-layout-constrained\"><div class=\"wp-block-group__inner-container\">\n<p class=\"has-medium-font-size\"><strong><strong>Top Cryptos:<\/strong><\/strong><\/p>\n\n\n\n<div class=\"icons-galley\">\r\n\t\t  <a class=\"item\" href=\"https:\/\/outkast-shop.com\/it\/bitcoin-casino\/\"><img decoding=\"async\" src=\"\/wp-content\/uploads\/2023\/06\/btc.png\" alt=\"Icona Bitcoin Casin\u00f2\"><span>BTC Casin\u00f2<\/span><\/a>\r\n\t  <a class=\"item\" href=\"https:\/\/outkast-shop.com\/it\/casino-ethereum\/\"><img decoding=\"async\" src=\"\/wp-content\/uploads\/2023\/06\/eth.png\" alt=\"Icona Ethereum Casin\u00f2\"><span>ETH Casin\u00f2<\/span><\/a>\r\n\t  <a class=\"item\" href=\"https:\/\/outkast-shop.com\/it\/tether-casino\/\"><img decoding=\"async\" src=\"\/wp-content\/uploads\/2023\/06\/usdt.png\" alt=\"Icona Tether Casin\u00f2\"><span>USDT Casin\u00f2<\/span><\/a>\r\n\t  <a class=\"item\" href=\"https:\/\/outkast-shop.com\/it\/litecoin-casino\/\"><img decoding=\"async\" src=\"\/wp-content\/uploads\/2023\/06\/ltc.png\" alt=\"Icona dei casin\u00f2 Litecoin\"><span>LTC Casin\u00f2<\/span><\/a>\r\n\t  <a class=\"item\" href=\"https:\/\/outkast-shop.com\/it\/dogecoin-casino\/\"><img decoding=\"async\" src=\"\/wp-content\/uploads\/2023\/06\/doge.png\" alt=\"Icona dei casin\u00f2 Dogecoin\"><span>Doge Casin\u00f2<\/span><\/a>\r\n\t  <a class=\"item\" href=\"https:\/\/outkast-shop.com\/it\/ripple-casino\/\"><img decoding=\"async\" src=\"\/wp-content\/uploads\/2023\/06\/xrp.png\" alt=\"Icona Ripple Casin\u00f2\"><span>XRP Casin\u00f2<\/span><\/a>\r\n\t  <a class=\"item\" href=\"https:\/\/outkast-shop.com\/it\/bitcoin-cash-casino\/\"><img decoding=\"async\" src=\"\/wp-content\/uploads\/2023\/06\/bch.png\" alt=\"Icona del casin\u00f2 Bitcoin Cash\"><span>Casin\u00f2 BCH<\/span><\/a>\r\n\t  <a class=\"item\" href=\"https:\/\/outkast-shop.com\/it\/tron-casino\/\"><img decoding=\"async\" src=\"\/wp-content\/uploads\/2023\/06\/trx.png\" alt=\"Tron icona del casin\u00f2\"><span>TRX<\/span><\/a> \r\n\t  <a class=\"item\" href=\"https:\/\/outkast-shop.com\/it\/cardano-casino\/\"><img decoding=\"async\" src=\"\/wp-content\/uploads\/2023\/06\/ada.png\" alt=\"Icona dei casin\u00f2 Ada\"><span>Casin\u00f2 di Ada<\/span><\/a>\r\n      <a class=\"item\" href=\"https:\/\/outkast-shop.com\/it\/binance-coin-casino\/\"><img decoding=\"async\" src=\"\/wp-content\/uploads\/2023\/06\/bnb.png\" alt=\"Icona dei casin\u00f2 Bnb\"><span>BNB Casin\u00f2<\/span><\/a>\r\n      <a class=\"item\" href=\"https:\/\/outkast-shop.com\/it\/dash-casino\/\"><img decoding=\"async\" src=\"\/wp-content\/uploads\/2023\/06\/dash.png\" alt=\"Icona dei casin\u00f2 Dash\"><span>Dash Casin\u00f2<\/span><\/a>\r\n      <a class=\"item\" href=\"https:\/\/outkast-shop.com\/it\/casino-shiba-inu\/\"><img decoding=\"async\" src=\"\/wp-content\/uploads\/2023\/06\/shib.png\" alt=\"Icona dei casin\u00f2 Shiba Inu\"><span>Casin\u00f2 Shiba<\/span><\/a>\r\n      <a class=\"item\" href=\"https:\/\/outkast-shop.com\/it\/solana-casino\/\"><img decoding=\"async\" src=\"\/wp-content\/uploads\/2023\/06\/sol.png\" alt=\"Icona Solana casionos\"><span>Casin\u00f2 SOL<\/span><\/a>\r\n      <a class=\"item\" href=\"https:\/\/outkast-shop.com\/it\/monero-casino\/\"><img decoding=\"async\" src=\"\/wp-content\/uploads\/2023\/06\/xmr.png\" alt=\"Icona dei casin\u00f2 Xmr\"><span>Casin\u00f2 XMR<\/span><\/a>     \r\n<\/div>\n<\/div><\/div>\n\n\n\n<div class=\"wp-block-group alignfull has-background is-layout-flow wp-container-16\" style=\"padding-top:60px;padding-right:0px;padding-bottom:10px;padding-left:0px; background:#1d2730;\"><div class=\"wp-block-group__inner-container\">\n<div class=\"wp-block-columns are-vertically-aligned-center is-layout-flex wp-container-15\">\n<div class=\"wp-block-column is-vertically-aligned-center is-layout-flow\" style=\"flex-basis:100%\">\n<div class=\"wp-block-group is-layout-flow\"><div class=\"wp-block-group__inner-container\">\n<div class=\"wp-block-columns is-layout-flex wp-container-12\" style=\"padding-right:20px;padding-left:20px\">\n<div class=\"wp-block-column is-vertically-aligned-center is-layout-flow\" style=\"padding-top:20px;padding-bottom:20px;flex-basis:70%\">\n<p class=\"has-text-align-left has-white-color has-text-color wp-block-heading\" style=\"font-size:46px;font-style:normal;font-weight:300;margin-top:10px;margin-right:0px;margin-bottom:10px;margin-left:0px\">Inizia subito a giocare!<\/p>\n<\/div>\n\n\n\n<div class=\"wp-block-column is-vertically-aligned-center is-layout-flow\" style=\"padding-top:10px;padding-bottom:10px;flex-basis:30%\"><div class=\"wp-block-poka-button\">\n<a class=\"wp-block-button__link has-vivid-red-background-color has-background\" href=\"https:\/\/outkast-shop.com\/it\/go\/play\/\" style=\"border-radius:100px\"><strong>Gioca ora!<\/strong><\/a>\n\n\t\t<\/div><\/div>\n<\/div>\n<\/div><\/div>\n<\/div>\n<\/div>\n<\/div><\/div>\n\n\n\n<div class=\"wp-block-group alignfull gallery_section has-poka-boxes-background-color-alt-background-color has-background is-layout-constrained wp-block-group-is-layout-constrained\"><div class=\"wp-block-group__inner-container\">\n<p class=\"has-medium-font-size\"><strong>Per saperne di pi\u00f9:<\/strong><\/p>\n\n\n\n<div class=\"types-gallery\">\r\n\t  <a class=\"item\" href=\"https:\/\/outkast-shop.com\/it\/casino-anonimi\/\"><img decoding=\"async\" src=\"\/wp-content\/uploads\/2023\/06\/ct4.png\" alt=\"Icona dei casin\u00f2 anonimi\"><span>Casin\u00f2 anonimi<\/span><\/a>\r\n      <a class=\"item\" href=\"https:\/\/outkast-shop.com\/it\/blockchain-casino\/\"><img decoding=\"async\" src=\"\/wp-content\/uploads\/2023\/06\/ct2.png\" alt=\"Icona dei casin\u00f2 Blockchain\"><span>Casin\u00f2 Blockchain<\/span><\/a>\r\n      <a class=\"item\" href=\"https:\/\/outkast-shop.com\/it\/casino-decentralizzati\/\"><img decoding=\"async\" src=\"\/wp-content\/uploads\/2023\/06\/ct5.png\" alt=\"Icona dei casin\u00f2 decentralizzati\"><span>Casin\u00f2 decentralizzati<\/span><\/a>\r\n      <a class=\"item\" href=\"https:\/\/outkast-shop.com\/it\/casino-ibridi-online\/\"><img decoding=\"async\" src=\"\/wp-content\/uploads\/2023\/06\/ct3.png\" alt=\"Icona dei casin\u00f2 ibridi\"><span>Casin\u00f2 ibridi<\/span><\/a>\r\n      <a class=\"item\" href=\"https:\/\/outkast-shop.com\/it\/nuovi-casino-crypto\/\"><img decoding=\"async\" src=\"\/wp-content\/uploads\/2023\/06\/ct6-1.png\" alt=\"Nuova icona Crypto Casinos\"><span>Nuovo Crypto Casinos<\/span><\/a>\r\n      <a class=\"item\" href=\"https:\/\/outkast-shop.com\/it\/nft-casino\/\"><img decoding=\"async\" src=\"\/wp-content\/uploads\/2023\/06\/ct7-1.png\" alt=\"Icona dei Casin\u00f2 NFT\"><span>Casin\u00f2 NFT<\/span><\/a>     \r\n<\/div>\n<\/div><\/div>","protected":false},"excerpt":{"rendered":"<p>Bobby Brown Bobby Brown \u00e8 un rinomato esperto di iGaming con una vasta esperienza nel settore. Ha dato un contributo significativo al settore grazie alle sue analisi e ai suoi reportage. In qualit\u00e0 di giornalista, Bobby ha trattato un'ampia gamma di argomenti, tra cui il Crypto Baccarat e altri giochi di criptovalute. La sua vasta conoscenza e [...]<\/p>","protected":false},"author":1,"featured_media":0,"parent":0,"menu_order":0,"comment_status":"closed","ping_status":"closed","template":"","meta":{"_mi_skip_tracking":false,"_monsterinsights_sitenote_active":false,"_monsterinsights_sitenote_note":"","_monsterinsights_sitenote_category":0,"footnotes":""},"class_list":["post-2378","page","type-page","status-publish","hentry"],"acf":[],"yoast_head":"<!-- This site is optimized with the Yoast SEO plugin v22.8 - https:\/\/yoast.com\/wordpress\/plugins\/seo\/ -->\n<title>Bobby Brown, Author at outkast-shop.com<\/title>\n<meta name=\"description\" content=\"Bobby Brown is a renowned iGaming expert with a wealth of experience in the industry. He has made significant contributions to the field through his insightful analysis and reporting.\" \/>\n<meta name=\"robots\" content=\"index, follow, max-snippet:-1, max-image-preview:large, max-video-preview:-1\" \/>\n<link rel=\"canonical\" href=\"https:\/\/outkast-shop.com\/it\/bobby-marrone\/\" \/>\n<meta property=\"og:locale\" content=\"it_IT\" \/>\n<meta property=\"og:type\" content=\"article\" \/>\n<meta property=\"og:title\" content=\"Bobby Brown, Author at outkast-shop.com\" \/>\n<meta property=\"og:description\" content=\"Bobby Brown is a renowned iGaming expert with a wealth of experience in the industry. He has made significant contributions to the field through his insightful analysis and reporting.\" \/>\n<meta property=\"og:url\" content=\"https:\/\/outkast-shop.com\/it\/bobby-marrone\/\" \/>\n<meta property=\"og:site_name\" content=\"Crypto Casino\" \/>\n<meta property=\"article:modified_time\" content=\"2023-06-29T06:40:18+00:00\" \/>\n<meta property=\"og:image\" content=\"https:\/\/outkast-shop.com\/wp-content\/uploads\/2023\/06\/bobby-brown.jpg\" \/>\n<meta name=\"twitter:card\" content=\"summary_large_image\" \/>\n<meta name=\"twitter:label1\" content=\"Tempo di lettura stimato\" \/>\n\t<meta name=\"twitter:data1\" content=\"1 minuto\" \/>\n<!-- \/ Yoast SEO plugin. -->","yoast_head_json":{"title":"Bobby Brown, Author at outkast-shop.com","description":"Bobby Brown is a renowned iGaming expert with a wealth of experience in the industry. He has made significant contributions to the field through his insightful analysis and reporting.","robots":{"index":"index","follow":"follow","max-snippet":"max-snippet:-1","max-image-preview":"max-image-preview:large","max-video-preview":"max-video-preview:-1"},"canonical":"https:\/\/outkast-shop.com\/it\/bobby-marrone\/","og_locale":"it_IT","og_type":"article","og_title":"Bobby Brown, Author at outkast-shop.com","og_description":"Bobby Brown is a renowned iGaming expert with a wealth of experience in the industry. He has made significant contributions to the field through his insightful analysis and reporting.","og_url":"https:\/\/outkast-shop.com\/it\/bobby-marrone\/","og_site_name":"Crypto Casino","article_modified_time":"2023-06-29T06:40:18+00:00","og_image":[{"url":"https:\/\/outkast-shop.com\/wp-content\/uploads\/2023\/06\/bobby-brown.jpg"}],"twitter_card":"summary_large_image","twitter_misc":{"Tempo di lettura stimato":"1 minuto"},"schema":{"@context":"https:\/\/schema.org","@graph":[{"@type":"WebPage","@id":"https:\/\/outkast-shop.com\/bobby-brown\/","url":"https:\/\/outkast-shop.com\/bobby-brown\/","name":"Bobby Brown, Author at outkast-shop.com","isPartOf":{"@id":"https:\/\/outkast-shop.com\/#website"},"primaryImageOfPage":{"@id":"https:\/\/outkast-shop.com\/bobby-brown\/#primaryimage"},"image":{"@id":"https:\/\/outkast-shop.com\/bobby-brown\/#primaryimage"},"thumbnailUrl":"https:\/\/outkast-shop.com\/wp-content\/uploads\/2023\/06\/bobby-brown.jpg","datePublished":"2023-06-29T06:26:15+00:00","dateModified":"2023-06-29T06:40:18+00:00","description":"Bobby Brown is a renowned iGaming expert with a wealth of experience in the industry. He has made significant contributions to the field through his insightful analysis and reporting.","breadcrumb":{"@id":"https:\/\/outkast-shop.com\/bobby-brown\/#breadcrumb"},"inLanguage":"it-IT","potentialAction":[{"@type":"ReadAction","target":["https:\/\/outkast-shop.com\/bobby-brown\/"]}]},{"@type":"ImageObject","inLanguage":"it-IT","@id":"https:\/\/outkast-shop.com\/bobby-brown\/#primaryimage","url":"https:\/\/outkast-shop.com\/wp-content\/uploads\/2023\/06\/bobby-brown.jpg","contentUrl":"https:\/\/outkast-shop.com\/wp-content\/uploads\/2023\/06\/bobby-brown.jpg"},{"@type":"BreadcrumbList","@id":"https:\/\/outkast-shop.com\/bobby-brown\/#breadcrumb","itemListElement":[{"@type":"ListItem","position":1,"name":"Home","item":"https:\/\/outkast-shop.com\/"},{"@type":"ListItem","position":2,"name":"Bobby Brown"}]},{"@type":"WebSite","@id":"https:\/\/outkast-shop.com\/#website","url":"https:\/\/outkast-shop.com\/","name":"Crypto Casino","description":"","publisher":{"@id":"https:\/\/outkast-shop.com\/#organization"},"potentialAction":[{"@type":"SearchAction","target":{"@type":"EntryPoint","urlTemplate":"https:\/\/outkast-shop.com\/?s={search_term_string}"},"query-input":"required name=search_term_string"}],"inLanguage":"it-IT"},{"@type":"Organization","@id":"https:\/\/outkast-shop.com\/#organization","name":"Outkast Roller","alternateName":"outkast-shop.com","url":"https:\/\/outkast-shop.com\/","logo":{"@type":"ImageObject","inLanguage":"it-IT","@id":"https:\/\/outkast-shop.com\/#\/schema\/logo\/image\/","url":"https:\/\/outkast-shop.com\/wp-content\/uploads\/2023\/06\/long-logo.png","contentUrl":"https:\/\/outkast-shop.com\/wp-content\/uploads\/2023\/06\/long-logo.png","width":326,"height":75,"caption":"Outkast Roller"},"image":{"@id":"https:\/\/outkast-shop.com\/#\/schema\/logo\/image\/"}}]}},"_links":{"self":[{"href":"https:\/\/outkast-shop.com\/it\/wp-json\/wp\/v2\/pages\/2378","targetHints":{"allow":["GET"]}}],"collection":[{"href":"https:\/\/outkast-shop.com\/it\/wp-json\/wp\/v2\/pages"}],"about":[{"href":"https:\/\/outkast-shop.com\/it\/wp-json\/wp\/v2\/types\/page"}],"author":[{"embeddable":true,"href":"https:\/\/outkast-shop.com\/it\/wp-json\/wp\/v2\/users\/1"}],"replies":[{"embeddable":true,"href":"https:\/\/outkast-shop.com\/it\/wp-json\/wp\/v2\/comments?post=2378"}],"version-history":[{"count":0,"href":"https:\/\/outkast-shop.com\/it\/wp-json\/wp\/v2\/pages\/2378\/revisions"}],"wp:attachment":[{"href":"https:\/\/outkast-shop.com\/it\/wp-json\/wp\/v2\/media?parent=2378"}],"curies":[{"name":"wp","href":"https:\/\/api.w.org\/{rel}","templated":true}]}}