{"id":1806,"date":"2023-06-05T16:58:53","date_gmt":"2023-06-05T16:58:53","guid":{"rendered":"https:\/\/outkast-shop.com\/?page_id=1806"},"modified":"2024-03-19T09:06:07","modified_gmt":"2024-03-19T09:06:07","slug":"responsible-gambling-guide","status":"publish","type":"page","link":"https:\/\/outkast-shop.com\/pl\/przewodnik-odpowiedzialnego-hazardu\/","title":{"rendered":"Przewodnik po odpowiedzialnym hazardzie"},"content":{"rendered":"<h1 class=\"wp-block-heading has-text-align-center\">Odpowiedzialny hazard <\/h1>\n\n\n\n<p class=\"has-text-align-center\">Hazard jest aktywno\u015bci\u0105, z kt\u00f3rej korzystaj\u0105 miliony ludzi na ca\u0142ym \u015bwiecie, ale wa\u017cne jest, aby robi\u0107 to odpowiedzialnie. Niniejszy przewodnik obejmuje podstawy odpowiedzialnego hazardu, w tym jak dzia\u0142a hazard, ryzyko z nim zwi\u0105zane i jak rozpozna\u0107 problem z hazardem. Zawiera on r\u00f3wnie\u017c praktyczne wskaz\u00f3wki i zasoby dla tych, kt\u00f3rzy chc\u0105 gra\u0107 odpowiedzialnie.<\/p>\n\n\n\n<figure class=\"wp-block-image aligncenter size-full is-resized\"><img decoding=\"async\" src=\"https:\/\/outkast-shop.com\/wp-content\/uploads\/2023\/06\/resp-gambling.jpg\" alt=\"Odpowiedzialny hazard \" class=\"wp-image-1863\" width=\"600\" height=\"368\" srcset=\"https:\/\/outkast-shop.com\/wp-content\/uploads\/2023\/06\/resp-gambling.jpg 800w, https:\/\/outkast-shop.com\/wp-content\/uploads\/2023\/06\/resp-gambling-300x184.jpg 300w, https:\/\/outkast-shop.com\/wp-content\/uploads\/2023\/06\/resp-gambling-768x470.jpg 768w, https:\/\/outkast-shop.com\/wp-content\/uploads\/2023\/06\/resp-gambling-18x12.jpg 18w, https:\/\/outkast-shop.com\/wp-content\/uploads\/2023\/06\/resp-gambling-110x67.jpg 110w, https:\/\/outkast-shop.com\/wp-content\/uploads\/2023\/06\/resp-gambling-575x352.jpg 575w\" sizes=\"(max-width: 600px) 100vw, 600px\" \/><\/figure>\n\n\n\n<h2 class=\"wp-block-heading has-text-align-center\">Zrozumienie hazardu<\/h2>\n\n\n\n<p>Przed rozpocz\u0119ciem gry wa\u017cne jest, aby zrozumie\u0107 r\u00f3\u017cne rodzaje hazardu i ich dzia\u0142anie. W tej sekcji om\u00f3wimy podstawy hazardu, w tym zwi\u0105zane z nim ryzyko.<\/p>\n\n\n\n<p>Hazard jest popularn\u0105 form\u0105 rozrywki, z kt\u00f3rej mog\u0105 korzysta\u0107 ludzie w ka\u017cdym wieku, z r\u00f3\u017cnych \u015brodowisk i na r\u00f3\u017cnych poziomach umiej\u0119tno\u015bci. Niekt\u00f3rzy graj\u0105 dla zabawy, podczas gdy inni pr\u00f3buj\u0105 wygra\u0107 pieni\u0105dze. Niezale\u017cnie od tego, jakie s\u0105 powody uprawiania hazardu, wa\u017cne jest, aby zrozumie\u0107 r\u00f3\u017cne rodzaje hazardu, kt\u00f3re s\u0105 dost\u0119pne.<\/p>\n\n\n\n<p>Istnieje wiele r\u00f3\u017cnych rodzaj\u00f3w hazardu, w tym gry kasynowe, zak\u0142ady sportowe i loterie. Ka\u017cdy rodzaj hazardu ma sw\u00f3j w\u0142asny zestaw zasad i zagro\u017ce\u0144 z nim zwi\u0105zanych. Na przyk\u0142ad gry kasynowe s\u0105 zaprojektowane tak, aby by\u0142y zabawne i przyjemne, ale wi\u0105\u017c\u0105 si\u0119 r\u00f3wnie\u017c z wysokim stopniem ryzyka. Podobnie, zak\u0142ady sportowe mog\u0105 by\u0107 zabawnym sposobem na cieszenie si\u0119 ulubionymi sportami, ale mog\u0105 by\u0107 r\u00f3wnie\u017c ryzykowne, je\u015bli nie wiesz, co robisz.<\/p>\n\n\n\n<p>Aby odnie\u015b\u0107 sukces jako hazardzista, wa\u017cne jest, aby zrozumie\u0107 ryzyko zwi\u0105zane z ka\u017cdym rodzajem hazardu, a tak\u017ce strategie, kt\u00f3re mo\u017cna wykorzysta\u0107 w celu zmniejszenia tego ryzyka.<\/p>\n\n\n\n<h2 class=\"wp-block-heading has-text-align-center\">Oznaki problematycznego hazardu<\/h2>\n\n\n\n<p>Problem z hazardem mo\u017ce by\u0107 bardzo powa\u017cn\u0105 kwesti\u0105, kt\u00f3ra mo\u017ce mie\u0107 szereg negatywnych konsekwencji. Mo\u017ce nie tylko prowadzi\u0107 do trudno\u015bci finansowych, ale tak\u017ce mie\u0107 znacz\u0105cy wp\u0142yw na relacje i zdrowie psychiczne. Na przyk\u0142ad osoby, kt\u00f3re zmagaj\u0105 si\u0119 z problemem hazardu, mog\u0105 popa\u015b\u0107 w d\u0142ugi, co mo\u017ce powodowa\u0107 stres i niepok\u00f3j. Mo\u017ce to nast\u0119pnie prowadzi\u0107 do problem\u00f3w z partnerem lub cz\u0142onkami rodziny, kt\u00f3rzy mog\u0105 czu\u0107 si\u0119 sfrustrowani lub zdenerwowani sytuacj\u0105. Ponadto hazard mo\u017ce mie\u0107 negatywny wp\u0142yw na zdrowie psychiczne, prowadz\u0105c do depresji lub niskiej samooceny.<\/p>\n\n\n\n<p>Je\u015bli uwa\u017casz, \u017ce ty lub kto\u015b, kogo znasz, mo\u017ce zmaga\u0107 si\u0119 z problemem hazardu, wa\u017cne jest, aby by\u0107 \u015bwiadomym znak\u00f3w ostrzegawczych. Mog\u0105 one obejmowa\u0107 takie rzeczy, jak wydawanie na hazard wi\u0119cej pieni\u0119dzy, ni\u017c mo\u017cesz sobie na to pozwoli\u0107, ok\u0142amywanie przyjaci\u00f3\u0142 lub cz\u0142onk\u00f3w rodziny na temat swoich nawyk\u00f3w hazardowych oraz uczucie rozdra\u017cnienia lub niepokoju, gdy nie jeste\u015b w stanie uprawia\u0107 hazardu. Na szcz\u0119\u015bcie istnieje wiele zasob\u00f3w, kt\u00f3re mog\u0105 pom\u00f3c osobom zmagaj\u0105cym si\u0119 z problemem hazardu. Mog\u0105 to by\u0107 grupy wsparcia, terapia i zasoby internetowe, kt\u00f3re mog\u0105 dostarczy\u0107 informacji i porad na temat radzenia sobie z tym problemem.<\/p>\n\n\n\n<h2 class=\"wp-block-heading has-text-align-center\">Odpowiedzialne praktyki hazardowe<\/h2>\n\n\n\n<p>Hazard mo\u017ce by\u0107 przyjemn\u0105 rozrywk\u0105, ale wa\u017cne jest, aby podchodzi\u0107 do niego odpowiedzialnie. Oto kilka dodatkowych strategii, kt\u00f3re pomog\u0105 ci zachowa\u0107 kontrol\u0119 nad swoimi nawykami hazardowymi:<\/p>\n\n\n\n<ul class=\"list-star wp-block-list\">\n<li>Ustal bud\u017cet: Okre\u015bl, ile pieni\u0119dzy mo\u017cesz straci\u0107, zanim zaczniesz gra\u0107. Trzymaj si\u0119 tego bud\u017cetu i nigdy nie graj pieni\u0119dzmi, kt\u00f3rych nie mo\u017cesz straci\u0107.<\/li>\n\n\n\n<li>Ustal limit czasu: Zdecyduj, ile czasu mo\u017cesz realistycznie po\u015bwi\u0119ci\u0107 na hazard i trzymaj si\u0119 tego limitu. Pomo\u017ce ci to zachowa\u0107 kontrol\u0119 i unikn\u0105\u0107 utraty poczucia czasu.<\/li>\n\n\n\n<li>Zidentyfikuj czynniki wyzwalaj\u0105ce: Je\u015bli masz trudno\u015bci z utrzymaniem kontroli, pomocne mo\u017ce by\u0107 zidentyfikowanie tego, co wyzwala twoje zachowania hazardowe. Mo\u017ce to by\u0107 stres, nuda lub inne czynniki. Gdy poznasz swoje wyzwalacze, mo\u017cesz podj\u0105\u0107 kroki, aby ich unikn\u0105\u0107 lub skuteczniej nimi zarz\u0105dza\u0107.<\/li>\n\n\n\n<li>Zrozumienie szans: Wa\u017cne jest, aby mie\u0107 realistyczne zrozumienie szans na wygran\u0105 przed rozpocz\u0119ciem hazardu. Mo\u017ce to pom\u00f3c unikn\u0105\u0107 nierealistycznych oczekiwa\u0144 i podejmowa\u0107 bardziej \u015bwiadome decyzje dotycz\u0105ce tego, kiedy i jak uprawia\u0107 hazard.<\/li>\n<\/ul>\n\n\n\n<h2 class=\"wp-block-heading has-text-align-center\">Zasoby zapewniaj\u0105ce pomoc i wsparcie<\/h2>\n\n\n\n<p>Je\u015bli ty lub kto\u015b kogo znasz zmaga si\u0119 z problemem hazardu, wa\u017cne jest, aby wiedzie\u0107, \u017ce nie jeste\u015b sam. Jest wiele os\u00f3b, kt\u00f3re stan\u0119\u0142y przed podobnymi wyzwaniami i wiele zasob\u00f3w dost\u0119pnych w celu uzyskania pomocy i wsparcia. Ta sekcja zawiera obszerne informacje na temat infolinii, grup wsparcia, zasob\u00f3w internetowych i profesjonalnych opcji leczenia. Niezale\u017cnie od tego, czy szukasz poufnej infolinii, aby porozmawia\u0107 z kim\u015b o swoich obawach, czy te\u017c jeste\u015b zainteresowany znalezieniem grupy wsparcia, w kt\u00f3rej mo\u017cesz po\u0142\u0105czy\u0107 si\u0119 z innymi, kt\u00f3rzy rozumiej\u0105, przez co przechodzisz, istnieje wiele dost\u0119pnych opcji. Ponadto istnieje wiele zasob\u00f3w dost\u0119pnych online, w tym fora, czaty i strony informacyjne, kt\u00f3re mog\u0105 dostarczy\u0107 cennych informacji i wsparcia. Wreszcie, je\u015bli uwa\u017casz, \u017ce potrzebujesz profesjonalnego leczenia, dost\u0119pnych jest wiele r\u00f3\u017cnych opcji, w tym terapia, doradztwo oraz programy stacjonarne i ambulatoryjne. Bez wzgl\u0119du na to, jakie s\u0105 twoje potrzeby, dost\u0119pna jest pomoc.<\/p>\n\n\n\n<h2 class=\"wp-block-heading has-text-align-center\">Wnioski<\/h2>\n\n\n\n<p>Wa\u017cne jest, aby pami\u0119ta\u0107, \u017ce odpowiedzialny hazard to nie tylko unikanie hazardu problemowego, ale tak\u017ce zapewnienie, \u017ce korzystasz z tej aktywno\u015bci w spos\u00f3b zr\u00f3wnowa\u017cony i bezpieczny. Oznacza to po\u015bwi\u0119cenie czasu na zrozumienie ryzyka zwi\u0105zanego z hazardem, ustalenie limit\u00f3w wydatk\u00f3w i czasu oraz wiedz\u0119, kiedy szuka\u0107 pomocy w razie potrzeby. Przyjmuj\u0105c odpowiedzialne podej\u015bcie do hazardu, mo\u017cesz cieszy\u0107 si\u0119 t\u0105 aktywno\u015bci\u0105 bezpiecznie i ze spokojem.<\/p>\n\n\n\n<div class=\"wp-block-group alignfull gallery_section has-poka-boxes-background-color-alt-background-color has-background is-layout-constrained wp-block-group-is-layout-constrained\"><div class=\"wp-block-group__inner-container\">\n<p class=\"has-medium-font-size\"><strong>Odkryj wi\u0119cej:<\/strong><\/p>\n\n\n\n<div class=\"types-gallery\">\r\n\t  <a class=\"item\" href=\"https:\/\/outkast-shop.com\/pl\/anonimowe-kasyna\/\"><img decoding=\"async\" src=\"\/wp-content\/uploads\/2023\/06\/ct4.png\" alt=\"Ikona anonimowego kasyna\"><span>Anonimowe kasyna<\/span><\/a>\r\n      <a class=\"item\" href=\"https:\/\/outkast-shop.com\/pl\/blockchain-kasyna\/\"><img decoding=\"async\" src=\"\/wp-content\/uploads\/2023\/06\/ct2.png\" alt=\"Ikona kasyn blockchain\"><span>Kasyna blockchain<\/span><\/a>\r\n      <a class=\"item\" href=\"https:\/\/outkast-shop.com\/pl\/zdecentralizowane-kasyna\/\"><img decoding=\"async\" src=\"\/wp-content\/uploads\/2023\/06\/ct5.png\" alt=\"Ikona zdecentralizowanych kasyn\"><span>Zdecentralizowane kasyna<\/span><\/a>\r\n      <a class=\"item\" href=\"https:\/\/outkast-shop.com\/pl\/hybrydowe-kasyna-online\/\"><img decoding=\"async\" src=\"\/wp-content\/uploads\/2023\/06\/ct3.png\" alt=\"Ikona kasyna hybrydowego\"><span>Kasyna hybrydowe<\/span><\/a>\r\n      <a class=\"item\" href=\"https:\/\/outkast-shop.com\/pl\/nowe-kasyna-kryptowalutowe\/\"><img decoding=\"async\" src=\"\/wp-content\/uploads\/2023\/06\/ct6-1.png\" alt=\"Nowa ikona Crypto Casinos\"><span>Nowy Crypto Casinos<\/span><\/a>\r\n      <a class=\"item\" href=\"https:\/\/outkast-shop.com\/pl\/nft-kasyna\/\"><img decoding=\"async\" src=\"\/wp-content\/uploads\/2023\/06\/ct7-1.png\" alt=\"Ikona kasyn NFT\"><span>Kasyna NFT<\/span><\/a>     \r\n<\/div>\n<\/div><\/div>\n\n\n\n<div class=\"wp-block-group alignfull has-background is-layout-flow wp-container-16\" style=\"padding-top:60px;padding-right:0px;padding-bottom:10px;padding-left:0px; background:#1d2730;\"><div class=\"wp-block-group__inner-container\">\n<div class=\"wp-block-columns are-vertically-aligned-center is-layout-flex wp-container-15\">\n<div class=\"wp-block-column is-vertically-aligned-center is-layout-flow\" style=\"flex-basis:100%\">\n<div class=\"wp-block-group is-layout-flow\"><div class=\"wp-block-group__inner-container\">\n<div class=\"wp-block-columns is-layout-flex wp-container-12\" style=\"padding-right:20px;padding-left:20px\">\n<div class=\"wp-block-column is-vertically-aligned-center is-layout-flow\" style=\"padding-top:20px;padding-bottom:20px;flex-basis:70%\">\n<p class=\"has-text-align-left has-white-color has-text-color wp-block-heading\" style=\"font-size:46px;font-style:normal;font-weight:300;margin-top:10px;margin-right:0px;margin-bottom:10px;margin-left:0px\">Zacznij gra\u0107 ju\u017c teraz!<\/p>\n<\/div>\n\n\n\n<div class=\"wp-block-column is-vertically-aligned-center is-layout-flow\" style=\"padding-top:10px;padding-bottom:10px;flex-basis:30%\"><div class=\"wp-block-poka-button\">\n<a class=\"wp-block-button__link has-vivid-red-background-color has-background\" href=\"https:\/\/outkast-shop.com\/pl\/go\/play\/\" style=\"border-radius:100px\"><strong>Zagraj teraz!<\/strong><\/a>\n\n\t\t<\/div><\/div>\n<\/div>\n<\/div><\/div>\n<\/div>\n<\/div>\n<\/div><\/div>\n\n\n\n<div class=\"wp-block-group alignfull gallery_section has-poka-boxes-background-color-alt-background-color has-background is-layout-constrained wp-block-group-is-layout-constrained\"><div class=\"wp-block-group__inner-container\">\n<p class=\"has-medium-font-size\"><strong><strong>Najlepsze kryptowaluty:<\/strong><\/strong><\/p>\n\n\n\n<div class=\"icons-galley\">\r\n\t\t  <a class=\"item\" href=\"https:\/\/outkast-shop.com\/pl\/kasyna-bitcoin\/\"><img decoding=\"async\" src=\"\/wp-content\/uploads\/2023\/06\/btc.png\" alt=\"Bitcoin Ikona kasyna\"><span>Kasyna BTC<\/span><\/a>\r\n\t  <a class=\"item\" href=\"https:\/\/outkast-shop.com\/pl\/ethereum-kasyna\/\"><img decoding=\"async\" src=\"\/wp-content\/uploads\/2023\/06\/eth.png\" alt=\"Ethereum Ikona kasyna\"><span>Kasyna ETH<\/span><\/a>\r\n\t  <a class=\"item\" href=\"https:\/\/outkast-shop.com\/pl\/kasyna-na-uwiezi\/\"><img decoding=\"async\" src=\"\/wp-content\/uploads\/2023\/06\/usdt.png\" alt=\"Tether Ikona kasyna\"><span>Kasyna USDT<\/span><\/a>\r\n\t  <a class=\"item\" href=\"https:\/\/outkast-shop.com\/pl\/kasyna-litecoin\/\"><img decoding=\"async\" src=\"\/wp-content\/uploads\/2023\/06\/ltc.png\" alt=\"Litecoin Ikona kasyna\"><span>LTC Kasyna<\/span><\/a>\r\n\t  <a class=\"item\" href=\"https:\/\/outkast-shop.com\/pl\/dogecoin-kasyna\/\"><img decoding=\"async\" src=\"\/wp-content\/uploads\/2023\/06\/doge.png\" alt=\"Ikona kasyna Dogecoin\"><span>Kasyna Doge<\/span><\/a>\r\n\t  <a class=\"item\" href=\"https:\/\/outkast-shop.com\/pl\/ripple-kasyna\/\"><img decoding=\"async\" src=\"\/wp-content\/uploads\/2023\/06\/xrp.png\" alt=\"Ripple Ikona kasyna\"><span>Kasyna XRP<\/span><\/a>\r\n\t  <a class=\"item\" href=\"https:\/\/outkast-shop.com\/pl\/kasyna-bitcoin-cash\/\"><img decoding=\"async\" src=\"\/wp-content\/uploads\/2023\/06\/bch.png\" alt=\"Ikona kasyna Bitcoin Cash\"><span>Kasyna BCH<\/span><\/a>\r\n\t  <a class=\"item\" href=\"https:\/\/outkast-shop.com\/pl\/tron-kasyna\/\"><img decoding=\"async\" src=\"\/wp-content\/uploads\/2023\/06\/trx.png\" alt=\"Ikona kasyna Tron\"><span>TRX<\/span><\/a> \r\n\t  <a class=\"item\" href=\"https:\/\/outkast-shop.com\/pl\/cardano-kasyna\/\"><img decoding=\"async\" src=\"\/wp-content\/uploads\/2023\/06\/ada.png\" alt=\"Ikona kasyna Ada\"><span>Kasyna Ada<\/span><\/a>\r\n      <a class=\"item\" href=\"https:\/\/outkast-shop.com\/pl\/binance-coin-kasyna\/\"><img decoding=\"async\" src=\"\/wp-content\/uploads\/2023\/06\/bnb.png\" alt=\"Ikona kasyn Bnb\"><span>Kasyna BNB<\/span><\/a>\r\n      <a class=\"item\" href=\"https:\/\/outkast-shop.com\/pl\/dash-kasyna\/\"><img decoding=\"async\" src=\"\/wp-content\/uploads\/2023\/06\/dash.png\" alt=\"Ikona kasyna Dash\"><span>Kasyna Dash<\/span><\/a>\r\n      <a class=\"item\" href=\"https:\/\/outkast-shop.com\/pl\/kasyna-shiba-inu\/\"><img decoding=\"async\" src=\"\/wp-content\/uploads\/2023\/06\/shib.png\" alt=\"Ikona kasyna Shiba Inu\"><span>Kasyna Shiba<\/span><\/a>\r\n      <a class=\"item\" href=\"https:\/\/outkast-shop.com\/pl\/solana-kasyna\/\"><img decoding=\"async\" src=\"\/wp-content\/uploads\/2023\/06\/sol.png\" alt=\"Ikona casionos Solana\"><span>Kasyna SOL<\/span><\/a>\r\n      <a class=\"item\" href=\"https:\/\/outkast-shop.com\/pl\/monero-kasyna\/\"><img decoding=\"async\" src=\"\/wp-content\/uploads\/2023\/06\/xmr.png\" alt=\"Ikona kasyn Xmr\"><span>Kasyna XMR<\/span><\/a>     \r\n<\/div>\n<\/div><\/div>","protected":false},"excerpt":{"rendered":"<p>Odpowiedzialny hazard Hazard jest aktywno\u015bci\u0105, z kt\u00f3rej korzystaj\u0105 miliony ludzi na ca\u0142ym \u015bwiecie, ale wa\u017cne jest, aby robi\u0107 to odpowiedzialnie. Niniejszy przewodnik obejmuje podstawy odpowiedzialnego hazardu, w tym jak dzia\u0142a hazard, ryzyko z nim zwi\u0105zane i jak rozpozna\u0107 problem z hazardem. Zapewni r\u00f3wnie\u017c praktyczne wskaz\u00f3wki i zasoby dla [...]<\/p>","protected":false},"author":1,"featured_media":1863,"parent":0,"menu_order":0,"comment_status":"closed","ping_status":"closed","template":"","meta":{"_mi_skip_tracking":false,"_monsterinsights_sitenote_active":false,"_monsterinsights_sitenote_note":"","_monsterinsights_sitenote_category":0,"footnotes":""},"class_list":["post-1806","page","type-page","status-publish","has-post-thumbnail","hentry"],"acf":[],"yoast_head":"<!-- This site is optimized with the Yoast SEO plugin v22.8 - https:\/\/yoast.com\/wordpress\/plugins\/seo\/ -->\n<title>Responsible Gambling Essentials: How to Enjoy Betting Safely<\/title>\n<meta name=\"description\" content=\"Discover essential advice on enjoying betting safely, with practical tips for setting limits, recognizing risk signs, and accessing support resources.\" \/>\n<meta name=\"robots\" content=\"index, follow, max-snippet:-1, max-image-preview:large, max-video-preview:-1\" \/>\n<link rel=\"canonical\" href=\"https:\/\/outkast-shop.com\/pl\/przewodnik-odpowiedzialnego-hazardu\/\" \/>\n<meta property=\"og:locale\" content=\"pl_PL\" \/>\n<meta property=\"og:type\" content=\"article\" \/>\n<meta property=\"og:title\" content=\"Responsible Gambling Essentials: How to Enjoy Betting Safely\" \/>\n<meta property=\"og:description\" content=\"Discover essential advice on enjoying betting safely, with practical tips for setting limits, recognizing risk signs, and accessing support resources.\" \/>\n<meta property=\"og:url\" content=\"https:\/\/outkast-shop.com\/pl\/przewodnik-odpowiedzialnego-hazardu\/\" \/>\n<meta property=\"og:site_name\" content=\"Crypto Casino\" \/>\n<meta property=\"article:modified_time\" content=\"2024-03-19T09:06:07+00:00\" \/>\n<meta property=\"og:image\" content=\"https:\/\/outkast-shop.com\/wp-content\/uploads\/2023\/06\/resp-gambling.jpg\" \/>\n\t<meta property=\"og:image:width\" content=\"800\" \/>\n\t<meta property=\"og:image:height\" content=\"490\" \/>\n\t<meta property=\"og:image:type\" content=\"image\/jpeg\" \/>\n<meta name=\"twitter:card\" content=\"summary_large_image\" \/>\n<meta name=\"twitter:label1\" content=\"Szacowany czas czytania\" \/>\n\t<meta name=\"twitter:data1\" content=\"5 minut\" \/>\n<!-- \/ Yoast SEO plugin. -->","yoast_head_json":{"title":"Responsible Gambling Essentials: How to Enjoy Betting Safely","description":"Discover essential advice on enjoying betting safely, with practical tips for setting limits, recognizing risk signs, and accessing support resources.","robots":{"index":"index","follow":"follow","max-snippet":"max-snippet:-1","max-image-preview":"max-image-preview:large","max-video-preview":"max-video-preview:-1"},"canonical":"https:\/\/outkast-shop.com\/pl\/przewodnik-odpowiedzialnego-hazardu\/","og_locale":"pl_PL","og_type":"article","og_title":"Responsible Gambling Essentials: How to Enjoy Betting Safely","og_description":"Discover essential advice on enjoying betting safely, with practical tips for setting limits, recognizing risk signs, and accessing support resources.","og_url":"https:\/\/outkast-shop.com\/pl\/przewodnik-odpowiedzialnego-hazardu\/","og_site_name":"Crypto Casino","article_modified_time":"2024-03-19T09:06:07+00:00","og_image":[{"width":800,"height":490,"url":"https:\/\/outkast-shop.com\/wp-content\/uploads\/2023\/06\/resp-gambling.jpg","type":"image\/jpeg"}],"twitter_card":"summary_large_image","twitter_misc":{"Szacowany czas czytania":"5 minut"},"schema":{"@context":"https:\/\/schema.org","@graph":[{"@type":"WebPage","@id":"https:\/\/outkast-shop.com\/responsible-gambling-guide\/","url":"https:\/\/outkast-shop.com\/responsible-gambling-guide\/","name":"Responsible Gambling Essentials: How to Enjoy Betting Safely","isPartOf":{"@id":"https:\/\/outkast-shop.com\/#website"},"primaryImageOfPage":{"@id":"https:\/\/outkast-shop.com\/responsible-gambling-guide\/#primaryimage"},"image":{"@id":"https:\/\/outkast-shop.com\/responsible-gambling-guide\/#primaryimage"},"thumbnailUrl":"https:\/\/outkast-shop.com\/wp-content\/uploads\/2023\/06\/resp-gambling.jpg","datePublished":"2023-06-05T16:58:53+00:00","dateModified":"2024-03-19T09:06:07+00:00","description":"Discover essential advice on enjoying betting safely, with practical tips for setting limits, recognizing risk signs, and accessing support resources.","breadcrumb":{"@id":"https:\/\/outkast-shop.com\/responsible-gambling-guide\/#breadcrumb"},"inLanguage":"pl-PL","potentialAction":[{"@type":"ReadAction","target":["https:\/\/outkast-shop.com\/responsible-gambling-guide\/"]}]},{"@type":"ImageObject","inLanguage":"pl-PL","@id":"https:\/\/outkast-shop.com\/responsible-gambling-guide\/#primaryimage","url":"https:\/\/outkast-shop.com\/wp-content\/uploads\/2023\/06\/resp-gambling.jpg","contentUrl":"https:\/\/outkast-shop.com\/wp-content\/uploads\/2023\/06\/resp-gambling.jpg","width":800,"height":490,"caption":"Responsible Gambling"},{"@type":"BreadcrumbList","@id":"https:\/\/outkast-shop.com\/responsible-gambling-guide\/#breadcrumb","itemListElement":[{"@type":"ListItem","position":1,"name":"Home","item":"https:\/\/outkast-shop.com\/"},{"@type":"ListItem","position":2,"name":"Responsible Gambling Guide"}]},{"@type":"WebSite","@id":"https:\/\/outkast-shop.com\/#website","url":"https:\/\/outkast-shop.com\/","name":"Crypto Casino","description":"","publisher":{"@id":"https:\/\/outkast-shop.com\/#organization"},"potentialAction":[{"@type":"SearchAction","target":{"@type":"EntryPoint","urlTemplate":"https:\/\/outkast-shop.com\/?s={search_term_string}"},"query-input":"required name=search_term_string"}],"inLanguage":"pl-PL"},{"@type":"Organization","@id":"https:\/\/outkast-shop.com\/#organization","name":"Outkast Roller","alternateName":"outkast-shop.com","url":"https:\/\/outkast-shop.com\/","logo":{"@type":"ImageObject","inLanguage":"pl-PL","@id":"https:\/\/outkast-shop.com\/#\/schema\/logo\/image\/","url":"https:\/\/outkast-shop.com\/wp-content\/uploads\/2023\/06\/long-logo.png","contentUrl":"https:\/\/outkast-shop.com\/wp-content\/uploads\/2023\/06\/long-logo.png","width":326,"height":75,"caption":"Outkast Roller"},"image":{"@id":"https:\/\/outkast-shop.com\/#\/schema\/logo\/image\/"}}]}},"_links":{"self":[{"href":"https:\/\/outkast-shop.com\/pl\/wp-json\/wp\/v2\/pages\/1806","targetHints":{"allow":["GET"]}}],"collection":[{"href":"https:\/\/outkast-shop.com\/pl\/wp-json\/wp\/v2\/pages"}],"about":[{"href":"https:\/\/outkast-shop.com\/pl\/wp-json\/wp\/v2\/types\/page"}],"author":[{"embeddable":true,"href":"https:\/\/outkast-shop.com\/pl\/wp-json\/wp\/v2\/users\/1"}],"replies":[{"embeddable":true,"href":"https:\/\/outkast-shop.com\/pl\/wp-json\/wp\/v2\/comments?post=1806"}],"version-history":[{"count":0,"href":"https:\/\/outkast-shop.com\/pl\/wp-json\/wp\/v2\/pages\/1806\/revisions"}],"wp:featuredmedia":[{"embeddable":true,"href":"https:\/\/outkast-shop.com\/pl\/wp-json\/wp\/v2\/media\/1863"}],"wp:attachment":[{"href":"https:\/\/outkast-shop.com\/pl\/wp-json\/wp\/v2\/media?parent=1806"}],"curies":[{"name":"wp","href":"https:\/\/api.w.org\/{rel}","templated":true}]}}