{"id":2342,"date":"2023-06-26T09:25:06","date_gmt":"2023-06-26T09:25:06","guid":{"rendered":"https:\/\/outkast-shop.com\/?page_id=2342"},"modified":"2023-06-26T10:12:18","modified_gmt":"2023-06-26T10:12:18","slug":"gambling-terminology-glossary","status":"publish","type":"page","link":"https:\/\/outkast-shop.com\/pl\/slowniczek-terminologii-hazardu\/","title":{"rendered":"S\u0142owniczek terminologii hazardowej"},"content":{"rendered":"<h1 class=\"wp-block-heading has-text-align-center\">S\u0142owniczek terminologii hazardowej<\/h1>\n\n\n\n<p class=\"has-text-align-center\">Hazard mo\u017ce by\u0107 ekscytuj\u0105cym i lukratywnym hobby, ale wa\u017cne jest, aby zrozumie\u0107 terminologi\u0119 i zasady gier przed rozpocz\u0119ciem gry. Ten kompleksowy przewodnik zawiera przegl\u0105d niekt\u00f3rych z najpopularniejszych termin\u00f3w u\u017cywanych w kasynach i grach hazardowych.<\/p>\n\n\n\n<figure class=\"wp-block-image aligncenter size-full is-resized\"><img decoding=\"async\" src=\"https:\/\/outkast-shop.com\/wp-content\/uploads\/2023\/06\/gambling-terminology-glossary-min.jpg\" alt=\"S\u0142owniczek terminologii hazardowej\" class=\"wp-image-2344\" width=\"750\" height=\"459\" srcset=\"https:\/\/outkast-shop.com\/wp-content\/uploads\/2023\/06\/gambling-terminology-glossary-min.jpg 1000w, https:\/\/outkast-shop.com\/wp-content\/uploads\/2023\/06\/gambling-terminology-glossary-min-300x184.jpg 300w, https:\/\/outkast-shop.com\/wp-content\/uploads\/2023\/06\/gambling-terminology-glossary-min-768x470.jpg 768w, https:\/\/outkast-shop.com\/wp-content\/uploads\/2023\/06\/gambling-terminology-glossary-min-18x12.jpg 18w, https:\/\/outkast-shop.com\/wp-content\/uploads\/2023\/06\/gambling-terminology-glossary-min-110x67.jpg 110w, https:\/\/outkast-shop.com\/wp-content\/uploads\/2023\/06\/gambling-terminology-glossary-min-575x352.jpg 575w\" sizes=\"(max-width: 750px) 100vw, 750px\" \/><\/figure>\n\n\n\n<h2 class=\"wp-block-heading has-text-align-center\">S\u0142owniczek kasynowy i terminologia hazardowa<\/h2>\n\n\n\n<h3 class=\"wp-block-heading\">A<\/h3>\n\n\n\n<ul class=\"wp-block-list\">\n<li><em>Dzia\u0142anie<\/em>: Ca\u0142kowita kwota postawiona przez gracza podczas gry.<\/li>\n\n\n\n<li><em>Ante<\/em>: Minimalny zak\u0142ad wymagany do wzi\u0119cia udzia\u0142u w grze.<\/li>\n\n\n\n<li><em>As wysoki\/niski<\/em>: Zasada w pokerze, zgodnie z kt\u00f3r\u0105 as mo\u017ce by\u0107 najwy\u017csz\u0105 lub najni\u017csz\u0105 kart\u0105 w stritu.<\/li>\n\n\n\n<li><em>All-In<\/em>: Postawienie wszystkich pozosta\u0142ych \u017ceton\u00f3w w grze w pokera.<\/li>\n<\/ul>\n\n\n\n<h3 class=\"wp-block-heading\">B<\/h3>\n\n\n\n<ul class=\"wp-block-list\">\n<li><em>Bankroll<\/em>: Ca\u0142kowita kwota pieni\u0119dzy, kt\u00f3r\u0105 gracz przeznaczy\u0142 na hazard.<\/li>\n\n\n\n<li><em>Du\u017ca w ciemno<\/em>: Wi\u0119kszy z dw\u00f3ch wymuszonych zak\u0142ad\u00f3w w grze w pokera Texas Hold'em.<\/li>\n\n\n\n<li><em>Blackjack<\/em>: Gra karciana, w kt\u00f3rej celem jest uzyskanie warto\u015bci 21 lub jak najbli\u017cszej 21 bez przekraczania tej warto\u015bci.<\/li>\n\n\n\n<li><em>Bluff<\/em>: Dokonanie zak\u0142adu lub podbicia w pokerze ze s\u0142ab\u0105 r\u0119k\u0105 w celu oszukania przeciwnik\u00f3w.<\/li>\n<\/ul>\n\n\n\n<h3 class=\"wp-block-heading\">C<\/h3>\n\n\n\n<ul class=\"wp-block-list\">\n<li><em>Zadzwo\u0144<\/em>: Dopasowanie bie\u017c\u0105cego zak\u0142adu w grze w pokera.<\/li>\n\n\n\n<li><em>Przewaga kasyna<\/em>: Przewaga, jak\u0105 kasyno ma nad graczami w grze.<\/li>\n\n\n\n<li><em>Chipsy<\/em>: Okr\u0105g\u0142e \u017cetony u\u017cywane zamiast pieni\u0119dzy w kasynie.<\/li>\n\n\n\n<li><em>Krupierzy<\/em>: Osoba, kt\u00f3ra prowadzi gr\u0119 w kasynie.<\/li>\n<\/ul>\n\n\n\n<h3 class=\"wp-block-heading\">D<\/h3>\n\n\n\n<ul class=\"wp-block-list\">\n<li><em>Dealer<\/em>: Osoba, kt\u00f3ra rozdaje karty w grze kasynowej.<\/li>\n\n\n\n<li><em>Podw\u00f3jnie lub nic<\/em>: Zak\u0142ad, kt\u00f3ry albo podwoi wygran\u0105 gracza, albo spowoduje ca\u0142kowit\u0105 przegran\u0105.<\/li>\n\n\n\n<li><em>A\u017c do filcu<\/em>: Gdy gracz straci wszystkie swoje \u017cetony w grze.<\/li>\n<\/ul>\n\n\n\n<h3 class=\"wp-block-heading\">E<\/h3>\n\n\n\n<ul class=\"wp-block-list\">\n<li><em>Warto\u015b\u0107 oczekiwana<\/em>: Kwota pieni\u0119dzy, kt\u00f3r\u0105 gracz mo\u017ce wygra\u0107 lub straci\u0107 w grze w czasie.<\/li>\n\n\n\n<li><em>Eye in the Sky<\/em>: Kamery umieszczone w ca\u0142ym kasynie w celu monitorowania aktywno\u015bci i zapobiegania oszustwom.<\/li>\n<\/ul>\n\n\n\n<h3 class=\"wp-block-heading\">F<\/h3>\n\n\n\n<ul class=\"wp-block-list\">\n<li><em>Karty twarzy<\/em>: Walety, Damy i Kr\u00f3le w talii kart.<\/li>\n\n\n\n<li><em>Ryba<\/em>: Termin u\u017cywany do opisania nowego i niedo\u015bwiadczonego gracza.<\/li>\n\n\n\n<li><em>Zak\u0142ady p\u0142askie<\/em>: Obstawianie tej samej kwoty na ka\u017cde rozdanie lub rund\u0119 gry.<\/li>\n\n\n\n<li><em>Sk\u0142adanie<\/em>: Zrzeczenie si\u0119 r\u0119ki w pokerze i oddanie postawionych \u017ceton\u00f3w.<\/li>\n<\/ul>\n\n\n\n<h3 class=\"wp-block-heading\">G<\/h3>\n\n\n\n<ul class=\"wp-block-list\">\n<li><em>B\u0142\u0105d hazardzisty<\/em>: B\u0142\u0119dne przekonanie, \u017ce dane zdarzenie jest mniej lub bardziej prawdopodobne na podstawie wcze\u015bniejszych wynik\u00f3w.<\/li>\n\n\n\n<li><em>Grind<\/em>: Powolne i sta\u0142e budowanie wygranych w czasie.<\/li>\n<\/ul>\n\n\n\n<h3 class=\"wp-block-heading\">H<\/h3>\n\n\n\n<ul class=\"wp-block-list\">\n<li><em>High Roller<\/em>: Gracz, kt\u00f3ry regularnie obstawia du\u017ce kwoty pieni\u0119dzy.<\/li>\n\n\n\n<li><em>Hit<\/em>: Poproszenie o kolejn\u0105 kart\u0119 w blackjacku.<\/li>\n\n\n\n<li><em>House Edge<\/em>: Przewaga, jak\u0105 kasyno ma w grze.<\/li>\n<\/ul>\n\n\n\n<h3 class=\"wp-block-heading\">I<\/h3>\n\n\n\n<ul class=\"wp-block-list\">\n<li><em>Ubezpieczenie<\/em>: Zak\u0142ad poboczny w blackjacku, kt\u00f3ry jest wyp\u0142acany, je\u015bli krupier ma naturalnego blackjacka.<\/li>\n\n\n\n<li><em>Zak\u0142ad wewn\u0119trzny<\/em>: Zak\u0142ad postawiony na okre\u015blon\u0105 liczb\u0119 lub kombinacj\u0119 liczb w ruletce.<\/li>\n<\/ul>\n\n\n\n<h3 class=\"wp-block-heading\">J<\/h3>\n\n\n\n<ul class=\"wp-block-list\">\n<li><em>Jackpot<\/em>: Du\u017ca nagroda, kt\u00f3r\u0105 mo\u017cna wygra\u0107 na automacie lub w innej grze kasynowej.<\/li>\n\n\n\n<li><em>Joker<\/em>: Karta, kt\u00f3ra mo\u017ce by\u0107 u\u017cywana jak ka\u017cda inna karta w niekt\u00f3rych grach.<\/li>\n<\/ul>\n\n\n\n<h3 class=\"wp-block-heading\">K<\/h3>\n\n\n\n<ul class=\"wp-block-list\">\n<li><em>Kicker<\/em>: Karta u\u017cywana do prze\u0142amywania remis\u00f3w w uk\u0142adach pokerowych o tej samej warto\u015bci.<\/li>\n\n\n\n<li><em>Kitty<\/em>: Kwota pieni\u0119dzy zebrana od graczy w grze, przeznaczona na progresywny jackpot.<\/li>\n<\/ul>\n\n\n\n<h3 class=\"wp-block-heading\">L<\/h3>\n\n\n\n<ul class=\"wp-block-list\">\n<li><em>Limit<\/em>: Maksymalne i minimalne zak\u0142ady dozwolone w grze.<\/li>\n\n\n\n<li><em>Za\u0142aduj<\/em>: Obstawianie maksymalnej kwoty dozwolonej w grze.<\/li>\n\n\n\n<li><em>Lu\u017any<\/em>: Termin u\u017cywany do opisania gracza, kt\u00f3ry rozgrywa wiele rozda\u0144 i agresywnie obstawia.<\/li>\n<\/ul>\n\n\n\n<h3 class=\"wp-block-heading\">M<\/h3>\n\n\n\n<ul class=\"wp-block-list\">\n<li><em>System Martingale<\/em>: Strategia obstawiania, w kt\u00f3rej gracz podwaja sw\u00f3j zak\u0142ad po ka\u017cdej przegranej, pr\u00f3buj\u0105c odzyska\u0107 straty.<\/li>\n\n\n\n<li><em>Maksymalny zak\u0142ad<\/em>: Najwy\u017cszy dozwolony zak\u0142ad w grze.<\/li>\n\n\n\n<li><em>Minimalny zak\u0142ad<\/em>: Najni\u017cszy dozwolony zak\u0142ad w grze.<\/li>\n<\/ul>\n\n\n\n<h3 class=\"wp-block-heading\">N<\/h3>\n\n\n\n<ul class=\"wp-block-list\">\n<li><em>Naturalny<\/em>: Uk\u0142ad dw\u00f3ch kart w blackjacku, kt\u00f3ry sumuje si\u0119 do 21.<\/li>\n\n\n\n<li><em>Nikiel<\/em>: Slangowe okre\u015blenie \u017cetonu $5 w kasynie.<\/li>\n<\/ul>\n\n\n\n<h3 class=\"wp-block-heading\">O<\/h3>\n\n\n\n<ul class=\"wp-block-list\">\n<li><em>Szanse<\/em>: Prawdopodobie\u0144stwo wyst\u0105pienia okre\u015blonego zdarzenia w grze.<\/li>\n\n\n\n<li><em>Zak\u0142ad zewn\u0119trzny<\/em>: Zak\u0142ad postawiony po zewn\u0119trznej stronie sto\u0142u do ruletki, taki jak czerwony lub czarny.<\/li>\n<\/ul>\n\n\n\n<h3 class=\"wp-block-heading\">P<\/h3>\n\n\n\n<ul class=\"wp-block-list\">\n<li><em>Wyp\u0142ata<\/em>: Kwota pieni\u0119dzy wygrana w grze.<\/li>\n\n\n\n<li><em>Tabela wyp\u0142at<\/em>: Tabela pokazuj\u0105ca wyp\u0142aty za ka\u017cdy zwyci\u0119ski uk\u0142ad lub kombinacj\u0119 w grze.<\/li>\n\n\n\n<li><em>Garnek<\/em>: Kwota postawiona przez wszystkich graczy w grze w pokera.<\/li>\n<\/ul>\n\n\n\n<h3 class=\"wp-block-heading\">Q<\/h3>\n\n\n\n<ul class=\"wp-block-list\">\n<li><em>Kwalifikator<\/em>: W niekt\u00f3rych grach, takich jak poker Caribbean Stud, gracz musi mie\u0107 okre\u015blony uk\u0142ad, aby zakwalifikowa\u0107 si\u0119 do progresywnego jackpota.<\/li>\n<\/ul>\n\n\n\n<h3 class=\"wp-block-heading\">R<\/h3>\n\n\n\n<ul class=\"wp-block-list\">\n<li><em>Grabie<\/em>: Procent puli, kt\u00f3ry kasyno pobiera jako op\u0142at\u0119 za organizacj\u0119 gry.<\/li>\n\n\n\n<li><em>Kr\u00f3lewski poker<\/em>: Najwy\u017cszy mo\u017cliwy uk\u0142ad w pokerze, sk\u0142adaj\u0105cy si\u0119 z 10, waleta, damy, kr\u00f3la i asa w tym samym kolorze.<\/li>\n<\/ul>\n\n\n\n<h3 class=\"wp-block-heading\">S<\/h3>\n\n\n\n<ul class=\"wp-block-list\">\n<li><em>But<\/em>: Urz\u0105dzenie u\u017cywane do trzymania i wydawania kart w niekt\u00f3rych grach kasynowych.<\/li>\n\n\n\n<li><em>Podzia\u0142<\/em>: W blackjacku opcja podzielenia pary kart na dwie osobne r\u0119ce.<\/li>\n\n\n\n<li><em>Stawka<\/em>: Kwota postawiona na pojedyncz\u0105 gr\u0119 lub rozdanie.<\/li>\n\n\n\n<li><em>Prosto<\/em>: Uk\u0142ad w pokerze, kt\u00f3ry sk\u0142ada si\u0119 z pi\u0119ciu kart u\u0142o\u017conych w kolejno\u015bci.<\/li>\n<\/ul>\n\n\n\n<h3 class=\"wp-block-heading\">T<\/h3>\n\n\n\n<ul class=\"wp-block-list\">\n<li><em>Limity tabeli<\/em>: Minimalne i maksymalne zak\u0142ady dozwolone przy stole.<\/li>\n\n\n\n<li><em>Turniej<\/em>: Zawody, w kt\u00f3rych gracze rywalizuj\u0105 ze sob\u0105 o nagrod\u0119.<\/li>\n\n\n\n<li><em>Wycieczki<\/em>: Uk\u0142ad w pokerze, kt\u00f3ry sk\u0142ada si\u0119 z trzech takich samych kart.<\/li>\n<\/ul>\n\n\n\n<h3 class=\"wp-block-heading\">U<\/h3>\n\n\n\n<ul class=\"wp-block-list\">\n<li><em>Karta w g\u00f3r\u0119<\/em>: W blackjacku, odkryta karta krupiera, kt\u00f3ra jest widoczna dla graczy.<\/li>\n\n\n\n<li><em>Jednostka<\/em>: Minimalna wielko\u015b\u0107 zak\u0142adu w grze.<\/li>\n<\/ul>\n\n\n\n<h3 class=\"wp-block-heading\">V<\/h3>\n\n\n\n<ul class=\"wp-block-list\">\n<li><em>Vigorish<\/em>: Op\u0142ata pobierana przez bukmachera za przyj\u0119cie zak\u0142adu.<\/li>\n\n\n\n<li><em>VIP<\/em>: Gracz o wysokim statusie, kt\u00f3ry jest specjalnie traktowany przez kasyno.<\/li>\n<\/ul>\n\n\n\n<h3 class=\"wp-block-heading\">W<\/h3>\n\n\n\n<ul class=\"wp-block-list\">\n<li><em>Wieloryb<\/em>: Termin u\u017cywany do opisania gracza, kt\u00f3ry obstawia bardzo du\u017ce kwoty pieni\u0119dzy.<\/li>\n\n\n\n<li><em>Dzika karta<\/em>: Karta, kt\u00f3ra mo\u017ce by\u0107 u\u017cywana jak ka\u017cda inna karta w niekt\u00f3rych grach.<\/li>\n\n\n\n<li><em>Zwyci\u0119ska r\u0119ka<\/em>: Uk\u0142ad, kt\u00f3ry wygrywa gr\u0119.<\/li>\n<\/ul>\n\n\n\n<h3 class=\"wp-block-heading\">X<\/h3>\n\n\n\n<ul class=\"wp-block-list\">\n<li><em>X-Ray Vision<\/em>: Termin u\u017cywany do opisania zdolno\u015bci widzenia przez karty lub inne przedmioty w kasynie.<\/li>\n<\/ul>\n\n\n\n<h3 class=\"wp-block-heading\">Y<\/h3>\n\n\n\n<ul class=\"wp-block-list\">\n<li><em>\u017b\u00f3\u0142ty<\/em>: Slangowe okre\u015blenie \u017cetonu $1,000 w kasynie.<\/li>\n<\/ul>\n\n\n\n<h3 class=\"wp-block-heading\">Z<\/h3>\n\n\n\n<ul class=\"wp-block-list\">\n<li><em>Zero<\/em>: Liczba na kole ruletki, kt\u00f3ra jest zielona i nie nale\u017cy ani do czerwonej, ani do czarnej grupy.<\/li>\n<\/ul>\n\n\n\n<div class=\"wp-block-group alignfull gallery_section has-poka-boxes-background-color-alt-background-color has-background is-layout-constrained wp-block-group-is-layout-constrained\"><div class=\"wp-block-group__inner-container\">\n<p class=\"has-medium-font-size\"><strong>Odkryj wi\u0119cej:<\/strong><\/p>\n\n\n\n<div class=\"types-gallery\">\r\n\t  <a class=\"item\" href=\"https:\/\/outkast-shop.com\/pl\/anonimowe-kasyna\/\"><img decoding=\"async\" src=\"\/wp-content\/uploads\/2023\/06\/ct4.png\" alt=\"Ikona anonimowego kasyna\"><span>Anonimowe kasyna<\/span><\/a>\r\n      <a class=\"item\" href=\"https:\/\/outkast-shop.com\/pl\/blockchain-kasyna\/\"><img decoding=\"async\" src=\"\/wp-content\/uploads\/2023\/06\/ct2.png\" alt=\"Ikona kasyn blockchain\"><span>Kasyna blockchain<\/span><\/a>\r\n      <a class=\"item\" href=\"https:\/\/outkast-shop.com\/pl\/zdecentralizowane-kasyna\/\"><img decoding=\"async\" src=\"\/wp-content\/uploads\/2023\/06\/ct5.png\" alt=\"Ikona zdecentralizowanych kasyn\"><span>Zdecentralizowane kasyna<\/span><\/a>\r\n      <a class=\"item\" href=\"https:\/\/outkast-shop.com\/pl\/hybrydowe-kasyna-online\/\"><img decoding=\"async\" src=\"\/wp-content\/uploads\/2023\/06\/ct3.png\" alt=\"Ikona kasyna hybrydowego\"><span>Kasyna hybrydowe<\/span><\/a>\r\n      <a class=\"item\" href=\"https:\/\/outkast-shop.com\/pl\/nowe-kasyna-kryptowalutowe\/\"><img decoding=\"async\" src=\"\/wp-content\/uploads\/2023\/06\/ct6-1.png\" alt=\"Nowa ikona Crypto Casinos\"><span>Nowy Crypto Casinos<\/span><\/a>\r\n      <a class=\"item\" href=\"https:\/\/outkast-shop.com\/pl\/nft-kasyna\/\"><img decoding=\"async\" src=\"\/wp-content\/uploads\/2023\/06\/ct7-1.png\" alt=\"Ikona kasyn NFT\"><span>Kasyna NFT<\/span><\/a>     \r\n<\/div>\n<\/div><\/div>\n\n\n\n<div class=\"wp-block-group alignfull has-background is-layout-flow wp-container-16\" style=\"padding-top:60px;padding-right:0px;padding-bottom:10px;padding-left:0px; background:#1d2730;\"><div class=\"wp-block-group__inner-container\">\n<div class=\"wp-block-columns are-vertically-aligned-center is-layout-flex wp-container-15\">\n<div class=\"wp-block-column is-vertically-aligned-center is-layout-flow\" style=\"flex-basis:100%\">\n<div class=\"wp-block-group is-layout-flow\"><div class=\"wp-block-group__inner-container\">\n<div class=\"wp-block-columns is-layout-flex wp-container-12\" style=\"padding-right:20px;padding-left:20px\">\n<div class=\"wp-block-column is-vertically-aligned-center is-layout-flow\" style=\"padding-top:20px;padding-bottom:20px;flex-basis:70%\">\n<p class=\"has-text-align-left has-white-color has-text-color wp-block-heading\" style=\"font-size:46px;font-style:normal;font-weight:300;margin-top:10px;margin-right:0px;margin-bottom:10px;margin-left:0px\">Zacznij gra\u0107 ju\u017c teraz!<\/p>\n<\/div>\n\n\n\n<div class=\"wp-block-column is-vertically-aligned-center is-layout-flow\" style=\"padding-top:10px;padding-bottom:10px;flex-basis:30%\"><div class=\"wp-block-poka-button\">\n<a class=\"wp-block-button__link has-vivid-red-background-color has-background\" href=\"https:\/\/outkast-shop.com\/pl\/go\/play\/\" style=\"border-radius:100px\"><strong>Zagraj teraz!<\/strong><\/a>\n\n\t\t<\/div><\/div>\n<\/div>\n<\/div><\/div>\n<\/div>\n<\/div>\n<\/div><\/div>\n\n\n\n<div class=\"wp-block-group alignfull gallery_section has-poka-boxes-background-color-alt-background-color has-background is-layout-constrained wp-block-group-is-layout-constrained\"><div class=\"wp-block-group__inner-container\">\n<p class=\"has-medium-font-size\"><strong><strong>Najlepsze kryptowaluty:<\/strong><\/strong><\/p>\n\n\n\n<div class=\"icons-galley\">\r\n\t\t  <a class=\"item\" href=\"https:\/\/outkast-shop.com\/pl\/kasyna-bitcoin\/\"><img decoding=\"async\" src=\"\/wp-content\/uploads\/2023\/06\/btc.png\" alt=\"Bitcoin Ikona kasyna\"><span>Kasyna BTC<\/span><\/a>\r\n\t  <a class=\"item\" href=\"https:\/\/outkast-shop.com\/pl\/ethereum-kasyna\/\"><img decoding=\"async\" src=\"\/wp-content\/uploads\/2023\/06\/eth.png\" alt=\"Ethereum Ikona kasyna\"><span>Kasyna ETH<\/span><\/a>\r\n\t  <a class=\"item\" href=\"https:\/\/outkast-shop.com\/pl\/kasyna-na-uwiezi\/\"><img decoding=\"async\" src=\"\/wp-content\/uploads\/2023\/06\/usdt.png\" alt=\"Tether Ikona kasyna\"><span>Kasyna USDT<\/span><\/a>\r\n\t  <a class=\"item\" href=\"https:\/\/outkast-shop.com\/pl\/kasyna-litecoin\/\"><img decoding=\"async\" src=\"\/wp-content\/uploads\/2023\/06\/ltc.png\" alt=\"Litecoin Ikona kasyna\"><span>LTC Kasyna<\/span><\/a>\r\n\t  <a class=\"item\" href=\"https:\/\/outkast-shop.com\/pl\/dogecoin-kasyna\/\"><img decoding=\"async\" src=\"\/wp-content\/uploads\/2023\/06\/doge.png\" alt=\"Ikona kasyna Dogecoin\"><span>Kasyna Doge<\/span><\/a>\r\n\t  <a class=\"item\" href=\"https:\/\/outkast-shop.com\/pl\/ripple-kasyna\/\"><img decoding=\"async\" src=\"\/wp-content\/uploads\/2023\/06\/xrp.png\" alt=\"Ripple Ikona kasyna\"><span>Kasyna XRP<\/span><\/a>\r\n\t  <a class=\"item\" href=\"https:\/\/outkast-shop.com\/pl\/kasyna-bitcoin-cash\/\"><img decoding=\"async\" src=\"\/wp-content\/uploads\/2023\/06\/bch.png\" alt=\"Ikona kasyna Bitcoin Cash\"><span>Kasyna BCH<\/span><\/a>\r\n\t  <a class=\"item\" href=\"https:\/\/outkast-shop.com\/pl\/tron-kasyna\/\"><img decoding=\"async\" src=\"\/wp-content\/uploads\/2023\/06\/trx.png\" alt=\"Ikona kasyna Tron\"><span>TRX<\/span><\/a> \r\n\t  <a class=\"item\" href=\"https:\/\/outkast-shop.com\/pl\/cardano-kasyna\/\"><img decoding=\"async\" src=\"\/wp-content\/uploads\/2023\/06\/ada.png\" alt=\"Ikona kasyna Ada\"><span>Kasyna Ada<\/span><\/a>\r\n      <a class=\"item\" href=\"https:\/\/outkast-shop.com\/pl\/binance-coin-kasyna\/\"><img decoding=\"async\" src=\"\/wp-content\/uploads\/2023\/06\/bnb.png\" alt=\"Ikona kasyn Bnb\"><span>Kasyna BNB<\/span><\/a>\r\n      <a class=\"item\" href=\"https:\/\/outkast-shop.com\/pl\/dash-kasyna\/\"><img decoding=\"async\" src=\"\/wp-content\/uploads\/2023\/06\/dash.png\" alt=\"Ikona kasyna Dash\"><span>Kasyna Dash<\/span><\/a>\r\n      <a class=\"item\" href=\"https:\/\/outkast-shop.com\/pl\/kasyna-shiba-inu\/\"><img decoding=\"async\" src=\"\/wp-content\/uploads\/2023\/06\/shib.png\" alt=\"Ikona kasyna Shiba Inu\"><span>Kasyna Shiba<\/span><\/a>\r\n      <a class=\"item\" href=\"https:\/\/outkast-shop.com\/pl\/solana-kasyna\/\"><img decoding=\"async\" src=\"\/wp-content\/uploads\/2023\/06\/sol.png\" alt=\"Ikona casionos Solana\"><span>Kasyna SOL<\/span><\/a>\r\n      <a class=\"item\" href=\"https:\/\/outkast-shop.com\/pl\/monero-kasyna\/\"><img decoding=\"async\" src=\"\/wp-content\/uploads\/2023\/06\/xmr.png\" alt=\"Ikona kasyn Xmr\"><span>Kasyna XMR<\/span><\/a>     \r\n<\/div>\n<\/div><\/div>","protected":false},"excerpt":{"rendered":"<p>Glosariusz terminologii hazardowej Hazard mo\u017ce by\u0107 ekscytuj\u0105cym i lukratywnym hobby, ale wa\u017cne jest, aby zrozumie\u0107 terminologi\u0119 i zasady gier przed zanurzeniem si\u0119 w nich. Ten kompleksowy przewodnik zawiera przegl\u0105d niekt\u00f3rych z najpopularniejszych termin\u00f3w u\u017cywanych w kasynach i grach hazardowych. S\u0142owniczek kasynowy i terminologia hazardowa A B C D E [...]<\/p>","protected":false},"author":1,"featured_media":0,"parent":0,"menu_order":0,"comment_status":"closed","ping_status":"closed","template":"","meta":{"_mi_skip_tracking":false,"_monsterinsights_sitenote_active":false,"_monsterinsights_sitenote_note":"","_monsterinsights_sitenote_category":0,"footnotes":""},"class_list":["post-2342","page","type-page","status-publish","hentry"],"acf":[],"yoast_head":"<!-- This site is optimized with the Yoast SEO plugin v22.8 - https:\/\/yoast.com\/wordpress\/plugins\/seo\/ -->\n<title>Gambling Glossary and Casino Terminology<\/title>\n<meta name=\"description\" content=\"Gambling can be an exciting and lucrative hobby, but it&#039;s important to understand the terminology and rules of the games before diving in.\" \/>\n<meta name=\"robots\" content=\"index, follow, max-snippet:-1, max-image-preview:large, max-video-preview:-1\" \/>\n<link rel=\"canonical\" href=\"https:\/\/outkast-shop.com\/pl\/\uac9c\ube14\ub9c1-\uc6a9\uc5b4\uc9d1\/\" \/>\n<meta property=\"og:locale\" content=\"pl_PL\" \/>\n<meta property=\"og:type\" content=\"article\" \/>\n<meta property=\"og:title\" content=\"Gambling Glossary and Casino Terminology\" \/>\n<meta property=\"og:description\" content=\"Gambling can be an exciting and lucrative hobby, but it&#039;s important to understand the terminology and rules of the games before diving in.\" \/>\n<meta property=\"og:url\" content=\"https:\/\/outkast-shop.com\/pl\/\uac9c\ube14\ub9c1-\uc6a9\uc5b4\uc9d1\/\" \/>\n<meta property=\"og:site_name\" content=\"Crypto Casino\" \/>\n<meta property=\"article:modified_time\" content=\"2023-06-26T10:12:18+00:00\" \/>\n<meta property=\"og:image\" content=\"https:\/\/outkast-shop.com\/wp-content\/uploads\/2023\/06\/gambling-terminology-glossary-min.jpg\" \/>\n<meta name=\"twitter:card\" content=\"summary_large_image\" \/>\n<meta name=\"twitter:label1\" content=\"Szacowany czas czytania\" \/>\n\t<meta name=\"twitter:data1\" content=\"5 minut\" \/>\n<!-- \/ Yoast SEO plugin. -->","yoast_head_json":{"title":"Gambling Glossary and Casino Terminology","description":"Gambling can be an exciting and lucrative hobby, but it's important to understand the terminology and rules of the games before diving in.","robots":{"index":"index","follow":"follow","max-snippet":"max-snippet:-1","max-image-preview":"max-image-preview:large","max-video-preview":"max-video-preview:-1"},"canonical":"https:\/\/outkast-shop.com\/pl\/\uac9c\ube14\ub9c1-\uc6a9\uc5b4\uc9d1\/","og_locale":"pl_PL","og_type":"article","og_title":"Gambling Glossary and Casino Terminology","og_description":"Gambling can be an exciting and lucrative hobby, but it's important to understand the terminology and rules of the games before diving in.","og_url":"https:\/\/outkast-shop.com\/pl\/\uac9c\ube14\ub9c1-\uc6a9\uc5b4\uc9d1\/","og_site_name":"Crypto Casino","article_modified_time":"2023-06-26T10:12:18+00:00","og_image":[{"url":"https:\/\/outkast-shop.com\/wp-content\/uploads\/2023\/06\/gambling-terminology-glossary-min.jpg"}],"twitter_card":"summary_large_image","twitter_misc":{"Szacowany czas czytania":"5 minut"},"schema":{"@context":"https:\/\/schema.org","@graph":[{"@type":"WebPage","@id":"https:\/\/outkast-shop.com\/ko\/%ea%b2%9c%eb%b8%94%eb%a7%81-%ec%9a%a9%ec%96%b4%ec%a7%91\/","url":"https:\/\/outkast-shop.com\/ko\/%ea%b2%9c%eb%b8%94%eb%a7%81-%ec%9a%a9%ec%96%b4%ec%a7%91\/","name":"Gambling Glossary and Casino Terminology","isPartOf":{"@id":"https:\/\/outkast-shop.com\/#website"},"primaryImageOfPage":{"@id":"https:\/\/outkast-shop.com\/ko\/%ea%b2%9c%eb%b8%94%eb%a7%81-%ec%9a%a9%ec%96%b4%ec%a7%91\/#primaryimage"},"image":{"@id":"https:\/\/outkast-shop.com\/ko\/%ea%b2%9c%eb%b8%94%eb%a7%81-%ec%9a%a9%ec%96%b4%ec%a7%91\/#primaryimage"},"thumbnailUrl":"https:\/\/outkast-shop.com\/wp-content\/uploads\/2023\/06\/gambling-terminology-glossary-min.jpg","datePublished":"2023-06-26T09:25:06+00:00","dateModified":"2023-06-26T10:12:18+00:00","description":"Gambling can be an exciting and lucrative hobby, but it's important to understand the terminology and rules of the games before diving in.","breadcrumb":{"@id":"https:\/\/outkast-shop.com\/ko\/%ea%b2%9c%eb%b8%94%eb%a7%81-%ec%9a%a9%ec%96%b4%ec%a7%91\/#breadcrumb"},"inLanguage":"pl-PL","potentialAction":[{"@type":"ReadAction","target":["https:\/\/outkast-shop.com\/ko\/%ea%b2%9c%eb%b8%94%eb%a7%81-%ec%9a%a9%ec%96%b4%ec%a7%91\/"]}]},{"@type":"ImageObject","inLanguage":"pl-PL","@id":"https:\/\/outkast-shop.com\/ko\/%ea%b2%9c%eb%b8%94%eb%a7%81-%ec%9a%a9%ec%96%b4%ec%a7%91\/#primaryimage","url":"https:\/\/outkast-shop.com\/wp-content\/uploads\/2023\/06\/gambling-terminology-glossary-min.jpg","contentUrl":"https:\/\/outkast-shop.com\/wp-content\/uploads\/2023\/06\/gambling-terminology-glossary-min.jpg"},{"@type":"BreadcrumbList","@id":"https:\/\/outkast-shop.com\/ko\/%ea%b2%9c%eb%b8%94%eb%a7%81-%ec%9a%a9%ec%96%b4%ec%a7%91\/#breadcrumb","itemListElement":[{"@type":"ListItem","position":1,"name":"Home","item":"https:\/\/outkast-shop.com\/"},{"@type":"ListItem","position":2,"name":"Gambling Terminology Glossary"}]},{"@type":"WebSite","@id":"https:\/\/outkast-shop.com\/#website","url":"https:\/\/outkast-shop.com\/","name":"Crypto Casino","description":"","publisher":{"@id":"https:\/\/outkast-shop.com\/#organization"},"potentialAction":[{"@type":"SearchAction","target":{"@type":"EntryPoint","urlTemplate":"https:\/\/outkast-shop.com\/?s={search_term_string}"},"query-input":"required name=search_term_string"}],"inLanguage":"pl-PL"},{"@type":"Organization","@id":"https:\/\/outkast-shop.com\/#organization","name":"Outkast Roller","alternateName":"outkast-shop.com","url":"https:\/\/outkast-shop.com\/","logo":{"@type":"ImageObject","inLanguage":"pl-PL","@id":"https:\/\/outkast-shop.com\/#\/schema\/logo\/image\/","url":"https:\/\/outkast-shop.com\/wp-content\/uploads\/2023\/06\/long-logo.png","contentUrl":"https:\/\/outkast-shop.com\/wp-content\/uploads\/2023\/06\/long-logo.png","width":326,"height":75,"caption":"Outkast Roller"},"image":{"@id":"https:\/\/outkast-shop.com\/#\/schema\/logo\/image\/"}}]}},"_links":{"self":[{"href":"https:\/\/outkast-shop.com\/pl\/wp-json\/wp\/v2\/pages\/2342","targetHints":{"allow":["GET"]}}],"collection":[{"href":"https:\/\/outkast-shop.com\/pl\/wp-json\/wp\/v2\/pages"}],"about":[{"href":"https:\/\/outkast-shop.com\/pl\/wp-json\/wp\/v2\/types\/page"}],"author":[{"embeddable":true,"href":"https:\/\/outkast-shop.com\/pl\/wp-json\/wp\/v2\/users\/1"}],"replies":[{"embeddable":true,"href":"https:\/\/outkast-shop.com\/pl\/wp-json\/wp\/v2\/comments?post=2342"}],"version-history":[{"count":0,"href":"https:\/\/outkast-shop.com\/pl\/wp-json\/wp\/v2\/pages\/2342\/revisions"}],"wp:attachment":[{"href":"https:\/\/outkast-shop.com\/pl\/wp-json\/wp\/v2\/media?parent=2342"}],"curies":[{"name":"wp","href":"https:\/\/api.w.org\/{rel}","templated":true}]}}