{"id":2350,"date":"2023-06-26T10:12:59","date_gmt":"2023-06-26T10:12:59","guid":{"rendered":"https:\/\/outkast-shop.com\/?page_id=2350"},"modified":"2023-06-26T10:13:01","modified_gmt":"2023-06-26T10:13:01","slug":"terms-of-use","status":"publish","type":"page","link":"https:\/\/outkast-shop.com\/pl\/warunki-uzytkowania\/","title":{"rendered":"Warunki u\u017cytkowania"},"content":{"rendered":"<h1 class=\"wp-block-heading has-text-align-center\">Warunki u\u017cytkowania<\/h1>\n\n\n\n<p>Poni\u017cej przedstawiono Warunki u\u017cytkowania dla <a href=\"https:\/\/outkast-shop.com\/pl\/\">outkast-shop.com<\/a>. Nale\u017cy pami\u0119ta\u0107, \u017ce Polityka prywatno\u015bci Outkast Roller ma zastosowanie do korzystania z witryny i jej us\u0142ug i mo\u017cna j\u0105 znale\u017a\u0107 tutaj.<\/p>\n\n\n\n<p>Korzystaj\u0105c z witryny, u\u017cytkownik wyra\u017ca zgod\u0119 na nasze Warunki u\u017cytkowania i Polityk\u0119 prywatno\u015bci. Maj\u0105 one zastosowanie do wszystkich os\u00f3b korzystaj\u0105cych z witryny, us\u0142ug lub oprogramowania na mocy Umowy. Prosimy o uwa\u017cne zapoznanie si\u0119 z nimi przed rozpocz\u0119ciem korzystania.<\/p>\n\n\n\n<p>Odwiedzaj\u0105c witryn\u0119, u\u017cytkownik wyra\u017ca zgod\u0119 na poni\u017csze warunki u\u017cytkowania i jest nimi zwi\u0105zany:<\/p>\n\n\n\n<ol class=\"wp-block-list\">\n<li>Zawarto\u015b\u0107 tej witryny ma charakter wy\u0142\u0105cznie informacyjny. Nie ponosimy odpowiedzialno\u015bci za jakiekolwiek dzia\u0142ania podj\u0119te w oparciu o informacje dost\u0119pne na tej stronie lub w wysy\u0142anych przez nas promocyjnych wiadomo\u015bciach e-mail.<\/li>\n\n\n\n<li>Nie prowadzimy gier hazardowych online i nie przetwarzamy \u017cadnych transakcji pieni\u0119\u017cnych online dotycz\u0105cych zak\u0142ad\u00f3w lub zak\u0142ad\u00f3w.<\/li>\n\n\n\n<li>Korzystaj\u0105c z witryny, u\u017cytkownik zgadza si\u0119 nie wykorzystywa\u0107 \u017cadnej jej cz\u0119\u015bci do jakichkolwiek nielegalnych lub niezgodnych z prawem dzia\u0142a\u0144. U\u017cytkownik zgadza si\u0119 korzysta\u0107 z witryny zgodnie ze wszystkimi obowi\u0105zuj\u0105cymi przepisami prawa. U\u017cytkownik zostanie poci\u0105gni\u0119ty do odpowiedzialno\u015bci za wszelkie straty, szkody, koszty i zobowi\u0105zania, kt\u00f3re mog\u0105 wynikn\u0105\u0107 z naruszenia naszych warunk\u00f3w u\u017cytkowania.<\/li>\n\n\n\n<li>U\u017cytkownik zgadza si\u0119 nie przesy\u0142a\u0107 \u017cadnego szkodliwego oprogramowania, kt\u00f3re mo\u017ce uszkodzi\u0107 lub zak\u0142\u00f3ci\u0107 normalne dzia\u0142anie witryny.<\/li>\n\n\n\n<li>Nie wolno przesy\u0142a\u0107 tre\u015bci obra\u017aliwych, nieodpowiednich, nieprzyzwoitych, obscenicznych lub budz\u0105cych zastrze\u017cenia, w tym tre\u015bci irytuj\u0105cych, niewygodnych lub stanowi\u0105cych spam. Mo\u017cemy usun\u0105\u0107 takie tre\u015bci bez wcze\u015bniejszego powiadomienia lub wyja\u015bnienia.<\/li>\n<\/ol>\n\n\n\n<p>W naszych tre\u015bciach mog\u0105 znajdowa\u0107 si\u0119 \u0142\u0105cza do zewn\u0119trznych witryn lub zasob\u00f3w. Korzystaj\u0105c z naszej witryny, u\u017cytkownik przyjmuje do wiadomo\u015bci, \u017ce nie ponosimy odpowiedzialno\u015bci za jakiekolwiek wprowadzaj\u0105ce w b\u0142\u0105d lub znies\u0142awiaj\u0105ce tre\u015bci na tych zewn\u0119trznych stronach lub zasobach. Nie popieramy ani nie ponosimy odpowiedzialno\u015bci za Polityk\u0119 prywatno\u015bci, reklamy, tre\u015bci, produkty, materia\u0142y lub us\u0142ugi tych zewn\u0119trznych witryn. Nie ponosimy odpowiedzialno\u015bci za jakiekolwiek straty, szkody lub przest\u0119pstwa spowodowane lub rzekomo spowodowane przez te zewn\u0119trzne witryny lub zasoby.<\/p>\n\n\n\n<p>Witryna, jak r\u00f3wnie\u017c wszyscy nasi reklamodawcy, przestrzegaj\u0105 \u015bcis\u0142ego kodeksu post\u0119powania, kt\u00f3ry obejmuje nast\u0119puj\u0105ce elementy:<\/p>\n\n\n\n<ul class=\"wp-block-list\">\n<li>Zapobieganie sytuacjom, w kt\u00f3rych hazard jest \u017ar\u00f3d\u0142em przest\u0119pczo\u015bci lub zak\u0142\u00f3ce\u0144 porz\u0105dku lub jest powi\u0105zany z jak\u0105kolwiek osob\u0105 lub agencj\u0105, kt\u00f3ra popiera lub wykorzystuje hazard do wspierania przest\u0119pczo\u015bci i zak\u0142\u00f3ce\u0144 porz\u0105dku.<\/li>\n\n\n\n<li>Zapewnienie, \u017ce hazard we wszystkich jego formach jest prowadzony w uczciwy i bezpieczny spos\u00f3b.<\/li>\n\n\n\n<li>Ochrona ma\u0142oletnich i innych os\u00f3b podatnych na zagro\u017cenia przed nara\u017ceniem na hazard, wykorzystywaniem lub szkodami zwi\u0105zanymi z hazardem.<\/li>\n<\/ul>\n\n\n\n<p>Zawsze b\u0119dziemy bra\u0107 pod uwag\u0119 powy\u017csze cele i dzia\u0142a\u0107 w spos\u00f3b uczciwy i zgodny z tymi celami.<\/p>\n\n\n\n<p>Do\u0142o\u017cymy wszelkich stara\u0144, aby zapewni\u0107, \u017ce wszystkie tre\u015bci dost\u0119pne na naszej stronie s\u0105 poprawne, wolne od b\u0142\u0119d\u00f3w i dok\u0142adne przez ca\u0142y czas. Nie mo\u017cemy jednak zagwarantowa\u0107 dok\u0142adno\u015bci jakichkolwiek informacji dostarczanych przez strony internetowe i zasoby stron trzecich.<\/p>\n\n\n\n<p>Prosimy o korzystanie z wszelkich materia\u0142\u00f3w, zasob\u00f3w i link\u00f3w na naszej stronie internetowej na w\u0142asne ryzyko. Nie ponosimy \u017cadnej odpowiedzialno\u015bci za jakiekolwiek straty, szkody lub zobowi\u0105zania bezpo\u015brednio lub po\u015brednio spowodowane przez te materia\u0142y lub \u0142\u0105cza.<\/p>\n\n\n\n<p>U\u017cytkownicy witryny s\u0105 odpowiedzialni za poznanie i zrozumienie zasad dotycz\u0105cych gier hazardowych online w swoim kraju zamieszkania, w tym minimalnych wymaga\u0144 wiekowych. To powiedziawszy, u\u017cytkownik musi upewni\u0107 si\u0119, \u017ce przestrzega przepis\u00f3w dotycz\u0105cych hazardu obowi\u0105zuj\u0105cych w jego kraju i spe\u0142nia minimalne wymagania.<\/p>\n\n\n\n<h2 class=\"wp-block-heading\">AKCEPTACJA NASZYCH WARUNK\u00d3W U\u017bYTKOWANIA<\/h2>\n\n\n\n<p>Korzystaj\u0105c z naszej witryny, u\u017cytkownik wyra\u017ca zgod\u0119 na nasze Warunki u\u017cytkowania. Je\u015bli nie zgadzasz si\u0119 na kt\u00f3rykolwiek z warunk\u00f3w, prosimy o zaprzestanie korzystania z witryny i jej us\u0142ug. Od czasu do czasu mo\u017cemy aktualizowa\u0107 warunki umowy, a o wszelkich zmianach b\u0119dziemy informowa\u0107 u\u017cytkownika. Obowi\u0105zkiem u\u017cytkownika jest zapoznanie si\u0119 ze zaktualizowanymi warunkami przed ponownym skorzystaniem z naszej witryny i regularne sprawdzanie wszelkich zmian. Zastrzegamy sobie prawo do zawieszenia lub zako\u0144czenia korzystania z us\u0142ug na naszej stronie w dowolnym momencie, z dowolnego powodu, wed\u0142ug w\u0142asnego uznania.<\/p>\n\n\n\n<h2 class=\"wp-block-heading\">KORZYSTANIE Z WITRYNY I US\u0141UG<\/h2>\n\n\n\n<p>Aby korzysta\u0107 z naszej witryny i us\u0142ug, odwiedzaj\u0105cy musz\u0105 mie\u0107 uko\u0144czone 18 lat lub osi\u0105gn\u0105\u0107 ustawowy wiek u\u017cytkowania w kraju zamieszkania. Witryna i jej zawarto\u015b\u0107 nie s\u0105 przeznaczone dla os\u00f3b poni\u017cej ustawowego wieku. Nasza witryna zawiera informacje na temat gier kasynowych i bran\u017cy hazardowej. Korzystanie z niej jest bezp\u0142atne i s\u0142u\u017cy wy\u0142\u0105cznie celom informacyjnym. Nie prowadzimy \u017cadnych kasyn online ani witryn pokerowych, a zatem nie akceptujemy transakcji pieni\u0119\u017cnych dotycz\u0105cych zak\u0142ad\u00f3w lub zak\u0142ad\u00f3w.<\/p>\n\n\n\n<h2 class=\"wp-block-heading\">DZIA\u0141ANIA ZABRONIONE<\/h2>\n\n\n\n<p>Odwiedzaj\u0105c witryn\u0119, u\u017cytkownik zgadza si\u0119 nie anga\u017cowa\u0107 w \u017cadne zabronione dzia\u0142ania.<\/p>\n\n\n\n<ul class=\"wp-block-list\">\n<li>Pobieranie lub uzyskiwanie danych osobowych od innych u\u017cytkownik\u00f3w witryny<\/li>\n\n\n\n<li>wykorzystywa\u0107 witryny i jej us\u0142ug do jakichkolwiek podejrzanych dzia\u0142a\u0144<\/li>\n\n\n\n<li>Kopiowa\u0107, rozpowszechnia\u0107, u\u017cywa\u0107, modyfikowa\u0107, t\u0142umaczy\u0107 lub zmienia\u0107 jakiejkolwiek zawarto\u015bci lub kod\u00f3w \u017ar\u00f3d\u0142owych na w\u0142asny u\u017cytek osobisty lub zawodowy.<\/li>\n\n\n\n<li>Gromadzenie jakichkolwiek danych lub informacji w spos\u00f3b niezgodny z prawem lub podst\u0119pny, zautomatyzowany lub nie.<\/li>\n\n\n\n<li>Przekazywanie informacji o witrynie lub us\u0142ugach stronom trzecim.<\/li>\n\n\n\n<li>Przesy\u0142anie lub rozpowszechnianie na stronie lub w us\u0142ugach jakiegokolwiek z\u0142o\u015bliwego oprogramowania, wirus\u00f3w, trojan\u00f3w, robak\u00f3w, spybot\u00f3w itp.<\/li>\n\n\n\n<li>W\u0142ama\u0107 si\u0119 na stron\u0119 lub uzyska\u0107 do niej dost\u0119p w podst\u0119pny spos\u00f3b.<\/li>\n<\/ul>\n\n\n\n<h2 class=\"wp-block-heading\">ZAWARTO\u015a\u0106 STRON TRZECICH<\/h2>\n\n\n\n<p>Nasza witryna mo\u017ce zawiera\u0107 hiper\u0142\u0105cza do witryn, us\u0142ug lub produkt\u00f3w stron trzecich. Nie ponosimy odpowiedzialno\u015bci za tre\u015bci stron trzecich. Nie promujemy r\u00f3wnie\u017c \u017cadnych produkt\u00f3w ani us\u0142ug stron trzecich. U\u017cytkownik jest odpowiedzialny za korzystanie z wszelkich us\u0142ug stron trzecich, do kt\u00f3rych prowadz\u0105 hiper\u0142\u0105cza z naszej witryny. U\u017cytkownik korzysta z hiper\u0142\u0105czy stron trzecich na w\u0142asne ryzyko.<\/p>\n\n\n\n<h2 class=\"wp-block-heading\">US\u0141UGI ZWI\u0104ZANE Z GRAMI<\/h2>\n\n\n\n<p>Ta strona s\u0142u\u017cy wy\u0142\u0105cznie celom informacyjnym i rozrywkowym, dostarczaj\u0105c informacji o grach kasynowych i bran\u017cy hazardowej. Mo\u017cemy zawiera\u0107 hiper\u0142\u0105cza lub reklamowa\u0107 tre\u015bci stron trzecich zwi\u0105zane z us\u0142ugami hazardowymi i grami online. Nasze us\u0142ugi s\u0105 przeznaczone dla u\u017cytkownik\u00f3w, kt\u00f3rzy uko\u0144czyli 18 lat i znajduj\u0105 si\u0119 w jurysdykcji, w kt\u00f3rej hazard online jest legalny. Korzystaj\u0105c z naszych us\u0142ug, u\u017cytkownik potwierdza, \u017ce spe\u0142nia te wymagania. Nie udzielamy porad dotycz\u0105cych legalno\u015bci hazardu i to u\u017cytkownik musi zrozumie\u0107 przepisy obowi\u0105zuj\u0105ce w jego regionie. Chocia\u017c dostarczamy informacji na temat gier i hazardu, nie zach\u0119camy nikogo do udzia\u0142u w tych dzia\u0142aniach, poniewa\u017c jest to osobisty wyb\u00f3r.<\/p>\n\n\n\n<h2 class=\"wp-block-heading\">ROZWI\u0104ZANIE UMOWY<\/h2>\n\n\n\n<p>Zastrzegamy sobie prawo do rozwi\u0105zania Umowy, jak r\u00f3wnie\u017c dost\u0119pu do witryny i us\u0142ug w dowolnym momencie, bez wcze\u015bniejszego powiadomienia u\u017cytkownika i bez \u017cadnej rekompensaty finansowej.<\/p>\n\n\n\n<p>Nasza witryna oferuje szereg us\u0142ug pomagaj\u0105cych w osi\u0105ganiu cel\u00f3w, a my dok\u0142adamy wszelkich stara\u0144, aby zapewni\u0107 jak najlepsze wra\u017cenia wszystkim naszym u\u017cytkownikom. Zastrzegamy sobie jednak prawo do zaprzestania \u015bwiadczenia tych us\u0142ug, je\u015bli uznamy to za konieczne. Mo\u017ce to by\u0107 spowodowane stwierdzeniem naruszenia Umowy lub innymi uzasadnionymi powodami. Traktujemy te decyzje powa\u017cnie i zawsze staramy si\u0119 informowa\u0107 o nich naszych u\u017cytkownik\u00f3w w spos\u00f3b jak najbardziej jasny i przejrzysty. Cenimy sobie zaufanie u\u017cytkownik\u00f3w i b\u0119dziemy ci\u0119\u017cko pracowa\u0107, aby je utrzyma\u0107.<\/p>\n\n\n\n<h2 class=\"wp-block-heading\">ZRZECZENIE SI\u0118 PRAW<\/h2>\n\n\n\n<p>Nie b\u0119dziemy odst\u0119powa\u0107 od warunk\u00f3w Umowy.<\/p>","protected":false},"excerpt":{"rendered":"<p>Warunki u\u017cytkowania Poni\u017cej znajduj\u0105 si\u0119 warunki u\u017cytkowania witryny outkast-shop.com. Nale\u017cy pami\u0119ta\u0107, \u017ce Polityka prywatno\u015bci Outkast Roller ma zastosowanie do korzystania z witryny i jej us\u0142ug i mo\u017cna j\u0105 znale\u017a\u0107 tutaj. Korzystaj\u0105c z witryny, u\u017cytkownik wyra\u017ca zgod\u0119 na nasze Warunki u\u017cytkowania i Polityk\u0119 prywatno\u015bci. Maj\u0105 one zastosowanie do ka\u017cdego, kto korzysta z [...]<\/p>","protected":false},"author":1,"featured_media":0,"parent":0,"menu_order":0,"comment_status":"closed","ping_status":"closed","template":"","meta":{"_mi_skip_tracking":false,"_monsterinsights_sitenote_active":false,"_monsterinsights_sitenote_note":"","_monsterinsights_sitenote_category":0,"footnotes":""},"class_list":["post-2350","page","type-page","status-publish","hentry"],"acf":[],"yoast_head":"<!-- This site is optimized with the Yoast SEO plugin v22.8 - https:\/\/yoast.com\/wordpress\/plugins\/seo\/ -->\n<title>Terms of Use - Crypto Casino<\/title>\n<meta name=\"description\" content=\"The following are the Terms of Use for outkast-shop.com. Please note that the Outkast Roller Privacy Policy applies to the use of the site and its services, and can be found here.\" \/>\n<meta name=\"robots\" content=\"index, follow, max-snippet:-1, max-image-preview:large, max-video-preview:-1\" \/>\n<link rel=\"canonical\" href=\"https:\/\/outkast-shop.com\/pl\/warunki-uzytkowania\/\" \/>\n<meta property=\"og:locale\" content=\"pl_PL\" \/>\n<meta property=\"og:type\" content=\"article\" \/>\n<meta property=\"og:title\" content=\"Terms of Use - Crypto Casino\" \/>\n<meta property=\"og:description\" content=\"The following are the Terms of Use for outkast-shop.com. Please note that the Outkast Roller Privacy Policy applies to the use of the site and its services, and can be found here.\" \/>\n<meta property=\"og:url\" content=\"https:\/\/outkast-shop.com\/pl\/warunki-uzytkowania\/\" \/>\n<meta property=\"og:site_name\" content=\"Crypto Casino\" \/>\n<meta property=\"article:modified_time\" content=\"2023-06-26T10:13:01+00:00\" \/>\n<meta name=\"twitter:card\" content=\"summary_large_image\" \/>\n<meta name=\"twitter:label1\" content=\"Szacowany czas czytania\" \/>\n\t<meta name=\"twitter:data1\" content=\"6 minut\" \/>\n<!-- \/ Yoast SEO plugin. -->","yoast_head_json":{"title":"Terms of Use - Crypto Casino","description":"The following are the Terms of Use for outkast-shop.com. Please note that the Outkast Roller Privacy Policy applies to the use of the site and its services, and can be found here.","robots":{"index":"index","follow":"follow","max-snippet":"max-snippet:-1","max-image-preview":"max-image-preview:large","max-video-preview":"max-video-preview:-1"},"canonical":"https:\/\/outkast-shop.com\/pl\/warunki-uzytkowania\/","og_locale":"pl_PL","og_type":"article","og_title":"Terms of Use - Crypto Casino","og_description":"The following are the Terms of Use for outkast-shop.com. Please note that the Outkast Roller Privacy Policy applies to the use of the site and its services, and can be found here.","og_url":"https:\/\/outkast-shop.com\/pl\/warunki-uzytkowania\/","og_site_name":"Crypto Casino","article_modified_time":"2023-06-26T10:13:01+00:00","twitter_card":"summary_large_image","twitter_misc":{"Szacowany czas czytania":"6 minut"},"schema":{"@context":"https:\/\/schema.org","@graph":[{"@type":"WebPage","@id":"https:\/\/outkast-shop.com\/terms-of-use\/","url":"https:\/\/outkast-shop.com\/terms-of-use\/","name":"Terms of Use - Crypto Casino","isPartOf":{"@id":"https:\/\/outkast-shop.com\/#website"},"datePublished":"2023-06-26T10:12:59+00:00","dateModified":"2023-06-26T10:13:01+00:00","description":"The following are the Terms of Use for outkast-shop.com. Please note that the Outkast Roller Privacy Policy applies to the use of the site and its services, and can be found here.","breadcrumb":{"@id":"https:\/\/outkast-shop.com\/terms-of-use\/#breadcrumb"},"inLanguage":"pl-PL","potentialAction":[{"@type":"ReadAction","target":["https:\/\/outkast-shop.com\/terms-of-use\/"]}]},{"@type":"BreadcrumbList","@id":"https:\/\/outkast-shop.com\/terms-of-use\/#breadcrumb","itemListElement":[{"@type":"ListItem","position":1,"name":"Home","item":"https:\/\/outkast-shop.com\/"},{"@type":"ListItem","position":2,"name":"Terms of Use"}]},{"@type":"WebSite","@id":"https:\/\/outkast-shop.com\/#website","url":"https:\/\/outkast-shop.com\/","name":"Crypto Casino","description":"","publisher":{"@id":"https:\/\/outkast-shop.com\/#organization"},"potentialAction":[{"@type":"SearchAction","target":{"@type":"EntryPoint","urlTemplate":"https:\/\/outkast-shop.com\/?s={search_term_string}"},"query-input":"required name=search_term_string"}],"inLanguage":"pl-PL"},{"@type":"Organization","@id":"https:\/\/outkast-shop.com\/#organization","name":"Outkast Roller","alternateName":"outkast-shop.com","url":"https:\/\/outkast-shop.com\/","logo":{"@type":"ImageObject","inLanguage":"pl-PL","@id":"https:\/\/outkast-shop.com\/#\/schema\/logo\/image\/","url":"https:\/\/outkast-shop.com\/wp-content\/uploads\/2023\/06\/long-logo.png","contentUrl":"https:\/\/outkast-shop.com\/wp-content\/uploads\/2023\/06\/long-logo.png","width":326,"height":75,"caption":"Outkast Roller"},"image":{"@id":"https:\/\/outkast-shop.com\/#\/schema\/logo\/image\/"}}]}},"_links":{"self":[{"href":"https:\/\/outkast-shop.com\/pl\/wp-json\/wp\/v2\/pages\/2350","targetHints":{"allow":["GET"]}}],"collection":[{"href":"https:\/\/outkast-shop.com\/pl\/wp-json\/wp\/v2\/pages"}],"about":[{"href":"https:\/\/outkast-shop.com\/pl\/wp-json\/wp\/v2\/types\/page"}],"author":[{"embeddable":true,"href":"https:\/\/outkast-shop.com\/pl\/wp-json\/wp\/v2\/users\/1"}],"replies":[{"embeddable":true,"href":"https:\/\/outkast-shop.com\/pl\/wp-json\/wp\/v2\/comments?post=2350"}],"version-history":[{"count":0,"href":"https:\/\/outkast-shop.com\/pl\/wp-json\/wp\/v2\/pages\/2350\/revisions"}],"wp:attachment":[{"href":"https:\/\/outkast-shop.com\/pl\/wp-json\/wp\/v2\/media?parent=2350"}],"curies":[{"name":"wp","href":"https:\/\/api.w.org\/{rel}","templated":true}]}}