{"id":2378,"date":"2023-06-29T06:26:15","date_gmt":"2023-06-29T06:26:15","guid":{"rendered":"https:\/\/outkast-shop.com\/?page_id=2378"},"modified":"2023-06-29T06:40:18","modified_gmt":"2023-06-29T06:40:18","slug":"bobby-brown","status":"publish","type":"page","link":"https:\/\/outkast-shop.com\/pl\/bobby-brown\/","title":{"rendered":"Bobby Brown"},"content":{"rendered":"<h1 class=\"wp-block-heading has-text-align-center\">Bobby Brown<\/h1>\n\n\n\n<p class=\"has-text-align-center\">Bobby Brown jest uznanym ekspertem iGaming z bogatym do\u015bwiadczeniem w bran\u017cy. Wni\u00f3s\u0142 znacz\u0105cy wk\u0142ad w t\u0119 dziedzin\u0119 dzi\u0119ki swoim wnikliwym analizom i raportom.<\/p>\n\n\n\n<figure class=\"wp-block-image aligncenter size-full\"><img decoding=\"async\" width=\"500\" height=\"475\" src=\"https:\/\/outkast-shop.com\/wp-content\/uploads\/2023\/06\/bobby-brown.jpg\" alt=\"Obraz strony autorskiej Bobby Brown\" class=\"wp-image-2379\" srcset=\"https:\/\/outkast-shop.com\/wp-content\/uploads\/2023\/06\/bobby-brown.jpg 500w, https:\/\/outkast-shop.com\/wp-content\/uploads\/2023\/06\/bobby-brown-300x285.jpg 300w, https:\/\/outkast-shop.com\/wp-content\/uploads\/2023\/06\/bobby-brown-13x12.jpg 13w, https:\/\/outkast-shop.com\/wp-content\/uploads\/2023\/06\/bobby-brown-110x105.jpg 110w\" sizes=\"(max-width: 500px) 100vw, 500px\" \/><\/figure>\n\n\n\n<p>Jako oddany dziennikarz, Bobby zajmowa\u0142 si\u0119 szerokim zakresem temat\u00f3w, w tym <a href=\"https:\/\/outkast-shop.com\/pl\/krypto-bakarat\/\">Crypto Baccarat<\/a> i innych gier kryptowalutowych. Jego rozleg\u0142a wiedza i do\u015bwiadczenie przynios\u0142y mu reputacj\u0119 jednego z najbardziej szanowanych g\u0142os\u00f3w w dziennikarstwie sportowym. Bobby jest r\u00f3wnie\u017c znany ze swojej zdolno\u015bci do dostarczania szczeg\u00f3\u0142owych i dok\u0142adnych spostrze\u017ce\u0144, co czyni go \u017ar\u00f3d\u0142em zar\u00f3wno dla profesjonalist\u00f3w z bran\u017cy, jak i entuzjast\u00f3w. Jego pasja do tej dziedziny jest widoczna w jego pracy, kt\u00f3ra jest zawsze dok\u0142adna i wci\u0105gaj\u0105ca. Podsumowuj\u0105c, Bobby Brown jest wysoko wykwalifikowanym dziennikarzem i ekspertem iGaming, kt\u00f3rego dog\u0142\u0119bna wiedza i do\u015bwiadczenie czyni\u0105 go cennym nabytkiem dla bran\u017cy.<\/p>\n\n\n\n<div class=\"wp-block-group alignfull gallery_section has-poka-boxes-background-color-alt-background-color has-background is-layout-constrained wp-block-group-is-layout-constrained\"><div class=\"wp-block-group__inner-container\">\n<p class=\"has-medium-font-size\"><strong><strong>Najlepsze kryptowaluty:<\/strong><\/strong><\/p>\n\n\n\n<div class=\"icons-galley\">\r\n\t\t  <a class=\"item\" href=\"https:\/\/outkast-shop.com\/pl\/kasyna-bitcoin\/\"><img decoding=\"async\" src=\"\/wp-content\/uploads\/2023\/06\/btc.png\" alt=\"Bitcoin Ikona kasyna\"><span>Kasyna BTC<\/span><\/a>\r\n\t  <a class=\"item\" href=\"https:\/\/outkast-shop.com\/pl\/ethereum-kasyna\/\"><img decoding=\"async\" src=\"\/wp-content\/uploads\/2023\/06\/eth.png\" alt=\"Ethereum Ikona kasyna\"><span>Kasyna ETH<\/span><\/a>\r\n\t  <a class=\"item\" href=\"https:\/\/outkast-shop.com\/pl\/kasyna-na-uwiezi\/\"><img decoding=\"async\" src=\"\/wp-content\/uploads\/2023\/06\/usdt.png\" alt=\"Tether Ikona kasyna\"><span>Kasyna USDT<\/span><\/a>\r\n\t  <a class=\"item\" href=\"https:\/\/outkast-shop.com\/pl\/kasyna-litecoin\/\"><img decoding=\"async\" src=\"\/wp-content\/uploads\/2023\/06\/ltc.png\" alt=\"Litecoin Ikona kasyna\"><span>LTC Kasyna<\/span><\/a>\r\n\t  <a class=\"item\" href=\"https:\/\/outkast-shop.com\/pl\/dogecoin-kasyna\/\"><img decoding=\"async\" src=\"\/wp-content\/uploads\/2023\/06\/doge.png\" alt=\"Ikona kasyna Dogecoin\"><span>Kasyna Doge<\/span><\/a>\r\n\t  <a class=\"item\" href=\"https:\/\/outkast-shop.com\/pl\/ripple-kasyna\/\"><img decoding=\"async\" src=\"\/wp-content\/uploads\/2023\/06\/xrp.png\" alt=\"Ripple Ikona kasyna\"><span>Kasyna XRP<\/span><\/a>\r\n\t  <a class=\"item\" href=\"https:\/\/outkast-shop.com\/pl\/kasyna-bitcoin-cash\/\"><img decoding=\"async\" src=\"\/wp-content\/uploads\/2023\/06\/bch.png\" alt=\"Ikona kasyna Bitcoin Cash\"><span>Kasyna BCH<\/span><\/a>\r\n\t  <a class=\"item\" href=\"https:\/\/outkast-shop.com\/pl\/tron-kasyna\/\"><img decoding=\"async\" src=\"\/wp-content\/uploads\/2023\/06\/trx.png\" alt=\"Ikona kasyna Tron\"><span>TRX<\/span><\/a> \r\n\t  <a class=\"item\" href=\"https:\/\/outkast-shop.com\/pl\/cardano-kasyna\/\"><img decoding=\"async\" src=\"\/wp-content\/uploads\/2023\/06\/ada.png\" alt=\"Ikona kasyna Ada\"><span>Kasyna Ada<\/span><\/a>\r\n      <a class=\"item\" href=\"https:\/\/outkast-shop.com\/pl\/binance-coin-kasyna\/\"><img decoding=\"async\" src=\"\/wp-content\/uploads\/2023\/06\/bnb.png\" alt=\"Ikona kasyn Bnb\"><span>Kasyna BNB<\/span><\/a>\r\n      <a class=\"item\" href=\"https:\/\/outkast-shop.com\/pl\/dash-kasyna\/\"><img decoding=\"async\" src=\"\/wp-content\/uploads\/2023\/06\/dash.png\" alt=\"Ikona kasyna Dash\"><span>Kasyna Dash<\/span><\/a>\r\n      <a class=\"item\" href=\"https:\/\/outkast-shop.com\/pl\/kasyna-shiba-inu\/\"><img decoding=\"async\" src=\"\/wp-content\/uploads\/2023\/06\/shib.png\" alt=\"Ikona kasyna Shiba Inu\"><span>Kasyna Shiba<\/span><\/a>\r\n      <a class=\"item\" href=\"https:\/\/outkast-shop.com\/pl\/solana-kasyna\/\"><img decoding=\"async\" src=\"\/wp-content\/uploads\/2023\/06\/sol.png\" alt=\"Ikona casionos Solana\"><span>Kasyna SOL<\/span><\/a>\r\n      <a class=\"item\" href=\"https:\/\/outkast-shop.com\/pl\/monero-kasyna\/\"><img decoding=\"async\" src=\"\/wp-content\/uploads\/2023\/06\/xmr.png\" alt=\"Ikona kasyn Xmr\"><span>Kasyna XMR<\/span><\/a>     \r\n<\/div>\n<\/div><\/div>\n\n\n\n<div class=\"wp-block-group alignfull has-background is-layout-flow wp-container-16\" style=\"padding-top:60px;padding-right:0px;padding-bottom:10px;padding-left:0px; background:#1d2730;\"><div class=\"wp-block-group__inner-container\">\n<div class=\"wp-block-columns are-vertically-aligned-center is-layout-flex wp-container-15\">\n<div class=\"wp-block-column is-vertically-aligned-center is-layout-flow\" style=\"flex-basis:100%\">\n<div class=\"wp-block-group is-layout-flow\"><div class=\"wp-block-group__inner-container\">\n<div class=\"wp-block-columns is-layout-flex wp-container-12\" style=\"padding-right:20px;padding-left:20px\">\n<div class=\"wp-block-column is-vertically-aligned-center is-layout-flow\" style=\"padding-top:20px;padding-bottom:20px;flex-basis:70%\">\n<p class=\"has-text-align-left has-white-color has-text-color wp-block-heading\" style=\"font-size:46px;font-style:normal;font-weight:300;margin-top:10px;margin-right:0px;margin-bottom:10px;margin-left:0px\">Zacznij gra\u0107 ju\u017c teraz!<\/p>\n<\/div>\n\n\n\n<div class=\"wp-block-column is-vertically-aligned-center is-layout-flow\" style=\"padding-top:10px;padding-bottom:10px;flex-basis:30%\"><div class=\"wp-block-poka-button\">\n<a class=\"wp-block-button__link has-vivid-red-background-color has-background\" href=\"https:\/\/outkast-shop.com\/pl\/go\/play\/\" style=\"border-radius:100px\"><strong>Zagraj teraz!<\/strong><\/a>\n\n\t\t<\/div><\/div>\n<\/div>\n<\/div><\/div>\n<\/div>\n<\/div>\n<\/div><\/div>\n\n\n\n<div class=\"wp-block-group alignfull gallery_section has-poka-boxes-background-color-alt-background-color has-background is-layout-constrained wp-block-group-is-layout-constrained\"><div class=\"wp-block-group__inner-container\">\n<p class=\"has-medium-font-size\"><strong>Odkryj wi\u0119cej:<\/strong><\/p>\n\n\n\n<div class=\"types-gallery\">\r\n\t  <a class=\"item\" href=\"https:\/\/outkast-shop.com\/pl\/anonimowe-kasyna\/\"><img decoding=\"async\" src=\"\/wp-content\/uploads\/2023\/06\/ct4.png\" alt=\"Ikona anonimowego kasyna\"><span>Anonimowe kasyna<\/span><\/a>\r\n      <a class=\"item\" href=\"https:\/\/outkast-shop.com\/pl\/blockchain-kasyna\/\"><img decoding=\"async\" src=\"\/wp-content\/uploads\/2023\/06\/ct2.png\" alt=\"Ikona kasyn blockchain\"><span>Kasyna blockchain<\/span><\/a>\r\n      <a class=\"item\" href=\"https:\/\/outkast-shop.com\/pl\/zdecentralizowane-kasyna\/\"><img decoding=\"async\" src=\"\/wp-content\/uploads\/2023\/06\/ct5.png\" alt=\"Ikona zdecentralizowanych kasyn\"><span>Zdecentralizowane kasyna<\/span><\/a>\r\n      <a class=\"item\" href=\"https:\/\/outkast-shop.com\/pl\/hybrydowe-kasyna-online\/\"><img decoding=\"async\" src=\"\/wp-content\/uploads\/2023\/06\/ct3.png\" alt=\"Ikona kasyna hybrydowego\"><span>Kasyna hybrydowe<\/span><\/a>\r\n      <a class=\"item\" href=\"https:\/\/outkast-shop.com\/pl\/nowe-kasyna-kryptowalutowe\/\"><img decoding=\"async\" src=\"\/wp-content\/uploads\/2023\/06\/ct6-1.png\" alt=\"Nowa ikona Crypto Casinos\"><span>Nowy Crypto Casinos<\/span><\/a>\r\n      <a class=\"item\" href=\"https:\/\/outkast-shop.com\/pl\/nft-kasyna\/\"><img decoding=\"async\" src=\"\/wp-content\/uploads\/2023\/06\/ct7-1.png\" alt=\"Ikona kasyn NFT\"><span>Kasyna NFT<\/span><\/a>     \r\n<\/div>\n<\/div><\/div>","protected":false},"excerpt":{"rendered":"<p>Bobby Brown Bobby Brown jest uznanym ekspertem iGaming z bogatym do\u015bwiadczeniem w bran\u017cy. Wni\u00f3s\u0142 znacz\u0105cy wk\u0142ad w t\u0119 dziedzin\u0119 dzi\u0119ki swoim wnikliwym analizom i raportom. Jako oddany dziennikarz Bobby zajmowa\u0142 si\u0119 szerokim zakresem temat\u00f3w, w tym Crypto Baccarat i innymi grami kryptograficznymi. Jego ogromna wiedza i [...]<\/p>","protected":false},"author":1,"featured_media":0,"parent":0,"menu_order":0,"comment_status":"closed","ping_status":"closed","template":"","meta":{"_mi_skip_tracking":false,"_monsterinsights_sitenote_active":false,"_monsterinsights_sitenote_note":"","_monsterinsights_sitenote_category":0,"footnotes":""},"class_list":["post-2378","page","type-page","status-publish","hentry"],"acf":[],"yoast_head":"<!-- This site is optimized with the Yoast SEO plugin v22.8 - https:\/\/yoast.com\/wordpress\/plugins\/seo\/ -->\n<title>Bobby Brown, Author at outkast-shop.com<\/title>\n<meta name=\"description\" content=\"Bobby Brown is a renowned iGaming expert with a wealth of experience in the industry. He has made significant contributions to the field through his insightful analysis and reporting.\" \/>\n<meta name=\"robots\" content=\"index, follow, max-snippet:-1, max-image-preview:large, max-video-preview:-1\" \/>\n<link rel=\"canonical\" href=\"https:\/\/outkast-shop.com\/pl\/bobby-brown\/\" \/>\n<meta property=\"og:locale\" content=\"pl_PL\" \/>\n<meta property=\"og:type\" content=\"article\" \/>\n<meta property=\"og:title\" content=\"Bobby Brown, Author at outkast-shop.com\" \/>\n<meta property=\"og:description\" content=\"Bobby Brown is a renowned iGaming expert with a wealth of experience in the industry. He has made significant contributions to the field through his insightful analysis and reporting.\" \/>\n<meta property=\"og:url\" content=\"https:\/\/outkast-shop.com\/pl\/bobby-brown\/\" \/>\n<meta property=\"og:site_name\" content=\"Crypto Casino\" \/>\n<meta property=\"article:modified_time\" content=\"2023-06-29T06:40:18+00:00\" \/>\n<meta property=\"og:image\" content=\"https:\/\/outkast-shop.com\/wp-content\/uploads\/2023\/06\/bobby-brown.jpg\" \/>\n<meta name=\"twitter:card\" content=\"summary_large_image\" \/>\n<meta name=\"twitter:label1\" content=\"Szacowany czas czytania\" \/>\n\t<meta name=\"twitter:data1\" content=\"1 minuta\" \/>\n<!-- \/ Yoast SEO plugin. -->","yoast_head_json":{"title":"Bobby Brown, Author at outkast-shop.com","description":"Bobby Brown is a renowned iGaming expert with a wealth of experience in the industry. He has made significant contributions to the field through his insightful analysis and reporting.","robots":{"index":"index","follow":"follow","max-snippet":"max-snippet:-1","max-image-preview":"max-image-preview:large","max-video-preview":"max-video-preview:-1"},"canonical":"https:\/\/outkast-shop.com\/pl\/bobby-brown\/","og_locale":"pl_PL","og_type":"article","og_title":"Bobby Brown, Author at outkast-shop.com","og_description":"Bobby Brown is a renowned iGaming expert with a wealth of experience in the industry. He has made significant contributions to the field through his insightful analysis and reporting.","og_url":"https:\/\/outkast-shop.com\/pl\/bobby-brown\/","og_site_name":"Crypto Casino","article_modified_time":"2023-06-29T06:40:18+00:00","og_image":[{"url":"https:\/\/outkast-shop.com\/wp-content\/uploads\/2023\/06\/bobby-brown.jpg"}],"twitter_card":"summary_large_image","twitter_misc":{"Szacowany czas czytania":"1 minuta"},"schema":{"@context":"https:\/\/schema.org","@graph":[{"@type":"WebPage","@id":"https:\/\/outkast-shop.com\/bobby-brown\/","url":"https:\/\/outkast-shop.com\/bobby-brown\/","name":"Bobby Brown, Author at outkast-shop.com","isPartOf":{"@id":"https:\/\/outkast-shop.com\/#website"},"primaryImageOfPage":{"@id":"https:\/\/outkast-shop.com\/bobby-brown\/#primaryimage"},"image":{"@id":"https:\/\/outkast-shop.com\/bobby-brown\/#primaryimage"},"thumbnailUrl":"https:\/\/outkast-shop.com\/wp-content\/uploads\/2023\/06\/bobby-brown.jpg","datePublished":"2023-06-29T06:26:15+00:00","dateModified":"2023-06-29T06:40:18+00:00","description":"Bobby Brown is a renowned iGaming expert with a wealth of experience in the industry. He has made significant contributions to the field through his insightful analysis and reporting.","breadcrumb":{"@id":"https:\/\/outkast-shop.com\/bobby-brown\/#breadcrumb"},"inLanguage":"pl-PL","potentialAction":[{"@type":"ReadAction","target":["https:\/\/outkast-shop.com\/bobby-brown\/"]}]},{"@type":"ImageObject","inLanguage":"pl-PL","@id":"https:\/\/outkast-shop.com\/bobby-brown\/#primaryimage","url":"https:\/\/outkast-shop.com\/wp-content\/uploads\/2023\/06\/bobby-brown.jpg","contentUrl":"https:\/\/outkast-shop.com\/wp-content\/uploads\/2023\/06\/bobby-brown.jpg"},{"@type":"BreadcrumbList","@id":"https:\/\/outkast-shop.com\/bobby-brown\/#breadcrumb","itemListElement":[{"@type":"ListItem","position":1,"name":"Home","item":"https:\/\/outkast-shop.com\/"},{"@type":"ListItem","position":2,"name":"Bobby Brown"}]},{"@type":"WebSite","@id":"https:\/\/outkast-shop.com\/#website","url":"https:\/\/outkast-shop.com\/","name":"Crypto Casino","description":"","publisher":{"@id":"https:\/\/outkast-shop.com\/#organization"},"potentialAction":[{"@type":"SearchAction","target":{"@type":"EntryPoint","urlTemplate":"https:\/\/outkast-shop.com\/?s={search_term_string}"},"query-input":"required name=search_term_string"}],"inLanguage":"pl-PL"},{"@type":"Organization","@id":"https:\/\/outkast-shop.com\/#organization","name":"Outkast Roller","alternateName":"outkast-shop.com","url":"https:\/\/outkast-shop.com\/","logo":{"@type":"ImageObject","inLanguage":"pl-PL","@id":"https:\/\/outkast-shop.com\/#\/schema\/logo\/image\/","url":"https:\/\/outkast-shop.com\/wp-content\/uploads\/2023\/06\/long-logo.png","contentUrl":"https:\/\/outkast-shop.com\/wp-content\/uploads\/2023\/06\/long-logo.png","width":326,"height":75,"caption":"Outkast Roller"},"image":{"@id":"https:\/\/outkast-shop.com\/#\/schema\/logo\/image\/"}}]}},"_links":{"self":[{"href":"https:\/\/outkast-shop.com\/pl\/wp-json\/wp\/v2\/pages\/2378","targetHints":{"allow":["GET"]}}],"collection":[{"href":"https:\/\/outkast-shop.com\/pl\/wp-json\/wp\/v2\/pages"}],"about":[{"href":"https:\/\/outkast-shop.com\/pl\/wp-json\/wp\/v2\/types\/page"}],"author":[{"embeddable":true,"href":"https:\/\/outkast-shop.com\/pl\/wp-json\/wp\/v2\/users\/1"}],"replies":[{"embeddable":true,"href":"https:\/\/outkast-shop.com\/pl\/wp-json\/wp\/v2\/comments?post=2378"}],"version-history":[{"count":0,"href":"https:\/\/outkast-shop.com\/pl\/wp-json\/wp\/v2\/pages\/2378\/revisions"}],"wp:attachment":[{"href":"https:\/\/outkast-shop.com\/pl\/wp-json\/wp\/v2\/media?parent=2378"}],"curies":[{"name":"wp","href":"https:\/\/api.w.org\/{rel}","templated":true}]}}