{"id":1840,"date":"2023-06-06T11:03:13","date_gmt":"2023-06-06T11:03:13","guid":{"rendered":"https:\/\/outkast-shop.com\/?page_id=1840"},"modified":"2024-03-19T10:24:56","modified_gmt":"2024-03-19T10:24:56","slug":"about-us","status":"publish","type":"page","link":"https:\/\/outkast-shop.com\/pt\/sobre-nos\/","title":{"rendered":"Sobre n\u00f3s"},"content":{"rendered":"<h1 class=\"wp-block-heading has-text-align-center\">Sobre n\u00f3s<\/h1>\n\n\n\n<p class=\"has-text-align-center\">Se voc\u00ea \u00e9 f\u00e3 de cassinos e jogos on-line, sabe como \u00e9 importante encontrar avalia\u00e7\u00f5es confi\u00e1veis e imparciais. Com tantas op\u00e7\u00f5es dispon\u00edveis, pode ser dif\u00edcil escolher a op\u00e7\u00e3o certa. \u00c9 a\u00ed que entra a Outkast Roller. Nossa equipe de avaliadores experientes est\u00e1 no setor h\u00e1 mais de 5 anos e nos dedicamos a fornecer as informa\u00e7\u00f5es mais precisas e confi\u00e1veis poss\u00edveis.<\/p>\n\n\n\n<figure class=\"wp-block-image aligncenter size-full is-resized\"><img decoding=\"async\" width=\"800\" height=\"489\" src=\"https:\/\/outkast-shop.com\/wp-content\/uploads\/2023\/06\/about-us-small-min.jpg\" alt=\"Sobre n\u00f3s Outkast Roller\" class=\"wp-image-1841\" style=\"width:600px;height:367px\" srcset=\"https:\/\/outkast-shop.com\/wp-content\/uploads\/2023\/06\/about-us-small-min.jpg 800w, https:\/\/outkast-shop.com\/wp-content\/uploads\/2023\/06\/about-us-small-min-300x183.jpg 300w, https:\/\/outkast-shop.com\/wp-content\/uploads\/2023\/06\/about-us-small-min-768x469.jpg 768w, https:\/\/outkast-shop.com\/wp-content\/uploads\/2023\/06\/about-us-small-min-18x12.jpg 18w, https:\/\/outkast-shop.com\/wp-content\/uploads\/2023\/06\/about-us-small-min-110x67.jpg 110w, https:\/\/outkast-shop.com\/wp-content\/uploads\/2023\/06\/about-us-small-min-575x351.jpg 575w\" sizes=\"(max-width: 800px) 100vw, 800px\" \/><\/figure>\n\n\n\n<h2 class=\"wp-block-heading has-text-align-center\">Sua fonte confi\u00e1vel de avalia\u00e7\u00f5es imparciais de cassinos e jogos<\/h2>\n\n\n\n<p>Na Outkast Roller, entendemos que o mundo dos jogos on-line pode ser confuso e, \u00e0s vezes, at\u00e9 arriscado. \u00c9 por isso que temos o compromisso de oferecer an\u00e1lises imparciais dos cassinos e jogos mais populares do setor. Nossas avalia\u00e7\u00f5es s\u00e3o baseadas em pesquisas, testes e an\u00e1lises abrangentes e sempre damos nossa opini\u00e3o honesta, seja ela positiva ou negativa.<\/p>\n\n\n\n<p>Al\u00e9m de nossas an\u00e1lises, tamb\u00e9m nos dedicamos a inspirar os jogadores e todo o setor a honrar aqueles que buscam entretenimento on-line. Acreditamos que todos devem ter acesso a experi\u00eancias de jogo seguras, justas e agrad\u00e1veis, e trabalhamos arduamente para promover esses valores no setor.<\/p>\n\n\n\n<h2 class=\"wp-block-heading has-text-align-center\">Nossos especialistas<\/h2>\n\n\n\n<div class=\"wp-block-columns is-layout-flex wp-container-core-columns-is-layout-28f84493 wp-block-columns-is-layout-flex\">\n<div class=\"wp-block-column is-layout-flow wp-block-column-is-layout-flow\">\n<figure class=\"wp-block-image size-full\"><img decoding=\"async\" width=\"500\" height=\"476\" src=\"https:\/\/outkast-shop.com\/wp-content\/uploads\/2023\/10\/denis-mak-big.jpg\" alt=\"Denis Mak sobre a p\u00e1gina\" class=\"wp-image-2622\" srcset=\"https:\/\/outkast-shop.com\/wp-content\/uploads\/2023\/10\/denis-mak-big.jpg 500w, https:\/\/outkast-shop.com\/wp-content\/uploads\/2023\/10\/denis-mak-big-300x286.jpg 300w, https:\/\/outkast-shop.com\/wp-content\/uploads\/2023\/10\/denis-mak-big-13x12.jpg 13w, https:\/\/outkast-shop.com\/wp-content\/uploads\/2023\/10\/denis-mak-big-110x105.jpg 110w\" sizes=\"(max-width: 500px) 100vw, 500px\" \/><\/figure>\n<\/div>\n\n\n\n<div class=\"wp-block-column is-layout-flow wp-block-column-is-layout-flow\">\n<p>O inspirador ideol\u00f3gico de todo o projeto: Denis Mak<\/p>\n\n\n\n<p class=\"has-text-align-left\"><strong>Informa\u00e7\u00f5es:<\/strong><\/p>\n\n\n\n<ul class=\"wp-block-list\">\n<li><a href=\"https:\/\/www.facebook.com\/profile.php?id=100083645510467\" target=\"_blank\" rel=\"noreferrer noopener\">Facebook<\/a><\/li>\n\n\n\n<li><a href=\"https:\/\/twitter.com\/DenisMak18\" target=\"_blank\" rel=\"noreferrer noopener\">Twitter<\/a><\/li>\n\n\n\n<li><a href=\"https:\/\/www.youtube.com\/channel\/UChMjmYBn7NFOLKsIpviYZhA\">Youtube<\/a><\/li>\n<\/ul>\n<\/div>\n<\/div>\n\n\n\n<div class=\"wp-block-columns is-layout-flex wp-container-core-columns-is-layout-28f84493 wp-block-columns-is-layout-flex\">\n<div class=\"wp-block-column is-layout-flow wp-block-column-is-layout-flow\">\n<figure class=\"wp-block-image size-full\"><a href=\"https:\/\/outkast-shop.com\/pt\/bobby-brown\/\"><img decoding=\"async\" width=\"500\" height=\"475\" src=\"https:\/\/outkast-shop.com\/wp-content\/uploads\/2023\/06\/bobby-brown-f.jpg\" alt=\"Bobby Brown Autor da criptografia\" class=\"wp-image-2390\" srcset=\"https:\/\/outkast-shop.com\/wp-content\/uploads\/2023\/06\/bobby-brown-f.jpg 500w, https:\/\/outkast-shop.com\/wp-content\/uploads\/2023\/06\/bobby-brown-f-300x285.jpg 300w, https:\/\/outkast-shop.com\/wp-content\/uploads\/2023\/06\/bobby-brown-f-13x12.jpg 13w, https:\/\/outkast-shop.com\/wp-content\/uploads\/2023\/06\/bobby-brown-f-110x105.jpg 110w\" sizes=\"(max-width: 500px) 100vw, 500px\" \/><\/a><figcaption class=\"wp-element-caption\">Bobby Brown - Especialista em jogos de azar com criptomoedas<\/figcaption><\/figure>\n<\/div>\n\n\n\n<div class=\"wp-block-column is-layout-flow wp-block-column-is-layout-flow\">\n<figure class=\"wp-block-image size-full\"><a href=\"https:\/\/outkast-shop.com\/pt\/martin-gor\/\"><img decoding=\"async\" width=\"496\" height=\"475\" src=\"https:\/\/outkast-shop.com\/wp-content\/uploads\/2023\/06\/gor-a.jpg\" alt=\"Martyn Gor - Autor de criptografia\" class=\"wp-image-2391\" srcset=\"https:\/\/outkast-shop.com\/wp-content\/uploads\/2023\/06\/gor-a.jpg 496w, https:\/\/outkast-shop.com\/wp-content\/uploads\/2023\/06\/gor-a-300x287.jpg 300w, https:\/\/outkast-shop.com\/wp-content\/uploads\/2023\/06\/gor-a-13x12.jpg 13w, https:\/\/outkast-shop.com\/wp-content\/uploads\/2023\/06\/gor-a-110x105.jpg 110w\" sizes=\"(max-width: 496px) 100vw, 496px\" \/><\/a><figcaption class=\"wp-element-caption\">Martyn Gor - Especialista em jogos de azar com criptomoedas<\/figcaption><\/figure>\n<\/div>\n<\/div>\n\n\n\n<h2 class=\"wp-block-heading has-text-align-center\">Nossa miss\u00e3o<\/h2>\n\n\n\n<p>Nossa miss\u00e3o \u00e9 fornecer aos jogadores informa\u00e7\u00f5es precisas e confi\u00e1veis sobre cassinos e jogos on-line e, ao mesmo tempo, promover experi\u00eancias de jogo seguras, justas e agrad\u00e1veis. N\u00f3s nos esfor\u00e7amos para capacitar os jogadores a tomar decis\u00f5es informadas, realizando pesquisas e an\u00e1lises completas e mantendo-nos atualizados com as \u00faltimas tend\u00eancias e desenvolvimentos do setor. Al\u00e9m disso, temos o compromisso de defender os direitos e interesses dos jogadores e de responsabilizar os cassinos on-line e os desenvolvedores de jogos por suas a\u00e7\u00f5es. \u00c0 medida que continuamos a crescer e a nos expandir, esperamos nos estabelecer como uma voz de lideran\u00e7a na comunidade de jogos on-line e inspirar outros a priorizar as necessidades e os interesses dos jogadores acima de tudo.<\/p>\n\n\n\n<div class=\"wp-block-group alignfull gallery_section has-poka-boxes-background-color-alt-background-color has-background is-layout-constrained wp-block-group-is-layout-constrained\"><div class=\"wp-block-group__inner-container\">\n<p class=\"has-medium-font-size\"><strong>Descubra mais:<\/strong><\/p>\n\n\n\n<div class=\"types-gallery\">\r\n\t  <a class=\"item\" href=\"https:\/\/outkast-shop.com\/pt\/anonymous-casinos\/\"><img decoding=\"async\" src=\"\/wp-content\/uploads\/2023\/06\/ct4.png\" alt=\"\u00cdcone dos cassinos an\u00f4nimos\"><span>Cassinos an\u00f4nimos<\/span><\/a>\r\n      <a class=\"item\" href=\"https:\/\/outkast-shop.com\/pt\/cassinos-com-blockchain\/\"><img decoding=\"async\" src=\"\/wp-content\/uploads\/2023\/06\/ct2.png\" alt=\"\u00cdcone dos cassinos Blockchain\"><span>Cassinos Blockchain<\/span><\/a>\r\n      <a class=\"item\" href=\"https:\/\/outkast-shop.com\/pt\/cassinos-descentralizados\/\"><img decoding=\"async\" src=\"\/wp-content\/uploads\/2023\/06\/ct5.png\" alt=\"\u00cdcone dos cassinos descentralizados\"><span>Cassinos descentralizados<\/span><\/a>\r\n      <a class=\"item\" href=\"https:\/\/outkast-shop.com\/pt\/cassinos-on-line-hibridos\/\"><img decoding=\"async\" src=\"\/wp-content\/uploads\/2023\/06\/ct3.png\" alt=\"\u00cdcone dos cassinos h\u00edbridos\"><span>Cassinos h\u00edbridos<\/span><\/a>\r\n      <a class=\"item\" href=\"https:\/\/outkast-shop.com\/pt\/novos-cassinos-de-criptografia\/\"><img decoding=\"async\" src=\"\/wp-content\/uploads\/2023\/06\/ct6-1.png\" alt=\"Novo \u00edcone do Crypto Casinos\"><span>Novo Crypto Casinos<\/span><\/a>\r\n      <a class=\"item\" href=\"https:\/\/outkast-shop.com\/pt\/nft-casinos\/\"><img decoding=\"async\" src=\"\/wp-content\/uploads\/2023\/06\/ct7-1.png\" alt=\"\u00cdcone dos cassinos NFT\"><span>Cassinos NFT<\/span><\/a>     \r\n<\/div>\n<\/div><\/div>\n\n\n\n<div class=\"wp-block-group alignfull has-background is-layout-flow wp-container-16\" style=\"padding-top:60px;padding-right:0px;padding-bottom:10px;padding-left:0px; background:#1d2730;\"><div class=\"wp-block-group__inner-container\">\n<div class=\"wp-block-columns are-vertically-aligned-center is-layout-flex wp-container-15\">\n<div class=\"wp-block-column is-vertically-aligned-center is-layout-flow\" style=\"flex-basis:100%\">\n<div class=\"wp-block-group is-layout-flow\"><div class=\"wp-block-group__inner-container\">\n<div class=\"wp-block-columns is-layout-flex wp-container-12\" style=\"padding-right:20px;padding-left:20px\">\n<div class=\"wp-block-column is-vertically-aligned-center is-layout-flow\" style=\"padding-top:20px;padding-bottom:20px;flex-basis:70%\">\n<p class=\"has-text-align-left has-white-color has-text-color wp-block-heading\" style=\"font-size:46px;font-style:normal;font-weight:300;margin-top:10px;margin-right:0px;margin-bottom:10px;margin-left:0px\">Comece a jogar agora mesmo!<\/p>\n<\/div>\n\n\n\n<div class=\"wp-block-column is-vertically-aligned-center is-layout-flow\" style=\"padding-top:10px;padding-bottom:10px;flex-basis:30%\"><div class=\"wp-block-poka-button\">\n<a class=\"wp-block-button__link has-vivid-red-background-color has-background\" href=\"https:\/\/outkast-shop.com\/pt\/go\/play\/\" style=\"border-radius:100px\"><strong>Jogue agora!<\/strong><\/a>\n\n\t\t<\/div><\/div>\n<\/div>\n<\/div><\/div>\n<\/div>\n<\/div>\n<\/div><\/div>\n\n\n\n<div class=\"wp-block-group alignfull gallery_section has-poka-boxes-background-color-alt-background-color has-background is-layout-constrained wp-block-group-is-layout-constrained\"><div class=\"wp-block-group__inner-container\">\n<p class=\"has-medium-font-size\"><strong><strong>Principais criptomoedas:<\/strong><\/strong><\/p>\n\n\n\n<div class=\"icons-galley\">\r\n\t\t  <a class=\"item\" href=\"https:\/\/outkast-shop.com\/pt\/cassinos-de-bitcoin\/\"><img decoding=\"async\" src=\"\/wp-content\/uploads\/2023\/06\/btc.png\" alt=\"\u00cdcone dos cassinos Bitcoin\"><span>BTC Cassinos<\/span><\/a>\r\n\t  <a class=\"item\" href=\"https:\/\/outkast-shop.com\/pt\/cassinos-ethereum\/\"><img decoding=\"async\" src=\"\/wp-content\/uploads\/2023\/06\/eth.png\" alt=\"\u00cdcone dos cassinos Ethereum\"><span>ETH Cassinos<\/span><\/a>\r\n\t  <a class=\"item\" href=\"https:\/\/outkast-shop.com\/pt\/tether-casinos\/\"><img decoding=\"async\" src=\"\/wp-content\/uploads\/2023\/06\/usdt.png\" alt=\"\u00cdcone dos cassinos Tether\"><span>USDT Cassinos<\/span><\/a>\r\n\t  <a class=\"item\" href=\"https:\/\/outkast-shop.com\/pt\/cassinos-de-litecoin\/\"><img decoding=\"async\" src=\"\/wp-content\/uploads\/2023\/06\/ltc.png\" alt=\"\u00cdcone dos cassinos Litecoin\"><span>LTC Cassinos<\/span><\/a>\r\n\t  <a class=\"item\" href=\"https:\/\/outkast-shop.com\/pt\/cassinos-de-dogecoin\/\"><img decoding=\"async\" src=\"\/wp-content\/uploads\/2023\/06\/doge.png\" alt=\"\u00cdcone dos cassinos Dogecoin\"><span>Doge Cassinos<\/span><\/a>\r\n\t  <a class=\"item\" href=\"https:\/\/outkast-shop.com\/pt\/cassinos-ripple\/\"><img decoding=\"async\" src=\"\/wp-content\/uploads\/2023\/06\/xrp.png\" alt=\"\u00cdcone dos cassinos Ripple\"><span>XRP Cassinos<\/span><\/a>\r\n\t  <a class=\"item\" href=\"https:\/\/outkast-shop.com\/pt\/cassinos-com-dinheiro-em-bitcoin\/\"><img decoding=\"async\" src=\"\/wp-content\/uploads\/2023\/06\/bch.png\" alt=\"\u00cdcone do cassino Bitcoin Cash\"><span>Cassinos BCH<\/span><\/a>\r\n\t  <a class=\"item\" href=\"https:\/\/outkast-shop.com\/pt\/cassinos-troncais\/\"><img decoding=\"async\" src=\"\/wp-content\/uploads\/2023\/06\/trx.png\" alt=\"\u00cdcone do cassino Tron\"><span>TRX<\/span><\/a> \r\n\t  <a class=\"item\" href=\"https:\/\/outkast-shop.com\/pt\/cassinos-cardan\/\"><img decoding=\"async\" src=\"\/wp-content\/uploads\/2023\/06\/ada.png\" alt=\"\u00cdcone dos cassinos Ada\"><span>Cassinos de Ada<\/span><\/a>\r\n      <a class=\"item\" href=\"https:\/\/outkast-shop.com\/pt\/binance-coin-casinos\/\"><img decoding=\"async\" src=\"\/wp-content\/uploads\/2023\/06\/bnb.png\" alt=\"\u00cdcone dos cassinos da Bnb\"><span>BNB Cassinos<\/span><\/a>\r\n      <a class=\"item\" href=\"https:\/\/outkast-shop.com\/pt\/dash-cassinos\/\"><img decoding=\"async\" src=\"\/wp-content\/uploads\/2023\/06\/dash.png\" alt=\"\u00cdcone dos cassinos Dash\"><span>Dash Cassinos<\/span><\/a>\r\n      <a class=\"item\" href=\"https:\/\/outkast-shop.com\/pt\/cassinos-shiba-inu\/\"><img decoding=\"async\" src=\"\/wp-content\/uploads\/2023\/06\/shib.png\" alt=\"\u00cdcone dos cassinos Shiba Inu\"><span>Cassinos Shiba<\/span><\/a>\r\n      <a class=\"item\" href=\"https:\/\/outkast-shop.com\/pt\/solana-casinos\/\"><img decoding=\"async\" src=\"\/wp-content\/uploads\/2023\/06\/sol.png\" alt=\"\u00cdcone de casionos Solana\"><span>Cassinos SOL<\/span><\/a>\r\n      <a class=\"item\" href=\"https:\/\/outkast-shop.com\/pt\/cassinos-monero\/\"><img decoding=\"async\" src=\"\/wp-content\/uploads\/2023\/06\/xmr.png\" alt=\"\u00cdcone dos cassinos Xmr\"><span>Cassinos XMR<\/span><\/a>     \r\n<\/div>\n<\/div><\/div>","protected":false},"excerpt":{"rendered":"<p>Sobre n\u00f3s Se voc\u00ea \u00e9 f\u00e3 de cassinos e jogos on-line, sabe como \u00e9 importante encontrar avalia\u00e7\u00f5es confi\u00e1veis e imparciais. Com tantas op\u00e7\u00f5es dispon\u00edveis, pode ser dif\u00edcil escolher a op\u00e7\u00e3o certa. \u00c9 a\u00ed que entra a Outkast Roller. Nossa equipe de avaliadores experientes est\u00e1 no setor h\u00e1 [...]<\/p>","protected":false},"author":1,"featured_media":1841,"parent":0,"menu_order":0,"comment_status":"closed","ping_status":"closed","template":"","meta":{"_mi_skip_tracking":false,"_monsterinsights_sitenote_active":false,"_monsterinsights_sitenote_note":"","_monsterinsights_sitenote_category":0,"footnotes":""},"class_list":["post-1840","page","type-page","status-publish","has-post-thumbnail","hentry"],"acf":[],"yoast_head":"<!-- This site is optimized with the Yoast SEO plugin v22.8 - https:\/\/yoast.com\/wordpress\/plugins\/seo\/ -->\n<title>About OutKast Shop: Your Trusted Online Gaming Partner<\/title>\n<meta name=\"description\" content=\"Get to know OutKast Shop: values and commitment to providing secure online gaming experiences. Learn what sets us apart in the digital gaming world.\" \/>\n<meta name=\"robots\" content=\"index, follow, max-snippet:-1, max-image-preview:large, max-video-preview:-1\" \/>\n<link rel=\"canonical\" href=\"https:\/\/outkast-shop.com\/pt\/sobre-nos\/\" \/>\n<meta property=\"og:locale\" content=\"pt_BR\" \/>\n<meta property=\"og:type\" content=\"article\" \/>\n<meta property=\"og:title\" content=\"About OutKast Shop: Your Trusted Online Gaming Partner\" \/>\n<meta property=\"og:description\" content=\"Get to know OutKast Shop: values and commitment to providing secure online gaming experiences. Learn what sets us apart in the digital gaming world.\" \/>\n<meta property=\"og:url\" content=\"https:\/\/outkast-shop.com\/pt\/sobre-nos\/\" \/>\n<meta property=\"og:site_name\" content=\"Crypto Casino\" \/>\n<meta property=\"article:modified_time\" content=\"2024-03-19T10:24:56+00:00\" \/>\n<meta property=\"og:image\" content=\"https:\/\/outkast-shop.com\/wp-content\/uploads\/2023\/06\/about-us-small-min.jpg\" \/>\n\t<meta property=\"og:image:width\" content=\"800\" \/>\n\t<meta property=\"og:image:height\" content=\"489\" \/>\n\t<meta property=\"og:image:type\" content=\"image\/jpeg\" \/>\n<meta name=\"twitter:card\" content=\"summary_large_image\" \/>\n<meta name=\"twitter:label1\" content=\"Est. tempo de leitura\" \/>\n\t<meta name=\"twitter:data1\" content=\"3 minutos\" \/>\n<!-- \/ Yoast SEO plugin. -->","yoast_head_json":{"title":"About OutKast Shop: Your Trusted Online Gaming Partner","description":"Get to know OutKast Shop: values and commitment to providing secure online gaming experiences. Learn what sets us apart in the digital gaming world.","robots":{"index":"index","follow":"follow","max-snippet":"max-snippet:-1","max-image-preview":"max-image-preview:large","max-video-preview":"max-video-preview:-1"},"canonical":"https:\/\/outkast-shop.com\/pt\/sobre-nos\/","og_locale":"pt_BR","og_type":"article","og_title":"About OutKast Shop: Your Trusted Online Gaming Partner","og_description":"Get to know OutKast Shop: values and commitment to providing secure online gaming experiences. Learn what sets us apart in the digital gaming world.","og_url":"https:\/\/outkast-shop.com\/pt\/sobre-nos\/","og_site_name":"Crypto Casino","article_modified_time":"2024-03-19T10:24:56+00:00","og_image":[{"width":800,"height":489,"url":"https:\/\/outkast-shop.com\/wp-content\/uploads\/2023\/06\/about-us-small-min.jpg","type":"image\/jpeg"}],"twitter_card":"summary_large_image","twitter_misc":{"Est. tempo de leitura":"3 minutos"},"schema":{"@context":"https:\/\/schema.org","@graph":[{"@type":"WebPage","@id":"https:\/\/outkast-shop.com\/about-us\/","url":"https:\/\/outkast-shop.com\/about-us\/","name":"About OutKast Shop: Your Trusted Online Gaming Partner","isPartOf":{"@id":"https:\/\/outkast-shop.com\/#website"},"primaryImageOfPage":{"@id":"https:\/\/outkast-shop.com\/about-us\/#primaryimage"},"image":{"@id":"https:\/\/outkast-shop.com\/about-us\/#primaryimage"},"thumbnailUrl":"https:\/\/outkast-shop.com\/wp-content\/uploads\/2023\/06\/about-us-small-min.jpg","datePublished":"2023-06-06T11:03:13+00:00","dateModified":"2024-03-19T10:24:56+00:00","description":"Get to know OutKast Shop: values and commitment to providing secure online gaming experiences. Learn what sets us apart in the digital gaming world.","breadcrumb":{"@id":"https:\/\/outkast-shop.com\/about-us\/#breadcrumb"},"inLanguage":"pt-BR","potentialAction":[{"@type":"ReadAction","target":["https:\/\/outkast-shop.com\/about-us\/"]}]},{"@type":"ImageObject","inLanguage":"pt-BR","@id":"https:\/\/outkast-shop.com\/about-us\/#primaryimage","url":"https:\/\/outkast-shop.com\/wp-content\/uploads\/2023\/06\/about-us-small-min.jpg","contentUrl":"https:\/\/outkast-shop.com\/wp-content\/uploads\/2023\/06\/about-us-small-min.jpg","width":800,"height":489,"caption":"About Us Outkast Roller"},{"@type":"BreadcrumbList","@id":"https:\/\/outkast-shop.com\/about-us\/#breadcrumb","itemListElement":[{"@type":"ListItem","position":1,"name":"Home","item":"https:\/\/outkast-shop.com\/"},{"@type":"ListItem","position":2,"name":"About Us"}]},{"@type":"WebSite","@id":"https:\/\/outkast-shop.com\/#website","url":"https:\/\/outkast-shop.com\/","name":"Crypto Casino","description":"","publisher":{"@id":"https:\/\/outkast-shop.com\/#organization"},"potentialAction":[{"@type":"SearchAction","target":{"@type":"EntryPoint","urlTemplate":"https:\/\/outkast-shop.com\/?s={search_term_string}"},"query-input":"required name=search_term_string"}],"inLanguage":"pt-BR"},{"@type":"Organization","@id":"https:\/\/outkast-shop.com\/#organization","name":"Outkast Roller","alternateName":"outkast-shop.com","url":"https:\/\/outkast-shop.com\/","logo":{"@type":"ImageObject","inLanguage":"pt-BR","@id":"https:\/\/outkast-shop.com\/#\/schema\/logo\/image\/","url":"https:\/\/outkast-shop.com\/wp-content\/uploads\/2023\/06\/long-logo.png","contentUrl":"https:\/\/outkast-shop.com\/wp-content\/uploads\/2023\/06\/long-logo.png","width":326,"height":75,"caption":"Outkast Roller"},"image":{"@id":"https:\/\/outkast-shop.com\/#\/schema\/logo\/image\/"}}]}},"_links":{"self":[{"href":"https:\/\/outkast-shop.com\/pt\/wp-json\/wp\/v2\/pages\/1840","targetHints":{"allow":["GET"]}}],"collection":[{"href":"https:\/\/outkast-shop.com\/pt\/wp-json\/wp\/v2\/pages"}],"about":[{"href":"https:\/\/outkast-shop.com\/pt\/wp-json\/wp\/v2\/types\/page"}],"author":[{"embeddable":true,"href":"https:\/\/outkast-shop.com\/pt\/wp-json\/wp\/v2\/users\/1"}],"replies":[{"embeddable":true,"href":"https:\/\/outkast-shop.com\/pt\/wp-json\/wp\/v2\/comments?post=1840"}],"version-history":[{"count":0,"href":"https:\/\/outkast-shop.com\/pt\/wp-json\/wp\/v2\/pages\/1840\/revisions"}],"wp:featuredmedia":[{"embeddable":true,"href":"https:\/\/outkast-shop.com\/pt\/wp-json\/wp\/v2\/media\/1841"}],"wp:attachment":[{"href":"https:\/\/outkast-shop.com\/pt\/wp-json\/wp\/v2\/media?parent=1840"}],"curies":[{"name":"wp","href":"https:\/\/api.w.org\/{rel}","templated":true}]}}