{"id":2342,"date":"2023-06-26T09:25:06","date_gmt":"2023-06-26T09:25:06","guid":{"rendered":"https:\/\/outkast-shop.com\/?page_id=2342"},"modified":"2023-06-26T10:12:18","modified_gmt":"2023-06-26T10:12:18","slug":"gambling-terminology-glossary","status":"publish","type":"page","link":"https:\/\/outkast-shop.com\/pt\/glossario-de-terminologia-de-jogos-de-azar\/","title":{"rendered":"Gloss\u00e1rio de terminologia de jogos de azar"},"content":{"rendered":"<h1 class=\"wp-block-heading has-text-align-center\">Gloss\u00e1rio de terminologia de jogos de azar<\/h1>\n\n\n\n<p class=\"has-text-align-center\">Os jogos de azar podem ser um passatempo empolgante e lucrativo, mas \u00e9 importante entender a terminologia e as regras dos jogos antes de mergulhar neles. Este guia abrangente fornecer\u00e1 uma vis\u00e3o geral de alguns dos termos mais comuns usados em cassinos e jogos de azar.<\/p>\n\n\n\n<figure class=\"wp-block-image aligncenter size-full is-resized\"><img decoding=\"async\" src=\"https:\/\/outkast-shop.com\/wp-content\/uploads\/2023\/06\/gambling-terminology-glossary-min.jpg\" alt=\"Gloss\u00e1rio de terminologia de jogos de azar\" class=\"wp-image-2344\" width=\"750\" height=\"459\" srcset=\"https:\/\/outkast-shop.com\/wp-content\/uploads\/2023\/06\/gambling-terminology-glossary-min.jpg 1000w, https:\/\/outkast-shop.com\/wp-content\/uploads\/2023\/06\/gambling-terminology-glossary-min-300x184.jpg 300w, https:\/\/outkast-shop.com\/wp-content\/uploads\/2023\/06\/gambling-terminology-glossary-min-768x470.jpg 768w, https:\/\/outkast-shop.com\/wp-content\/uploads\/2023\/06\/gambling-terminology-glossary-min-18x12.jpg 18w, https:\/\/outkast-shop.com\/wp-content\/uploads\/2023\/06\/gambling-terminology-glossary-min-110x67.jpg 110w, https:\/\/outkast-shop.com\/wp-content\/uploads\/2023\/06\/gambling-terminology-glossary-min-575x352.jpg 575w\" sizes=\"(max-width: 750px) 100vw, 750px\" \/><\/figure>\n\n\n\n<h2 class=\"wp-block-heading has-text-align-center\">Gloss\u00e1rio de cassino e terminologia de jogos de azar<\/h2>\n\n\n\n<h3 class=\"wp-block-heading\">A<\/h3>\n\n\n\n<ul class=\"wp-block-list\">\n<li><em>A\u00e7\u00e3o<\/em>: A quantia total de dinheiro apostada por um jogador durante um jogo.<\/li>\n\n\n\n<li><em>Ante<\/em>: A aposta m\u00ednima exigida para participar de um jogo.<\/li>\n\n\n\n<li><em>\u00c1s alto\/baixo<\/em>: Uma regra no p\u00f4quer em que o \u00c1s pode ser a carta mais alta ou mais baixa em uma sequ\u00eancia.<\/li>\n\n\n\n<li><em>Tudo inclu\u00eddo<\/em>: Aposta de todas as suas fichas restantes em um jogo de p\u00f4quer.<\/li>\n<\/ul>\n\n\n\n<h3 class=\"wp-block-heading\">B<\/h3>\n\n\n\n<ul class=\"wp-block-list\">\n<li><em>Banco<\/em>: A quantia total de dinheiro que um jogador reservou para usar em jogos de azar.<\/li>\n\n\n\n<li><em>Grande cego<\/em>: A maior das duas apostas for\u00e7adas em um jogo de p\u00f4quer Texas Hold'em.<\/li>\n\n\n\n<li><em>Blackjack<\/em>: Um jogo de cartas em que o objetivo \u00e9 obter um valor de m\u00e3o de 21 ou o mais pr\u00f3ximo poss\u00edvel de 21 sem ultrapassar o limite.<\/li>\n\n\n\n<li><em>Bluff<\/em>: Fazer uma aposta ou aumentar a aposta no p\u00f4quer com uma m\u00e3o fraca, na tentativa de enganar os advers\u00e1rios.<\/li>\n<\/ul>\n\n\n\n<h3 class=\"wp-block-heading\">C<\/h3>\n\n\n\n<ul class=\"wp-block-list\">\n<li><em>Chamada<\/em>: Igualar a aposta atual em um jogo de p\u00f4quer.<\/li>\n\n\n\n<li><em>Vantagens do cassino<\/em>: A vantagem que o cassino tem sobre os jogadores em um jogo.<\/li>\n\n\n\n<li><em>Batatas fritas<\/em>: Fichas redondas usadas no lugar de dinheiro em um cassino.<\/li>\n\n\n\n<li><em>Croupier<\/em>: A pessoa que dirige um jogo em um cassino.<\/li>\n<\/ul>\n\n\n\n<h3 class=\"wp-block-heading\">D<\/h3>\n\n\n\n<ul class=\"wp-block-list\">\n<li><em>Revendedor<\/em>: A pessoa que distribui as cartas em um jogo de cassino.<\/li>\n\n\n\n<li><em>Duplo ou Nada<\/em>: Uma aposta que dobrar\u00e1 os ganhos do jogador ou resultar\u00e1 em uma perda total.<\/li>\n\n\n\n<li><em>At\u00e9 o feltro<\/em>: Quando um jogador perde todas as suas fichas em um jogo.<\/li>\n<\/ul>\n\n\n\n<h3 class=\"wp-block-heading\">E<\/h3>\n\n\n\n<ul class=\"wp-block-list\">\n<li><em>Valor esperado<\/em>: A quantia de dinheiro que um jogador pode esperar ganhar ou perder em um jogo ao longo do tempo.<\/li>\n\n\n\n<li><em>Olho no c\u00e9u<\/em>: C\u00e2meras colocadas em todo o cassino para monitorar a atividade e evitar trapa\u00e7as.<\/li>\n<\/ul>\n\n\n\n<h3 class=\"wp-block-heading\">F<\/h3>\n\n\n\n<ul class=\"wp-block-list\">\n<li><em>Cartas de rosto<\/em>: Valetes, Damas e Reis em um baralho de cartas.<\/li>\n\n\n\n<li><em>Peixes<\/em>: Termo usado para descrever um jogador novo e inexperiente.<\/li>\n\n\n\n<li><em>Apostas planas<\/em>: Apostar a mesma quantia de dinheiro em cada m\u00e3o ou rodada de um jogo.<\/li>\n\n\n\n<li><em>Dobrar<\/em>: Desistir de uma m\u00e3o no p\u00f4quer e abrir m\u00e3o das fichas j\u00e1 apostadas.<\/li>\n<\/ul>\n\n\n\n<h3 class=\"wp-block-heading\">G<\/h3>\n\n\n\n<ul class=\"wp-block-list\">\n<li><em>Fal\u00e1cia do jogador<\/em>: A cren\u00e7a err\u00f4nea de que um evento tem maior ou menor probabilidade de acontecer com base em resultados anteriores.<\/li>\n\n\n\n<li><em>Moagem<\/em>: Aumentar os ganhos de forma lenta e constante ao longo do tempo.<\/li>\n<\/ul>\n\n\n\n<h3 class=\"wp-block-heading\">H<\/h3>\n\n\n\n<ul class=\"wp-block-list\">\n<li><em>Alta renda<\/em>: Um jogador que aposta grandes quantias de dinheiro regularmente.<\/li>\n\n\n\n<li><em>Acertar<\/em>: Pedir outra carta no blackjack.<\/li>\n\n\n\n<li><em>Borda da casa<\/em>: A vantagem que o cassino tem em um jogo.<\/li>\n<\/ul>\n\n\n\n<h3 class=\"wp-block-heading\">I<\/h3>\n\n\n\n<ul class=\"wp-block-list\">\n<li><em>Seguros<\/em>: Uma aposta paralela no blackjack que paga se o dealer tiver um blackjack natural.<\/li>\n\n\n\n<li><em>Aposta interna<\/em>: Uma aposta feita em um n\u00famero espec\u00edfico ou em uma combina\u00e7\u00e3o de n\u00fameros na roleta.<\/li>\n<\/ul>\n\n\n\n<h3 class=\"wp-block-heading\">J<\/h3>\n\n\n\n<ul class=\"wp-block-list\">\n<li><em>Jackpot<\/em>: Um grande pr\u00eamio que pode ser ganho em uma m\u00e1quina ca\u00e7a-n\u00edqueis ou em outro jogo de cassino.<\/li>\n\n\n\n<li><em>Coringa<\/em>: Uma carta que pode ser usada como qualquer outra carta em alguns jogos.<\/li>\n<\/ul>\n\n\n\n<h3 class=\"wp-block-heading\">K<\/h3>\n\n\n\n<ul class=\"wp-block-list\">\n<li><em>Kicker<\/em>: Uma carta usada para desempatar m\u00e3os de p\u00f4quer que t\u00eam o mesmo valor.<\/li>\n\n\n\n<li><em>Gatinho<\/em>: A quantia de dinheiro coletada dos jogadores em um jogo para ser destinada a um jackpot progressivo.<\/li>\n<\/ul>\n\n\n\n<h3 class=\"wp-block-heading\">L<\/h3>\n\n\n\n<ul class=\"wp-block-list\">\n<li><em>Limite<\/em>: As apostas m\u00e1ximas e m\u00ednimas permitidas em um jogo.<\/li>\n\n\n\n<li><em>Carregar<\/em>: Apostar a quantia m\u00e1xima de dinheiro permitida em um jogo.<\/li>\n\n\n\n<li><em>Solto<\/em>: Termo usado para descrever um jogador que joga muitas m\u00e3os e aposta agressivamente.<\/li>\n<\/ul>\n\n\n\n<h3 class=\"wp-block-heading\">M<\/h3>\n\n\n\n<ul class=\"wp-block-list\">\n<li><em>Sistema Martingale<\/em>: Estrat\u00e9gia de apostas em que o jogador dobra sua aposta ap\u00f3s cada perda, em uma tentativa de recuperar as perdas.<\/li>\n\n\n\n<li><em>Aposta m\u00e1xima<\/em>: A aposta mais alta permitida em um jogo.<\/li>\n\n\n\n<li><em>Aposta m\u00ednima<\/em>: A aposta mais baixa permitida em um jogo.<\/li>\n<\/ul>\n\n\n\n<h3 class=\"wp-block-heading\">N<\/h3>\n\n\n\n<ul class=\"wp-block-list\">\n<li><em>Natural<\/em>: Uma m\u00e3o de duas cartas no blackjack que soma 21.<\/li>\n\n\n\n<li><em>N\u00edquel<\/em>: G\u00edria para uma ficha $5 em um cassino.<\/li>\n<\/ul>\n\n\n\n<h3 class=\"wp-block-heading\">O<\/h3>\n\n\n\n<ul class=\"wp-block-list\">\n<li><em>Probabilidades<\/em>: A probabilidade de ocorr\u00eancia de um determinado evento em um jogo.<\/li>\n\n\n\n<li><em>Aposta externa<\/em>: Uma aposta colocada do lado de fora da mesa da roleta, como vermelho ou preto.<\/li>\n<\/ul>\n\n\n\n<h3 class=\"wp-block-heading\">P<\/h3>\n\n\n\n<ul class=\"wp-block-list\">\n<li><em>Pagamento<\/em>: A quantia de dinheiro ganha em um jogo.<\/li>\n\n\n\n<li><em>Tabela de pagamento<\/em>: Uma tabela que mostra os pagamentos para cada m\u00e3o ou combina\u00e7\u00e3o vencedora em um jogo.<\/li>\n\n\n\n<li><em>Panela<\/em>: A quantia de dinheiro apostada por todos os jogadores em um jogo de p\u00f4quer.<\/li>\n<\/ul>\n\n\n\n<h3 class=\"wp-block-heading\">Q<\/h3>\n\n\n\n<ul class=\"wp-block-list\">\n<li><em>Qualificador<\/em>: Em alguns jogos, como o p\u00f4quer Caribbean Stud, o jogador deve ter uma determinada m\u00e3o para se qualificar para o jackpot progressivo.<\/li>\n<\/ul>\n\n\n\n<h3 class=\"wp-block-heading\">R<\/h3>\n\n\n\n<ul class=\"wp-block-list\">\n<li><em>Ancinho<\/em>: A porcentagem do pote que o cassino recebe como taxa para hospedar o jogo.<\/li>\n\n\n\n<li><em>Royal Flush<\/em>: A m\u00e3o mais alta poss\u00edvel no p\u00f4quer, que consiste em um 10, Valete, Dama, Rei e \u00c1s do mesmo naipe.<\/li>\n<\/ul>\n\n\n\n<h3 class=\"wp-block-heading\">S<\/h3>\n\n\n\n<ul class=\"wp-block-list\">\n<li><em>Sapato<\/em>: O dispositivo usado para segurar e distribuir cartas em alguns jogos de cassino.<\/li>\n\n\n\n<li><em>Dividir<\/em>: No blackjack, a op\u00e7\u00e3o de dividir um par de cartas em duas m\u00e3os separadas.<\/li>\n\n\n\n<li><em>Estaca<\/em>: A quantia de dinheiro apostada em um \u00fanico jogo ou m\u00e3o.<\/li>\n\n\n\n<li><em>Direto<\/em>: Uma m\u00e3o no p\u00f4quer que consiste em cinco cartas em ordem sequencial.<\/li>\n<\/ul>\n\n\n\n<h3 class=\"wp-block-heading\">T<\/h3>\n\n\n\n<ul class=\"wp-block-list\">\n<li><em>Limites da tabela<\/em>: As apostas m\u00ednimas e m\u00e1ximas permitidas em uma mesa.<\/li>\n\n\n\n<li><em>Torneio<\/em>: Uma competi\u00e7\u00e3o em que os jogadores competem entre si por um pr\u00eamio.<\/li>\n\n\n\n<li><em>Viagens<\/em>: Uma m\u00e3o no p\u00f4quer que consiste em tr\u00eas do mesmo tipo.<\/li>\n<\/ul>\n\n\n\n<h3 class=\"wp-block-heading\">U<\/h3>\n\n\n\n<ul class=\"wp-block-list\">\n<li><em>Cart\u00e3o para cima<\/em>: No blackjack, a carta virada para cima do dealer que \u00e9 vis\u00edvel para os jogadores.<\/li>\n\n\n\n<li><em>Unidade<\/em>: O tamanho m\u00ednimo da aposta em um jogo.<\/li>\n<\/ul>\n\n\n\n<h3 class=\"wp-block-heading\">V<\/h3>\n\n\n\n<ul class=\"wp-block-list\">\n<li><em>Vigorish<\/em>: A taxa cobrada por uma casa de apostas para aceitar uma aposta.<\/li>\n\n\n\n<li><em>VIP<\/em>: Um jogador de alto status que recebe tratamento especial do cassino.<\/li>\n<\/ul>\n\n\n\n<h3 class=\"wp-block-heading\">W<\/h3>\n\n\n\n<ul class=\"wp-block-list\">\n<li><em>Baleia<\/em>: Termo usado para descrever um jogador que aposta quantias muito grandes de dinheiro.<\/li>\n\n\n\n<li><em>Cart\u00e3o selvagem<\/em>: Uma carta que pode ser usada como qualquer outra carta em alguns jogos.<\/li>\n\n\n\n<li><em>M\u00e3o vencedora<\/em>: A m\u00e3o que vence um jogo.<\/li>\n<\/ul>\n\n\n\n<h3 class=\"wp-block-heading\">X<\/h3>\n\n\n\n<ul class=\"wp-block-list\">\n<li><em>Vis\u00e3o de raio X<\/em>: Termo usado para descrever a capacidade de ver atrav\u00e9s de cartas ou outros objetos em um cassino.<\/li>\n<\/ul>\n\n\n\n<h3 class=\"wp-block-heading\">Y<\/h3>\n\n\n\n<ul class=\"wp-block-list\">\n<li><em>Amarelo<\/em>: G\u00edria para uma ficha de $1.000 em um cassino.<\/li>\n<\/ul>\n\n\n\n<h3 class=\"wp-block-heading\">Z<\/h3>\n\n\n\n<ul class=\"wp-block-list\">\n<li><em>Zero<\/em>: O n\u00famero na roda da roleta que \u00e9 verde e n\u00e3o pertence ao grupo vermelho ou preto.<\/li>\n<\/ul>\n\n\n\n<div class=\"wp-block-group alignfull gallery_section has-poka-boxes-background-color-alt-background-color has-background is-layout-constrained wp-block-group-is-layout-constrained\"><div class=\"wp-block-group__inner-container\">\n<p class=\"has-medium-font-size\"><strong>Descubra mais:<\/strong><\/p>\n\n\n\n<div class=\"types-gallery\">\r\n\t  <a class=\"item\" href=\"https:\/\/outkast-shop.com\/pt\/anonymous-casinos\/\"><img decoding=\"async\" src=\"\/wp-content\/uploads\/2023\/06\/ct4.png\" alt=\"\u00cdcone dos cassinos an\u00f4nimos\"><span>Cassinos an\u00f4nimos<\/span><\/a>\r\n      <a class=\"item\" href=\"https:\/\/outkast-shop.com\/pt\/cassinos-com-blockchain\/\"><img decoding=\"async\" src=\"\/wp-content\/uploads\/2023\/06\/ct2.png\" alt=\"\u00cdcone dos cassinos Blockchain\"><span>Cassinos Blockchain<\/span><\/a>\r\n      <a class=\"item\" href=\"https:\/\/outkast-shop.com\/pt\/cassinos-descentralizados\/\"><img decoding=\"async\" src=\"\/wp-content\/uploads\/2023\/06\/ct5.png\" alt=\"\u00cdcone dos cassinos descentralizados\"><span>Cassinos descentralizados<\/span><\/a>\r\n      <a class=\"item\" href=\"https:\/\/outkast-shop.com\/pt\/cassinos-on-line-hibridos\/\"><img decoding=\"async\" src=\"\/wp-content\/uploads\/2023\/06\/ct3.png\" alt=\"\u00cdcone dos cassinos h\u00edbridos\"><span>Cassinos h\u00edbridos<\/span><\/a>\r\n      <a class=\"item\" href=\"https:\/\/outkast-shop.com\/pt\/novos-cassinos-de-criptografia\/\"><img decoding=\"async\" src=\"\/wp-content\/uploads\/2023\/06\/ct6-1.png\" alt=\"Novo \u00edcone do Crypto Casinos\"><span>Novo Crypto Casinos<\/span><\/a>\r\n      <a class=\"item\" href=\"https:\/\/outkast-shop.com\/pt\/nft-casinos\/\"><img decoding=\"async\" src=\"\/wp-content\/uploads\/2023\/06\/ct7-1.png\" alt=\"\u00cdcone dos cassinos NFT\"><span>Cassinos NFT<\/span><\/a>     \r\n<\/div>\n<\/div><\/div>\n\n\n\n<div class=\"wp-block-group alignfull has-background is-layout-flow wp-container-16\" style=\"padding-top:60px;padding-right:0px;padding-bottom:10px;padding-left:0px; background:#1d2730;\"><div class=\"wp-block-group__inner-container\">\n<div class=\"wp-block-columns are-vertically-aligned-center is-layout-flex wp-container-15\">\n<div class=\"wp-block-column is-vertically-aligned-center is-layout-flow\" style=\"flex-basis:100%\">\n<div class=\"wp-block-group is-layout-flow\"><div class=\"wp-block-group__inner-container\">\n<div class=\"wp-block-columns is-layout-flex wp-container-12\" style=\"padding-right:20px;padding-left:20px\">\n<div class=\"wp-block-column is-vertically-aligned-center is-layout-flow\" style=\"padding-top:20px;padding-bottom:20px;flex-basis:70%\">\n<p class=\"has-text-align-left has-white-color has-text-color wp-block-heading\" style=\"font-size:46px;font-style:normal;font-weight:300;margin-top:10px;margin-right:0px;margin-bottom:10px;margin-left:0px\">Comece a jogar agora mesmo!<\/p>\n<\/div>\n\n\n\n<div class=\"wp-block-column is-vertically-aligned-center is-layout-flow\" style=\"padding-top:10px;padding-bottom:10px;flex-basis:30%\"><div class=\"wp-block-poka-button\">\n<a class=\"wp-block-button__link has-vivid-red-background-color has-background\" href=\"https:\/\/outkast-shop.com\/pt\/go\/play\/\" style=\"border-radius:100px\"><strong>Jogue agora!<\/strong><\/a>\n\n\t\t<\/div><\/div>\n<\/div>\n<\/div><\/div>\n<\/div>\n<\/div>\n<\/div><\/div>\n\n\n\n<div class=\"wp-block-group alignfull gallery_section has-poka-boxes-background-color-alt-background-color has-background is-layout-constrained wp-block-group-is-layout-constrained\"><div class=\"wp-block-group__inner-container\">\n<p class=\"has-medium-font-size\"><strong><strong>Principais criptomoedas:<\/strong><\/strong><\/p>\n\n\n\n<div class=\"icons-galley\">\r\n\t\t  <a class=\"item\" href=\"https:\/\/outkast-shop.com\/pt\/cassinos-de-bitcoin\/\"><img decoding=\"async\" src=\"\/wp-content\/uploads\/2023\/06\/btc.png\" alt=\"\u00cdcone dos cassinos Bitcoin\"><span>BTC Cassinos<\/span><\/a>\r\n\t  <a class=\"item\" href=\"https:\/\/outkast-shop.com\/pt\/cassinos-ethereum\/\"><img decoding=\"async\" src=\"\/wp-content\/uploads\/2023\/06\/eth.png\" alt=\"\u00cdcone dos cassinos Ethereum\"><span>ETH Cassinos<\/span><\/a>\r\n\t  <a class=\"item\" href=\"https:\/\/outkast-shop.com\/pt\/tether-casinos\/\"><img decoding=\"async\" src=\"\/wp-content\/uploads\/2023\/06\/usdt.png\" alt=\"\u00cdcone dos cassinos Tether\"><span>USDT Cassinos<\/span><\/a>\r\n\t  <a class=\"item\" href=\"https:\/\/outkast-shop.com\/pt\/cassinos-de-litecoin\/\"><img decoding=\"async\" src=\"\/wp-content\/uploads\/2023\/06\/ltc.png\" alt=\"\u00cdcone dos cassinos Litecoin\"><span>LTC Cassinos<\/span><\/a>\r\n\t  <a class=\"item\" href=\"https:\/\/outkast-shop.com\/pt\/cassinos-de-dogecoin\/\"><img decoding=\"async\" src=\"\/wp-content\/uploads\/2023\/06\/doge.png\" alt=\"\u00cdcone dos cassinos Dogecoin\"><span>Doge Cassinos<\/span><\/a>\r\n\t  <a class=\"item\" href=\"https:\/\/outkast-shop.com\/pt\/cassinos-ripple\/\"><img decoding=\"async\" src=\"\/wp-content\/uploads\/2023\/06\/xrp.png\" alt=\"\u00cdcone dos cassinos Ripple\"><span>XRP Cassinos<\/span><\/a>\r\n\t  <a class=\"item\" href=\"https:\/\/outkast-shop.com\/pt\/cassinos-com-dinheiro-em-bitcoin\/\"><img decoding=\"async\" src=\"\/wp-content\/uploads\/2023\/06\/bch.png\" alt=\"\u00cdcone do cassino Bitcoin Cash\"><span>Cassinos BCH<\/span><\/a>\r\n\t  <a class=\"item\" href=\"https:\/\/outkast-shop.com\/pt\/cassinos-troncais\/\"><img decoding=\"async\" src=\"\/wp-content\/uploads\/2023\/06\/trx.png\" alt=\"\u00cdcone do cassino Tron\"><span>TRX<\/span><\/a> \r\n\t  <a class=\"item\" href=\"https:\/\/outkast-shop.com\/pt\/cassinos-cardan\/\"><img decoding=\"async\" src=\"\/wp-content\/uploads\/2023\/06\/ada.png\" alt=\"\u00cdcone dos cassinos Ada\"><span>Cassinos de Ada<\/span><\/a>\r\n      <a class=\"item\" href=\"https:\/\/outkast-shop.com\/pt\/binance-coin-casinos\/\"><img decoding=\"async\" src=\"\/wp-content\/uploads\/2023\/06\/bnb.png\" alt=\"\u00cdcone dos cassinos da Bnb\"><span>BNB Cassinos<\/span><\/a>\r\n      <a class=\"item\" href=\"https:\/\/outkast-shop.com\/pt\/dash-cassinos\/\"><img decoding=\"async\" src=\"\/wp-content\/uploads\/2023\/06\/dash.png\" alt=\"\u00cdcone dos cassinos Dash\"><span>Dash Cassinos<\/span><\/a>\r\n      <a class=\"item\" href=\"https:\/\/outkast-shop.com\/pt\/cassinos-shiba-inu\/\"><img decoding=\"async\" src=\"\/wp-content\/uploads\/2023\/06\/shib.png\" alt=\"\u00cdcone dos cassinos Shiba Inu\"><span>Cassinos Shiba<\/span><\/a>\r\n      <a class=\"item\" href=\"https:\/\/outkast-shop.com\/pt\/solana-casinos\/\"><img decoding=\"async\" src=\"\/wp-content\/uploads\/2023\/06\/sol.png\" alt=\"\u00cdcone de casionos Solana\"><span>Cassinos SOL<\/span><\/a>\r\n      <a class=\"item\" href=\"https:\/\/outkast-shop.com\/pt\/cassinos-monero\/\"><img decoding=\"async\" src=\"\/wp-content\/uploads\/2023\/06\/xmr.png\" alt=\"\u00cdcone dos cassinos Xmr\"><span>Cassinos XMR<\/span><\/a>     \r\n<\/div>\n<\/div><\/div>","protected":false},"excerpt":{"rendered":"<p>Gloss\u00e1rio de terminologia de jogos de azar Os jogos de azar podem ser um passatempo empolgante e lucrativo, mas \u00e9 importante entender a terminologia e as regras dos jogos antes de mergulhar neles. Este guia abrangente fornecer\u00e1 uma vis\u00e3o geral de alguns dos termos mais comuns usados em cassinos e jogos de azar. Gloss\u00e1rio de cassinos e terminologia de jogos de azar A B C D E [...]<\/p>","protected":false},"author":1,"featured_media":0,"parent":0,"menu_order":0,"comment_status":"closed","ping_status":"closed","template":"","meta":{"_mi_skip_tracking":false,"_monsterinsights_sitenote_active":false,"_monsterinsights_sitenote_note":"","_monsterinsights_sitenote_category":0,"footnotes":""},"class_list":["post-2342","page","type-page","status-publish","hentry"],"acf":[],"yoast_head":"<!-- This site is optimized with the Yoast SEO plugin v22.8 - https:\/\/yoast.com\/wordpress\/plugins\/seo\/ -->\n<title>Gambling Glossary and Casino Terminology<\/title>\n<meta name=\"description\" content=\"Gambling can be an exciting and lucrative hobby, but it&#039;s important to understand the terminology and rules of the games before diving in.\" \/>\n<meta name=\"robots\" content=\"index, follow, max-snippet:-1, max-image-preview:large, max-video-preview:-1\" \/>\n<link rel=\"canonical\" href=\"https:\/\/outkast-shop.com\/pt\/\uac9c\ube14\ub9c1-\uc6a9\uc5b4\uc9d1\/\" \/>\n<meta property=\"og:locale\" content=\"pt_BR\" \/>\n<meta property=\"og:type\" content=\"article\" \/>\n<meta property=\"og:title\" content=\"Gambling Glossary and Casino Terminology\" \/>\n<meta property=\"og:description\" content=\"Gambling can be an exciting and lucrative hobby, but it&#039;s important to understand the terminology and rules of the games before diving in.\" \/>\n<meta property=\"og:url\" content=\"https:\/\/outkast-shop.com\/pt\/\uac9c\ube14\ub9c1-\uc6a9\uc5b4\uc9d1\/\" \/>\n<meta property=\"og:site_name\" content=\"Crypto Casino\" \/>\n<meta property=\"article:modified_time\" content=\"2023-06-26T10:12:18+00:00\" \/>\n<meta property=\"og:image\" content=\"https:\/\/outkast-shop.com\/wp-content\/uploads\/2023\/06\/gambling-terminology-glossary-min.jpg\" \/>\n<meta name=\"twitter:card\" content=\"summary_large_image\" \/>\n<meta name=\"twitter:label1\" content=\"Est. tempo de leitura\" \/>\n\t<meta name=\"twitter:data1\" content=\"5 minutos\" \/>\n<!-- \/ Yoast SEO plugin. -->","yoast_head_json":{"title":"Gambling Glossary and Casino Terminology","description":"Gambling can be an exciting and lucrative hobby, but it's important to understand the terminology and rules of the games before diving in.","robots":{"index":"index","follow":"follow","max-snippet":"max-snippet:-1","max-image-preview":"max-image-preview:large","max-video-preview":"max-video-preview:-1"},"canonical":"https:\/\/outkast-shop.com\/pt\/\uac9c\ube14\ub9c1-\uc6a9\uc5b4\uc9d1\/","og_locale":"pt_BR","og_type":"article","og_title":"Gambling Glossary and Casino Terminology","og_description":"Gambling can be an exciting and lucrative hobby, but it's important to understand the terminology and rules of the games before diving in.","og_url":"https:\/\/outkast-shop.com\/pt\/\uac9c\ube14\ub9c1-\uc6a9\uc5b4\uc9d1\/","og_site_name":"Crypto Casino","article_modified_time":"2023-06-26T10:12:18+00:00","og_image":[{"url":"https:\/\/outkast-shop.com\/wp-content\/uploads\/2023\/06\/gambling-terminology-glossary-min.jpg"}],"twitter_card":"summary_large_image","twitter_misc":{"Est. tempo de leitura":"5 minutos"},"schema":{"@context":"https:\/\/schema.org","@graph":[{"@type":"WebPage","@id":"https:\/\/outkast-shop.com\/ko\/%ea%b2%9c%eb%b8%94%eb%a7%81-%ec%9a%a9%ec%96%b4%ec%a7%91\/","url":"https:\/\/outkast-shop.com\/ko\/%ea%b2%9c%eb%b8%94%eb%a7%81-%ec%9a%a9%ec%96%b4%ec%a7%91\/","name":"Gambling Glossary and Casino Terminology","isPartOf":{"@id":"https:\/\/outkast-shop.com\/#website"},"primaryImageOfPage":{"@id":"https:\/\/outkast-shop.com\/ko\/%ea%b2%9c%eb%b8%94%eb%a7%81-%ec%9a%a9%ec%96%b4%ec%a7%91\/#primaryimage"},"image":{"@id":"https:\/\/outkast-shop.com\/ko\/%ea%b2%9c%eb%b8%94%eb%a7%81-%ec%9a%a9%ec%96%b4%ec%a7%91\/#primaryimage"},"thumbnailUrl":"https:\/\/outkast-shop.com\/wp-content\/uploads\/2023\/06\/gambling-terminology-glossary-min.jpg","datePublished":"2023-06-26T09:25:06+00:00","dateModified":"2023-06-26T10:12:18+00:00","description":"Gambling can be an exciting and lucrative hobby, but it's important to understand the terminology and rules of the games before diving in.","breadcrumb":{"@id":"https:\/\/outkast-shop.com\/ko\/%ea%b2%9c%eb%b8%94%eb%a7%81-%ec%9a%a9%ec%96%b4%ec%a7%91\/#breadcrumb"},"inLanguage":"pt-BR","potentialAction":[{"@type":"ReadAction","target":["https:\/\/outkast-shop.com\/ko\/%ea%b2%9c%eb%b8%94%eb%a7%81-%ec%9a%a9%ec%96%b4%ec%a7%91\/"]}]},{"@type":"ImageObject","inLanguage":"pt-BR","@id":"https:\/\/outkast-shop.com\/ko\/%ea%b2%9c%eb%b8%94%eb%a7%81-%ec%9a%a9%ec%96%b4%ec%a7%91\/#primaryimage","url":"https:\/\/outkast-shop.com\/wp-content\/uploads\/2023\/06\/gambling-terminology-glossary-min.jpg","contentUrl":"https:\/\/outkast-shop.com\/wp-content\/uploads\/2023\/06\/gambling-terminology-glossary-min.jpg"},{"@type":"BreadcrumbList","@id":"https:\/\/outkast-shop.com\/ko\/%ea%b2%9c%eb%b8%94%eb%a7%81-%ec%9a%a9%ec%96%b4%ec%a7%91\/#breadcrumb","itemListElement":[{"@type":"ListItem","position":1,"name":"Home","item":"https:\/\/outkast-shop.com\/"},{"@type":"ListItem","position":2,"name":"Gambling Terminology Glossary"}]},{"@type":"WebSite","@id":"https:\/\/outkast-shop.com\/#website","url":"https:\/\/outkast-shop.com\/","name":"Crypto Casino","description":"","publisher":{"@id":"https:\/\/outkast-shop.com\/#organization"},"potentialAction":[{"@type":"SearchAction","target":{"@type":"EntryPoint","urlTemplate":"https:\/\/outkast-shop.com\/?s={search_term_string}"},"query-input":"required name=search_term_string"}],"inLanguage":"pt-BR"},{"@type":"Organization","@id":"https:\/\/outkast-shop.com\/#organization","name":"Outkast Roller","alternateName":"outkast-shop.com","url":"https:\/\/outkast-shop.com\/","logo":{"@type":"ImageObject","inLanguage":"pt-BR","@id":"https:\/\/outkast-shop.com\/#\/schema\/logo\/image\/","url":"https:\/\/outkast-shop.com\/wp-content\/uploads\/2023\/06\/long-logo.png","contentUrl":"https:\/\/outkast-shop.com\/wp-content\/uploads\/2023\/06\/long-logo.png","width":326,"height":75,"caption":"Outkast Roller"},"image":{"@id":"https:\/\/outkast-shop.com\/#\/schema\/logo\/image\/"}}]}},"_links":{"self":[{"href":"https:\/\/outkast-shop.com\/pt\/wp-json\/wp\/v2\/pages\/2342","targetHints":{"allow":["GET"]}}],"collection":[{"href":"https:\/\/outkast-shop.com\/pt\/wp-json\/wp\/v2\/pages"}],"about":[{"href":"https:\/\/outkast-shop.com\/pt\/wp-json\/wp\/v2\/types\/page"}],"author":[{"embeddable":true,"href":"https:\/\/outkast-shop.com\/pt\/wp-json\/wp\/v2\/users\/1"}],"replies":[{"embeddable":true,"href":"https:\/\/outkast-shop.com\/pt\/wp-json\/wp\/v2\/comments?post=2342"}],"version-history":[{"count":0,"href":"https:\/\/outkast-shop.com\/pt\/wp-json\/wp\/v2\/pages\/2342\/revisions"}],"wp:attachment":[{"href":"https:\/\/outkast-shop.com\/pt\/wp-json\/wp\/v2\/media?parent=2342"}],"curies":[{"name":"wp","href":"https:\/\/api.w.org\/{rel}","templated":true}]}}