{"id":2350,"date":"2023-06-26T10:12:59","date_gmt":"2023-06-26T10:12:59","guid":{"rendered":"https:\/\/outkast-shop.com\/?page_id=2350"},"modified":"2023-06-26T10:13:01","modified_gmt":"2023-06-26T10:13:01","slug":"terms-of-use","status":"publish","type":"page","link":"https:\/\/outkast-shop.com\/pt\/termos-de-uso\/","title":{"rendered":"Termos de uso"},"content":{"rendered":"<h1 class=\"wp-block-heading has-text-align-center\">Termos de uso<\/h1>\n\n\n\n<p>A seguir est\u00e3o os Termos de Uso para <a href=\"https:\/\/outkast-shop.com\/pt\/\">outkast-shop.com<\/a>. Observe que a Pol\u00edtica de Privacidade do Outkast Roller se aplica ao uso do site e de seus servi\u00e7os, e pode ser encontrada aqui.<\/p>\n\n\n\n<p>Ao usar o site, voc\u00ea concorda com nossos Termos de Uso e Pol\u00edtica de Privacidade. Eles se aplicam a qualquer pessoa que utilize o site, os servi\u00e7os ou o software nos termos do Contrato. Leia-os cuidadosamente antes de us\u00e1-los.<\/p>\n\n\n\n<p>Ao visitar o site, voc\u00ea concorda e est\u00e1 vinculado aos seguintes termos de uso:<\/p>\n\n\n\n<ol class=\"wp-block-list\">\n<li>O conte\u00fado deste site \u00e9 apenas informativo. N\u00e3o nos responsabilizamos por quaisquer a\u00e7\u00f5es tomadas com base nas informa\u00e7\u00f5es dispon\u00edveis neste site ou em e-mails promocionais enviados por n\u00f3s.<\/li>\n\n\n\n<li>N\u00e3o operamos jogos de azar on-line e n\u00e3o processamos nenhuma transa\u00e7\u00e3o monet\u00e1ria on-line para apostas ou apostas.<\/li>\n\n\n\n<li>Ao usar o site, voc\u00ea concorda em n\u00e3o usar nenhuma parte do site para atividades ilegais ou il\u00edcitas. Voc\u00ea concorda em usar o site de acordo com todas as leis jurisdicionais relevantes. Voc\u00ea ser\u00e1 responsabilizado por quaisquer perdas, danos, custos e responsabilidades que possam resultar da viola\u00e7\u00e3o de nossos termos de uso.<\/li>\n\n\n\n<li>Voc\u00ea concorda em n\u00e3o fazer upload de nenhum software prejudicial que possa danificar ou interferir nas opera\u00e7\u00f5es normais do site.<\/li>\n\n\n\n<li>N\u00e3o fa\u00e7a upload de conte\u00fado ofensivo, inadequado, indecente, obsceno ou censur\u00e1vel, inclusive conte\u00fado irritante, inconveniente ou de spam. Poderemos remover esse conte\u00fado sem notifica\u00e7\u00e3o ou explica\u00e7\u00e3o pr\u00e9via.<\/li>\n<\/ol>\n\n\n\n<p>Links para sites ou recursos externos podem ser inclu\u00eddos em nosso conte\u00fado. Ao usar nosso site, voc\u00ea reconhece que n\u00e3o somos respons\u00e1veis por qualquer conte\u00fado enganoso ou difamat\u00f3rio nesses sites ou recursos externos. N\u00e3o endossamos nem nos responsabilizamos pela Pol\u00edtica de Privacidade, publicidade, conte\u00fado, produtos, materiais ou servi\u00e7os desses sites externos. N\u00e3o somos respons\u00e1veis por qualquer perda, dano ou ofensa causada ou supostamente causada por esses sites ou recursos externos.<\/p>\n\n\n\n<p>O site, assim como todos os nossos anunciantes, adere a um c\u00f3digo de pr\u00e1tica rigoroso que inclui o seguinte:<\/p>\n\n\n\n<ul class=\"wp-block-list\">\n<li>Impedir que o jogo seja uma fonte de crime ou desordem ou que seja afiliado a qualquer pessoa ou ag\u00eancia que endosse ou use o jogo para apoiar o crime e a desordem.<\/li>\n\n\n\n<li>Garantir que os jogos de azar, em todas as suas formas, sejam conduzidos de maneira justa e segura.<\/li>\n\n\n\n<li>Proteger menores de idade e outras pessoas vulner\u00e1veis da exposi\u00e7\u00e3o, explora\u00e7\u00e3o ou danos causados por jogos de azar.<\/li>\n<\/ul>\n\n\n\n<p>Sempre levaremos em conta os objetivos acima e agiremos de maneira justa e coerente com esses objetivos.<\/p>\n\n\n\n<p>Faremos o poss\u00edvel para garantir que todo o conte\u00fado dispon\u00edvel em nosso site esteja sempre correto, livre de erros e preciso. Dito isso, n\u00e3o podemos garantir a precis\u00e3o de nenhuma informa\u00e7\u00e3o fornecida por sites e recursos de terceiros.<\/p>\n\n\n\n<p>Use quaisquer materiais, recursos e links em nosso site por sua pr\u00f3pria conta e risco. N\u00e3o assumimos nenhuma responsabilidade por qualquer perda, dano ou obriga\u00e7\u00e3o direta ou indiretamente causados por esses materiais ou links.<\/p>\n\n\n\n<p>Os usu\u00e1rios do site s\u00e3o respons\u00e1veis por conhecer e compreender as regras relativas \u00e0s atividades de jogos de azar on-line em seu pa\u00eds de resid\u00eancia, incluindo os requisitos de idade m\u00ednima. Dito isso, cabe a voc\u00ea garantir o cumprimento das leis de jogos de azar impostas pelo seu pa\u00eds e atender aos requisitos m\u00ednimos.<\/p>\n\n\n\n<h2 class=\"wp-block-heading\">ACEITAR NOSSOS TERMOS DE USO<\/h2>\n\n\n\n<p>Ao usar nosso site, voc\u00ea concorda com nossos Termos de Uso. Se n\u00e3o concordar com algum dos termos, pare de usar o site e seus servi\u00e7os. Podemos atualizar os termos do contrato de tempos em tempos e o notificaremos sobre quaisquer altera\u00e7\u00f5es. \u00c9 sua responsabilidade revisar os termos atualizados antes de usar nosso site novamente e verificar regularmente se h\u00e1 altera\u00e7\u00f5es. Reservamo-nos o direito de suspender ou encerrar seu uso dos servi\u00e7os em nosso site a qualquer momento, por qualquer motivo, a nosso crit\u00e9rio exclusivo.<\/p>\n\n\n\n<h2 class=\"wp-block-heading\">USO DO SITE E DOS SERVI\u00c7OS<\/h2>\n\n\n\n<p>Os visitantes devem ter 18 anos ou mais, ou atingir a idade legal de uso em seu pa\u00eds de resid\u00eancia, para usar nosso site e nossos servi\u00e7os. O site e seu conte\u00fado n\u00e3o se destinam a menores de idade. Nosso site fornece informa\u00e7\u00f5es sobre jogos de cassino e sobre o setor de jogos de azar. Seu uso \u00e9 gratuito e serve apenas para fins informativos. N\u00e3o operamos nenhum cassino on-line ou site de p\u00f4quer e, portanto, n\u00e3o aceitamos transa\u00e7\u00f5es monet\u00e1rias para apostas ou apostas.<\/p>\n\n\n\n<h2 class=\"wp-block-heading\">ATIVIDADES PROIBIDAS<\/h2>\n\n\n\n<p>Ao visitar o site, voc\u00ea concorda em n\u00e3o se envolver em nenhuma atividade proibida.<\/p>\n\n\n\n<ul class=\"wp-block-list\">\n<li>Obter ou obter dados pessoais de outros usu\u00e1rios do site<\/li>\n\n\n\n<li>Usar o site e seus servi\u00e7os para qualquer atividade obscura<\/li>\n\n\n\n<li>Copiar, difundir, usar, ajustar, traduzir ou alterar qualquer conte\u00fado ou c\u00f3digo-fonte para seu uso pessoal ou profissional.<\/li>\n\n\n\n<li>Coletar quaisquer dados ou informa\u00e7\u00f5es ilegalmente ou por meios sorrateiros, automatizados ou n\u00e3o.<\/li>\n\n\n\n<li>Divulgar informa\u00e7\u00f5es sobre o site ou os servi\u00e7os a terceiros.<\/li>\n\n\n\n<li>Fazer upload ou distribuir qualquer malware, v\u00edrus, cavalos de troia, worms, spybots ou similares no site ou nos servi\u00e7os.<\/li>\n\n\n\n<li>Invadir ou acessar o site por meios sorrateiros.<\/li>\n<\/ul>\n\n\n\n<h2 class=\"wp-block-heading\">CONTE\u00daDO DE TERCEIROS<\/h2>\n\n\n\n<p>Nosso site pode conter hyperlinks para sites, servi\u00e7os ou produtos de terceiros. N\u00e3o somos respons\u00e1veis por nenhum conte\u00fado de terceiros. Al\u00e9m disso, n\u00e3o endossamos nenhum produto ou servi\u00e7o de terceiros. Voc\u00ea \u00e9 respons\u00e1vel pelo uso de quaisquer servi\u00e7os de terceiros com hiperlinks em nosso site. Use os hiperlinks de terceiros por sua pr\u00f3pria conta e risco.<\/p>\n\n\n\n<h2 class=\"wp-block-heading\">SERVI\u00c7OS DE JOGOS<\/h2>\n\n\n\n<p>Este site \u00e9 apenas para fins informativos e de entretenimento, fornecendo informa\u00e7\u00f5es sobre jogos de cassino e o setor de jogos de azar. Podemos incluir hiperlinks ou anunciar conte\u00fado de terceiros relacionado a servi\u00e7os de jogos de azar e jogos on-line. Nossos servi\u00e7os s\u00e3o destinados a usu\u00e1rios com mais de 18 anos de idade e que estejam em uma jurisdi\u00e7\u00e3o onde os jogos de azar on-line sejam legais. Ao usar nossos servi\u00e7os, voc\u00ea concorda que atende a esses requisitos. N\u00e3o fornecemos consultoria sobre a legalidade dos jogos de azar e cabe ao usu\u00e1rio entender as leis de sua regi\u00e3o. Embora forne\u00e7amos informa\u00e7\u00f5es sobre jogos e apostas, n\u00e3o incentivamos ningu\u00e9m a participar dessas atividades, pois essa \u00e9 uma escolha pessoal.<\/p>\n\n\n\n<h2 class=\"wp-block-heading\">RESCIS\u00c3O DO CONTRATO<\/h2>\n\n\n\n<p>Reservamo-nos o direito de rescindir o Contrato, bem como o acesso ao site e aos servi\u00e7os, a qualquer momento, sem qualquer notifica\u00e7\u00e3o pr\u00e9via ao usu\u00e1rio e sem qualquer compensa\u00e7\u00e3o financeira.<\/p>\n\n\n\n<p>Nosso site oferece uma s\u00e9rie de servi\u00e7os para ajud\u00e1-lo a atingir suas metas, e temos o compromisso de oferecer a melhor experi\u00eancia poss\u00edvel a todos os nossos usu\u00e1rios. No entanto, reservamo-nos o direito de descontinuar esses servi\u00e7os se acreditarmos que seja necess\u00e1rio. Isso pode ocorrer porque identificamos uma viola\u00e7\u00e3o do Contrato ou porque temos outros motivos razo\u00e1veis para faz\u00ea-lo. Levamos essas decis\u00f5es a s\u00e9rio e sempre tentaremos comunic\u00e1-las aos nossos usu\u00e1rios da forma mais clara e transparente poss\u00edvel. Valorizamos sua confian\u00e7a em n\u00f3s e trabalharemos com afinco para mant\u00ea-la.<\/p>\n\n\n\n<h2 class=\"wp-block-heading\">REN\u00daNCIA<\/h2>\n\n\n\n<p>N\u00e3o aprovaremos nenhuma ren\u00fancia aos termos do Contrato.<\/p>","protected":false},"excerpt":{"rendered":"<p>Termos de Uso A seguir est\u00e3o os Termos de Uso do site outkast-shop.com. Observe que a Pol\u00edtica de Privacidade da Outkast Roller se aplica ao uso do site e de seus servi\u00e7os e pode ser encontrada aqui. Ao usar o site, voc\u00ea concorda com nossos Termos de Uso e Pol\u00edtica de Privacidade. Eles se aplicam a qualquer pessoa que utilize o site [...]<\/p>","protected":false},"author":1,"featured_media":0,"parent":0,"menu_order":0,"comment_status":"closed","ping_status":"closed","template":"","meta":{"_mi_skip_tracking":false,"_monsterinsights_sitenote_active":false,"_monsterinsights_sitenote_note":"","_monsterinsights_sitenote_category":0,"footnotes":""},"class_list":["post-2350","page","type-page","status-publish","hentry"],"acf":[],"yoast_head":"<!-- This site is optimized with the Yoast SEO plugin v22.8 - https:\/\/yoast.com\/wordpress\/plugins\/seo\/ -->\n<title>Terms of Use - Crypto Casino<\/title>\n<meta name=\"description\" content=\"The following are the Terms of Use for outkast-shop.com. Please note that the Outkast Roller Privacy Policy applies to the use of the site and its services, and can be found here.\" \/>\n<meta name=\"robots\" content=\"index, follow, max-snippet:-1, max-image-preview:large, max-video-preview:-1\" \/>\n<link rel=\"canonical\" href=\"https:\/\/outkast-shop.com\/pt\/termos-de-uso\/\" \/>\n<meta property=\"og:locale\" content=\"pt_BR\" \/>\n<meta property=\"og:type\" content=\"article\" \/>\n<meta property=\"og:title\" content=\"Terms of Use - Crypto Casino\" \/>\n<meta property=\"og:description\" content=\"The following are the Terms of Use for outkast-shop.com. Please note that the Outkast Roller Privacy Policy applies to the use of the site and its services, and can be found here.\" \/>\n<meta property=\"og:url\" content=\"https:\/\/outkast-shop.com\/pt\/termos-de-uso\/\" \/>\n<meta property=\"og:site_name\" content=\"Crypto Casino\" \/>\n<meta property=\"article:modified_time\" content=\"2023-06-26T10:13:01+00:00\" \/>\n<meta name=\"twitter:card\" content=\"summary_large_image\" \/>\n<meta name=\"twitter:label1\" content=\"Est. tempo de leitura\" \/>\n\t<meta name=\"twitter:data1\" content=\"6 minutos\" \/>\n<!-- \/ Yoast SEO plugin. -->","yoast_head_json":{"title":"Terms of Use - Crypto Casino","description":"The following are the Terms of Use for outkast-shop.com. Please note that the Outkast Roller Privacy Policy applies to the use of the site and its services, and can be found here.","robots":{"index":"index","follow":"follow","max-snippet":"max-snippet:-1","max-image-preview":"max-image-preview:large","max-video-preview":"max-video-preview:-1"},"canonical":"https:\/\/outkast-shop.com\/pt\/termos-de-uso\/","og_locale":"pt_BR","og_type":"article","og_title":"Terms of Use - Crypto Casino","og_description":"The following are the Terms of Use for outkast-shop.com. Please note that the Outkast Roller Privacy Policy applies to the use of the site and its services, and can be found here.","og_url":"https:\/\/outkast-shop.com\/pt\/termos-de-uso\/","og_site_name":"Crypto Casino","article_modified_time":"2023-06-26T10:13:01+00:00","twitter_card":"summary_large_image","twitter_misc":{"Est. tempo de leitura":"6 minutos"},"schema":{"@context":"https:\/\/schema.org","@graph":[{"@type":"WebPage","@id":"https:\/\/outkast-shop.com\/terms-of-use\/","url":"https:\/\/outkast-shop.com\/terms-of-use\/","name":"Terms of Use - Crypto Casino","isPartOf":{"@id":"https:\/\/outkast-shop.com\/#website"},"datePublished":"2023-06-26T10:12:59+00:00","dateModified":"2023-06-26T10:13:01+00:00","description":"The following are the Terms of Use for outkast-shop.com. Please note that the Outkast Roller Privacy Policy applies to the use of the site and its services, and can be found here.","breadcrumb":{"@id":"https:\/\/outkast-shop.com\/terms-of-use\/#breadcrumb"},"inLanguage":"pt-BR","potentialAction":[{"@type":"ReadAction","target":["https:\/\/outkast-shop.com\/terms-of-use\/"]}]},{"@type":"BreadcrumbList","@id":"https:\/\/outkast-shop.com\/terms-of-use\/#breadcrumb","itemListElement":[{"@type":"ListItem","position":1,"name":"Home","item":"https:\/\/outkast-shop.com\/"},{"@type":"ListItem","position":2,"name":"Terms of Use"}]},{"@type":"WebSite","@id":"https:\/\/outkast-shop.com\/#website","url":"https:\/\/outkast-shop.com\/","name":"Crypto Casino","description":"","publisher":{"@id":"https:\/\/outkast-shop.com\/#organization"},"potentialAction":[{"@type":"SearchAction","target":{"@type":"EntryPoint","urlTemplate":"https:\/\/outkast-shop.com\/?s={search_term_string}"},"query-input":"required name=search_term_string"}],"inLanguage":"pt-BR"},{"@type":"Organization","@id":"https:\/\/outkast-shop.com\/#organization","name":"Outkast Roller","alternateName":"outkast-shop.com","url":"https:\/\/outkast-shop.com\/","logo":{"@type":"ImageObject","inLanguage":"pt-BR","@id":"https:\/\/outkast-shop.com\/#\/schema\/logo\/image\/","url":"https:\/\/outkast-shop.com\/wp-content\/uploads\/2023\/06\/long-logo.png","contentUrl":"https:\/\/outkast-shop.com\/wp-content\/uploads\/2023\/06\/long-logo.png","width":326,"height":75,"caption":"Outkast Roller"},"image":{"@id":"https:\/\/outkast-shop.com\/#\/schema\/logo\/image\/"}}]}},"_links":{"self":[{"href":"https:\/\/outkast-shop.com\/pt\/wp-json\/wp\/v2\/pages\/2350","targetHints":{"allow":["GET"]}}],"collection":[{"href":"https:\/\/outkast-shop.com\/pt\/wp-json\/wp\/v2\/pages"}],"about":[{"href":"https:\/\/outkast-shop.com\/pt\/wp-json\/wp\/v2\/types\/page"}],"author":[{"embeddable":true,"href":"https:\/\/outkast-shop.com\/pt\/wp-json\/wp\/v2\/users\/1"}],"replies":[{"embeddable":true,"href":"https:\/\/outkast-shop.com\/pt\/wp-json\/wp\/v2\/comments?post=2350"}],"version-history":[{"count":0,"href":"https:\/\/outkast-shop.com\/pt\/wp-json\/wp\/v2\/pages\/2350\/revisions"}],"wp:attachment":[{"href":"https:\/\/outkast-shop.com\/pt\/wp-json\/wp\/v2\/media?parent=2350"}],"curies":[{"name":"wp","href":"https:\/\/api.w.org\/{rel}","templated":true}]}}