{"id":2383,"date":"2023-06-29T06:52:59","date_gmt":"2023-06-29T06:52:59","guid":{"rendered":"https:\/\/outkast-shop.com\/?page_id=2383"},"modified":"2023-06-29T06:53:12","modified_gmt":"2023-06-29T06:53:12","slug":"martin-gor","status":"publish","type":"page","link":"https:\/\/outkast-shop.com\/pt\/martin-gor\/","title":{"rendered":"Martin Gor"},"content":{"rendered":"<h1 class=\"wp-block-heading has-text-align-center\">Martin Gor<\/h1>\n\n\n\n<p class=\"has-text-align-center\">Martin Gor \u00e9 um especialista em cassinos de criptomoedas altamente experiente que est\u00e1 envolvido no setor h\u00e1 muitos anos.<\/p>\n\n\n\n<figure class=\"wp-block-image aligncenter size-full\"><img decoding=\"async\" width=\"500\" height=\"475\" src=\"https:\/\/outkast-shop.com\/wp-content\/uploads\/2023\/06\/gor.jpg\" alt=\"Martyn Gor - Autor\" class=\"wp-image-2386\" srcset=\"https:\/\/outkast-shop.com\/wp-content\/uploads\/2023\/06\/gor.jpg 500w, https:\/\/outkast-shop.com\/wp-content\/uploads\/2023\/06\/gor-300x285.jpg 300w, https:\/\/outkast-shop.com\/wp-content\/uploads\/2023\/06\/gor-13x12.jpg 13w, https:\/\/outkast-shop.com\/wp-content\/uploads\/2023\/06\/gor-110x105.jpg 110w\" sizes=\"(max-width: 500px) 100vw, 500px\" \/><\/figure>\n\n\n\n<p>Apaixonado por compartilhar seus conhecimentos e percep\u00e7\u00f5es, ele escreve regularmente artigos sobre as \u00faltimas not\u00edcias e tend\u00eancias, al\u00e9m de oferecer conselhos e orienta\u00e7\u00f5es para aqueles que desejam entrar no setor de cassinos. Al\u00e9m disso, Martin tamb\u00e9m participa ativamente de eventos e confer\u00eancias do setor, onde compartilha sua experi\u00eancia com outras pessoas e se mant\u00e9m atualizado sobre os \u00faltimos acontecimentos. Sua dedica\u00e7\u00e3o e compromisso com o setor de cassinos fazem dele um recurso valioso para quem quer aprender mais sobre esse campo empolgante e em constante mudan\u00e7a.<\/p>\n\n\n\n<div class=\"wp-block-group alignfull gallery_section has-poka-boxes-background-color-alt-background-color has-background is-layout-constrained wp-block-group-is-layout-constrained\"><div class=\"wp-block-group__inner-container\">\n<p class=\"has-medium-font-size\"><strong><strong>Principais criptomoedas:<\/strong><\/strong><\/p>\n\n\n\n<div class=\"icons-galley\">\r\n\t\t  <a class=\"item\" href=\"https:\/\/outkast-shop.com\/pt\/cassinos-de-bitcoin\/\"><img decoding=\"async\" src=\"\/wp-content\/uploads\/2023\/06\/btc.png\" alt=\"\u00cdcone dos cassinos Bitcoin\"><span>BTC Cassinos<\/span><\/a>\r\n\t  <a class=\"item\" href=\"https:\/\/outkast-shop.com\/pt\/cassinos-ethereum\/\"><img decoding=\"async\" src=\"\/wp-content\/uploads\/2023\/06\/eth.png\" alt=\"\u00cdcone dos cassinos Ethereum\"><span>ETH Cassinos<\/span><\/a>\r\n\t  <a class=\"item\" href=\"https:\/\/outkast-shop.com\/pt\/tether-casinos\/\"><img decoding=\"async\" src=\"\/wp-content\/uploads\/2023\/06\/usdt.png\" alt=\"\u00cdcone dos cassinos Tether\"><span>USDT Cassinos<\/span><\/a>\r\n\t  <a class=\"item\" href=\"https:\/\/outkast-shop.com\/pt\/cassinos-de-litecoin\/\"><img decoding=\"async\" src=\"\/wp-content\/uploads\/2023\/06\/ltc.png\" alt=\"\u00cdcone dos cassinos Litecoin\"><span>LTC Cassinos<\/span><\/a>\r\n\t  <a class=\"item\" href=\"https:\/\/outkast-shop.com\/pt\/cassinos-de-dogecoin\/\"><img decoding=\"async\" src=\"\/wp-content\/uploads\/2023\/06\/doge.png\" alt=\"\u00cdcone dos cassinos Dogecoin\"><span>Doge Cassinos<\/span><\/a>\r\n\t  <a class=\"item\" href=\"https:\/\/outkast-shop.com\/pt\/cassinos-ripple\/\"><img decoding=\"async\" src=\"\/wp-content\/uploads\/2023\/06\/xrp.png\" alt=\"\u00cdcone dos cassinos Ripple\"><span>XRP Cassinos<\/span><\/a>\r\n\t  <a class=\"item\" href=\"https:\/\/outkast-shop.com\/pt\/cassinos-com-dinheiro-em-bitcoin\/\"><img decoding=\"async\" src=\"\/wp-content\/uploads\/2023\/06\/bch.png\" alt=\"\u00cdcone do cassino Bitcoin Cash\"><span>Cassinos BCH<\/span><\/a>\r\n\t  <a class=\"item\" href=\"https:\/\/outkast-shop.com\/pt\/cassinos-troncais\/\"><img decoding=\"async\" src=\"\/wp-content\/uploads\/2023\/06\/trx.png\" alt=\"\u00cdcone do cassino Tron\"><span>TRX<\/span><\/a> \r\n\t  <a class=\"item\" href=\"https:\/\/outkast-shop.com\/pt\/cassinos-cardan\/\"><img decoding=\"async\" src=\"\/wp-content\/uploads\/2023\/06\/ada.png\" alt=\"\u00cdcone dos cassinos Ada\"><span>Cassinos de Ada<\/span><\/a>\r\n      <a class=\"item\" href=\"https:\/\/outkast-shop.com\/pt\/binance-coin-casinos\/\"><img decoding=\"async\" src=\"\/wp-content\/uploads\/2023\/06\/bnb.png\" alt=\"\u00cdcone dos cassinos da Bnb\"><span>BNB Cassinos<\/span><\/a>\r\n      <a class=\"item\" href=\"https:\/\/outkast-shop.com\/pt\/dash-cassinos\/\"><img decoding=\"async\" src=\"\/wp-content\/uploads\/2023\/06\/dash.png\" alt=\"\u00cdcone dos cassinos Dash\"><span>Dash Cassinos<\/span><\/a>\r\n      <a class=\"item\" href=\"https:\/\/outkast-shop.com\/pt\/cassinos-shiba-inu\/\"><img decoding=\"async\" src=\"\/wp-content\/uploads\/2023\/06\/shib.png\" alt=\"\u00cdcone dos cassinos Shiba Inu\"><span>Cassinos Shiba<\/span><\/a>\r\n      <a class=\"item\" href=\"https:\/\/outkast-shop.com\/pt\/solana-casinos\/\"><img decoding=\"async\" src=\"\/wp-content\/uploads\/2023\/06\/sol.png\" alt=\"\u00cdcone de casionos Solana\"><span>Cassinos SOL<\/span><\/a>\r\n      <a class=\"item\" href=\"https:\/\/outkast-shop.com\/pt\/cassinos-monero\/\"><img decoding=\"async\" src=\"\/wp-content\/uploads\/2023\/06\/xmr.png\" alt=\"\u00cdcone dos cassinos Xmr\"><span>Cassinos XMR<\/span><\/a>     \r\n<\/div>\n<\/div><\/div>\n\n\n\n<div class=\"wp-block-group alignfull has-background is-layout-flow wp-container-16\" style=\"padding-top:60px;padding-right:0px;padding-bottom:10px;padding-left:0px; background:#1d2730;\"><div class=\"wp-block-group__inner-container\">\n<div class=\"wp-block-columns are-vertically-aligned-center is-layout-flex wp-container-15\">\n<div class=\"wp-block-column is-vertically-aligned-center is-layout-flow\" style=\"flex-basis:100%\">\n<div class=\"wp-block-group is-layout-flow\"><div class=\"wp-block-group__inner-container\">\n<div class=\"wp-block-columns is-layout-flex wp-container-12\" style=\"padding-right:20px;padding-left:20px\">\n<div class=\"wp-block-column is-vertically-aligned-center is-layout-flow\" style=\"padding-top:20px;padding-bottom:20px;flex-basis:70%\">\n<p class=\"has-text-align-left has-white-color has-text-color wp-block-heading\" style=\"font-size:46px;font-style:normal;font-weight:300;margin-top:10px;margin-right:0px;margin-bottom:10px;margin-left:0px\">Comece a jogar agora mesmo!<\/p>\n<\/div>\n\n\n\n<div class=\"wp-block-column is-vertically-aligned-center is-layout-flow\" style=\"padding-top:10px;padding-bottom:10px;flex-basis:30%\"><div class=\"wp-block-poka-button\">\n<a class=\"wp-block-button__link has-vivid-red-background-color has-background\" href=\"https:\/\/outkast-shop.com\/pt\/go\/play\/\" style=\"border-radius:100px\"><strong>Jogue agora!<\/strong><\/a>\n\n\t\t<\/div><\/div>\n<\/div>\n<\/div><\/div>\n<\/div>\n<\/div>\n<\/div><\/div>\n\n\n\n<div class=\"wp-block-group alignfull gallery_section has-poka-boxes-background-color-alt-background-color has-background is-layout-constrained wp-block-group-is-layout-constrained\"><div class=\"wp-block-group__inner-container\">\n<p class=\"has-medium-font-size\"><strong>Descubra mais:<\/strong><\/p>\n\n\n\n<div class=\"types-gallery\">\r\n\t  <a class=\"item\" href=\"https:\/\/outkast-shop.com\/pt\/anonymous-casinos\/\"><img decoding=\"async\" src=\"\/wp-content\/uploads\/2023\/06\/ct4.png\" alt=\"\u00cdcone dos cassinos an\u00f4nimos\"><span>Cassinos an\u00f4nimos<\/span><\/a>\r\n      <a class=\"item\" href=\"https:\/\/outkast-shop.com\/pt\/cassinos-com-blockchain\/\"><img decoding=\"async\" src=\"\/wp-content\/uploads\/2023\/06\/ct2.png\" alt=\"\u00cdcone dos cassinos Blockchain\"><span>Cassinos Blockchain<\/span><\/a>\r\n      <a class=\"item\" href=\"https:\/\/outkast-shop.com\/pt\/cassinos-descentralizados\/\"><img decoding=\"async\" src=\"\/wp-content\/uploads\/2023\/06\/ct5.png\" alt=\"\u00cdcone dos cassinos descentralizados\"><span>Cassinos descentralizados<\/span><\/a>\r\n      <a class=\"item\" href=\"https:\/\/outkast-shop.com\/pt\/cassinos-on-line-hibridos\/\"><img decoding=\"async\" src=\"\/wp-content\/uploads\/2023\/06\/ct3.png\" alt=\"\u00cdcone dos cassinos h\u00edbridos\"><span>Cassinos h\u00edbridos<\/span><\/a>\r\n      <a class=\"item\" href=\"https:\/\/outkast-shop.com\/pt\/novos-cassinos-de-criptografia\/\"><img decoding=\"async\" src=\"\/wp-content\/uploads\/2023\/06\/ct6-1.png\" alt=\"Novo \u00edcone do Crypto Casinos\"><span>Novo Crypto Casinos<\/span><\/a>\r\n      <a class=\"item\" href=\"https:\/\/outkast-shop.com\/pt\/nft-casinos\/\"><img decoding=\"async\" src=\"\/wp-content\/uploads\/2023\/06\/ct7-1.png\" alt=\"\u00cdcone dos cassinos NFT\"><span>Cassinos NFT<\/span><\/a>     \r\n<\/div>\n<\/div><\/div>","protected":false},"excerpt":{"rendered":"<p>Martin Gor Martin Gor \u00e9 um especialista em cassinos de criptomoedas altamente experiente que est\u00e1 envolvido no setor h\u00e1 muitos anos. Apaixonado por compartilhar seus conhecimentos e percep\u00e7\u00f5es, ele escreve regularmente artigos sobre as \u00faltimas not\u00edcias e tend\u00eancias, al\u00e9m de oferecer conselhos e orienta\u00e7\u00f5es para aqueles que desejam entrar no setor de cassinos. [...]<\/p>","protected":false},"author":1,"featured_media":0,"parent":0,"menu_order":0,"comment_status":"closed","ping_status":"closed","template":"","meta":{"_mi_skip_tracking":false,"_monsterinsights_sitenote_active":false,"_monsterinsights_sitenote_note":"","_monsterinsights_sitenote_category":0,"footnotes":""},"class_list":["post-2383","page","type-page","status-publish","hentry"],"acf":[],"yoast_head":"<!-- This site is optimized with the Yoast SEO plugin v22.8 - https:\/\/yoast.com\/wordpress\/plugins\/seo\/ -->\n<title>Martin Gor, Author at outkast-shop.com<\/title>\n<meta name=\"description\" content=\"Martin Gor is a highly experienced crypto casino expert who has been involved in the industry for many years.\" \/>\n<meta name=\"robots\" content=\"index, follow, max-snippet:-1, max-image-preview:large, max-video-preview:-1\" \/>\n<link rel=\"canonical\" href=\"https:\/\/outkast-shop.com\/pt\/martin-gor\/\" \/>\n<meta property=\"og:locale\" content=\"pt_BR\" \/>\n<meta property=\"og:type\" content=\"article\" \/>\n<meta property=\"og:title\" content=\"Martin Gor, Author at outkast-shop.com\" \/>\n<meta property=\"og:description\" content=\"Martin Gor is a highly experienced crypto casino expert who has been involved in the industry for many years.\" \/>\n<meta property=\"og:url\" content=\"https:\/\/outkast-shop.com\/pt\/martin-gor\/\" \/>\n<meta property=\"og:site_name\" content=\"Crypto Casino\" \/>\n<meta property=\"article:modified_time\" content=\"2023-06-29T06:53:12+00:00\" \/>\n<meta property=\"og:image\" content=\"https:\/\/outkast-shop.com\/wp-content\/uploads\/2023\/06\/gor.jpg\" \/>\n<meta name=\"twitter:card\" content=\"summary_large_image\" \/>\n<meta name=\"twitter:label1\" content=\"Est. tempo de leitura\" \/>\n\t<meta name=\"twitter:data1\" content=\"1 minuto\" \/>\n<!-- \/ Yoast SEO plugin. -->","yoast_head_json":{"title":"Martin Gor, Author at outkast-shop.com","description":"Martin Gor is a highly experienced crypto casino expert who has been involved in the industry for many years.","robots":{"index":"index","follow":"follow","max-snippet":"max-snippet:-1","max-image-preview":"max-image-preview:large","max-video-preview":"max-video-preview:-1"},"canonical":"https:\/\/outkast-shop.com\/pt\/martin-gor\/","og_locale":"pt_BR","og_type":"article","og_title":"Martin Gor, Author at outkast-shop.com","og_description":"Martin Gor is a highly experienced crypto casino expert who has been involved in the industry for many years.","og_url":"https:\/\/outkast-shop.com\/pt\/martin-gor\/","og_site_name":"Crypto Casino","article_modified_time":"2023-06-29T06:53:12+00:00","og_image":[{"url":"https:\/\/outkast-shop.com\/wp-content\/uploads\/2023\/06\/gor.jpg"}],"twitter_card":"summary_large_image","twitter_misc":{"Est. tempo de leitura":"1 minuto"},"schema":{"@context":"https:\/\/schema.org","@graph":[{"@type":"WebPage","@id":"https:\/\/outkast-shop.com\/martin-gor\/","url":"https:\/\/outkast-shop.com\/martin-gor\/","name":"Martin Gor, Author at outkast-shop.com","isPartOf":{"@id":"https:\/\/outkast-shop.com\/#website"},"primaryImageOfPage":{"@id":"https:\/\/outkast-shop.com\/martin-gor\/#primaryimage"},"image":{"@id":"https:\/\/outkast-shop.com\/martin-gor\/#primaryimage"},"thumbnailUrl":"https:\/\/outkast-shop.com\/wp-content\/uploads\/2023\/06\/gor.jpg","datePublished":"2023-06-29T06:52:59+00:00","dateModified":"2023-06-29T06:53:12+00:00","description":"Martin Gor is a highly experienced crypto casino expert who has been involved in the industry for many years.","breadcrumb":{"@id":"https:\/\/outkast-shop.com\/martin-gor\/#breadcrumb"},"inLanguage":"pt-BR","potentialAction":[{"@type":"ReadAction","target":["https:\/\/outkast-shop.com\/martin-gor\/"]}]},{"@type":"ImageObject","inLanguage":"pt-BR","@id":"https:\/\/outkast-shop.com\/martin-gor\/#primaryimage","url":"https:\/\/outkast-shop.com\/wp-content\/uploads\/2023\/06\/gor.jpg","contentUrl":"https:\/\/outkast-shop.com\/wp-content\/uploads\/2023\/06\/gor.jpg"},{"@type":"BreadcrumbList","@id":"https:\/\/outkast-shop.com\/martin-gor\/#breadcrumb","itemListElement":[{"@type":"ListItem","position":1,"name":"Home","item":"https:\/\/outkast-shop.com\/"},{"@type":"ListItem","position":2,"name":"Martin Gor"}]},{"@type":"WebSite","@id":"https:\/\/outkast-shop.com\/#website","url":"https:\/\/outkast-shop.com\/","name":"Crypto Casino","description":"","publisher":{"@id":"https:\/\/outkast-shop.com\/#organization"},"potentialAction":[{"@type":"SearchAction","target":{"@type":"EntryPoint","urlTemplate":"https:\/\/outkast-shop.com\/?s={search_term_string}"},"query-input":"required name=search_term_string"}],"inLanguage":"pt-BR"},{"@type":"Organization","@id":"https:\/\/outkast-shop.com\/#organization","name":"Outkast Roller","alternateName":"outkast-shop.com","url":"https:\/\/outkast-shop.com\/","logo":{"@type":"ImageObject","inLanguage":"pt-BR","@id":"https:\/\/outkast-shop.com\/#\/schema\/logo\/image\/","url":"https:\/\/outkast-shop.com\/wp-content\/uploads\/2023\/06\/long-logo.png","contentUrl":"https:\/\/outkast-shop.com\/wp-content\/uploads\/2023\/06\/long-logo.png","width":326,"height":75,"caption":"Outkast Roller"},"image":{"@id":"https:\/\/outkast-shop.com\/#\/schema\/logo\/image\/"}}]}},"_links":{"self":[{"href":"https:\/\/outkast-shop.com\/pt\/wp-json\/wp\/v2\/pages\/2383","targetHints":{"allow":["GET"]}}],"collection":[{"href":"https:\/\/outkast-shop.com\/pt\/wp-json\/wp\/v2\/pages"}],"about":[{"href":"https:\/\/outkast-shop.com\/pt\/wp-json\/wp\/v2\/types\/page"}],"author":[{"embeddable":true,"href":"https:\/\/outkast-shop.com\/pt\/wp-json\/wp\/v2\/users\/1"}],"replies":[{"embeddable":true,"href":"https:\/\/outkast-shop.com\/pt\/wp-json\/wp\/v2\/comments?post=2383"}],"version-history":[{"count":0,"href":"https:\/\/outkast-shop.com\/pt\/wp-json\/wp\/v2\/pages\/2383\/revisions"}],"wp:attachment":[{"href":"https:\/\/outkast-shop.com\/pt\/wp-json\/wp\/v2\/media?parent=2383"}],"curies":[{"name":"wp","href":"https:\/\/api.w.org\/{rel}","templated":true}]}}