{"id":2621,"date":"2023-10-17T22:39:42","date_gmt":"2023-10-17T22:39:42","guid":{"rendered":"https:\/\/outkast-shop.com\/?page_id=2621"},"modified":"2023-10-17T22:41:25","modified_gmt":"2023-10-17T22:41:25","slug":"author-denis-mak","status":"publish","type":"page","link":"https:\/\/outkast-shop.com\/pt\/author-denis-mak\/","title":{"rendered":"Denis Mak"},"content":{"rendered":"<h1 class=\"wp-block-heading has-text-align-center\">Denis Mak<\/h1>\n\n\n\n<p class=\"has-text-align-center\">Denis \u00e9 uma pessoa incrivelmente talentosa, que realmente se destaca em sua paix\u00e3o: criar textos atraentes e cativantes que causam um impacto duradouro nos leitores.<\/p>\n\n\n\n<figure class=\"wp-block-image aligncenter size-full\"><img decoding=\"async\" width=\"500\" height=\"476\" src=\"https:\/\/outkast-shop.com\/wp-content\/uploads\/2023\/10\/denis-mak-big.jpg\" alt=\"Denis Mak sobre a p\u00e1gina\" class=\"wp-image-2622\" srcset=\"https:\/\/outkast-shop.com\/wp-content\/uploads\/2023\/10\/denis-mak-big.jpg 500w, https:\/\/outkast-shop.com\/wp-content\/uploads\/2023\/10\/denis-mak-big-300x286.jpg 300w, https:\/\/outkast-shop.com\/wp-content\/uploads\/2023\/10\/denis-mak-big-13x12.jpg 13w, https:\/\/outkast-shop.com\/wp-content\/uploads\/2023\/10\/denis-mak-big-110x105.jpg 110w\" sizes=\"(max-width: 500px) 100vw, 500px\" \/><\/figure>\n\n\n\n<p>Com suas habilidades e conhecimentos excepcionais no nicho do iGaming, Denis se tornou um profissional de refer\u00eancia na cria\u00e7\u00e3o de conte\u00fado visualmente impressionante para sites. Seja produzindo artigos de alto n\u00edvel para seu pr\u00f3prio site ou colaborando com outros, Denis garante que cada conte\u00fado que cria \u00e9 de qualidade excepcional e garante o envolvimento dos leitores, tornando a experi\u00eancia deles realmente inesquec\u00edvel.<\/p>\n\n\n\n<p><strong>Informa\u00e7\u00f5es:<\/strong><\/p>\n\n\n\n<ul class=\"wp-block-list\">\n<li><a href=\"https:\/\/www.facebook.com\/profile.php?id=100083645510467\" target=\"_blank\" rel=\"noreferrer noopener\">Facebook<\/a><\/li>\n\n\n\n<li><a href=\"https:\/\/twitter.com\/DenisMak18\" target=\"_blank\" rel=\"noreferrer noopener\">Twitter<\/a><\/li>\n\n\n\n<li><a href=\"https:\/\/www.youtube.com\/channel\/UChMjmYBn7NFOLKsIpviYZhA\">Youtube<\/a><\/li>\n<\/ul>\n\n\n\n<div class=\"wp-block-group alignfull gallery_section has-poka-boxes-background-color-alt-background-color has-background is-layout-constrained wp-block-group-is-layout-constrained\"><div class=\"wp-block-group__inner-container\">\n<p class=\"has-medium-font-size\"><strong><strong>Principais criptomoedas:<\/strong><\/strong><\/p>\n\n\n\n<div class=\"icons-galley\">\r\n\t\t  <a class=\"item\" href=\"https:\/\/outkast-shop.com\/pt\/cassinos-de-bitcoin\/\"><img decoding=\"async\" src=\"\/wp-content\/uploads\/2023\/06\/btc.png\" alt=\"\u00cdcone dos cassinos Bitcoin\"><span>BTC Cassinos<\/span><\/a>\r\n\t  <a class=\"item\" href=\"https:\/\/outkast-shop.com\/pt\/cassinos-ethereum\/\"><img decoding=\"async\" src=\"\/wp-content\/uploads\/2023\/06\/eth.png\" alt=\"\u00cdcone dos cassinos Ethereum\"><span>ETH Cassinos<\/span><\/a>\r\n\t  <a class=\"item\" href=\"https:\/\/outkast-shop.com\/pt\/tether-casinos\/\"><img decoding=\"async\" src=\"\/wp-content\/uploads\/2023\/06\/usdt.png\" alt=\"\u00cdcone dos cassinos Tether\"><span>USDT Cassinos<\/span><\/a>\r\n\t  <a class=\"item\" href=\"https:\/\/outkast-shop.com\/pt\/cassinos-de-litecoin\/\"><img decoding=\"async\" src=\"\/wp-content\/uploads\/2023\/06\/ltc.png\" alt=\"\u00cdcone dos cassinos Litecoin\"><span>LTC Cassinos<\/span><\/a>\r\n\t  <a class=\"item\" href=\"https:\/\/outkast-shop.com\/pt\/cassinos-de-dogecoin\/\"><img decoding=\"async\" src=\"\/wp-content\/uploads\/2023\/06\/doge.png\" alt=\"\u00cdcone dos cassinos Dogecoin\"><span>Doge Cassinos<\/span><\/a>\r\n\t  <a class=\"item\" href=\"https:\/\/outkast-shop.com\/pt\/cassinos-ripple\/\"><img decoding=\"async\" src=\"\/wp-content\/uploads\/2023\/06\/xrp.png\" alt=\"\u00cdcone dos cassinos Ripple\"><span>XRP Cassinos<\/span><\/a>\r\n\t  <a class=\"item\" href=\"https:\/\/outkast-shop.com\/pt\/cassinos-com-dinheiro-em-bitcoin\/\"><img decoding=\"async\" src=\"\/wp-content\/uploads\/2023\/06\/bch.png\" alt=\"\u00cdcone do cassino Bitcoin Cash\"><span>Cassinos BCH<\/span><\/a>\r\n\t  <a class=\"item\" href=\"https:\/\/outkast-shop.com\/pt\/cassinos-troncais\/\"><img decoding=\"async\" src=\"\/wp-content\/uploads\/2023\/06\/trx.png\" alt=\"\u00cdcone do cassino Tron\"><span>TRX<\/span><\/a> \r\n\t  <a class=\"item\" href=\"https:\/\/outkast-shop.com\/pt\/cassinos-cardan\/\"><img decoding=\"async\" src=\"\/wp-content\/uploads\/2023\/06\/ada.png\" alt=\"\u00cdcone dos cassinos Ada\"><span>Cassinos de Ada<\/span><\/a>\r\n      <a class=\"item\" href=\"https:\/\/outkast-shop.com\/pt\/binance-coin-casinos\/\"><img decoding=\"async\" src=\"\/wp-content\/uploads\/2023\/06\/bnb.png\" alt=\"\u00cdcone dos cassinos da Bnb\"><span>BNB Cassinos<\/span><\/a>\r\n      <a class=\"item\" href=\"https:\/\/outkast-shop.com\/pt\/dash-cassinos\/\"><img decoding=\"async\" src=\"\/wp-content\/uploads\/2023\/06\/dash.png\" alt=\"\u00cdcone dos cassinos Dash\"><span>Dash Cassinos<\/span><\/a>\r\n      <a class=\"item\" href=\"https:\/\/outkast-shop.com\/pt\/cassinos-shiba-inu\/\"><img decoding=\"async\" src=\"\/wp-content\/uploads\/2023\/06\/shib.png\" alt=\"\u00cdcone dos cassinos Shiba Inu\"><span>Cassinos Shiba<\/span><\/a>\r\n      <a class=\"item\" href=\"https:\/\/outkast-shop.com\/pt\/solana-casinos\/\"><img decoding=\"async\" src=\"\/wp-content\/uploads\/2023\/06\/sol.png\" alt=\"\u00cdcone de casionos Solana\"><span>Cassinos SOL<\/span><\/a>\r\n      <a class=\"item\" href=\"https:\/\/outkast-shop.com\/pt\/cassinos-monero\/\"><img decoding=\"async\" src=\"\/wp-content\/uploads\/2023\/06\/xmr.png\" alt=\"\u00cdcone dos cassinos Xmr\"><span>Cassinos XMR<\/span><\/a>     \r\n<\/div>\n<\/div><\/div>\n\n\n\n<div class=\"wp-block-group alignfull has-background is-layout-flow wp-container-16\" style=\"padding-top:60px;padding-right:0px;padding-bottom:10px;padding-left:0px; background:#1d2730;\"><div class=\"wp-block-group__inner-container\">\n<div class=\"wp-block-columns are-vertically-aligned-center is-layout-flex wp-container-15\">\n<div class=\"wp-block-column is-vertically-aligned-center is-layout-flow\" style=\"flex-basis:100%\">\n<div class=\"wp-block-group is-layout-flow\"><div class=\"wp-block-group__inner-container\">\n<div class=\"wp-block-columns is-layout-flex wp-container-12\" style=\"padding-right:20px;padding-left:20px\">\n<div class=\"wp-block-column is-vertically-aligned-center is-layout-flow\" style=\"padding-top:20px;padding-bottom:20px;flex-basis:70%\">\n<p class=\"has-text-align-left has-white-color has-text-color wp-block-heading\" style=\"font-size:46px;font-style:normal;font-weight:300;margin-top:10px;margin-right:0px;margin-bottom:10px;margin-left:0px\">Comece a jogar agora mesmo!<\/p>\n<\/div>\n\n\n\n<div class=\"wp-block-column is-vertically-aligned-center is-layout-flow\" style=\"padding-top:10px;padding-bottom:10px;flex-basis:30%\"><div class=\"wp-block-poka-button\">\n<a class=\"wp-block-button__link has-vivid-red-background-color has-background\" href=\"https:\/\/outkast-shop.com\/pt\/go\/play\/\" style=\"border-radius:100px\"><strong>Jogue agora!<\/strong><\/a>\n\n\t\t<\/div><\/div>\n<\/div>\n<\/div><\/div>\n<\/div>\n<\/div>\n<\/div><\/div>\n\n\n\n<div class=\"wp-block-group alignfull gallery_section has-poka-boxes-background-color-alt-background-color has-background is-layout-constrained wp-block-group-is-layout-constrained\"><div class=\"wp-block-group__inner-container\">\n<p class=\"has-medium-font-size\"><strong>Descubra mais:<\/strong><\/p>\n\n\n\n<div class=\"types-gallery\">\r\n\t  <a class=\"item\" href=\"https:\/\/outkast-shop.com\/pt\/anonymous-casinos\/\"><img decoding=\"async\" src=\"\/wp-content\/uploads\/2023\/06\/ct4.png\" alt=\"\u00cdcone dos cassinos an\u00f4nimos\"><span>Cassinos an\u00f4nimos<\/span><\/a>\r\n      <a class=\"item\" href=\"https:\/\/outkast-shop.com\/pt\/cassinos-com-blockchain\/\"><img decoding=\"async\" src=\"\/wp-content\/uploads\/2023\/06\/ct2.png\" alt=\"\u00cdcone dos cassinos Blockchain\"><span>Cassinos Blockchain<\/span><\/a>\r\n      <a class=\"item\" href=\"https:\/\/outkast-shop.com\/pt\/cassinos-descentralizados\/\"><img decoding=\"async\" src=\"\/wp-content\/uploads\/2023\/06\/ct5.png\" alt=\"\u00cdcone dos cassinos descentralizados\"><span>Cassinos descentralizados<\/span><\/a>\r\n      <a class=\"item\" href=\"https:\/\/outkast-shop.com\/pt\/cassinos-on-line-hibridos\/\"><img decoding=\"async\" src=\"\/wp-content\/uploads\/2023\/06\/ct3.png\" alt=\"\u00cdcone dos cassinos h\u00edbridos\"><span>Cassinos h\u00edbridos<\/span><\/a>\r\n      <a class=\"item\" href=\"https:\/\/outkast-shop.com\/pt\/novos-cassinos-de-criptografia\/\"><img decoding=\"async\" src=\"\/wp-content\/uploads\/2023\/06\/ct6-1.png\" alt=\"Novo \u00edcone do Crypto Casinos\"><span>Novo Crypto Casinos<\/span><\/a>\r\n      <a class=\"item\" href=\"https:\/\/outkast-shop.com\/pt\/nft-casinos\/\"><img decoding=\"async\" src=\"\/wp-content\/uploads\/2023\/06\/ct7-1.png\" alt=\"\u00cdcone dos cassinos NFT\"><span>Cassinos NFT<\/span><\/a>     \r\n<\/div>\n<\/div><\/div>","protected":false},"excerpt":{"rendered":"<p>Denis Mak Denis \u00e9 uma pessoa incrivelmente talentosa que realmente se destaca em sua paix\u00e3o: criar textos atraentes e cativantes que causam um impacto duradouro nos leitores. Com suas habilidades e experi\u00eancia excepcionais no nicho iGaming, Denis se tornou um profissional de refer\u00eancia na cria\u00e7\u00e3o de conte\u00fado visualmente impressionante para sites. Seja produzindo artigos de alto n\u00edvel para [...]<\/p>","protected":false},"author":1,"featured_media":0,"parent":0,"menu_order":0,"comment_status":"closed","ping_status":"closed","template":"","meta":{"_mi_skip_tracking":false,"_monsterinsights_sitenote_active":false,"_monsterinsights_sitenote_note":"","_monsterinsights_sitenote_category":0,"footnotes":""},"class_list":["post-2621","page","type-page","status-publish","hentry"],"acf":[],"yoast_head":"<!-- This site is optimized with the Yoast SEO plugin v22.8 - https:\/\/yoast.com\/wordpress\/plugins\/seo\/ -->\n<title>Denis Mak - Crypto Casino<\/title>\n<meta name=\"description\" content=\"Denis is an incredibly talented individual who truly excels at his passion: crafting compelling and captivating text that leaves a lasting impact on readers.\" \/>\n<meta name=\"robots\" content=\"index, follow, max-snippet:-1, max-image-preview:large, max-video-preview:-1\" \/>\n<link rel=\"canonical\" href=\"https:\/\/outkast-shop.com\/pt\/author-denis-mak\/\" \/>\n<meta property=\"og:locale\" content=\"pt_BR\" \/>\n<meta property=\"og:type\" content=\"article\" \/>\n<meta property=\"og:title\" content=\"Denis Mak - Crypto Casino\" \/>\n<meta property=\"og:description\" content=\"Denis is an incredibly talented individual who truly excels at his passion: crafting compelling and captivating text that leaves a lasting impact on readers.\" \/>\n<meta property=\"og:url\" content=\"https:\/\/outkast-shop.com\/pt\/author-denis-mak\/\" \/>\n<meta property=\"og:site_name\" content=\"Crypto Casino\" \/>\n<meta property=\"article:modified_time\" content=\"2023-10-17T22:41:25+00:00\" \/>\n<meta property=\"og:image\" content=\"https:\/\/outkast-shop.com\/wp-content\/uploads\/2023\/10\/denis-mak-big.jpg\" \/>\n<meta name=\"twitter:card\" content=\"summary_large_image\" \/>\n<meta name=\"twitter:label1\" content=\"Est. tempo de leitura\" \/>\n\t<meta name=\"twitter:data1\" content=\"1 minuto\" \/>\n<!-- \/ Yoast SEO plugin. -->","yoast_head_json":{"title":"Denis Mak - Crypto Casino","description":"Denis is an incredibly talented individual who truly excels at his passion: crafting compelling and captivating text that leaves a lasting impact on readers.","robots":{"index":"index","follow":"follow","max-snippet":"max-snippet:-1","max-image-preview":"max-image-preview:large","max-video-preview":"max-video-preview:-1"},"canonical":"https:\/\/outkast-shop.com\/pt\/author-denis-mak\/","og_locale":"pt_BR","og_type":"article","og_title":"Denis Mak - Crypto Casino","og_description":"Denis is an incredibly talented individual who truly excels at his passion: crafting compelling and captivating text that leaves a lasting impact on readers.","og_url":"https:\/\/outkast-shop.com\/pt\/author-denis-mak\/","og_site_name":"Crypto Casino","article_modified_time":"2023-10-17T22:41:25+00:00","og_image":[{"url":"https:\/\/outkast-shop.com\/wp-content\/uploads\/2023\/10\/denis-mak-big.jpg"}],"twitter_card":"summary_large_image","twitter_misc":{"Est. tempo de leitura":"1 minuto"},"schema":{"@context":"https:\/\/schema.org","@graph":[{"@type":"WebPage","@id":"https:\/\/outkast-shop.com\/author-denis-mak\/","url":"https:\/\/outkast-shop.com\/author-denis-mak\/","name":"Denis Mak - Crypto Casino","isPartOf":{"@id":"https:\/\/outkast-shop.com\/#website"},"primaryImageOfPage":{"@id":"https:\/\/outkast-shop.com\/author-denis-mak\/#primaryimage"},"image":{"@id":"https:\/\/outkast-shop.com\/author-denis-mak\/#primaryimage"},"thumbnailUrl":"https:\/\/outkast-shop.com\/wp-content\/uploads\/2023\/10\/denis-mak-big.jpg","datePublished":"2023-10-17T22:39:42+00:00","dateModified":"2023-10-17T22:41:25+00:00","description":"Denis is an incredibly talented individual who truly excels at his passion: crafting compelling and captivating text that leaves a lasting impact on readers.","breadcrumb":{"@id":"https:\/\/outkast-shop.com\/author-denis-mak\/#breadcrumb"},"inLanguage":"pt-BR","potentialAction":[{"@type":"ReadAction","target":["https:\/\/outkast-shop.com\/author-denis-mak\/"]}]},{"@type":"ImageObject","inLanguage":"pt-BR","@id":"https:\/\/outkast-shop.com\/author-denis-mak\/#primaryimage","url":"https:\/\/outkast-shop.com\/wp-content\/uploads\/2023\/10\/denis-mak-big.jpg","contentUrl":"https:\/\/outkast-shop.com\/wp-content\/uploads\/2023\/10\/denis-mak-big.jpg"},{"@type":"BreadcrumbList","@id":"https:\/\/outkast-shop.com\/author-denis-mak\/#breadcrumb","itemListElement":[{"@type":"ListItem","position":1,"name":"Home","item":"https:\/\/outkast-shop.com\/"},{"@type":"ListItem","position":2,"name":"Denis Mak"}]},{"@type":"WebSite","@id":"https:\/\/outkast-shop.com\/#website","url":"https:\/\/outkast-shop.com\/","name":"Crypto Casino","description":"","publisher":{"@id":"https:\/\/outkast-shop.com\/#organization"},"potentialAction":[{"@type":"SearchAction","target":{"@type":"EntryPoint","urlTemplate":"https:\/\/outkast-shop.com\/?s={search_term_string}"},"query-input":"required name=search_term_string"}],"inLanguage":"pt-BR"},{"@type":"Organization","@id":"https:\/\/outkast-shop.com\/#organization","name":"Outkast Roller","alternateName":"outkast-shop.com","url":"https:\/\/outkast-shop.com\/","logo":{"@type":"ImageObject","inLanguage":"pt-BR","@id":"https:\/\/outkast-shop.com\/#\/schema\/logo\/image\/","url":"https:\/\/outkast-shop.com\/wp-content\/uploads\/2023\/06\/long-logo.png","contentUrl":"https:\/\/outkast-shop.com\/wp-content\/uploads\/2023\/06\/long-logo.png","width":326,"height":75,"caption":"Outkast Roller"},"image":{"@id":"https:\/\/outkast-shop.com\/#\/schema\/logo\/image\/"}}]}},"_links":{"self":[{"href":"https:\/\/outkast-shop.com\/pt\/wp-json\/wp\/v2\/pages\/2621","targetHints":{"allow":["GET"]}}],"collection":[{"href":"https:\/\/outkast-shop.com\/pt\/wp-json\/wp\/v2\/pages"}],"about":[{"href":"https:\/\/outkast-shop.com\/pt\/wp-json\/wp\/v2\/types\/page"}],"author":[{"embeddable":true,"href":"https:\/\/outkast-shop.com\/pt\/wp-json\/wp\/v2\/users\/1"}],"replies":[{"embeddable":true,"href":"https:\/\/outkast-shop.com\/pt\/wp-json\/wp\/v2\/comments?post=2621"}],"version-history":[{"count":0,"href":"https:\/\/outkast-shop.com\/pt\/wp-json\/wp\/v2\/pages\/2621\/revisions"}],"wp:attachment":[{"href":"https:\/\/outkast-shop.com\/pt\/wp-json\/wp\/v2\/media?parent=2621"}],"curies":[{"name":"wp","href":"https:\/\/api.w.org\/{rel}","templated":true}]}}