{"id":1792,"date":"2023-06-06T14:57:54","date_gmt":"2023-06-06T14:57:54","guid":{"rendered":"https:\/\/outkast-shop.com\/?page_id=1792"},"modified":"2024-03-19T10:20:54","modified_gmt":"2024-03-19T10:20:54","slug":"licenses-for-online-casinos","status":"publish","type":"page","link":"https:\/\/outkast-shop.com\/tr\/online-casinolar-icin-lisanslar\/","title":{"rendered":"\u00c7evrimi\u00e7i Kumarhaneler i\u00e7in Lisanslar"},"content":{"rendered":"<h1 class=\"wp-block-heading has-text-align-center\">\u00c7evrimi\u00e7i Kumarhaneler i\u00e7in Lisanslar<\/h1>\n\n\n\n<p class=\"has-text-align-center\">\u00c7evrimi\u00e7i kumarhaneler, insanlar\u0131n kendi evlerinin rahatl\u0131\u011f\u0131nda kumar oynamalar\u0131 i\u00e7in uygun bir yol sa\u011flayan b\u00fcy\u00fcyen bir end\u00fcstridir. Bununla birlikte, \u00e7evrimi\u00e7i kumarhanelerin y\u00fckseli\u015fiyle birlikte, bu i\u015fletmelerin yasal ve g\u00fcvenli bir \u015fekilde \u00e7al\u0131\u015fmas\u0131n\u0131 sa\u011flamak i\u00e7in uygun lisanslama ihtiyac\u0131 ortaya \u00e7\u0131kmaktad\u0131r.<\/p>\n\n\n\n<figure class=\"wp-block-image aligncenter size-full is-resized\"><img decoding=\"async\" src=\"https:\/\/outkast-shop.com\/wp-content\/uploads\/2023\/06\/licenses-min.jpg\" alt=\"\u00c7evrimi\u00e7i Kumarhaneler i\u00e7in Lisanslar\" class=\"wp-image-1879\" width=\"600\" height=\"368\" srcset=\"https:\/\/outkast-shop.com\/wp-content\/uploads\/2023\/06\/licenses-min.jpg 800w, https:\/\/outkast-shop.com\/wp-content\/uploads\/2023\/06\/licenses-min-300x184.jpg 300w, https:\/\/outkast-shop.com\/wp-content\/uploads\/2023\/06\/licenses-min-768x470.jpg 768w, https:\/\/outkast-shop.com\/wp-content\/uploads\/2023\/06\/licenses-min-18x12.jpg 18w, https:\/\/outkast-shop.com\/wp-content\/uploads\/2023\/06\/licenses-min-110x67.jpg 110w, https:\/\/outkast-shop.com\/wp-content\/uploads\/2023\/06\/licenses-min-575x352.jpg 575w\" sizes=\"(max-width: 600px) 100vw, 600px\" \/><\/figure>\n\n\n\n<h2 class=\"wp-block-heading has-text-align-center\">Ruhsat T\u00fcrleri<\/h2>\n\n\n\n<p>Online casinolar i\u00e7in lisans sunan, her biri kendi kural ve d\u00fczenlemelerine sahip \u00e7e\u015fitli yarg\u0131 b\u00f6lgeleri vard\u0131r. En pop\u00fcler yetki alanlar\u0131ndan baz\u0131lar\u0131 Malta, Cebelitar\u0131k ve Man Adas\u0131'd\u0131r. Ayr\u0131ca, B2B ve B2C lisanslar\u0131 gibi farkl\u0131 lisans t\u00fcrleri de mevcuttur. Lisans almayla ili\u015fkili maliyetler, konuma ve lisans t\u00fcr\u00fcne ba\u011fl\u0131 olarak de\u011fi\u015febilir.<\/p>\n\n\n\n<h2 class=\"wp-block-heading has-text-align-center\">Lisanslaman\u0131n Faydalar\u0131<\/h2>\n\n\n\n<p>\u00c7evrimi\u00e7i bir kumarhane i\u00e7in lisans alman\u0131n en \u00f6nemli faydalar\u0131ndan biri, oyuncular i\u00e7in sa\u011flad\u0131\u011f\u0131 emniyet ve g\u00fcvenliktir. Lisansl\u0131 casinolar\u0131n adil ve sorumlu oyun oynamay\u0131 sa\u011flamak ve oyuncular\u0131n ki\u015fisel ve finansal bilgilerini korumak i\u00e7in kat\u0131 prosed\u00fcrleri takip etmeleri gerekmektedir. Ayr\u0131ca, lisansl\u0131 olmak, \u00e7evrimi\u00e7i casinolar\u0131n yasal ve d\u00fczenleyici gerekliliklere uymalar\u0131na yard\u0131mc\u0131 olarak itibarlar\u0131n\u0131 ve g\u00fcvenilirliklerini art\u0131rabilir. Lisansl\u0131 casinolar, ba\u015far\u0131lar\u0131nda \u00e7ok \u00f6nemli bir fakt\u00f6r olabilecek \u00f6deme i\u015flemcilerine de eri\u015febilir.<\/p>\n\n\n\n<h2 class=\"wp-block-heading has-text-align-center\">Lisansl\u0131 kumarhaneler vs. D\u00fczenlenmi\u015f kumarhaneler<\/h2>\n\n\n\n<p>Bir lisans alman\u0131n, bir \u00e7evrimi\u00e7i kumarhanenin tamamen d\u00fczenlendi\u011fi anlam\u0131na gelmedi\u011fini unutmamak \u00f6nemlidir. Lisanslama bir miktar g\u00f6zetim sa\u011flarken, d\u00fczenleme kurallar\u0131n ve standartlar\u0131n s\u00fcrekli olarak izlenmesini ve uygulanmas\u0131n\u0131 i\u00e7erir. D\u00fczenlenmi\u015f kumarhaneler, y\u00fcr\u00fcrl\u00fckteki t\u00fcm yasa ve y\u00f6netmeliklere uyduklar\u0131ndan emin olmak i\u00e7in d\u00fczenli denetim ve tefti\u015flere tabidir. Oyuncular, en \u00fcst d\u00fczeyde g\u00fcvenlik ve emniyet sa\u011flamak i\u00e7in hem lisansl\u0131 hem de d\u00fczenlenmi\u015f \u00e7evrimi\u00e7i casinolar\u0131 aramal\u0131d\u0131r.<\/p>\n\n\n\n<h2 class=\"wp-block-heading has-text-align-center\">Uluslararas\u0131 kumar lisanslar\u0131<\/h2>\n\n\n\n<p>Daha \u00f6nce bahsedilen pop\u00fcler yarg\u0131 b\u00f6lgelerine ek olarak, \u00e7evrimi\u00e7i kumarhaneler i\u00e7in lisans sunan ba\u015fka bir\u00e7ok \u00fclke vard\u0131r. Bunlar aras\u0131nda Birle\u015fik Krall\u0131k, Curacao ve Kosta Rika bulunmaktad\u0131r. Her \u00fclkenin kendi kurallar\u0131 ve d\u00fczenlemeleri vard\u0131r ve lisans almakla ilgili maliyetler b\u00fcy\u00fck \u00f6l\u00e7\u00fcde de\u011fi\u015febilir. Online casinolar\u0131n lisans i\u00e7in bir yetki alan\u0131 se\u00e7meden \u00f6nce se\u00e7eneklerini ara\u015ft\u0131rmalar\u0131 ve dikkatlice de\u011ferlendirmeleri \u00f6nemlidir.<\/p>\n\n\n\n<ul class=\"list-star wp-block-list\">\n<li><strong>Birle\u015fik Krall\u0131k<\/strong>: Birle\u015fik Krall\u0131k, \u00e7evrimi\u00e7i kumar lisanslar\u0131 i\u00e7in en pop\u00fcler yarg\u0131 b\u00f6lgelerinden biridir. Birle\u015fik Krall\u0131k Kumar Komisyonu, kat\u0131 d\u00fczenlemeleri ve \u00e7evrimi\u00e7i casinolar i\u00e7in y\u00fcksek standartlar\u0131 ile bilinir. Bir lisans alman\u0131n maliyeti y\u00fcksek olabilir, ancak \u0130ngiltere lisans\u0131yla gelen itibar ve g\u00fcvenilirlik buna de\u011febilir.<\/li>\n\n\n\n<li><strong>Curacao<\/strong>: Curacao, d\u00fc\u015f\u00fck \u00fccretleri ve nispeten basit ba\u015fvuru s\u00fcreci nedeniyle \u00e7evrimi\u00e7i kumar lisanslar\u0131 i\u00e7in pop\u00fcler bir yarg\u0131 b\u00f6lgesidir. Bununla birlikte, g\u00f6zetim ve d\u00fczenleme seviyesi di\u011fer yarg\u0131 b\u00f6lgelerinde oldu\u011fu kadar y\u00fcksek de\u011fildir, bu nedenle oyuncular Curacao lisansl\u0131 bir kumarhane se\u00e7erken dikkatli olmal\u0131d\u0131r.<\/li>\n\n\n\n<li><strong>Kosta Rika<\/strong>: Kosta Rika, d\u00fc\u015f\u00fck \u00fccretleri ve d\u00fczenleme eksikli\u011fi nedeniyle \u00e7evrimi\u00e7i kumar lisanslar\u0131 i\u00e7in bir ba\u015fka pop\u00fcler yarg\u0131 b\u00f6lgesidir. Kosta Rika'da lisansl\u0131 kumarhaneler g\u00fcvenli ve sayg\u0131n olsa da, oyuncular bu yarg\u0131 alan\u0131nda kural ve d\u00fczenlemelerin \u00e7ok az g\u00f6zetim veya uygulama oldu\u011funu bilmelidir.<\/li>\n<\/ul>\n\n\n\n<p>Yukar\u0131da belirtilen \u00fc\u00e7 \u00fclkeye ek olarak, \u00e7evrimi\u00e7i kumar lisanslar\u0131 sunan ba\u015fka bir\u00e7ok \u00fclke vard\u0131r. Di\u011fer baz\u0131 pop\u00fcler yetki alanlar\u0131 aras\u0131nda Malta, Cebelitar\u0131k ve Man Adas\u0131 bulunmaktad\u0131r. Her \u00fclkenin kendi kurallar\u0131 ve d\u00fczenlemeleri vard\u0131r ve lisans almakla ilgili maliyetler b\u00fcy\u00fck \u00f6l\u00e7\u00fcde de\u011fi\u015febilir.<\/p>\n\n\n\n<p>Lisanslama i\u00e7in bir yetki alan\u0131 se\u00e7meden \u00f6nce, \u00e7evrimi\u00e7i casinolar se\u00e7eneklerini dikkatlice ara\u015ft\u0131rmal\u0131 ve de\u011ferlendirmelidir. Her bir yarg\u0131 alan\u0131ndaki g\u00f6zetim ve d\u00fczenleme d\u00fczeyinin yan\u0131 s\u0131ra ilgili maliyetleri ve itibar\u0131 da de\u011ferlendirmelidirler.<\/p>\n\n\n\n<p>Oyuncular\u0131n \u00e7evrimi\u00e7i bir kumarhanenin lisansl\u0131 oldu\u011fu yarg\u0131 alan\u0131n\u0131n fark\u0131nda olmas\u0131 \u00f6nemlidir, \u00e7\u00fcnk\u00fc bu, bekleyebilecekleri g\u00fcvenlik ve emniyet d\u00fczeyini etkileyebilir. Oyuncular, en \u00fcst d\u00fczeyde g\u00fcvenlik ve emniyet sa\u011flamak i\u00e7in lisansl\u0131 ve d\u00fczenlenmi\u015f \u00e7evrimi\u00e7i casinolar\u0131 aramal\u0131d\u0131r.<\/p>\n\n\n\n<h2 class=\"wp-block-heading has-text-align-center\">Sonu\u00e7<\/h2>\n\n\n\n<p>Sonu\u00e7 olarak, \u00e7evrimi\u00e7i bir kumarhane i\u00e7in lisans almak, oyuncular\u0131n emniyet ve g\u00fcvenli\u011finin yan\u0131 s\u0131ra yasal ve d\u00fczenleyici gerekliliklere uygunlu\u011fun sa\u011flanmas\u0131nda \u00f6nemli bir fakt\u00f6rd\u00fcr. Sekt\u00f6r b\u00fcy\u00fcmeye devam ettik\u00e7e, online casinolar\u0131n yasal ve sorumlu bir \u015fekilde faaliyet g\u00f6sterebilmeleri i\u00e7in uygun lisans\u0131 almalar\u0131 giderek daha \u00f6nemli hale gelecektir.<\/p>\n\n\n\n<div class=\"wp-block-group alignfull gallery_section has-poka-boxes-background-color-alt-background-color has-background is-layout-constrained wp-block-group-is-layout-constrained\"><div class=\"wp-block-group__inner-container\">\n<p class=\"has-medium-font-size\"><strong>Daha fazlas\u0131n\u0131 ke\u015ffedin:<\/strong><\/p>\n\n\n\n<div class=\"types-gallery\">\r\n\t  <a class=\"item\" href=\"https:\/\/outkast-shop.com\/tr\/anonymous-casinos\/\"><img decoding=\"async\" src=\"\/wp-content\/uploads\/2023\/06\/ct4.png\" alt=\"Anonim Kumarhaneler simgesi\"><span>Anonim Kumarhaneler<\/span><\/a>\r\n      <a class=\"item\" href=\"https:\/\/outkast-shop.com\/tr\/blockchain-casinos\/\"><img decoding=\"async\" src=\"\/wp-content\/uploads\/2023\/06\/ct2.png\" alt=\"Blockchain Kumarhaneleri simgesi\"><span>Blockchain Kumarhaneleri<\/span><\/a>\r\n      <a class=\"item\" href=\"https:\/\/outkast-shop.com\/tr\/merkezi-olmayan-kumarhaneler\/\"><img decoding=\"async\" src=\"\/wp-content\/uploads\/2023\/06\/ct5.png\" alt=\"Merkezi Olmayan Kumarhaneler simgesi\"><span>Merkezi Olmayan Kumarhaneler<\/span><\/a>\r\n      <a class=\"item\" href=\"https:\/\/outkast-shop.com\/tr\/hybrid-online-casinos\/\"><img decoding=\"async\" src=\"\/wp-content\/uploads\/2023\/06\/ct3.png\" alt=\"Hibrit Kumarhaneler simgesi\"><span>Hibrit Kumarhaneler<\/span><\/a>\r\n      <a class=\"item\" href=\"https:\/\/outkast-shop.com\/tr\/new-crypto-casinos\/\"><img decoding=\"async\" src=\"\/wp-content\/uploads\/2023\/06\/ct6-1.png\" alt=\"Yeni Crypto Casinos simgesi\"><span>Yeni Crypto Casinos<\/span><\/a>\r\n      <a class=\"item\" href=\"https:\/\/outkast-shop.com\/tr\/nft-casinos\/\"><img decoding=\"async\" src=\"\/wp-content\/uploads\/2023\/06\/ct7-1.png\" alt=\"NFT Kumarhaneleri simgesi\"><span>NFT Kumarhaneleri<\/span><\/a>     \r\n<\/div>\n<\/div><\/div>\n\n\n\n<div class=\"wp-block-group alignfull has-background is-layout-flow wp-container-16\" style=\"padding-top:60px;padding-right:0px;padding-bottom:10px;padding-left:0px; background:#1d2730;\"><div class=\"wp-block-group__inner-container\">\n<div class=\"wp-block-columns are-vertically-aligned-center is-layout-flex wp-container-15\">\n<div class=\"wp-block-column is-vertically-aligned-center is-layout-flow\" style=\"flex-basis:100%\">\n<div class=\"wp-block-group is-layout-flow\"><div class=\"wp-block-group__inner-container\">\n<div class=\"wp-block-columns is-layout-flex wp-container-12\" style=\"padding-right:20px;padding-left:20px\">\n<div class=\"wp-block-column is-vertically-aligned-center is-layout-flow\" style=\"padding-top:20px;padding-bottom:20px;flex-basis:70%\">\n<p class=\"has-text-align-left has-white-color has-text-color wp-block-heading\" style=\"font-size:46px;font-style:normal;font-weight:300;margin-top:10px;margin-right:0px;margin-bottom:10px;margin-left:0px\">Hemen Oynamaya Ba\u015flay\u0131n!<\/p>\n<\/div>\n\n\n\n<div class=\"wp-block-column is-vertically-aligned-center is-layout-flow\" style=\"padding-top:10px;padding-bottom:10px;flex-basis:30%\"><div class=\"wp-block-poka-button\">\n<a class=\"wp-block-button__link has-vivid-red-background-color has-background\" href=\"https:\/\/outkast-shop.com\/tr\/go\/play\/\" style=\"border-radius:100px\"><strong>\u015eimdi oynay\u0131n!<\/strong><\/a>\n\n\t\t<\/div><\/div>\n<\/div>\n<\/div><\/div>\n<\/div>\n<\/div>\n<\/div><\/div>\n\n\n\n<div class=\"wp-block-group alignfull gallery_section has-poka-boxes-background-color-alt-background-color has-background is-layout-constrained wp-block-group-is-layout-constrained\"><div class=\"wp-block-group__inner-container\">\n<p class=\"has-medium-font-size\"><strong><strong>En \u0130yi Kriptolar:<\/strong><\/strong><\/p>\n\n\n\n<div class=\"icons-galley\">\r\n\t\t  <a class=\"item\" href=\"https:\/\/outkast-shop.com\/tr\/bitcoin-casinos\/\"><img decoding=\"async\" src=\"\/wp-content\/uploads\/2023\/06\/btc.png\" alt=\"Bitcoin Kumarhaneler simgesi\"><span>BTC Kumarhaneler<\/span><\/a>\r\n\t  <a class=\"item\" href=\"https:\/\/outkast-shop.com\/tr\/ethereum-casinos\/\"><img decoding=\"async\" src=\"\/wp-content\/uploads\/2023\/06\/eth.png\" alt=\"Ethereum Kumarhaneler simgesi\"><span>ETH Kumarhaneler<\/span><\/a>\r\n\t  <a class=\"item\" href=\"https:\/\/outkast-shop.com\/tr\/tether-casinos\/\"><img decoding=\"async\" src=\"\/wp-content\/uploads\/2023\/06\/usdt.png\" alt=\"Tether Kumarhaneler simgesi\"><span>USDT Kumarhaneler<\/span><\/a>\r\n\t  <a class=\"item\" href=\"https:\/\/outkast-shop.com\/tr\/litecoin-casinos\/\"><img decoding=\"async\" src=\"\/wp-content\/uploads\/2023\/06\/ltc.png\" alt=\"Litecoin Kumarhaneler simgesi\"><span>LTC Kumarhaneler<\/span><\/a>\r\n\t  <a class=\"item\" href=\"https:\/\/outkast-shop.com\/tr\/dogecoin-casinos\/\"><img decoding=\"async\" src=\"\/wp-content\/uploads\/2023\/06\/doge.png\" alt=\"Dogecoin kumarhane simgesi\"><span>Doge Kumarhaneler<\/span><\/a>\r\n\t  <a class=\"item\" href=\"https:\/\/outkast-shop.com\/tr\/ripple-casinos\/\"><img decoding=\"async\" src=\"\/wp-content\/uploads\/2023\/06\/xrp.png\" alt=\"Ripple Kumarhaneler simgesi\"><span>XRP Kumarhaneler<\/span><\/a>\r\n\t  <a class=\"item\" href=\"https:\/\/outkast-shop.com\/tr\/bitcoin-cash-casinos\/\"><img decoding=\"async\" src=\"\/wp-content\/uploads\/2023\/06\/bch.png\" alt=\"Bitcoin Cash kumarhane simgesi\"><span>BCH Kumarhaneleri<\/span><\/a>\r\n\t  <a class=\"item\" href=\"https:\/\/outkast-shop.com\/tr\/tron-casinos\/\"><img decoding=\"async\" src=\"\/wp-content\/uploads\/2023\/06\/trx.png\" alt=\"Tron kumarhane simgesi\"><span>TRX<\/span><\/a> \r\n\t  <a class=\"item\" href=\"https:\/\/outkast-shop.com\/tr\/cardano-casinos\/\"><img decoding=\"async\" src=\"\/wp-content\/uploads\/2023\/06\/ada.png\" alt=\"Ada kumarhaneleri simgesi\"><span>Ada Kumarhaneleri<\/span><\/a>\r\n      <a class=\"item\" href=\"https:\/\/outkast-shop.com\/tr\/binance-coin-casinos\/\"><img decoding=\"async\" src=\"\/wp-content\/uploads\/2023\/06\/bnb.png\" alt=\"Bnb kumarhaneleri simgesi\"><span>BNB Kumarhaneler<\/span><\/a>\r\n      <a class=\"item\" href=\"https:\/\/outkast-shop.com\/tr\/dash-casinos\/\"><img decoding=\"async\" src=\"\/wp-content\/uploads\/2023\/06\/dash.png\" alt=\"Dash kumarhane simgesi\"><span>Dash Kumarhaneler<\/span><\/a>\r\n      <a class=\"item\" href=\"https:\/\/outkast-shop.com\/tr\/shiba-inu-casinos\/\"><img decoding=\"async\" src=\"\/wp-content\/uploads\/2023\/06\/shib.png\" alt=\"Shiba Inu kumarhane simgesi\"><span>Shiba Kumarhaneleri<\/span><\/a>\r\n      <a class=\"item\" href=\"https:\/\/outkast-shop.com\/tr\/solana-casinos\/\"><img decoding=\"async\" src=\"\/wp-content\/uploads\/2023\/06\/sol.png\" alt=\"Solana casionos simgesi\"><span>SOL Kumarhaneleri<\/span><\/a>\r\n      <a class=\"item\" href=\"https:\/\/outkast-shop.com\/tr\/monero-casinos\/\"><img decoding=\"async\" src=\"\/wp-content\/uploads\/2023\/06\/xmr.png\" alt=\"Xmr kumarhaneleri simgesi\"><span>XMR Kumarhaneleri<\/span><\/a>     \r\n<\/div>\n<\/div><\/div>","protected":false},"excerpt":{"rendered":"<p>\u00c7evrimi\u00e7i Kumarhaneler i\u00e7in Lisanslar \u00c7evrimi\u00e7i kumarhaneler, insanlar\u0131n kendi evlerinin rahatl\u0131\u011f\u0131nda kumar oynamalar\u0131 i\u00e7in uygun bir yol sa\u011flayan b\u00fcy\u00fcyen bir end\u00fcstridir. Bununla birlikte, \u00e7evrimi\u00e7i kumarhanelerin y\u00fckseli\u015fiyle birlikte, bu i\u015fletmelerin yasal ve g\u00fcvenli bir \u015fekilde \u00e7al\u0131\u015fmas\u0131n\u0131 sa\u011flamak i\u00e7in uygun lisanslama ihtiyac\u0131 ortaya \u00e7\u0131kmaktad\u0131r. Lisans T\u00fcrleri \u00c7e\u015fitli yarg\u0131 b\u00f6lgeleri vard\u0131r [...]<\/p>","protected":false},"author":1,"featured_media":0,"parent":0,"menu_order":0,"comment_status":"closed","ping_status":"closed","template":"","meta":{"_mi_skip_tracking":false,"_monsterinsights_sitenote_active":false,"_monsterinsights_sitenote_note":"","_monsterinsights_sitenote_category":0,"footnotes":""},"class_list":["post-1792","page","type-page","status-publish","hentry"],"acf":[],"yoast_head":"<!-- This site is optimized with the Yoast SEO plugin v22.8 - https:\/\/yoast.com\/wordpress\/plugins\/seo\/ -->\n<title>Online Casino Licensing: Ensuring Safe and Legal Gaming<\/title>\n<meta name=\"description\" content=\"Learn about the importance of licenses for online casinos and how they protect players. Discover the key elements that make online gambling safe and legal.\" \/>\n<meta name=\"robots\" content=\"index, follow, max-snippet:-1, max-image-preview:large, max-video-preview:-1\" \/>\n<link rel=\"canonical\" href=\"https:\/\/outkast-shop.com\/tr\/online-casinolar-icin-lisanslar\/\" \/>\n<meta property=\"og:locale\" content=\"tr_TR\" \/>\n<meta property=\"og:type\" content=\"article\" \/>\n<meta property=\"og:title\" content=\"Online Casino Licensing: Ensuring Safe and Legal Gaming\" \/>\n<meta property=\"og:description\" content=\"Learn about the importance of licenses for online casinos and how they protect players. Discover the key elements that make online gambling safe and legal.\" \/>\n<meta property=\"og:url\" content=\"https:\/\/outkast-shop.com\/tr\/online-casinolar-icin-lisanslar\/\" \/>\n<meta property=\"og:site_name\" content=\"Crypto Casino\" \/>\n<meta property=\"article:modified_time\" content=\"2024-03-19T10:20:54+00:00\" \/>\n<meta property=\"og:image\" content=\"https:\/\/outkast-shop.com\/wp-content\/uploads\/2023\/06\/licenses-min.jpg\" \/>\n<meta name=\"twitter:card\" content=\"summary_large_image\" \/>\n<meta name=\"twitter:label1\" content=\"Tahmini okuma s\u00fcresi\" \/>\n\t<meta name=\"twitter:data1\" content=\"4 dakika\" \/>\n<!-- \/ Yoast SEO plugin. -->","yoast_head_json":{"title":"Online Casino Licensing: Ensuring Safe and Legal Gaming","description":"Learn about the importance of licenses for online casinos and how they protect players. Discover the key elements that make online gambling safe and legal.","robots":{"index":"index","follow":"follow","max-snippet":"max-snippet:-1","max-image-preview":"max-image-preview:large","max-video-preview":"max-video-preview:-1"},"canonical":"https:\/\/outkast-shop.com\/tr\/online-casinolar-icin-lisanslar\/","og_locale":"tr_TR","og_type":"article","og_title":"Online Casino Licensing: Ensuring Safe and Legal Gaming","og_description":"Learn about the importance of licenses for online casinos and how they protect players. Discover the key elements that make online gambling safe and legal.","og_url":"https:\/\/outkast-shop.com\/tr\/online-casinolar-icin-lisanslar\/","og_site_name":"Crypto Casino","article_modified_time":"2024-03-19T10:20:54+00:00","og_image":[{"url":"https:\/\/outkast-shop.com\/wp-content\/uploads\/2023\/06\/licenses-min.jpg"}],"twitter_card":"summary_large_image","twitter_misc":{"Tahmini okuma s\u00fcresi":"4 dakika"},"schema":{"@context":"https:\/\/schema.org","@graph":[{"@type":"WebPage","@id":"https:\/\/outkast-shop.com\/licenses-for-online-casinos\/","url":"https:\/\/outkast-shop.com\/licenses-for-online-casinos\/","name":"Online Casino Licensing: Ensuring Safe and Legal Gaming","isPartOf":{"@id":"https:\/\/outkast-shop.com\/#website"},"primaryImageOfPage":{"@id":"https:\/\/outkast-shop.com\/licenses-for-online-casinos\/#primaryimage"},"image":{"@id":"https:\/\/outkast-shop.com\/licenses-for-online-casinos\/#primaryimage"},"thumbnailUrl":"https:\/\/outkast-shop.com\/wp-content\/uploads\/2023\/06\/licenses-min.jpg","datePublished":"2023-06-06T14:57:54+00:00","dateModified":"2024-03-19T10:20:54+00:00","description":"Learn about the importance of licenses for online casinos and how they protect players. Discover the key elements that make online gambling safe and legal.","breadcrumb":{"@id":"https:\/\/outkast-shop.com\/licenses-for-online-casinos\/#breadcrumb"},"inLanguage":"tr","potentialAction":[{"@type":"ReadAction","target":["https:\/\/outkast-shop.com\/licenses-for-online-casinos\/"]}]},{"@type":"ImageObject","inLanguage":"tr","@id":"https:\/\/outkast-shop.com\/licenses-for-online-casinos\/#primaryimage","url":"https:\/\/outkast-shop.com\/wp-content\/uploads\/2023\/06\/licenses-min.jpg","contentUrl":"https:\/\/outkast-shop.com\/wp-content\/uploads\/2023\/06\/licenses-min.jpg"},{"@type":"BreadcrumbList","@id":"https:\/\/outkast-shop.com\/licenses-for-online-casinos\/#breadcrumb","itemListElement":[{"@type":"ListItem","position":1,"name":"Home","item":"https:\/\/outkast-shop.com\/"},{"@type":"ListItem","position":2,"name":"Licenses for Online Casinos"}]},{"@type":"WebSite","@id":"https:\/\/outkast-shop.com\/#website","url":"https:\/\/outkast-shop.com\/","name":"Crypto Casino","description":"","publisher":{"@id":"https:\/\/outkast-shop.com\/#organization"},"potentialAction":[{"@type":"SearchAction","target":{"@type":"EntryPoint","urlTemplate":"https:\/\/outkast-shop.com\/?s={search_term_string}"},"query-input":"required name=search_term_string"}],"inLanguage":"tr"},{"@type":"Organization","@id":"https:\/\/outkast-shop.com\/#organization","name":"Outkast Roller","alternateName":"outkast-shop.com","url":"https:\/\/outkast-shop.com\/","logo":{"@type":"ImageObject","inLanguage":"tr","@id":"https:\/\/outkast-shop.com\/#\/schema\/logo\/image\/","url":"https:\/\/outkast-shop.com\/wp-content\/uploads\/2023\/06\/long-logo.png","contentUrl":"https:\/\/outkast-shop.com\/wp-content\/uploads\/2023\/06\/long-logo.png","width":326,"height":75,"caption":"Outkast Roller"},"image":{"@id":"https:\/\/outkast-shop.com\/#\/schema\/logo\/image\/"}}]}},"_links":{"self":[{"href":"https:\/\/outkast-shop.com\/tr\/wp-json\/wp\/v2\/pages\/1792","targetHints":{"allow":["GET"]}}],"collection":[{"href":"https:\/\/outkast-shop.com\/tr\/wp-json\/wp\/v2\/pages"}],"about":[{"href":"https:\/\/outkast-shop.com\/tr\/wp-json\/wp\/v2\/types\/page"}],"author":[{"embeddable":true,"href":"https:\/\/outkast-shop.com\/tr\/wp-json\/wp\/v2\/users\/1"}],"replies":[{"embeddable":true,"href":"https:\/\/outkast-shop.com\/tr\/wp-json\/wp\/v2\/comments?post=1792"}],"version-history":[{"count":0,"href":"https:\/\/outkast-shop.com\/tr\/wp-json\/wp\/v2\/pages\/1792\/revisions"}],"wp:attachment":[{"href":"https:\/\/outkast-shop.com\/tr\/wp-json\/wp\/v2\/media?parent=1792"}],"curies":[{"name":"wp","href":"https:\/\/api.w.org\/{rel}","templated":true}]}}