{"id":1806,"date":"2023-06-05T16:58:53","date_gmt":"2023-06-05T16:58:53","guid":{"rendered":"https:\/\/outkast-shop.com\/?page_id=1806"},"modified":"2024-03-19T09:06:07","modified_gmt":"2024-03-19T09:06:07","slug":"responsible-gambling-guide","status":"publish","type":"page","link":"https:\/\/outkast-shop.com\/tr\/sorumlu-kumar-rehberi\/","title":{"rendered":"Sorumlu Kumar Oynama Rehberi"},"content":{"rendered":"<h1 class=\"wp-block-heading has-text-align-center\">Sorumlu Kumar Oynama <\/h1>\n\n\n\n<p class=\"has-text-align-center\">Kumar d\u00fcnya \u00e7ap\u0131nda milyonlarca insan\u0131n keyif ald\u0131\u011f\u0131 bir aktivitedir, ancak bunu sorumlu bir \u015fekilde yapmak \u00f6nemlidir. Bu k\u0131lavuz, kumar\u0131n nas\u0131l i\u015fledi\u011fi, kumarla ili\u015fkili riskler ve kumar sorununun nas\u0131l tespit edilece\u011fi dahil olmak \u00fczere sorumlu kumar oynaman\u0131n temellerini kapsayacakt\u0131r. Ayr\u0131ca, sorumlu bir \u015fekilde kumar oynamak isteyenler i\u00e7in pratik ipu\u00e7lar\u0131 ve kaynaklar da sa\u011flayacakt\u0131r.<\/p>\n\n\n\n<figure class=\"wp-block-image aligncenter size-full is-resized\"><img decoding=\"async\" src=\"https:\/\/outkast-shop.com\/wp-content\/uploads\/2023\/06\/resp-gambling.jpg\" alt=\"Sorumlu Kumar Oynama \" class=\"wp-image-1863\" width=\"600\" height=\"368\" srcset=\"https:\/\/outkast-shop.com\/wp-content\/uploads\/2023\/06\/resp-gambling.jpg 800w, https:\/\/outkast-shop.com\/wp-content\/uploads\/2023\/06\/resp-gambling-300x184.jpg 300w, https:\/\/outkast-shop.com\/wp-content\/uploads\/2023\/06\/resp-gambling-768x470.jpg 768w, https:\/\/outkast-shop.com\/wp-content\/uploads\/2023\/06\/resp-gambling-18x12.jpg 18w, https:\/\/outkast-shop.com\/wp-content\/uploads\/2023\/06\/resp-gambling-110x67.jpg 110w, https:\/\/outkast-shop.com\/wp-content\/uploads\/2023\/06\/resp-gambling-575x352.jpg 575w\" sizes=\"(max-width: 600px) 100vw, 600px\" \/><\/figure>\n\n\n\n<h2 class=\"wp-block-heading has-text-align-center\">Kumar\u0131 Anlamak<\/h2>\n\n\n\n<p>Kumar oynamaya ba\u015flamadan \u00f6nce, farkl\u0131 kumar t\u00fcrlerini ve nas\u0131l \u00e7al\u0131\u015ft\u0131klar\u0131n\u0131 anlamak \u00f6nemlidir. Bu b\u00f6l\u00fcm, kumarla ili\u015fkili riskler de dahil olmak \u00fczere kumar\u0131n temellerini kapsayacakt\u0131r.<\/p>\n\n\n\n<p>Kumar, her ya\u015ftan, ge\u00e7mi\u015ften ve beceri d\u00fczeyinden insan\u0131n keyif alabilece\u011fi pop\u00fcler bir e\u011flence bi\u00e7imidir. Baz\u0131 insanlar e\u011flenmek i\u00e7in kumar oynarken, di\u011ferleri bunu para kazanmak i\u00e7in yapar. Kumar oynama nedeniniz ne olursa olsun, mevcut olan farkl\u0131 kumar t\u00fcrlerini anlamak \u00f6nemlidir.<\/p>\n\n\n\n<p>Kumarhane oyunlar\u0131, spor bahisleri ve piyangolar dahil olmak \u00fczere bir\u00e7ok farkl\u0131 kumar t\u00fcr\u00fc vard\u0131r. Her kumar t\u00fcr\u00fcn\u00fcn kendine \u00f6zg\u00fc kurallar\u0131 ve riskleri vard\u0131r. \u00d6rne\u011fin, kumarhane oyunlar\u0131 e\u011flenceli ve keyifli olacak \u015fekilde tasarlanm\u0131\u015ft\u0131r, ancak ayn\u0131 zamanda y\u00fcksek derecede risk ta\u015f\u0131rlar. Benzer \u015fekilde, spor bahisleri en sevdi\u011finiz sporlar\u0131n tad\u0131n\u0131 \u00e7\u0131karman\u0131n e\u011flenceli bir yolu olabilir, ancak ne yapt\u0131\u011f\u0131n\u0131z\u0131 bilmiyorsan\u0131z riskli de olabilir.<\/p>\n\n\n\n<p>Ba\u015far\u0131l\u0131 bir kumarbaz olmak i\u00e7in, her kumar t\u00fcr\u00fcyle ili\u015fkili risklerin yan\u0131 s\u0131ra bu riskleri azaltmak i\u00e7in kullan\u0131labilecek stratejileri anlamak \u00f6nemlidir.<\/p>\n\n\n\n<h2 class=\"wp-block-heading has-text-align-center\">Kumar Oynama Sorununun Belirtileri<\/h2>\n\n\n\n<p>Kumar sorunu, bir dizi olumsuz sonu\u00e7 do\u011furabilecek \u00e7ok ciddi bir mesele olabilir. Sadece mali zorluklara yol a\u00e7makla kalmaz, ayn\u0131 zamanda ili\u015fkiler ve ruh sa\u011fl\u0131\u011f\u0131 \u00fczerinde de \u00f6nemli bir etkiye sahip olabilir. \u00d6rne\u011fin, kumar sorunuyla m\u00fccadele eden bireyler kendilerini bor\u00e7 i\u00e7inde bulabilir, bu da stres ve endi\u015feye neden olabilir. Bu durum daha sonra, durumdan dolay\u0131 hayal k\u0131r\u0131kl\u0131\u011f\u0131na u\u011fram\u0131\u015f veya \u00fczg\u00fcn hissedebilecek e\u015fleri veya aile \u00fcyeleriyle sorunlara yol a\u00e7abilir. Buna ek olarak, kumar sorunu ruh sa\u011fl\u0131\u011f\u0131 \u00fczerinde de olumsuz bir etkiye sahip olabilir ve depresyon veya d\u00fc\u015f\u00fck \u00f6z sayg\u0131 duygular\u0131na yol a\u00e7abilir.<\/p>\n\n\n\n<p>Kendinizin veya tan\u0131d\u0131\u011f\u0131n\u0131z birinin kumar sorunu ile m\u00fccadele etti\u011fini d\u00fc\u015f\u00fcn\u00fcyorsan\u0131z, uyar\u0131 i\u015faretlerinin fark\u0131nda olman\u0131z \u00f6nemlidir. Bunlar aras\u0131nda kumar i\u00e7in kar\u015f\u0131layabilece\u011finizden daha fazla para harcamak, kumar al\u0131\u015fkanl\u0131klar\u0131n\u0131z hakk\u0131nda arkada\u015flar\u0131n\u0131za veya aile \u00fcyelerinize yalan s\u00f6ylemek ve kumar oynayamad\u0131\u011f\u0131n\u0131zda sinirli veya endi\u015feli hissetmek gibi \u015feyler olabilir. Neyse ki, kumar sorunu ile m\u00fccadele eden bireylere yard\u0131mc\u0131 olacak bir\u00e7ok kaynak mevcuttur. Bunlar aras\u0131nda destek gruplar\u0131, terapi ve bu sorunun nas\u0131l y\u00f6netilece\u011fine dair bilgi ve tavsiye sa\u011flayabilecek \u00e7evrimi\u00e7i kaynaklar yer alabilir.<\/p>\n\n\n\n<h2 class=\"wp-block-heading has-text-align-center\">Sorumlu Kumar Uygulamalar\u0131<\/h2>\n\n\n\n<p>Kumar oynamak keyifli bir e\u011flence olabilir, ancak buna sorumluluk bilinciyle yakla\u015fmak \u00f6nemlidir. \u0130\u015fte kumar al\u0131\u015fkanl\u0131klar\u0131n\u0131z\u0131 kontrol alt\u0131nda tutman\u0131za yard\u0131mc\u0131 olacak baz\u0131 ek stratejiler:<\/p>\n\n\n\n<ul class=\"list-star wp-block-list\">\n<li>Bir b\u00fct\u00e7e belirleyin: Kumar oynamaya ba\u015flamadan \u00f6nce ne kadar para kaybetmeyi g\u00f6ze alabilece\u011finizi belirleyin. Bu b\u00fct\u00e7eye sad\u0131k kal\u0131n ve kaybetmeyi g\u00f6ze alamayaca\u011f\u0131n\u0131z parayla asla kumar oynamay\u0131n.<\/li>\n\n\n\n<li>Bir zaman s\u0131n\u0131r\u0131 belirleyin: Kumar oynamaya ger\u00e7ek\u00e7i olarak ne kadar zaman ay\u0131rabilece\u011finize karar verin ve bu s\u0131n\u0131ra ba\u011fl\u0131 kal\u0131n. Bu, kontrol\u00fc elinizde tutman\u0131za ve zaman\u0131n nas\u0131l ge\u00e7ti\u011fini anlamaman\u0131za yard\u0131mc\u0131 olacakt\u0131r.<\/li>\n\n\n\n<li>Tetikleyicileri belirleyin: Kendinizi kontrol alt\u0131nda kalmakta zorlan\u0131rken bulursan\u0131z, kumar oynama davran\u0131\u015f\u0131n\u0131z\u0131 neyin tetikledi\u011fini belirlemek faydal\u0131 olabilir. Bu stres, can s\u0131k\u0131nt\u0131s\u0131 veya di\u011fer fakt\u00f6rler olabilir. Tetikleyicilerinizi \u00f6\u011frendikten sonra, bunlardan ka\u00e7\u0131nmak veya daha etkili bir \u015fekilde y\u00f6netmek i\u00e7in ad\u0131mlar atabilirsiniz.<\/li>\n\n\n\n<li>Oranlar\u0131 anlay\u0131n: Kumar oynamaya ba\u015flamadan \u00f6nce kazanma olas\u0131l\u0131klar\u0131 hakk\u0131nda ger\u00e7ek\u00e7i bir anlay\u0131\u015fa sahip olmak \u00f6nemlidir. Bu, ger\u00e7ek\u00e7i olmayan beklentilerden ka\u00e7\u0131nman\u0131za ve ne zaman ve nas\u0131l kumar oynayaca\u011f\u0131n\u0131z konusunda daha bilin\u00e7li kararlar vermenize yard\u0131mc\u0131 olabilir.<\/li>\n<\/ul>\n\n\n\n<h2 class=\"wp-block-heading has-text-align-center\">Yard\u0131m ve Destek Kaynaklar\u0131<\/h2>\n\n\n\n<p>Siz veya tan\u0131d\u0131\u011f\u0131n\u0131z biri kumar sorunuyla m\u00fccadele ediyorsa, yaln\u0131z olmad\u0131\u011f\u0131n\u0131z\u0131 bilmeniz \u00f6nemlidir. Benzer zorluklarla kar\u015f\u0131la\u015fm\u0131\u015f bir\u00e7ok insan ve yard\u0131m ve destek i\u00e7in bir\u00e7ok kaynak mevcuttur. Bu b\u00f6l\u00fcm yard\u0131m hatlar\u0131, destek gruplar\u0131, \u00e7evrimi\u00e7i kaynaklar ve profesyonel tedavi se\u00e7enekleri hakk\u0131nda kapsaml\u0131 bilgi sa\u011flayacakt\u0131r. \u0130ster endi\u015feleriniz hakk\u0131nda biriyle konu\u015fmak i\u00e7in gizli bir yard\u0131m hatt\u0131 ar\u0131yor olun, ister neler ya\u015fad\u0131\u011f\u0131n\u0131z\u0131 anlayan ba\u015fkalar\u0131yla ba\u011flant\u0131 kurabilece\u011finiz bir destek grubu bulmakla ilgileniyor olun, kullanabilece\u011finiz bir\u00e7ok se\u00e7enek vard\u0131r. Ayr\u0131ca, forumlar, sohbet odalar\u0131 ve bilgilendirici web siteleri de dahil olmak \u00fczere, de\u011ferli bilgiler ve destek sa\u011flayabilecek bir\u00e7ok \u00e7evrimi\u00e7i kaynak mevcuttur. Son olarak, profesyonel tedaviye ihtiyac\u0131n\u0131z oldu\u011funu d\u00fc\u015f\u00fcn\u00fcyorsan\u0131z, terapi, dan\u0131\u015fmanl\u0131k ve yat\u0131l\u0131 ve ayakta tedavi programlar\u0131 dahil olmak \u00fczere bir\u00e7ok farkl\u0131 se\u00e7enek mevcuttur. \u0130htiya\u00e7lar\u0131n\u0131z ne olursa olsun, yard\u0131m alabilirsiniz.<\/p>\n\n\n\n<h2 class=\"wp-block-heading has-text-align-center\">Sonu\u00e7<\/h2>\n\n\n\n<p>Sorumlu kumar oynaman\u0131n sadece kumar sorunundan ka\u00e7\u0131nmakla ilgili olmad\u0131\u011f\u0131n\u0131, ayn\u0131 zamanda s\u00fcrd\u00fcr\u00fclebilir ve g\u00fcvenli bir \u015fekilde faaliyetten keyif alman\u0131z\u0131 sa\u011flamakla ilgili oldu\u011funu unutmamak \u00f6nemlidir. Bu, kumarla ili\u015fkili riskleri anlamak i\u00e7in zaman ay\u0131rmak, harcamalar\u0131n\u0131za ve zaman\u0131n\u0131za s\u0131n\u0131rlar koymak ve gerekti\u011finde ne zaman yard\u0131m isteyece\u011finizi bilmek anlam\u0131na gelir. Kumar oynamaya kar\u015f\u0131 sorumlu bir yakla\u015f\u0131m benimseyerek, bu etkinli\u011fin tad\u0131n\u0131 g\u00fcvenle ve g\u00f6n\u00fcl rahatl\u0131\u011f\u0131yla \u00e7\u0131karabilirsiniz.<\/p>\n\n\n\n<div class=\"wp-block-group alignfull gallery_section has-poka-boxes-background-color-alt-background-color has-background is-layout-constrained wp-block-group-is-layout-constrained\"><div class=\"wp-block-group__inner-container\">\n<p class=\"has-medium-font-size\"><strong>Daha fazlas\u0131n\u0131 ke\u015ffedin:<\/strong><\/p>\n\n\n\n<div class=\"types-gallery\">\r\n\t  <a class=\"item\" href=\"https:\/\/outkast-shop.com\/tr\/anonymous-casinos\/\"><img decoding=\"async\" src=\"\/wp-content\/uploads\/2023\/06\/ct4.png\" alt=\"Anonim Kumarhaneler simgesi\"><span>Anonim Kumarhaneler<\/span><\/a>\r\n      <a class=\"item\" href=\"https:\/\/outkast-shop.com\/tr\/blockchain-casinos\/\"><img decoding=\"async\" src=\"\/wp-content\/uploads\/2023\/06\/ct2.png\" alt=\"Blockchain Kumarhaneleri simgesi\"><span>Blockchain Kumarhaneleri<\/span><\/a>\r\n      <a class=\"item\" href=\"https:\/\/outkast-shop.com\/tr\/merkezi-olmayan-kumarhaneler\/\"><img decoding=\"async\" src=\"\/wp-content\/uploads\/2023\/06\/ct5.png\" alt=\"Merkezi Olmayan Kumarhaneler simgesi\"><span>Merkezi Olmayan Kumarhaneler<\/span><\/a>\r\n      <a class=\"item\" href=\"https:\/\/outkast-shop.com\/tr\/hybrid-online-casinos\/\"><img decoding=\"async\" src=\"\/wp-content\/uploads\/2023\/06\/ct3.png\" alt=\"Hibrit Kumarhaneler simgesi\"><span>Hibrit Kumarhaneler<\/span><\/a>\r\n      <a class=\"item\" href=\"https:\/\/outkast-shop.com\/tr\/new-crypto-casinos\/\"><img decoding=\"async\" src=\"\/wp-content\/uploads\/2023\/06\/ct6-1.png\" alt=\"Yeni Crypto Casinos simgesi\"><span>Yeni Crypto Casinos<\/span><\/a>\r\n      <a class=\"item\" href=\"https:\/\/outkast-shop.com\/tr\/nft-casinos\/\"><img decoding=\"async\" src=\"\/wp-content\/uploads\/2023\/06\/ct7-1.png\" alt=\"NFT Kumarhaneleri simgesi\"><span>NFT Kumarhaneleri<\/span><\/a>     \r\n<\/div>\n<\/div><\/div>\n\n\n\n<div class=\"wp-block-group alignfull has-background is-layout-flow wp-container-16\" style=\"padding-top:60px;padding-right:0px;padding-bottom:10px;padding-left:0px; background:#1d2730;\"><div class=\"wp-block-group__inner-container\">\n<div class=\"wp-block-columns are-vertically-aligned-center is-layout-flex wp-container-15\">\n<div class=\"wp-block-column is-vertically-aligned-center is-layout-flow\" style=\"flex-basis:100%\">\n<div class=\"wp-block-group is-layout-flow\"><div class=\"wp-block-group__inner-container\">\n<div class=\"wp-block-columns is-layout-flex wp-container-12\" style=\"padding-right:20px;padding-left:20px\">\n<div class=\"wp-block-column is-vertically-aligned-center is-layout-flow\" style=\"padding-top:20px;padding-bottom:20px;flex-basis:70%\">\n<p class=\"has-text-align-left has-white-color has-text-color wp-block-heading\" style=\"font-size:46px;font-style:normal;font-weight:300;margin-top:10px;margin-right:0px;margin-bottom:10px;margin-left:0px\">Hemen Oynamaya Ba\u015flay\u0131n!<\/p>\n<\/div>\n\n\n\n<div class=\"wp-block-column is-vertically-aligned-center is-layout-flow\" style=\"padding-top:10px;padding-bottom:10px;flex-basis:30%\"><div class=\"wp-block-poka-button\">\n<a class=\"wp-block-button__link has-vivid-red-background-color has-background\" href=\"https:\/\/outkast-shop.com\/tr\/go\/play\/\" style=\"border-radius:100px\"><strong>\u015eimdi oynay\u0131n!<\/strong><\/a>\n\n\t\t<\/div><\/div>\n<\/div>\n<\/div><\/div>\n<\/div>\n<\/div>\n<\/div><\/div>\n\n\n\n<div class=\"wp-block-group alignfull gallery_section has-poka-boxes-background-color-alt-background-color has-background is-layout-constrained wp-block-group-is-layout-constrained\"><div class=\"wp-block-group__inner-container\">\n<p class=\"has-medium-font-size\"><strong><strong>En \u0130yi Kriptolar:<\/strong><\/strong><\/p>\n\n\n\n<div class=\"icons-galley\">\r\n\t\t  <a class=\"item\" href=\"https:\/\/outkast-shop.com\/tr\/bitcoin-casinos\/\"><img decoding=\"async\" src=\"\/wp-content\/uploads\/2023\/06\/btc.png\" alt=\"Bitcoin Kumarhaneler simgesi\"><span>BTC Kumarhaneler<\/span><\/a>\r\n\t  <a class=\"item\" href=\"https:\/\/outkast-shop.com\/tr\/ethereum-casinos\/\"><img decoding=\"async\" src=\"\/wp-content\/uploads\/2023\/06\/eth.png\" alt=\"Ethereum Kumarhaneler simgesi\"><span>ETH Kumarhaneler<\/span><\/a>\r\n\t  <a class=\"item\" href=\"https:\/\/outkast-shop.com\/tr\/tether-casinos\/\"><img decoding=\"async\" src=\"\/wp-content\/uploads\/2023\/06\/usdt.png\" alt=\"Tether Kumarhaneler simgesi\"><span>USDT Kumarhaneler<\/span><\/a>\r\n\t  <a class=\"item\" href=\"https:\/\/outkast-shop.com\/tr\/litecoin-casinos\/\"><img decoding=\"async\" src=\"\/wp-content\/uploads\/2023\/06\/ltc.png\" alt=\"Litecoin Kumarhaneler simgesi\"><span>LTC Kumarhaneler<\/span><\/a>\r\n\t  <a class=\"item\" href=\"https:\/\/outkast-shop.com\/tr\/dogecoin-casinos\/\"><img decoding=\"async\" src=\"\/wp-content\/uploads\/2023\/06\/doge.png\" alt=\"Dogecoin kumarhane simgesi\"><span>Doge Kumarhaneler<\/span><\/a>\r\n\t  <a class=\"item\" href=\"https:\/\/outkast-shop.com\/tr\/ripple-casinos\/\"><img decoding=\"async\" src=\"\/wp-content\/uploads\/2023\/06\/xrp.png\" alt=\"Ripple Kumarhaneler simgesi\"><span>XRP Kumarhaneler<\/span><\/a>\r\n\t  <a class=\"item\" href=\"https:\/\/outkast-shop.com\/tr\/bitcoin-cash-casinos\/\"><img decoding=\"async\" src=\"\/wp-content\/uploads\/2023\/06\/bch.png\" alt=\"Bitcoin Cash kumarhane simgesi\"><span>BCH Kumarhaneleri<\/span><\/a>\r\n\t  <a class=\"item\" href=\"https:\/\/outkast-shop.com\/tr\/tron-casinos\/\"><img decoding=\"async\" src=\"\/wp-content\/uploads\/2023\/06\/trx.png\" alt=\"Tron kumarhane simgesi\"><span>TRX<\/span><\/a> \r\n\t  <a class=\"item\" href=\"https:\/\/outkast-shop.com\/tr\/cardano-casinos\/\"><img decoding=\"async\" src=\"\/wp-content\/uploads\/2023\/06\/ada.png\" alt=\"Ada kumarhaneleri simgesi\"><span>Ada Kumarhaneleri<\/span><\/a>\r\n      <a class=\"item\" href=\"https:\/\/outkast-shop.com\/tr\/binance-coin-casinos\/\"><img decoding=\"async\" src=\"\/wp-content\/uploads\/2023\/06\/bnb.png\" alt=\"Bnb kumarhaneleri simgesi\"><span>BNB Kumarhaneler<\/span><\/a>\r\n      <a class=\"item\" href=\"https:\/\/outkast-shop.com\/tr\/dash-casinos\/\"><img decoding=\"async\" src=\"\/wp-content\/uploads\/2023\/06\/dash.png\" alt=\"Dash kumarhane simgesi\"><span>Dash Kumarhaneler<\/span><\/a>\r\n      <a class=\"item\" href=\"https:\/\/outkast-shop.com\/tr\/shiba-inu-casinos\/\"><img decoding=\"async\" src=\"\/wp-content\/uploads\/2023\/06\/shib.png\" alt=\"Shiba Inu kumarhane simgesi\"><span>Shiba Kumarhaneleri<\/span><\/a>\r\n      <a class=\"item\" href=\"https:\/\/outkast-shop.com\/tr\/solana-casinos\/\"><img decoding=\"async\" src=\"\/wp-content\/uploads\/2023\/06\/sol.png\" alt=\"Solana casionos simgesi\"><span>SOL Kumarhaneleri<\/span><\/a>\r\n      <a class=\"item\" href=\"https:\/\/outkast-shop.com\/tr\/monero-casinos\/\"><img decoding=\"async\" src=\"\/wp-content\/uploads\/2023\/06\/xmr.png\" alt=\"Xmr kumarhaneleri simgesi\"><span>XMR Kumarhaneleri<\/span><\/a>     \r\n<\/div>\n<\/div><\/div>","protected":false},"excerpt":{"rendered":"<p>Sorumlu Kumar Oynama Kumar, d\u00fcnya \u00e7ap\u0131nda milyonlarca insan\u0131n keyif ald\u0131\u011f\u0131 bir aktivitedir, ancak bunu sorumlu bir \u015fekilde yapmak \u00f6nemlidir. Bu k\u0131lavuz, kumar\u0131n nas\u0131l i\u015fledi\u011fi, kumarla ili\u015fkili riskler ve kumar sorununun nas\u0131l tespit edilece\u011fi dahil olmak \u00fczere sorumlu kumar oynaman\u0131n temellerini kapsayacakt\u0131r. Ayr\u0131ca [...] i\u00e7in pratik ipu\u00e7lar\u0131 ve kaynaklar da sa\u011flayacakt\u0131r.<\/p>","protected":false},"author":1,"featured_media":1863,"parent":0,"menu_order":0,"comment_status":"closed","ping_status":"closed","template":"","meta":{"_mi_skip_tracking":false,"_monsterinsights_sitenote_active":false,"_monsterinsights_sitenote_note":"","_monsterinsights_sitenote_category":0,"footnotes":""},"class_list":["post-1806","page","type-page","status-publish","has-post-thumbnail","hentry"],"acf":[],"yoast_head":"<!-- This site is optimized with the Yoast SEO plugin v22.8 - https:\/\/yoast.com\/wordpress\/plugins\/seo\/ -->\n<title>Responsible Gambling Essentials: How to Enjoy Betting Safely<\/title>\n<meta name=\"description\" content=\"Discover essential advice on enjoying betting safely, with practical tips for setting limits, recognizing risk signs, and accessing support resources.\" \/>\n<meta name=\"robots\" content=\"index, follow, max-snippet:-1, max-image-preview:large, max-video-preview:-1\" \/>\n<link rel=\"canonical\" href=\"https:\/\/outkast-shop.com\/tr\/sorumlu-kumar-rehberi\/\" \/>\n<meta property=\"og:locale\" content=\"tr_TR\" \/>\n<meta property=\"og:type\" content=\"article\" \/>\n<meta property=\"og:title\" content=\"Responsible Gambling Essentials: How to Enjoy Betting Safely\" \/>\n<meta property=\"og:description\" content=\"Discover essential advice on enjoying betting safely, with practical tips for setting limits, recognizing risk signs, and accessing support resources.\" \/>\n<meta property=\"og:url\" content=\"https:\/\/outkast-shop.com\/tr\/sorumlu-kumar-rehberi\/\" \/>\n<meta property=\"og:site_name\" content=\"Crypto Casino\" \/>\n<meta property=\"article:modified_time\" content=\"2024-03-19T09:06:07+00:00\" \/>\n<meta property=\"og:image\" content=\"https:\/\/outkast-shop.com\/wp-content\/uploads\/2023\/06\/resp-gambling.jpg\" \/>\n\t<meta property=\"og:image:width\" content=\"800\" \/>\n\t<meta property=\"og:image:height\" content=\"490\" \/>\n\t<meta property=\"og:image:type\" content=\"image\/jpeg\" \/>\n<meta name=\"twitter:card\" content=\"summary_large_image\" \/>\n<meta name=\"twitter:label1\" content=\"Tahmini okuma s\u00fcresi\" \/>\n\t<meta name=\"twitter:data1\" content=\"5 dakika\" \/>\n<!-- \/ Yoast SEO plugin. -->","yoast_head_json":{"title":"Responsible Gambling Essentials: How to Enjoy Betting Safely","description":"Discover essential advice on enjoying betting safely, with practical tips for setting limits, recognizing risk signs, and accessing support resources.","robots":{"index":"index","follow":"follow","max-snippet":"max-snippet:-1","max-image-preview":"max-image-preview:large","max-video-preview":"max-video-preview:-1"},"canonical":"https:\/\/outkast-shop.com\/tr\/sorumlu-kumar-rehberi\/","og_locale":"tr_TR","og_type":"article","og_title":"Responsible Gambling Essentials: How to Enjoy Betting Safely","og_description":"Discover essential advice on enjoying betting safely, with practical tips for setting limits, recognizing risk signs, and accessing support resources.","og_url":"https:\/\/outkast-shop.com\/tr\/sorumlu-kumar-rehberi\/","og_site_name":"Crypto Casino","article_modified_time":"2024-03-19T09:06:07+00:00","og_image":[{"width":800,"height":490,"url":"https:\/\/outkast-shop.com\/wp-content\/uploads\/2023\/06\/resp-gambling.jpg","type":"image\/jpeg"}],"twitter_card":"summary_large_image","twitter_misc":{"Tahmini okuma s\u00fcresi":"5 dakika"},"schema":{"@context":"https:\/\/schema.org","@graph":[{"@type":"WebPage","@id":"https:\/\/outkast-shop.com\/responsible-gambling-guide\/","url":"https:\/\/outkast-shop.com\/responsible-gambling-guide\/","name":"Responsible Gambling Essentials: How to Enjoy Betting Safely","isPartOf":{"@id":"https:\/\/outkast-shop.com\/#website"},"primaryImageOfPage":{"@id":"https:\/\/outkast-shop.com\/responsible-gambling-guide\/#primaryimage"},"image":{"@id":"https:\/\/outkast-shop.com\/responsible-gambling-guide\/#primaryimage"},"thumbnailUrl":"https:\/\/outkast-shop.com\/wp-content\/uploads\/2023\/06\/resp-gambling.jpg","datePublished":"2023-06-05T16:58:53+00:00","dateModified":"2024-03-19T09:06:07+00:00","description":"Discover essential advice on enjoying betting safely, with practical tips for setting limits, recognizing risk signs, and accessing support resources.","breadcrumb":{"@id":"https:\/\/outkast-shop.com\/responsible-gambling-guide\/#breadcrumb"},"inLanguage":"tr","potentialAction":[{"@type":"ReadAction","target":["https:\/\/outkast-shop.com\/responsible-gambling-guide\/"]}]},{"@type":"ImageObject","inLanguage":"tr","@id":"https:\/\/outkast-shop.com\/responsible-gambling-guide\/#primaryimage","url":"https:\/\/outkast-shop.com\/wp-content\/uploads\/2023\/06\/resp-gambling.jpg","contentUrl":"https:\/\/outkast-shop.com\/wp-content\/uploads\/2023\/06\/resp-gambling.jpg","width":800,"height":490,"caption":"Responsible Gambling"},{"@type":"BreadcrumbList","@id":"https:\/\/outkast-shop.com\/responsible-gambling-guide\/#breadcrumb","itemListElement":[{"@type":"ListItem","position":1,"name":"Home","item":"https:\/\/outkast-shop.com\/"},{"@type":"ListItem","position":2,"name":"Responsible Gambling Guide"}]},{"@type":"WebSite","@id":"https:\/\/outkast-shop.com\/#website","url":"https:\/\/outkast-shop.com\/","name":"Crypto Casino","description":"","publisher":{"@id":"https:\/\/outkast-shop.com\/#organization"},"potentialAction":[{"@type":"SearchAction","target":{"@type":"EntryPoint","urlTemplate":"https:\/\/outkast-shop.com\/?s={search_term_string}"},"query-input":"required name=search_term_string"}],"inLanguage":"tr"},{"@type":"Organization","@id":"https:\/\/outkast-shop.com\/#organization","name":"Outkast Roller","alternateName":"outkast-shop.com","url":"https:\/\/outkast-shop.com\/","logo":{"@type":"ImageObject","inLanguage":"tr","@id":"https:\/\/outkast-shop.com\/#\/schema\/logo\/image\/","url":"https:\/\/outkast-shop.com\/wp-content\/uploads\/2023\/06\/long-logo.png","contentUrl":"https:\/\/outkast-shop.com\/wp-content\/uploads\/2023\/06\/long-logo.png","width":326,"height":75,"caption":"Outkast Roller"},"image":{"@id":"https:\/\/outkast-shop.com\/#\/schema\/logo\/image\/"}}]}},"_links":{"self":[{"href":"https:\/\/outkast-shop.com\/tr\/wp-json\/wp\/v2\/pages\/1806","targetHints":{"allow":["GET"]}}],"collection":[{"href":"https:\/\/outkast-shop.com\/tr\/wp-json\/wp\/v2\/pages"}],"about":[{"href":"https:\/\/outkast-shop.com\/tr\/wp-json\/wp\/v2\/types\/page"}],"author":[{"embeddable":true,"href":"https:\/\/outkast-shop.com\/tr\/wp-json\/wp\/v2\/users\/1"}],"replies":[{"embeddable":true,"href":"https:\/\/outkast-shop.com\/tr\/wp-json\/wp\/v2\/comments?post=1806"}],"version-history":[{"count":0,"href":"https:\/\/outkast-shop.com\/tr\/wp-json\/wp\/v2\/pages\/1806\/revisions"}],"wp:featuredmedia":[{"embeddable":true,"href":"https:\/\/outkast-shop.com\/tr\/wp-json\/wp\/v2\/media\/1863"}],"wp:attachment":[{"href":"https:\/\/outkast-shop.com\/tr\/wp-json\/wp\/v2\/media?parent=1806"}],"curies":[{"name":"wp","href":"https:\/\/api.w.org\/{rel}","templated":true}]}}