{"id":1840,"date":"2023-06-06T11:03:13","date_gmt":"2023-06-06T11:03:13","guid":{"rendered":"https:\/\/outkast-shop.com\/?page_id=1840"},"modified":"2024-03-19T10:24:56","modified_gmt":"2024-03-19T10:24:56","slug":"about-us","status":"publish","type":"page","link":"https:\/\/outkast-shop.com\/tr\/hakkimizda\/","title":{"rendered":"Hakk\u0131m\u0131zda"},"content":{"rendered":"<h1 class=\"wp-block-heading has-text-align-center\">Hakk\u0131m\u0131zda<\/h1>\n\n\n\n<p class=\"has-text-align-center\">E\u011fer online casino ve oyunlar\u0131n hayran\u0131ysan\u0131z, g\u00fcvenilir ve tarafs\u0131z yorumlar bulman\u0131n ne kadar \u00f6nemli oldu\u011funu bilirsiniz. Bu kadar \u00e7ok se\u00e7enek varken, do\u011fru olan\u0131 se\u00e7mek \u00e7ok zor olabilir. \u0130\u015fte Outkast Roller burada devreye giriyor. Deneyimli yorumculardan olu\u015fan ekibimiz 5 y\u0131l\u0131 a\u015fk\u0131n s\u00fcredir sekt\u00f6rde yer al\u0131yor ve size m\u00fcmk\u00fcn olan en do\u011fru ve g\u00fcvenilir bilgileri sunmaya kendimizi adad\u0131k.<\/p>\n\n\n\n<figure class=\"wp-block-image aligncenter size-full is-resized\"><img decoding=\"async\" width=\"800\" height=\"489\" src=\"https:\/\/outkast-shop.com\/wp-content\/uploads\/2023\/06\/about-us-small-min.jpg\" alt=\"Hakk\u0131m\u0131zda Outkast Roller\" class=\"wp-image-1841\" style=\"width:600px;height:367px\" srcset=\"https:\/\/outkast-shop.com\/wp-content\/uploads\/2023\/06\/about-us-small-min.jpg 800w, https:\/\/outkast-shop.com\/wp-content\/uploads\/2023\/06\/about-us-small-min-300x183.jpg 300w, https:\/\/outkast-shop.com\/wp-content\/uploads\/2023\/06\/about-us-small-min-768x469.jpg 768w, https:\/\/outkast-shop.com\/wp-content\/uploads\/2023\/06\/about-us-small-min-18x12.jpg 18w, https:\/\/outkast-shop.com\/wp-content\/uploads\/2023\/06\/about-us-small-min-110x67.jpg 110w, https:\/\/outkast-shop.com\/wp-content\/uploads\/2023\/06\/about-us-small-min-575x351.jpg 575w\" sizes=\"(max-width: 800px) 100vw, 800px\" \/><\/figure>\n\n\n\n<h2 class=\"wp-block-heading has-text-align-center\">Tarafs\u0131z Casino ve Oyun \u0130ncelemeleri i\u00e7in G\u00fcvenilir Kayna\u011f\u0131n\u0131z<\/h2>\n\n\n\n<p>Outkast Roller olarak, \u00e7evrimi\u00e7i oyun d\u00fcnyas\u0131n\u0131n kafa kar\u0131\u015ft\u0131r\u0131c\u0131 ve hatta bazen riskli olabilece\u011finin fark\u0131nday\u0131z. Bu nedenle, sekt\u00f6rdeki en pop\u00fcler casinolar ve oyunlar hakk\u0131nda tarafs\u0131z incelemeler sunmaya kararl\u0131y\u0131z. \u0130ncelemelerimiz kapsaml\u0131 ara\u015ft\u0131rma, test ve analizlere dayanmaktad\u0131r ve ister olumlu ister olumsuz olsun her zaman d\u00fcr\u00fcst g\u00f6r\u00fc\u015f\u00fcm\u00fcz\u00fc bildiriyoruz.<\/p>\n\n\n\n<p>\u0130ncelemelerimize ek olarak, \u00e7evrimi\u00e7i e\u011flence arayanlar\u0131 onurland\u0131rmak i\u00e7in oyunculara ve t\u00fcm sekt\u00f6re ilham vermeye de kendimizi adad\u0131k. Herkesin g\u00fcvenli, adil ve keyifli oyun deneyimlerine eri\u015febilmesi gerekti\u011fine inan\u0131yoruz ve sekt\u00f6rde bu de\u011ferleri te\u015fvik etmek i\u00e7in \u00e7ok \u00e7al\u0131\u015f\u0131yoruz.<\/p>\n\n\n\n<h2 class=\"wp-block-heading has-text-align-center\">Uzmanlar\u0131m\u0131z<\/h2>\n\n\n\n<div class=\"wp-block-columns is-layout-flex wp-container-core-columns-is-layout-28f84493 wp-block-columns-is-layout-flex\">\n<div class=\"wp-block-column is-layout-flow wp-block-column-is-layout-flow\">\n<figure class=\"wp-block-image size-full\"><img decoding=\"async\" width=\"500\" height=\"476\" src=\"https:\/\/outkast-shop.com\/wp-content\/uploads\/2023\/10\/denis-mak-big.jpg\" alt=\"Denis Mak sayfa hakk\u0131nda\" class=\"wp-image-2622\" srcset=\"https:\/\/outkast-shop.com\/wp-content\/uploads\/2023\/10\/denis-mak-big.jpg 500w, https:\/\/outkast-shop.com\/wp-content\/uploads\/2023\/10\/denis-mak-big-300x286.jpg 300w, https:\/\/outkast-shop.com\/wp-content\/uploads\/2023\/10\/denis-mak-big-13x12.jpg 13w, https:\/\/outkast-shop.com\/wp-content\/uploads\/2023\/10\/denis-mak-big-110x105.jpg 110w\" sizes=\"(max-width: 500px) 100vw, 500px\" \/><\/figure>\n<\/div>\n\n\n\n<div class=\"wp-block-column is-layout-flow wp-block-column-is-layout-flow\">\n<p>T\u00fcm projenin ideolojik ilham kayna\u011f\u0131: Denis Mak<\/p>\n\n\n\n<p class=\"has-text-align-left\"><strong>Bilgi:<\/strong><\/p>\n\n\n\n<ul class=\"wp-block-list\">\n<li><a href=\"https:\/\/www.facebook.com\/profile.php?id=100083645510467\" target=\"_blank\" rel=\"noreferrer noopener\">Facebook<\/a><\/li>\n\n\n\n<li><a href=\"https:\/\/twitter.com\/DenisMak18\" target=\"_blank\" rel=\"noreferrer noopener\">Twitter<\/a><\/li>\n\n\n\n<li><a href=\"https:\/\/www.youtube.com\/channel\/UChMjmYBn7NFOLKsIpviYZhA\">Youtube<\/a><\/li>\n<\/ul>\n<\/div>\n<\/div>\n\n\n\n<div class=\"wp-block-columns is-layout-flex wp-container-core-columns-is-layout-28f84493 wp-block-columns-is-layout-flex\">\n<div class=\"wp-block-column is-layout-flow wp-block-column-is-layout-flow\">\n<figure class=\"wp-block-image size-full\"><a href=\"https:\/\/outkast-shop.com\/tr\/bobby-brown\/\"><img decoding=\"async\" width=\"500\" height=\"475\" src=\"https:\/\/outkast-shop.com\/wp-content\/uploads\/2023\/06\/bobby-brown-f.jpg\" alt=\"Bobby Brown Kripto Yazar\u0131\" class=\"wp-image-2390\" srcset=\"https:\/\/outkast-shop.com\/wp-content\/uploads\/2023\/06\/bobby-brown-f.jpg 500w, https:\/\/outkast-shop.com\/wp-content\/uploads\/2023\/06\/bobby-brown-f-300x285.jpg 300w, https:\/\/outkast-shop.com\/wp-content\/uploads\/2023\/06\/bobby-brown-f-13x12.jpg 13w, https:\/\/outkast-shop.com\/wp-content\/uploads\/2023\/06\/bobby-brown-f-110x105.jpg 110w\" sizes=\"(max-width: 500px) 100vw, 500px\" \/><\/a><figcaption class=\"wp-element-caption\">Bobby Brown - Kripto kumar Uzman\u0131<\/figcaption><\/figure>\n<\/div>\n\n\n\n<div class=\"wp-block-column is-layout-flow wp-block-column-is-layout-flow\">\n<figure class=\"wp-block-image size-full\"><a href=\"https:\/\/outkast-shop.com\/tr\/martin-gor\/\"><img decoding=\"async\" width=\"496\" height=\"475\" src=\"https:\/\/outkast-shop.com\/wp-content\/uploads\/2023\/06\/gor-a.jpg\" alt=\"Martyn Gor - Kripto Yazar\" class=\"wp-image-2391\" srcset=\"https:\/\/outkast-shop.com\/wp-content\/uploads\/2023\/06\/gor-a.jpg 496w, https:\/\/outkast-shop.com\/wp-content\/uploads\/2023\/06\/gor-a-300x287.jpg 300w, https:\/\/outkast-shop.com\/wp-content\/uploads\/2023\/06\/gor-a-13x12.jpg 13w, https:\/\/outkast-shop.com\/wp-content\/uploads\/2023\/06\/gor-a-110x105.jpg 110w\" sizes=\"(max-width: 496px) 100vw, 496px\" \/><\/a><figcaption class=\"wp-element-caption\">Martyn Gor - Kripto Kumar Uzman\u0131<\/figcaption><\/figure>\n<\/div>\n<\/div>\n\n\n\n<h2 class=\"wp-block-heading has-text-align-center\">Misyonumuz<\/h2>\n\n\n\n<p>Misyonumuz, g\u00fcvenli, adil ve keyifli oyun deneyimlerini te\u015fvik ederken oyunculara \u00e7evrimi\u00e7i casinolar ve oyunlar hakk\u0131nda do\u011fru ve g\u00fcvenilir bilgiler sa\u011flamakt\u0131r. Kapsaml\u0131 ara\u015ft\u0131rma ve analizler yaparak ve en son end\u00fcstri trendleri ve geli\u015fmelerinden haberdar olarak oyuncular\u0131n bilin\u00e7li kararlar vermesini sa\u011flamaya \u00e7al\u0131\u015f\u0131yoruz. Buna ek olarak, oyuncular\u0131n haklar\u0131n\u0131 ve \u00e7\u0131karlar\u0131n\u0131 savunmaya ve \u00e7evrimi\u00e7i casinolar\u0131 ve oyun geli\u015ftiricilerini eylemlerinden sorumlu tutmaya kararl\u0131y\u0131z. B\u00fcy\u00fcmeye ve geni\u015flemeye devam ettik\u00e7e, kendimizi \u00e7evrimi\u00e7i oyun toplulu\u011funda lider bir ses olarak konumland\u0131rmay\u0131 ve di\u011ferlerine oyuncular\u0131n ihtiya\u00e7 ve \u00e7\u0131karlar\u0131n\u0131 her \u015feyin \u00fcst\u00fcnde tutmalar\u0131 i\u00e7in ilham vermeyi umuyoruz.<\/p>\n\n\n\n<div class=\"wp-block-group alignfull gallery_section has-poka-boxes-background-color-alt-background-color has-background is-layout-constrained wp-block-group-is-layout-constrained\"><div class=\"wp-block-group__inner-container\">\n<p class=\"has-medium-font-size\"><strong>Daha fazlas\u0131n\u0131 ke\u015ffedin:<\/strong><\/p>\n\n\n\n<div class=\"types-gallery\">\r\n\t  <a class=\"item\" href=\"https:\/\/outkast-shop.com\/tr\/anonymous-casinos\/\"><img decoding=\"async\" src=\"\/wp-content\/uploads\/2023\/06\/ct4.png\" alt=\"Anonim Kumarhaneler simgesi\"><span>Anonim Kumarhaneler<\/span><\/a>\r\n      <a class=\"item\" href=\"https:\/\/outkast-shop.com\/tr\/blockchain-casinos\/\"><img decoding=\"async\" src=\"\/wp-content\/uploads\/2023\/06\/ct2.png\" alt=\"Blockchain Kumarhaneleri simgesi\"><span>Blockchain Kumarhaneleri<\/span><\/a>\r\n      <a class=\"item\" href=\"https:\/\/outkast-shop.com\/tr\/merkezi-olmayan-kumarhaneler\/\"><img decoding=\"async\" src=\"\/wp-content\/uploads\/2023\/06\/ct5.png\" alt=\"Merkezi Olmayan Kumarhaneler simgesi\"><span>Merkezi Olmayan Kumarhaneler<\/span><\/a>\r\n      <a class=\"item\" href=\"https:\/\/outkast-shop.com\/tr\/hybrid-online-casinos\/\"><img decoding=\"async\" src=\"\/wp-content\/uploads\/2023\/06\/ct3.png\" alt=\"Hibrit Kumarhaneler simgesi\"><span>Hibrit Kumarhaneler<\/span><\/a>\r\n      <a class=\"item\" href=\"https:\/\/outkast-shop.com\/tr\/new-crypto-casinos\/\"><img decoding=\"async\" src=\"\/wp-content\/uploads\/2023\/06\/ct6-1.png\" alt=\"Yeni Crypto Casinos simgesi\"><span>Yeni Crypto Casinos<\/span><\/a>\r\n      <a class=\"item\" href=\"https:\/\/outkast-shop.com\/tr\/nft-casinos\/\"><img decoding=\"async\" src=\"\/wp-content\/uploads\/2023\/06\/ct7-1.png\" alt=\"NFT Kumarhaneleri simgesi\"><span>NFT Kumarhaneleri<\/span><\/a>     \r\n<\/div>\n<\/div><\/div>\n\n\n\n<div class=\"wp-block-group alignfull has-background is-layout-flow wp-container-16\" style=\"padding-top:60px;padding-right:0px;padding-bottom:10px;padding-left:0px; background:#1d2730;\"><div class=\"wp-block-group__inner-container\">\n<div class=\"wp-block-columns are-vertically-aligned-center is-layout-flex wp-container-15\">\n<div class=\"wp-block-column is-vertically-aligned-center is-layout-flow\" style=\"flex-basis:100%\">\n<div class=\"wp-block-group is-layout-flow\"><div class=\"wp-block-group__inner-container\">\n<div class=\"wp-block-columns is-layout-flex wp-container-12\" style=\"padding-right:20px;padding-left:20px\">\n<div class=\"wp-block-column is-vertically-aligned-center is-layout-flow\" style=\"padding-top:20px;padding-bottom:20px;flex-basis:70%\">\n<p class=\"has-text-align-left has-white-color has-text-color wp-block-heading\" style=\"font-size:46px;font-style:normal;font-weight:300;margin-top:10px;margin-right:0px;margin-bottom:10px;margin-left:0px\">Hemen Oynamaya Ba\u015flay\u0131n!<\/p>\n<\/div>\n\n\n\n<div class=\"wp-block-column is-vertically-aligned-center is-layout-flow\" style=\"padding-top:10px;padding-bottom:10px;flex-basis:30%\"><div class=\"wp-block-poka-button\">\n<a class=\"wp-block-button__link has-vivid-red-background-color has-background\" href=\"https:\/\/outkast-shop.com\/tr\/go\/play\/\" style=\"border-radius:100px\"><strong>\u015eimdi oynay\u0131n!<\/strong><\/a>\n\n\t\t<\/div><\/div>\n<\/div>\n<\/div><\/div>\n<\/div>\n<\/div>\n<\/div><\/div>\n\n\n\n<div class=\"wp-block-group alignfull gallery_section has-poka-boxes-background-color-alt-background-color has-background is-layout-constrained wp-block-group-is-layout-constrained\"><div class=\"wp-block-group__inner-container\">\n<p class=\"has-medium-font-size\"><strong><strong>En \u0130yi Kriptolar:<\/strong><\/strong><\/p>\n\n\n\n<div class=\"icons-galley\">\r\n\t\t  <a class=\"item\" href=\"https:\/\/outkast-shop.com\/tr\/bitcoin-casinos\/\"><img decoding=\"async\" src=\"\/wp-content\/uploads\/2023\/06\/btc.png\" alt=\"Bitcoin Kumarhaneler simgesi\"><span>BTC Kumarhaneler<\/span><\/a>\r\n\t  <a class=\"item\" href=\"https:\/\/outkast-shop.com\/tr\/ethereum-casinos\/\"><img decoding=\"async\" src=\"\/wp-content\/uploads\/2023\/06\/eth.png\" alt=\"Ethereum Kumarhaneler simgesi\"><span>ETH Kumarhaneler<\/span><\/a>\r\n\t  <a class=\"item\" href=\"https:\/\/outkast-shop.com\/tr\/tether-casinos\/\"><img decoding=\"async\" src=\"\/wp-content\/uploads\/2023\/06\/usdt.png\" alt=\"Tether Kumarhaneler simgesi\"><span>USDT Kumarhaneler<\/span><\/a>\r\n\t  <a class=\"item\" href=\"https:\/\/outkast-shop.com\/tr\/litecoin-casinos\/\"><img decoding=\"async\" src=\"\/wp-content\/uploads\/2023\/06\/ltc.png\" alt=\"Litecoin Kumarhaneler simgesi\"><span>LTC Kumarhaneler<\/span><\/a>\r\n\t  <a class=\"item\" href=\"https:\/\/outkast-shop.com\/tr\/dogecoin-casinos\/\"><img decoding=\"async\" src=\"\/wp-content\/uploads\/2023\/06\/doge.png\" alt=\"Dogecoin kumarhane simgesi\"><span>Doge Kumarhaneler<\/span><\/a>\r\n\t  <a class=\"item\" href=\"https:\/\/outkast-shop.com\/tr\/ripple-casinos\/\"><img decoding=\"async\" src=\"\/wp-content\/uploads\/2023\/06\/xrp.png\" alt=\"Ripple Kumarhaneler simgesi\"><span>XRP Kumarhaneler<\/span><\/a>\r\n\t  <a class=\"item\" href=\"https:\/\/outkast-shop.com\/tr\/bitcoin-cash-casinos\/\"><img decoding=\"async\" src=\"\/wp-content\/uploads\/2023\/06\/bch.png\" alt=\"Bitcoin Cash kumarhane simgesi\"><span>BCH Kumarhaneleri<\/span><\/a>\r\n\t  <a class=\"item\" href=\"https:\/\/outkast-shop.com\/tr\/tron-casinos\/\"><img decoding=\"async\" src=\"\/wp-content\/uploads\/2023\/06\/trx.png\" alt=\"Tron kumarhane simgesi\"><span>TRX<\/span><\/a> \r\n\t  <a class=\"item\" href=\"https:\/\/outkast-shop.com\/tr\/cardano-casinos\/\"><img decoding=\"async\" src=\"\/wp-content\/uploads\/2023\/06\/ada.png\" alt=\"Ada kumarhaneleri simgesi\"><span>Ada Kumarhaneleri<\/span><\/a>\r\n      <a class=\"item\" href=\"https:\/\/outkast-shop.com\/tr\/binance-coin-casinos\/\"><img decoding=\"async\" src=\"\/wp-content\/uploads\/2023\/06\/bnb.png\" alt=\"Bnb kumarhaneleri simgesi\"><span>BNB Kumarhaneler<\/span><\/a>\r\n      <a class=\"item\" href=\"https:\/\/outkast-shop.com\/tr\/dash-casinos\/\"><img decoding=\"async\" src=\"\/wp-content\/uploads\/2023\/06\/dash.png\" alt=\"Dash kumarhane simgesi\"><span>Dash Kumarhaneler<\/span><\/a>\r\n      <a class=\"item\" href=\"https:\/\/outkast-shop.com\/tr\/shiba-inu-casinos\/\"><img decoding=\"async\" src=\"\/wp-content\/uploads\/2023\/06\/shib.png\" alt=\"Shiba Inu kumarhane simgesi\"><span>Shiba Kumarhaneleri<\/span><\/a>\r\n      <a class=\"item\" href=\"https:\/\/outkast-shop.com\/tr\/solana-casinos\/\"><img decoding=\"async\" src=\"\/wp-content\/uploads\/2023\/06\/sol.png\" alt=\"Solana casionos simgesi\"><span>SOL Kumarhaneleri<\/span><\/a>\r\n      <a class=\"item\" href=\"https:\/\/outkast-shop.com\/tr\/monero-casinos\/\"><img decoding=\"async\" src=\"\/wp-content\/uploads\/2023\/06\/xmr.png\" alt=\"Xmr kumarhaneleri simgesi\"><span>XMR Kumarhaneleri<\/span><\/a>     \r\n<\/div>\n<\/div><\/div>","protected":false},"excerpt":{"rendered":"<p>Hakk\u0131m\u0131zda E\u011fer online casino ve oyunlar\u0131n hayran\u0131ysan\u0131z, g\u00fcvenilir ve tarafs\u0131z yorumlar bulman\u0131n ne kadar \u00f6nemli oldu\u011funu bilirsiniz. Bu kadar \u00e7ok se\u00e7enek varken, do\u011fru olan\u0131 se\u00e7mek \u00e7ok zor olabilir. \u0130\u015fte Outkast Roller burada devreye giriyor. Deneyimli yorumculardan olu\u015fan ekibimiz [...] i\u00e7in sekt\u00f6rde yer almaktad\u0131r.<\/p>","protected":false},"author":1,"featured_media":1841,"parent":0,"menu_order":0,"comment_status":"closed","ping_status":"closed","template":"","meta":{"_mi_skip_tracking":false,"_monsterinsights_sitenote_active":false,"_monsterinsights_sitenote_note":"","_monsterinsights_sitenote_category":0,"footnotes":""},"class_list":["post-1840","page","type-page","status-publish","has-post-thumbnail","hentry"],"acf":[],"yoast_head":"<!-- This site is optimized with the Yoast SEO plugin v22.8 - https:\/\/yoast.com\/wordpress\/plugins\/seo\/ -->\n<title>About OutKast Shop: Your Trusted Online Gaming Partner<\/title>\n<meta name=\"description\" content=\"Get to know OutKast Shop: values and commitment to providing secure online gaming experiences. Learn what sets us apart in the digital gaming world.\" \/>\n<meta name=\"robots\" content=\"index, follow, max-snippet:-1, max-image-preview:large, max-video-preview:-1\" \/>\n<link rel=\"canonical\" href=\"https:\/\/outkast-shop.com\/tr\/hakkimizda\/\" \/>\n<meta property=\"og:locale\" content=\"tr_TR\" \/>\n<meta property=\"og:type\" content=\"article\" \/>\n<meta property=\"og:title\" content=\"About OutKast Shop: Your Trusted Online Gaming Partner\" \/>\n<meta property=\"og:description\" content=\"Get to know OutKast Shop: values and commitment to providing secure online gaming experiences. Learn what sets us apart in the digital gaming world.\" \/>\n<meta property=\"og:url\" content=\"https:\/\/outkast-shop.com\/tr\/hakkimizda\/\" \/>\n<meta property=\"og:site_name\" content=\"Crypto Casino\" \/>\n<meta property=\"article:modified_time\" content=\"2024-03-19T10:24:56+00:00\" \/>\n<meta property=\"og:image\" content=\"https:\/\/outkast-shop.com\/wp-content\/uploads\/2023\/06\/about-us-small-min.jpg\" \/>\n\t<meta property=\"og:image:width\" content=\"800\" \/>\n\t<meta property=\"og:image:height\" content=\"489\" \/>\n\t<meta property=\"og:image:type\" content=\"image\/jpeg\" \/>\n<meta name=\"twitter:card\" content=\"summary_large_image\" \/>\n<meta name=\"twitter:label1\" content=\"Tahmini okuma s\u00fcresi\" \/>\n\t<meta name=\"twitter:data1\" content=\"3 dakika\" \/>\n<!-- \/ Yoast SEO plugin. -->","yoast_head_json":{"title":"About OutKast Shop: Your Trusted Online Gaming Partner","description":"Get to know OutKast Shop: values and commitment to providing secure online gaming experiences. Learn what sets us apart in the digital gaming world.","robots":{"index":"index","follow":"follow","max-snippet":"max-snippet:-1","max-image-preview":"max-image-preview:large","max-video-preview":"max-video-preview:-1"},"canonical":"https:\/\/outkast-shop.com\/tr\/hakkimizda\/","og_locale":"tr_TR","og_type":"article","og_title":"About OutKast Shop: Your Trusted Online Gaming Partner","og_description":"Get to know OutKast Shop: values and commitment to providing secure online gaming experiences. Learn what sets us apart in the digital gaming world.","og_url":"https:\/\/outkast-shop.com\/tr\/hakkimizda\/","og_site_name":"Crypto Casino","article_modified_time":"2024-03-19T10:24:56+00:00","og_image":[{"width":800,"height":489,"url":"https:\/\/outkast-shop.com\/wp-content\/uploads\/2023\/06\/about-us-small-min.jpg","type":"image\/jpeg"}],"twitter_card":"summary_large_image","twitter_misc":{"Tahmini okuma s\u00fcresi":"3 dakika"},"schema":{"@context":"https:\/\/schema.org","@graph":[{"@type":"WebPage","@id":"https:\/\/outkast-shop.com\/about-us\/","url":"https:\/\/outkast-shop.com\/about-us\/","name":"About OutKast Shop: Your Trusted Online Gaming Partner","isPartOf":{"@id":"https:\/\/outkast-shop.com\/#website"},"primaryImageOfPage":{"@id":"https:\/\/outkast-shop.com\/about-us\/#primaryimage"},"image":{"@id":"https:\/\/outkast-shop.com\/about-us\/#primaryimage"},"thumbnailUrl":"https:\/\/outkast-shop.com\/wp-content\/uploads\/2023\/06\/about-us-small-min.jpg","datePublished":"2023-06-06T11:03:13+00:00","dateModified":"2024-03-19T10:24:56+00:00","description":"Get to know OutKast Shop: values and commitment to providing secure online gaming experiences. Learn what sets us apart in the digital gaming world.","breadcrumb":{"@id":"https:\/\/outkast-shop.com\/about-us\/#breadcrumb"},"inLanguage":"tr","potentialAction":[{"@type":"ReadAction","target":["https:\/\/outkast-shop.com\/about-us\/"]}]},{"@type":"ImageObject","inLanguage":"tr","@id":"https:\/\/outkast-shop.com\/about-us\/#primaryimage","url":"https:\/\/outkast-shop.com\/wp-content\/uploads\/2023\/06\/about-us-small-min.jpg","contentUrl":"https:\/\/outkast-shop.com\/wp-content\/uploads\/2023\/06\/about-us-small-min.jpg","width":800,"height":489,"caption":"About Us Outkast Roller"},{"@type":"BreadcrumbList","@id":"https:\/\/outkast-shop.com\/about-us\/#breadcrumb","itemListElement":[{"@type":"ListItem","position":1,"name":"Home","item":"https:\/\/outkast-shop.com\/"},{"@type":"ListItem","position":2,"name":"About Us"}]},{"@type":"WebSite","@id":"https:\/\/outkast-shop.com\/#website","url":"https:\/\/outkast-shop.com\/","name":"Crypto Casino","description":"","publisher":{"@id":"https:\/\/outkast-shop.com\/#organization"},"potentialAction":[{"@type":"SearchAction","target":{"@type":"EntryPoint","urlTemplate":"https:\/\/outkast-shop.com\/?s={search_term_string}"},"query-input":"required name=search_term_string"}],"inLanguage":"tr"},{"@type":"Organization","@id":"https:\/\/outkast-shop.com\/#organization","name":"Outkast Roller","alternateName":"outkast-shop.com","url":"https:\/\/outkast-shop.com\/","logo":{"@type":"ImageObject","inLanguage":"tr","@id":"https:\/\/outkast-shop.com\/#\/schema\/logo\/image\/","url":"https:\/\/outkast-shop.com\/wp-content\/uploads\/2023\/06\/long-logo.png","contentUrl":"https:\/\/outkast-shop.com\/wp-content\/uploads\/2023\/06\/long-logo.png","width":326,"height":75,"caption":"Outkast Roller"},"image":{"@id":"https:\/\/outkast-shop.com\/#\/schema\/logo\/image\/"}}]}},"_links":{"self":[{"href":"https:\/\/outkast-shop.com\/tr\/wp-json\/wp\/v2\/pages\/1840","targetHints":{"allow":["GET"]}}],"collection":[{"href":"https:\/\/outkast-shop.com\/tr\/wp-json\/wp\/v2\/pages"}],"about":[{"href":"https:\/\/outkast-shop.com\/tr\/wp-json\/wp\/v2\/types\/page"}],"author":[{"embeddable":true,"href":"https:\/\/outkast-shop.com\/tr\/wp-json\/wp\/v2\/users\/1"}],"replies":[{"embeddable":true,"href":"https:\/\/outkast-shop.com\/tr\/wp-json\/wp\/v2\/comments?post=1840"}],"version-history":[{"count":0,"href":"https:\/\/outkast-shop.com\/tr\/wp-json\/wp\/v2\/pages\/1840\/revisions"}],"wp:featuredmedia":[{"embeddable":true,"href":"https:\/\/outkast-shop.com\/tr\/wp-json\/wp\/v2\/media\/1841"}],"wp:attachment":[{"href":"https:\/\/outkast-shop.com\/tr\/wp-json\/wp\/v2\/media?parent=1840"}],"curies":[{"name":"wp","href":"https:\/\/api.w.org\/{rel}","templated":true}]}}