{"id":2342,"date":"2023-06-26T09:25:06","date_gmt":"2023-06-26T09:25:06","guid":{"rendered":"https:\/\/outkast-shop.com\/?page_id=2342"},"modified":"2023-06-26T10:12:18","modified_gmt":"2023-06-26T10:12:18","slug":"gambling-terminology-glossary","status":"publish","type":"page","link":"https:\/\/outkast-shop.com\/tr\/kumar-terminoloji-sozluk\/","title":{"rendered":"Kumar Terminolojisi S\u00f6zl\u00fc\u011f\u00fc"},"content":{"rendered":"<h1 class=\"wp-block-heading has-text-align-center\">Kumar Terminolojisi S\u00f6zl\u00fc\u011f\u00fc<\/h1>\n\n\n\n<p class=\"has-text-align-center\">Kumar heyecan verici ve kazan\u00e7l\u0131 bir hobi olabilir, ancak oyuna dalmadan \u00f6nce terminolojiyi ve oyun kurallar\u0131n\u0131 anlamak \u00f6nemlidir. Bu kapsaml\u0131 k\u0131lavuz, kumarhanelerde ve kumarda kullan\u0131lan en yayg\u0131n terimlerden baz\u0131lar\u0131na genel bir bak\u0131\u015f sa\u011flayacakt\u0131r.<\/p>\n\n\n\n<figure class=\"wp-block-image aligncenter size-full is-resized\"><img decoding=\"async\" src=\"https:\/\/outkast-shop.com\/wp-content\/uploads\/2023\/06\/gambling-terminology-glossary-min.jpg\" alt=\"Kumar Terminolojisi S\u00f6zl\u00fc\u011f\u00fc\" class=\"wp-image-2344\" width=\"750\" height=\"459\" srcset=\"https:\/\/outkast-shop.com\/wp-content\/uploads\/2023\/06\/gambling-terminology-glossary-min.jpg 1000w, https:\/\/outkast-shop.com\/wp-content\/uploads\/2023\/06\/gambling-terminology-glossary-min-300x184.jpg 300w, https:\/\/outkast-shop.com\/wp-content\/uploads\/2023\/06\/gambling-terminology-glossary-min-768x470.jpg 768w, https:\/\/outkast-shop.com\/wp-content\/uploads\/2023\/06\/gambling-terminology-glossary-min-18x12.jpg 18w, https:\/\/outkast-shop.com\/wp-content\/uploads\/2023\/06\/gambling-terminology-glossary-min-110x67.jpg 110w, https:\/\/outkast-shop.com\/wp-content\/uploads\/2023\/06\/gambling-terminology-glossary-min-575x352.jpg 575w\" sizes=\"(max-width: 750px) 100vw, 750px\" \/><\/figure>\n\n\n\n<h2 class=\"wp-block-heading has-text-align-center\">Casino S\u00f6zl\u00fc\u011f\u00fc &amp; Kumar Terminolojisi<\/h2>\n\n\n\n<h3 class=\"wp-block-heading\">A<\/h3>\n\n\n\n<ul class=\"wp-block-list\">\n<li><em>Eylem<\/em>: Bir oyun s\u0131ras\u0131nda bir oyuncu taraf\u0131ndan yat\u0131r\u0131lan toplam para miktar\u0131.<\/li>\n\n\n\n<li><em>Ante<\/em>: Bir oyuna kat\u0131lmak i\u00e7in gereken minimum bahis.<\/li>\n\n\n\n<li><em>As Y\u00fcksek\/D\u00fc\u015f\u00fck<\/em>: Pokerde As'\u0131n d\u00fcz bir oyunda en y\u00fcksek ya da en d\u00fc\u015f\u00fck kart olabilece\u011fi bir kural.<\/li>\n\n\n\n<li><em>Hepsi Dahil<\/em>: Bir poker oyununda kalan t\u00fcm fi\u015flerinizle bahis oynamak.<\/li>\n<\/ul>\n\n\n\n<h3 class=\"wp-block-heading\">B<\/h3>\n\n\n\n<ul class=\"wp-block-list\">\n<li><em>Para<\/em>: Bir oyuncunun kumar i\u00e7in kullanmak \u00fczere ay\u0131rd\u0131\u011f\u0131 toplam para miktar\u0131.<\/li>\n\n\n\n<li><em>B\u00fcy\u00fck K\u00f6r<\/em>: Texas Hold'em poker oyununda iki zorunlu bahisten b\u00fcy\u00fck olan\u0131.<\/li>\n\n\n\n<li><em>Blackjack<\/em>: Hedefin 21 veya 21'e m\u00fcmk\u00fcn oldu\u011funca yak\u0131n bir el de\u011ferini a\u015fmadan elde etmek oldu\u011fu bir kart oyunu.<\/li>\n\n\n\n<li><em>Bl\u00f6f<\/em>: Pokerde rakipleri kand\u0131rmak amac\u0131yla zay\u0131f bir elle bahis yapmak veya y\u00fckseltmek.<\/li>\n<\/ul>\n\n\n\n<h3 class=\"wp-block-heading\">C<\/h3>\n\n\n\n<ul class=\"wp-block-list\">\n<li><em>Aray\u0131n<\/em>: Bir poker oyununda mevcut bahsi e\u015fle\u015ftirmek.<\/li>\n\n\n\n<li><em>Casino Avantaj\u0131<\/em>: Kumarhanenin bir oyunda oyuncular \u00fczerinde sahip oldu\u011fu avantaj.<\/li>\n\n\n\n<li><em>Cips<\/em>: Bir kumarhanede para yerine kullan\u0131lan yuvarlak jetonlar.<\/li>\n\n\n\n<li><em>Krupiye<\/em>: Bir kumarhanede oyun y\u00f6neten ki\u015fi.<\/li>\n<\/ul>\n\n\n\n<h3 class=\"wp-block-heading\">D<\/h3>\n\n\n\n<ul class=\"wp-block-list\">\n<li><em>Bayi<\/em>: Bir kumarhane oyununda kartlar\u0131 da\u011f\u0131tan ki\u015fi.<\/li>\n\n\n\n<li><em>\u0130ki kat\u0131 ya da hi\u00e7<\/em>: Bir oyuncunun kazanc\u0131n\u0131 ikiye katlayacak ya da tamamen kaybetmesine neden olacak bir bahis.<\/li>\n\n\n\n<li><em>Ke\u00e7eye Kadar<\/em>: Bir oyuncu oyundaki t\u00fcm fi\u015flerini kaybetti\u011finde.<\/li>\n<\/ul>\n\n\n\n<h3 class=\"wp-block-heading\">E<\/h3>\n\n\n\n<ul class=\"wp-block-list\">\n<li><em>Beklenen De\u011fer<\/em>: Bir oyuncunun bir oyunda zaman i\u00e7inde kazanmay\u0131 veya kaybetmeyi bekleyebilece\u011fi para miktar\u0131.<\/li>\n\n\n\n<li><em>G\u00f6ky\u00fcz\u00fcndeki G\u00f6z<\/em>: Faaliyetleri izlemek ve hileyi \u00f6nlemek i\u00e7in bir kumarhane boyunca yerle\u015ftirilen kameralar.<\/li>\n<\/ul>\n\n\n\n<h3 class=\"wp-block-heading\">F<\/h3>\n\n\n\n<ul class=\"wp-block-list\">\n<li><em>Y\u00fcz Kartlar\u0131<\/em>: Bir deste iskambilde Vale, K\u0131z ve Papaz.<\/li>\n\n\n\n<li><em>Bal\u0131k<\/em>: Yeni ve deneyimsiz bir oyuncuyu tan\u0131mlamak i\u00e7in kullan\u0131lan bir terim.<\/li>\n\n\n\n<li><em>D\u00fcz Bahis<\/em>: Bir oyunun her eli veya turu i\u00e7in ayn\u0131 miktarda para yat\u0131rmak.<\/li>\n\n\n\n<li><em>Katlay\u0131n<\/em>: Pokerde bir eli kaybetmek ve bahse girilen fi\u015flerden vazge\u00e7mek.<\/li>\n<\/ul>\n\n\n\n<h3 class=\"wp-block-heading\">G<\/h3>\n\n\n\n<ul class=\"wp-block-list\">\n<li><em>Kumarbaz\u0131n Yan\u0131lg\u0131s\u0131<\/em>: \u00d6nceki sonu\u00e7lara dayanarak bir olay\u0131n ger\u00e7ekle\u015fme olas\u0131l\u0131\u011f\u0131n\u0131n daha fazla veya daha az oldu\u011funa dair yanl\u0131\u015f inan\u00e7.<\/li>\n\n\n\n<li><em>Eziyet<\/em>: Zaman i\u00e7inde kazan\u00e7lar\u0131 yava\u015f ve istikrarl\u0131 bir \u015fekilde art\u0131rmak.<\/li>\n<\/ul>\n\n\n\n<h3 class=\"wp-block-heading\">H<\/h3>\n\n\n\n<ul class=\"wp-block-list\">\n<li><em>Y\u00fcksek Silindir<\/em>: D\u00fczenli olarak b\u00fcy\u00fck miktarlarda para yat\u0131ran oyuncu.<\/li>\n\n\n\n<li><em>Vurmak<\/em>: Blackjack oyununda ba\u015fka bir kart istemek.<\/li>\n\n\n\n<li><em>House Edge<\/em>: Kumarhanenin bir oyunda sahip oldu\u011fu avantaj.<\/li>\n<\/ul>\n\n\n\n<h3 class=\"wp-block-heading\">I<\/h3>\n\n\n\n<ul class=\"wp-block-list\">\n<li><em>Sigorta<\/em>: Blackjack'te krupiyenin do\u011fal blackjack'i varsa kazand\u0131ran bir yan bahis.<\/li>\n\n\n\n<li><em>Bahis \u0130\u00e7inde<\/em>: Rulette belirli bir say\u0131 veya say\u0131 kombinasyonu \u00fczerine oynanan bahis.<\/li>\n<\/ul>\n\n\n\n<h3 class=\"wp-block-heading\">J<\/h3>\n\n\n\n<ul class=\"wp-block-list\">\n<li><em>Jackpot<\/em>: Bir slot makinesinden veya ba\u015fka bir casino oyunundan kazan\u0131labilecek b\u00fcy\u00fck bir \u00f6d\u00fcl.<\/li>\n\n\n\n<li><em>Joker<\/em>: Baz\u0131 oyunlarda di\u011fer kartlar gibi kullan\u0131labilen bir kart.<\/li>\n<\/ul>\n\n\n\n<h3 class=\"wp-block-heading\">K<\/h3>\n\n\n\n<ul class=\"wp-block-list\">\n<li><em>Kicker<\/em>: Ayn\u0131 de\u011fere sahip poker ellerinde beraberli\u011fi bozmak i\u00e7in kullan\u0131lan kart.<\/li>\n\n\n\n<li><em>Kitty<\/em>: Artan jackpot i\u00e7in bir oyunda oyunculardan toplanan para miktar\u0131.<\/li>\n<\/ul>\n\n\n\n<h3 class=\"wp-block-heading\">L<\/h3>\n\n\n\n<ul class=\"wp-block-list\">\n<li><em>Limit<\/em>: Bir oyunda izin verilen maksimum ve minimum bahisler.<\/li>\n\n\n\n<li><em>Y\u00fckleyin<\/em>: Bir oyunda izin verilen maksimum para miktar\u0131na bahis oynamak.<\/li>\n\n\n\n<li><em>Gev\u015fek<\/em>: \u00c7ok fazla el oynayan ve agresif bahis yapan bir oyuncuyu tan\u0131mlamak i\u00e7in kullan\u0131lan bir terim.<\/li>\n<\/ul>\n\n\n\n<h3 class=\"wp-block-heading\">M<\/h3>\n\n\n\n<ul class=\"wp-block-list\">\n<li><em>Martingale Sistemi<\/em>: Bir oyuncunun kay\u0131plar\u0131n\u0131 telafi etmek amac\u0131yla her kay\u0131ptan sonra bahsini ikiye katlad\u0131\u011f\u0131 bir bahis stratejisi.<\/li>\n\n\n\n<li><em>Maksimum Bahis<\/em>: Bir oyunda izin verilen en y\u00fcksek bahis.<\/li>\n\n\n\n<li><em>Minimum Bahis<\/em>: Bir oyunda izin verilen en d\u00fc\u015f\u00fck bahis.<\/li>\n<\/ul>\n\n\n\n<h3 class=\"wp-block-heading\">N<\/h3>\n\n\n\n<ul class=\"wp-block-list\">\n<li><em>Do\u011fal<\/em>: Blackjack oyununda 21'e tamamlayan iki karttan olu\u015fan el.<\/li>\n\n\n\n<li><em>Nikel<\/em>: Kumarhanedeki $5 \u00e7ipi i\u00e7in argo.<\/li>\n<\/ul>\n\n\n\n<h3 class=\"wp-block-heading\">O<\/h3>\n\n\n\n<ul class=\"wp-block-list\">\n<li><em>Oranlar<\/em>: Bir oyunda belirli bir olay\u0131n ger\u00e7ekle\u015fme olas\u0131l\u0131\u011f\u0131.<\/li>\n\n\n\n<li><em>D\u0131\u015f Bahis<\/em>: K\u0131rm\u0131z\u0131 veya siyah gibi rulet masas\u0131n\u0131n d\u0131\u015f\u0131na konulan bir bahis.<\/li>\n<\/ul>\n\n\n\n<h3 class=\"wp-block-heading\">P<\/h3>\n\n\n\n<ul class=\"wp-block-list\">\n<li><em>\u00d6deme<\/em>: Bir oyundan kazan\u0131lan para miktar\u0131.<\/li>\n\n\n\n<li><em>\u00d6deme Tablosu<\/em>: Bir oyunda kazanan her el veya kombinasyon i\u00e7in \u00f6demeleri g\u00f6steren bir tablo.<\/li>\n\n\n\n<li><em>Tencere<\/em>: Bir poker oyununda t\u00fcm oyuncular taraf\u0131ndan yat\u0131r\u0131lan para miktar\u0131.<\/li>\n<\/ul>\n\n\n\n<h3 class=\"wp-block-heading\">Q<\/h3>\n\n\n\n<ul class=\"wp-block-list\">\n<li><em>Eleme<\/em>: Caribbean Stud poker gibi baz\u0131 oyunlarda, bir oyuncunun artan jackpot'a hak kazanabilmesi i\u00e7in belirli bir ele sahip olmas\u0131 gerekir.<\/li>\n<\/ul>\n\n\n\n<h3 class=\"wp-block-heading\">R<\/h3>\n\n\n\n<ul class=\"wp-block-list\">\n<li><em>T\u0131rm\u0131k<\/em>: Kumarhanenin oyuna ev sahipli\u011fi yapmak i\u00e7in \u00fccret olarak ald\u0131\u011f\u0131 pot y\u00fczdesi.<\/li>\n\n\n\n<li><em>Royal Flush<\/em>: Pokerde ayn\u0131 renkten 10, Vale, K\u0131z, Papaz ve As'tan olu\u015fan m\u00fcmk\u00fcn olan en y\u00fcksek el.<\/li>\n<\/ul>\n\n\n\n<h3 class=\"wp-block-heading\">S<\/h3>\n\n\n\n<ul class=\"wp-block-list\">\n<li><em>Ayakkab\u0131<\/em>: Baz\u0131 casino oyunlar\u0131nda kartlar\u0131 tutmak ve da\u011f\u0131tmak i\u00e7in kullan\u0131lan cihaz.<\/li>\n\n\n\n<li><em>B\u00f6l\u00fcnm\u00fc\u015f<\/em>: Blackjack'te bir \u00e7ift kart\u0131 iki ayr\u0131 ele b\u00f6lme se\u00e7ene\u011fi.<\/li>\n\n\n\n<li><em>Kaz\u0131k<\/em>: Tek bir oyuna veya ele yat\u0131r\u0131lan para miktar\u0131.<\/li>\n\n\n\n<li><em>D\u00fcz<\/em>: Pokerde s\u0131ral\u0131 be\u015f karttan olu\u015fan bir el.<\/li>\n<\/ul>\n\n\n\n<h3 class=\"wp-block-heading\">T<\/h3>\n\n\n\n<ul class=\"wp-block-list\">\n<li><em>Tablo S\u0131n\u0131rlar\u0131<\/em>: Bir masada izin verilen minimum ve maksimum bahisler.<\/li>\n\n\n\n<li><em>Turnuva<\/em>: Oyuncular\u0131n bir \u00f6d\u00fcl i\u00e7in birbirlerine kar\u015f\u0131 yar\u0131\u015ft\u0131\u011f\u0131 bir yar\u0131\u015fma.<\/li>\n\n\n\n<li><em>Geziler<\/em>: Pokerde bir t\u00fcr\u00fcn \u00fc\u00e7\u00fcnden olu\u015fan bir el.<\/li>\n<\/ul>\n\n\n\n<h3 class=\"wp-block-heading\">U<\/h3>\n\n\n\n<ul class=\"wp-block-list\">\n<li><em>Yukar\u0131 Kart<\/em>: Blackjack'te, krupiyenin oyuncular taraf\u0131ndan g\u00f6r\u00fclebilen a\u00e7\u0131k kart\u0131.<\/li>\n\n\n\n<li><em>Birim<\/em>: Bir oyundaki minimum bahis boyutu.<\/li>\n<\/ul>\n\n\n\n<h3 class=\"wp-block-heading\">V<\/h3>\n\n\n\n<ul class=\"wp-block-list\">\n<li><em>Vigorish<\/em>: Bir bahis\u00e7inin bir bahsi kabul etmek i\u00e7in ald\u0131\u011f\u0131 \u00fccret.<\/li>\n\n\n\n<li><em>VIP<\/em>: Kumarhane taraf\u0131ndan \u00f6zel muamele g\u00f6ren y\u00fcksek stat\u00fcl\u00fc oyuncu.<\/li>\n<\/ul>\n\n\n\n<h3 class=\"wp-block-heading\">W<\/h3>\n\n\n\n<ul class=\"wp-block-list\">\n<li><em>Balina<\/em>: \u00c7ok b\u00fcy\u00fck miktarlarda para yat\u0131ran bir oyuncuyu tan\u0131mlamak i\u00e7in kullan\u0131lan bir terim.<\/li>\n\n\n\n<li><em>Wild Card<\/em>: Baz\u0131 oyunlarda di\u011fer kartlar gibi kullan\u0131labilen bir kart.<\/li>\n\n\n\n<li><em>Kazanan El<\/em>: Oyunu kazand\u0131ran el.<\/li>\n<\/ul>\n\n\n\n<h3 class=\"wp-block-heading\">X<\/h3>\n\n\n\n<ul class=\"wp-block-list\">\n<li><em>X-Ray G\u00f6r\u00fc\u015f\u00fc<\/em>: Bir kumarhanede kartlar\u0131n veya di\u011fer nesnelerin i\u00e7ini g\u00f6rebilme yetene\u011fini tan\u0131mlamak i\u00e7in kullan\u0131lan bir terim.<\/li>\n<\/ul>\n\n\n\n<h3 class=\"wp-block-heading\">Y<\/h3>\n\n\n\n<ul class=\"wp-block-list\">\n<li><em>Sar\u0131<\/em>: Kumarhanedeki $1,000'lik \u00e7ip i\u00e7in argo.<\/li>\n<\/ul>\n\n\n\n<h3 class=\"wp-block-heading\">Z<\/h3>\n\n\n\n<ul class=\"wp-block-list\">\n<li><em>S\u0131f\u0131r<\/em>: Rulet \u00e7ark\u0131nda ye\u015fil olan ve k\u0131rm\u0131z\u0131 veya siyah gruba ait olmayan say\u0131.<\/li>\n<\/ul>\n\n\n\n<div class=\"wp-block-group alignfull gallery_section has-poka-boxes-background-color-alt-background-color has-background is-layout-constrained wp-block-group-is-layout-constrained\"><div class=\"wp-block-group__inner-container\">\n<p class=\"has-medium-font-size\"><strong>Daha fazlas\u0131n\u0131 ke\u015ffedin:<\/strong><\/p>\n\n\n\n<div class=\"types-gallery\">\r\n\t  <a class=\"item\" href=\"https:\/\/outkast-shop.com\/tr\/anonymous-casinos\/\"><img decoding=\"async\" src=\"\/wp-content\/uploads\/2023\/06\/ct4.png\" alt=\"Anonim Kumarhaneler simgesi\"><span>Anonim Kumarhaneler<\/span><\/a>\r\n      <a class=\"item\" href=\"https:\/\/outkast-shop.com\/tr\/blockchain-casinos\/\"><img decoding=\"async\" src=\"\/wp-content\/uploads\/2023\/06\/ct2.png\" alt=\"Blockchain Kumarhaneleri simgesi\"><span>Blockchain Kumarhaneleri<\/span><\/a>\r\n      <a class=\"item\" href=\"https:\/\/outkast-shop.com\/tr\/merkezi-olmayan-kumarhaneler\/\"><img decoding=\"async\" src=\"\/wp-content\/uploads\/2023\/06\/ct5.png\" alt=\"Merkezi Olmayan Kumarhaneler simgesi\"><span>Merkezi Olmayan Kumarhaneler<\/span><\/a>\r\n      <a class=\"item\" href=\"https:\/\/outkast-shop.com\/tr\/hybrid-online-casinos\/\"><img decoding=\"async\" src=\"\/wp-content\/uploads\/2023\/06\/ct3.png\" alt=\"Hibrit Kumarhaneler simgesi\"><span>Hibrit Kumarhaneler<\/span><\/a>\r\n      <a class=\"item\" href=\"https:\/\/outkast-shop.com\/tr\/new-crypto-casinos\/\"><img decoding=\"async\" src=\"\/wp-content\/uploads\/2023\/06\/ct6-1.png\" alt=\"Yeni Crypto Casinos simgesi\"><span>Yeni Crypto Casinos<\/span><\/a>\r\n      <a class=\"item\" href=\"https:\/\/outkast-shop.com\/tr\/nft-casinos\/\"><img decoding=\"async\" src=\"\/wp-content\/uploads\/2023\/06\/ct7-1.png\" alt=\"NFT Kumarhaneleri simgesi\"><span>NFT Kumarhaneleri<\/span><\/a>     \r\n<\/div>\n<\/div><\/div>\n\n\n\n<div class=\"wp-block-group alignfull has-background is-layout-flow wp-container-16\" style=\"padding-top:60px;padding-right:0px;padding-bottom:10px;padding-left:0px; background:#1d2730;\"><div class=\"wp-block-group__inner-container\">\n<div class=\"wp-block-columns are-vertically-aligned-center is-layout-flex wp-container-15\">\n<div class=\"wp-block-column is-vertically-aligned-center is-layout-flow\" style=\"flex-basis:100%\">\n<div class=\"wp-block-group is-layout-flow\"><div class=\"wp-block-group__inner-container\">\n<div class=\"wp-block-columns is-layout-flex wp-container-12\" style=\"padding-right:20px;padding-left:20px\">\n<div class=\"wp-block-column is-vertically-aligned-center is-layout-flow\" style=\"padding-top:20px;padding-bottom:20px;flex-basis:70%\">\n<p class=\"has-text-align-left has-white-color has-text-color wp-block-heading\" style=\"font-size:46px;font-style:normal;font-weight:300;margin-top:10px;margin-right:0px;margin-bottom:10px;margin-left:0px\">Hemen Oynamaya Ba\u015flay\u0131n!<\/p>\n<\/div>\n\n\n\n<div class=\"wp-block-column is-vertically-aligned-center is-layout-flow\" style=\"padding-top:10px;padding-bottom:10px;flex-basis:30%\"><div class=\"wp-block-poka-button\">\n<a class=\"wp-block-button__link has-vivid-red-background-color has-background\" href=\"https:\/\/outkast-shop.com\/tr\/go\/play\/\" style=\"border-radius:100px\"><strong>\u015eimdi oynay\u0131n!<\/strong><\/a>\n\n\t\t<\/div><\/div>\n<\/div>\n<\/div><\/div>\n<\/div>\n<\/div>\n<\/div><\/div>\n\n\n\n<div class=\"wp-block-group alignfull gallery_section has-poka-boxes-background-color-alt-background-color has-background is-layout-constrained wp-block-group-is-layout-constrained\"><div class=\"wp-block-group__inner-container\">\n<p class=\"has-medium-font-size\"><strong><strong>En \u0130yi Kriptolar:<\/strong><\/strong><\/p>\n\n\n\n<div class=\"icons-galley\">\r\n\t\t  <a class=\"item\" href=\"https:\/\/outkast-shop.com\/tr\/bitcoin-casinos\/\"><img decoding=\"async\" src=\"\/wp-content\/uploads\/2023\/06\/btc.png\" alt=\"Bitcoin Kumarhaneler simgesi\"><span>BTC Kumarhaneler<\/span><\/a>\r\n\t  <a class=\"item\" href=\"https:\/\/outkast-shop.com\/tr\/ethereum-casinos\/\"><img decoding=\"async\" src=\"\/wp-content\/uploads\/2023\/06\/eth.png\" alt=\"Ethereum Kumarhaneler simgesi\"><span>ETH Kumarhaneler<\/span><\/a>\r\n\t  <a class=\"item\" href=\"https:\/\/outkast-shop.com\/tr\/tether-casinos\/\"><img decoding=\"async\" src=\"\/wp-content\/uploads\/2023\/06\/usdt.png\" alt=\"Tether Kumarhaneler simgesi\"><span>USDT Kumarhaneler<\/span><\/a>\r\n\t  <a class=\"item\" href=\"https:\/\/outkast-shop.com\/tr\/litecoin-casinos\/\"><img decoding=\"async\" src=\"\/wp-content\/uploads\/2023\/06\/ltc.png\" alt=\"Litecoin Kumarhaneler simgesi\"><span>LTC Kumarhaneler<\/span><\/a>\r\n\t  <a class=\"item\" href=\"https:\/\/outkast-shop.com\/tr\/dogecoin-casinos\/\"><img decoding=\"async\" src=\"\/wp-content\/uploads\/2023\/06\/doge.png\" alt=\"Dogecoin kumarhane simgesi\"><span>Doge Kumarhaneler<\/span><\/a>\r\n\t  <a class=\"item\" href=\"https:\/\/outkast-shop.com\/tr\/ripple-casinos\/\"><img decoding=\"async\" src=\"\/wp-content\/uploads\/2023\/06\/xrp.png\" alt=\"Ripple Kumarhaneler simgesi\"><span>XRP Kumarhaneler<\/span><\/a>\r\n\t  <a class=\"item\" href=\"https:\/\/outkast-shop.com\/tr\/bitcoin-cash-casinos\/\"><img decoding=\"async\" src=\"\/wp-content\/uploads\/2023\/06\/bch.png\" alt=\"Bitcoin Cash kumarhane simgesi\"><span>BCH Kumarhaneleri<\/span><\/a>\r\n\t  <a class=\"item\" href=\"https:\/\/outkast-shop.com\/tr\/tron-casinos\/\"><img decoding=\"async\" src=\"\/wp-content\/uploads\/2023\/06\/trx.png\" alt=\"Tron kumarhane simgesi\"><span>TRX<\/span><\/a> \r\n\t  <a class=\"item\" href=\"https:\/\/outkast-shop.com\/tr\/cardano-casinos\/\"><img decoding=\"async\" src=\"\/wp-content\/uploads\/2023\/06\/ada.png\" alt=\"Ada kumarhaneleri simgesi\"><span>Ada Kumarhaneleri<\/span><\/a>\r\n      <a class=\"item\" href=\"https:\/\/outkast-shop.com\/tr\/binance-coin-casinos\/\"><img decoding=\"async\" src=\"\/wp-content\/uploads\/2023\/06\/bnb.png\" alt=\"Bnb kumarhaneleri simgesi\"><span>BNB Kumarhaneler<\/span><\/a>\r\n      <a class=\"item\" href=\"https:\/\/outkast-shop.com\/tr\/dash-casinos\/\"><img decoding=\"async\" src=\"\/wp-content\/uploads\/2023\/06\/dash.png\" alt=\"Dash kumarhane simgesi\"><span>Dash Kumarhaneler<\/span><\/a>\r\n      <a class=\"item\" href=\"https:\/\/outkast-shop.com\/tr\/shiba-inu-casinos\/\"><img decoding=\"async\" src=\"\/wp-content\/uploads\/2023\/06\/shib.png\" alt=\"Shiba Inu kumarhane simgesi\"><span>Shiba Kumarhaneleri<\/span><\/a>\r\n      <a class=\"item\" href=\"https:\/\/outkast-shop.com\/tr\/solana-casinos\/\"><img decoding=\"async\" src=\"\/wp-content\/uploads\/2023\/06\/sol.png\" alt=\"Solana casionos simgesi\"><span>SOL Kumarhaneleri<\/span><\/a>\r\n      <a class=\"item\" href=\"https:\/\/outkast-shop.com\/tr\/monero-casinos\/\"><img decoding=\"async\" src=\"\/wp-content\/uploads\/2023\/06\/xmr.png\" alt=\"Xmr kumarhaneleri simgesi\"><span>XMR Kumarhaneleri<\/span><\/a>     \r\n<\/div>\n<\/div><\/div>","protected":false},"excerpt":{"rendered":"<p>Kumar Terminolojisi S\u00f6zl\u00fc\u011f\u00fc Kumar heyecan verici ve kazan\u00e7l\u0131 bir hobi olabilir, ancak oyuna dalmadan \u00f6nce terminolojiyi ve oyun kurallar\u0131n\u0131 anlamak \u00f6nemlidir. Bu kapsaml\u0131 k\u0131lavuz, kumarhanelerde ve kumarda kullan\u0131lan en yayg\u0131n terimlerden baz\u0131lar\u0131na genel bir bak\u0131\u015f sa\u011flayacakt\u0131r. Casino S\u00f6zl\u00fc\u011f\u00fc ve Kumar Terminolojisi A B C D E [...]<\/p>","protected":false},"author":1,"featured_media":0,"parent":0,"menu_order":0,"comment_status":"closed","ping_status":"closed","template":"","meta":{"_mi_skip_tracking":false,"_monsterinsights_sitenote_active":false,"_monsterinsights_sitenote_note":"","_monsterinsights_sitenote_category":0,"footnotes":""},"class_list":["post-2342","page","type-page","status-publish","hentry"],"acf":[],"yoast_head":"<!-- This site is optimized with the Yoast SEO plugin v22.8 - https:\/\/yoast.com\/wordpress\/plugins\/seo\/ -->\n<title>Gambling Glossary and Casino Terminology<\/title>\n<meta name=\"description\" content=\"Gambling can be an exciting and lucrative hobby, but it&#039;s important to understand the terminology and rules of the games before diving in.\" \/>\n<meta name=\"robots\" content=\"index, follow, max-snippet:-1, max-image-preview:large, max-video-preview:-1\" \/>\n<link rel=\"canonical\" href=\"https:\/\/outkast-shop.com\/tr\/\uac9c\ube14\ub9c1-\uc6a9\uc5b4\uc9d1\/\" \/>\n<meta property=\"og:locale\" content=\"tr_TR\" \/>\n<meta property=\"og:type\" content=\"article\" \/>\n<meta property=\"og:title\" content=\"Gambling Glossary and Casino Terminology\" \/>\n<meta property=\"og:description\" content=\"Gambling can be an exciting and lucrative hobby, but it&#039;s important to understand the terminology and rules of the games before diving in.\" \/>\n<meta property=\"og:url\" content=\"https:\/\/outkast-shop.com\/tr\/\uac9c\ube14\ub9c1-\uc6a9\uc5b4\uc9d1\/\" \/>\n<meta property=\"og:site_name\" content=\"Crypto Casino\" \/>\n<meta property=\"article:modified_time\" content=\"2023-06-26T10:12:18+00:00\" \/>\n<meta property=\"og:image\" content=\"https:\/\/outkast-shop.com\/wp-content\/uploads\/2023\/06\/gambling-terminology-glossary-min.jpg\" \/>\n<meta name=\"twitter:card\" content=\"summary_large_image\" \/>\n<meta name=\"twitter:label1\" content=\"Tahmini okuma s\u00fcresi\" \/>\n\t<meta name=\"twitter:data1\" content=\"5 dakika\" \/>\n<!-- \/ Yoast SEO plugin. -->","yoast_head_json":{"title":"Gambling Glossary and Casino Terminology","description":"Gambling can be an exciting and lucrative hobby, but it's important to understand the terminology and rules of the games before diving in.","robots":{"index":"index","follow":"follow","max-snippet":"max-snippet:-1","max-image-preview":"max-image-preview:large","max-video-preview":"max-video-preview:-1"},"canonical":"https:\/\/outkast-shop.com\/tr\/\uac9c\ube14\ub9c1-\uc6a9\uc5b4\uc9d1\/","og_locale":"tr_TR","og_type":"article","og_title":"Gambling Glossary and Casino Terminology","og_description":"Gambling can be an exciting and lucrative hobby, but it's important to understand the terminology and rules of the games before diving in.","og_url":"https:\/\/outkast-shop.com\/tr\/\uac9c\ube14\ub9c1-\uc6a9\uc5b4\uc9d1\/","og_site_name":"Crypto Casino","article_modified_time":"2023-06-26T10:12:18+00:00","og_image":[{"url":"https:\/\/outkast-shop.com\/wp-content\/uploads\/2023\/06\/gambling-terminology-glossary-min.jpg"}],"twitter_card":"summary_large_image","twitter_misc":{"Tahmini okuma s\u00fcresi":"5 dakika"},"schema":{"@context":"https:\/\/schema.org","@graph":[{"@type":"WebPage","@id":"https:\/\/outkast-shop.com\/ko\/%ea%b2%9c%eb%b8%94%eb%a7%81-%ec%9a%a9%ec%96%b4%ec%a7%91\/","url":"https:\/\/outkast-shop.com\/ko\/%ea%b2%9c%eb%b8%94%eb%a7%81-%ec%9a%a9%ec%96%b4%ec%a7%91\/","name":"Gambling Glossary and Casino Terminology","isPartOf":{"@id":"https:\/\/outkast-shop.com\/#website"},"primaryImageOfPage":{"@id":"https:\/\/outkast-shop.com\/ko\/%ea%b2%9c%eb%b8%94%eb%a7%81-%ec%9a%a9%ec%96%b4%ec%a7%91\/#primaryimage"},"image":{"@id":"https:\/\/outkast-shop.com\/ko\/%ea%b2%9c%eb%b8%94%eb%a7%81-%ec%9a%a9%ec%96%b4%ec%a7%91\/#primaryimage"},"thumbnailUrl":"https:\/\/outkast-shop.com\/wp-content\/uploads\/2023\/06\/gambling-terminology-glossary-min.jpg","datePublished":"2023-06-26T09:25:06+00:00","dateModified":"2023-06-26T10:12:18+00:00","description":"Gambling can be an exciting and lucrative hobby, but it's important to understand the terminology and rules of the games before diving in.","breadcrumb":{"@id":"https:\/\/outkast-shop.com\/ko\/%ea%b2%9c%eb%b8%94%eb%a7%81-%ec%9a%a9%ec%96%b4%ec%a7%91\/#breadcrumb"},"inLanguage":"tr","potentialAction":[{"@type":"ReadAction","target":["https:\/\/outkast-shop.com\/ko\/%ea%b2%9c%eb%b8%94%eb%a7%81-%ec%9a%a9%ec%96%b4%ec%a7%91\/"]}]},{"@type":"ImageObject","inLanguage":"tr","@id":"https:\/\/outkast-shop.com\/ko\/%ea%b2%9c%eb%b8%94%eb%a7%81-%ec%9a%a9%ec%96%b4%ec%a7%91\/#primaryimage","url":"https:\/\/outkast-shop.com\/wp-content\/uploads\/2023\/06\/gambling-terminology-glossary-min.jpg","contentUrl":"https:\/\/outkast-shop.com\/wp-content\/uploads\/2023\/06\/gambling-terminology-glossary-min.jpg"},{"@type":"BreadcrumbList","@id":"https:\/\/outkast-shop.com\/ko\/%ea%b2%9c%eb%b8%94%eb%a7%81-%ec%9a%a9%ec%96%b4%ec%a7%91\/#breadcrumb","itemListElement":[{"@type":"ListItem","position":1,"name":"Home","item":"https:\/\/outkast-shop.com\/"},{"@type":"ListItem","position":2,"name":"Gambling Terminology Glossary"}]},{"@type":"WebSite","@id":"https:\/\/outkast-shop.com\/#website","url":"https:\/\/outkast-shop.com\/","name":"Crypto Casino","description":"","publisher":{"@id":"https:\/\/outkast-shop.com\/#organization"},"potentialAction":[{"@type":"SearchAction","target":{"@type":"EntryPoint","urlTemplate":"https:\/\/outkast-shop.com\/?s={search_term_string}"},"query-input":"required name=search_term_string"}],"inLanguage":"tr"},{"@type":"Organization","@id":"https:\/\/outkast-shop.com\/#organization","name":"Outkast Roller","alternateName":"outkast-shop.com","url":"https:\/\/outkast-shop.com\/","logo":{"@type":"ImageObject","inLanguage":"tr","@id":"https:\/\/outkast-shop.com\/#\/schema\/logo\/image\/","url":"https:\/\/outkast-shop.com\/wp-content\/uploads\/2023\/06\/long-logo.png","contentUrl":"https:\/\/outkast-shop.com\/wp-content\/uploads\/2023\/06\/long-logo.png","width":326,"height":75,"caption":"Outkast Roller"},"image":{"@id":"https:\/\/outkast-shop.com\/#\/schema\/logo\/image\/"}}]}},"_links":{"self":[{"href":"https:\/\/outkast-shop.com\/tr\/wp-json\/wp\/v2\/pages\/2342","targetHints":{"allow":["GET"]}}],"collection":[{"href":"https:\/\/outkast-shop.com\/tr\/wp-json\/wp\/v2\/pages"}],"about":[{"href":"https:\/\/outkast-shop.com\/tr\/wp-json\/wp\/v2\/types\/page"}],"author":[{"embeddable":true,"href":"https:\/\/outkast-shop.com\/tr\/wp-json\/wp\/v2\/users\/1"}],"replies":[{"embeddable":true,"href":"https:\/\/outkast-shop.com\/tr\/wp-json\/wp\/v2\/comments?post=2342"}],"version-history":[{"count":0,"href":"https:\/\/outkast-shop.com\/tr\/wp-json\/wp\/v2\/pages\/2342\/revisions"}],"wp:attachment":[{"href":"https:\/\/outkast-shop.com\/tr\/wp-json\/wp\/v2\/media?parent=2342"}],"curies":[{"name":"wp","href":"https:\/\/api.w.org\/{rel}","templated":true}]}}