{"id":2350,"date":"2023-06-26T10:12:59","date_gmt":"2023-06-26T10:12:59","guid":{"rendered":"https:\/\/outkast-shop.com\/?page_id=2350"},"modified":"2023-06-26T10:13:01","modified_gmt":"2023-06-26T10:13:01","slug":"terms-of-use","status":"publish","type":"page","link":"https:\/\/outkast-shop.com\/tr\/kullanim-sartlari\/","title":{"rendered":"Kullan\u0131m Ko\u015fullar\u0131"},"content":{"rendered":"<h1 class=\"wp-block-heading has-text-align-center\">Kullan\u0131m Ko\u015fullar\u0131<\/h1>\n\n\n\n<p>A\u015fa\u011f\u0131dakiler i\u00e7in Kullan\u0131m Ko\u015fullar\u0131 <a href=\"https:\/\/outkast-shop.com\/tr\/\">outkast-shop.com<\/a>. Outkast Roller Gizlilik Politikas\u0131'n\u0131n sitenin ve hizmetlerinin kullan\u0131m\u0131 i\u00e7in ge\u00e7erli oldu\u011funu ve burada bulunabilece\u011fini l\u00fctfen unutmay\u0131n.<\/p>\n\n\n\n<p>Siteyi kullanarak Kullan\u0131m Ko\u015fullar\u0131m\u0131z\u0131 ve Gizlilik Politikam\u0131z\u0131 kabul etmi\u015f olursunuz. Bunlar, S\u00f6zle\u015fme kapsam\u0131nda siteyi, hizmetleri veya yaz\u0131l\u0131m\u0131 kullanan herkes i\u00e7in ge\u00e7erlidir. L\u00fctfen kullanmadan \u00f6nce dikkatlice okuyunuz.<\/p>\n\n\n\n<p>Siteyi ziyaret ederek, a\u015fa\u011f\u0131daki kullan\u0131m ko\u015fullar\u0131n\u0131 kabul etmi\u015f ve bunlara ba\u011fl\u0131 kalm\u0131\u015f olursunuz:<\/p>\n\n\n\n<ol class=\"wp-block-list\">\n<li>Bu sitedeki i\u00e7erik sadece bilgi ama\u00e7l\u0131d\u0131r. Bu web sitesinde veya taraf\u0131m\u0131zdan g\u00f6nderilen tan\u0131t\u0131m e-postalar\u0131nda bulunan bilgilere dayanarak yap\u0131lan herhangi bir i\u015flemden sorumlu de\u011filiz.<\/li>\n\n\n\n<li>\u00c7evrimi\u00e7i kumar oynam\u0131yoruz ve bahisler veya bahisler i\u00e7in herhangi bir \u00e7evrimi\u00e7i parasal i\u015flem ger\u00e7ekle\u015ftirmiyoruz.<\/li>\n\n\n\n<li>Siteyi kullanarak, web sitesinin herhangi bir b\u00f6l\u00fcm\u00fcn\u00fc yasad\u0131\u015f\u0131 veya yasa d\u0131\u015f\u0131 faaliyetler i\u00e7in kullanmamay\u0131 kabul edersiniz. Siteyi ilgili t\u00fcm yarg\u0131 yasalar\u0131na uygun olarak kullanmay\u0131 kabul edersiniz. Kullan\u0131m ko\u015fullar\u0131m\u0131z\u0131 ihlal etmenizden kaynaklanabilecek her t\u00fcrl\u00fc kay\u0131p, zarar, maliyet ve y\u00fck\u00fcml\u00fcl\u00fckten sorumlu tutulacaks\u0131n\u0131z.<\/li>\n\n\n\n<li>Sitenin normal i\u015fleyi\u015fine zarar verebilecek veya m\u00fcdahale edebilecek herhangi bir zararl\u0131 yaz\u0131l\u0131m y\u00fcklememeyi kabul edersiniz.<\/li>\n\n\n\n<li>Rahats\u0131z edici, uygunsuz veya spam i\u00e7erikler de dahil olmak \u00fczere sald\u0131rgan, uygunsuz, ahlaks\u0131z, m\u00fcstehcen veya sak\u0131ncal\u0131 i\u00e7erikler y\u00fcklemeyin. Bu t\u00fcr i\u00e7erikleri \u00f6nceden bildirim veya a\u00e7\u0131klama yapmadan kald\u0131rabiliriz.<\/li>\n<\/ol>\n\n\n\n<p>\u0130\u00e7eri\u011fimize harici web sitelerine veya kaynaklara ba\u011flant\u0131lar dahil edilebilir. Sitemizi kullanarak, bu harici sitelerdeki veya kaynaklardaki yan\u0131lt\u0131c\u0131 veya karalay\u0131c\u0131 i\u00e7erikten sorumlu olmad\u0131\u011f\u0131m\u0131z\u0131 kabul etmi\u015f olursunuz. Bu harici sitelerin Gizlilik Politikas\u0131, reklam, i\u00e7erik, \u00fcr\u00fcn, malzeme veya hizmetlerini onaylam\u0131yor veya sorumluluk alm\u0131yoruz. Bu harici sitelerin veya kaynaklar\u0131n neden oldu\u011fu veya neden oldu\u011fu iddia edilen herhangi bir kay\u0131p, hasar veya su\u00e7tan sorumlu de\u011filiz.<\/p>\n\n\n\n<p>Site ve t\u00fcm reklam verenlerimiz, a\u015fa\u011f\u0131dakileri i\u00e7eren kat\u0131 bir uygulama kural\u0131na ba\u011fl\u0131d\u0131r:<\/p>\n\n\n\n<ul class=\"wp-block-list\">\n<li>Kumar\u0131n bir su\u00e7 veya d\u00fczensizlik kayna\u011f\u0131 olmas\u0131n\u0131 veya su\u00e7 ve d\u00fczensizli\u011fi desteklemek i\u00e7in kumar\u0131 onaylayan veya kullanan herhangi bir ki\u015fi veya kurumla ba\u011flant\u0131l\u0131 olmas\u0131n\u0131 \u00f6nleyin.<\/li>\n\n\n\n<li>Kumar\u0131n her t\u00fcr\u00fcn\u00fcn adil ve g\u00fcvenli bir \u015fekilde y\u00fcr\u00fct\u00fclmesini sa\u011flamak.<\/li>\n\n\n\n<li>K\u00fc\u00e7\u00fckleri ve di\u011fer savunmas\u0131z ki\u015fileri kumara maruz kalmaktan veya kumardan istismar edilmekten veya zarar g\u00f6rmekten korumak.<\/li>\n<\/ul>\n\n\n\n<p>Yukar\u0131daki hedefleri her zaman g\u00f6z \u00f6n\u00fcnde bulunduracak ve bu hedeflerle tutarl\u0131 ve adil bir \u015fekilde hareket edece\u011fiz.<\/p>\n\n\n\n<p>Sitemizde bulunan t\u00fcm i\u00e7eri\u011fin her zaman do\u011fru, hatas\u0131z ve kesin olmas\u0131n\u0131 sa\u011flamak i\u00e7in elimizden geleni yapaca\u011f\u0131z. Bununla birlikte, \u00fc\u00e7\u00fcnc\u00fc taraf web siteleri ve kaynaklar\u0131 taraf\u0131ndan sa\u011flanan bilgilerin do\u011frulu\u011funu garanti edemeyiz.<\/p>\n\n\n\n<p>L\u00fctfen web sitemizdeki t\u00fcm materyalleri, kaynaklar\u0131 ve ba\u011flant\u0131lar\u0131 kendi sorumlulu\u011funuzda kullan\u0131n. Bu materyallerin veya ba\u011flant\u0131lar\u0131n do\u011frudan veya dolayl\u0131 olarak neden oldu\u011fu herhangi bir kay\u0131p, hasar veya y\u00fck\u00fcml\u00fcl\u00fck i\u00e7in herhangi bir sorumluluk kabul etmiyoruz.<\/p>\n\n\n\n<p>Web sitesi kullan\u0131c\u0131lar\u0131, asgari ya\u015f gereksinimleri de dahil olmak \u00fczere, ikamet etti\u011finiz \u00fclkedeki \u00e7evrimi\u00e7i kumar faaliyetlerine ili\u015fkin kurallar\u0131 \u00f6\u011frenmek ve anlamaktan sorumludur. Bununla birlikte, \u00fclkeniz taraf\u0131ndan uygulanan kumar yasalar\u0131na uydu\u011funuzdan ve minimum gereksinimleri kar\u015f\u0131lad\u0131\u011f\u0131n\u0131zdan emin olmak size kalm\u0131\u015ft\u0131r.<\/p>\n\n\n\n<h2 class=\"wp-block-heading\">KULLANIM \u015eARTLARIMIZI KABUL ETMEK<\/h2>\n\n\n\n<p>Sitemizi kullanarak Kullan\u0131m Ko\u015fullar\u0131m\u0131z\u0131 kabul etmi\u015f olursunuz. \u015eartlardan herhangi birini kabul etmiyorsan\u0131z, l\u00fctfen siteyi ve hizmetlerini kullanmay\u0131 b\u0131rak\u0131n. S\u00f6zle\u015fme \u015fartlar\u0131n\u0131 zaman zaman g\u00fcncelleyebiliriz ve de\u011fi\u015fiklikleri size bildirece\u011fiz. Sitemizi tekrar kullanmadan \u00f6nce g\u00fcncellenmi\u015f \u015fartlar\u0131 g\u00f6zden ge\u00e7irmek ve herhangi bir de\u011fi\u015fiklik olup olmad\u0131\u011f\u0131n\u0131 d\u00fczenli olarak kontrol etmek sizin sorumlulu\u011funuzdad\u0131r. Sitemizdeki hizmetleri kullan\u0131m\u0131n\u0131z\u0131 herhangi bir zamanda, herhangi bir nedenle, tamamen kendi takdirimize ba\u011fl\u0131 olarak ask\u0131ya alma veya sonland\u0131rma hakk\u0131m\u0131z\u0131 sakl\u0131 tutar\u0131z.<\/p>\n\n\n\n<h2 class=\"wp-block-heading\">SI\u0307TE VE HI\u0307ZMETLERI\u0307N KULLANIMI<\/h2>\n\n\n\n<p>Ziyaret\u00e7iler, sitemizi ve hizmetlerimizi kullanmak i\u00e7in 18 ya\u015f\u0131nda veya daha b\u00fcy\u00fck olmal\u0131 ya da ikamet ettikleri \u00fclkede yasal kullan\u0131m ya\u015f\u0131na ula\u015fmal\u0131d\u0131r. Site ve i\u00e7eri\u011fi yasal ya\u015f\u0131n alt\u0131ndakiler i\u00e7in tasarlanmam\u0131\u015ft\u0131r. Sitemiz kumarhane oyunlar\u0131 ve kumar end\u00fcstrisi hakk\u0131nda bilgi sa\u011flar. Kullan\u0131m\u0131 \u00fccretsizdir ve sadece bilgilendirme ama\u00e7l\u0131d\u0131r. Herhangi bir \u00e7evrimi\u00e7i kumarhane veya poker sitesi i\u015fletmiyoruz ve bu nedenle bahisler veya bahisler i\u00e7in parasal i\u015flemleri kabul etmiyoruz.<\/p>\n\n\n\n<h2 class=\"wp-block-heading\">YASAKLANAN FAALI\u0307YETLER<\/h2>\n\n\n\n<p>Siteyi ziyaret ederek, yasaklanm\u0131\u015f herhangi bir faaliyette bulunmaktan ka\u00e7\u0131nmay\u0131 kabul etmi\u015f olursunuz.<\/p>\n\n\n\n<ul class=\"wp-block-list\">\n<li>Sitenin di\u011fer kullan\u0131c\u0131lar\u0131n\u0131n ki\u015fisel verilerini almak veya ele ge\u00e7irmek<\/li>\n\n\n\n<li>Siteyi ve hizmetlerini herhangi bir karanl\u0131k faaliyet i\u00e7in kullanmak<\/li>\n\n\n\n<li>\u0130\u00e7eri\u011fini veya kaynak kodlar\u0131n\u0131 kendi ki\u015fisel veya profesyonel kullan\u0131m\u0131n\u0131z i\u00e7in kopyalamak, yaymak, kullanmak, de\u011fi\u015ftirmek, terc\u00fcme etmek veya de\u011fi\u015ftirmek.<\/li>\n\n\n\n<li>Otomatik olsun ya da olmas\u0131n, herhangi bir veriyi veya bilgiyi yasa d\u0131\u015f\u0131 veya sinsi yollarla toplamak.<\/li>\n\n\n\n<li>Site veya hizmetler hakk\u0131nda \u00fc\u00e7\u00fcnc\u00fc taraflara bilgi vermek.<\/li>\n\n\n\n<li>Siteye veya hizmetlere herhangi bir kabataslak k\u00f6t\u00fc ama\u00e7l\u0131 yaz\u0131l\u0131m, vir\u00fcs, truva at\u0131, solucan, casus bot veya benzerlerini y\u00fcklemek veya da\u011f\u0131tmak.<\/li>\n\n\n\n<li>Siteyi k\u0131r\u0131n veya siteye sinsi yollarla eri\u015fin.<\/li>\n<\/ul>\n\n\n\n<h2 class=\"wp-block-heading\">\u00dc\u00c7\u00dcNC\u00dc TARAF I\u00c7ERI\u011eI<\/h2>\n\n\n\n<p>Sitemiz \u00fc\u00e7\u00fcnc\u00fc taraf web sitelerine, hizmetlerine veya \u00fcr\u00fcnlerine k\u00f6pr\u00fcler i\u00e7erebilir. \u00dc\u00e7\u00fcnc\u00fc taraf i\u00e7eriklerinden biz sorumlu de\u011filiz. Ayr\u0131ca, herhangi bir \u00fc\u00e7\u00fcnc\u00fc taraf \u00fcr\u00fcn\u00fcn\u00fc veya hizmetini desteklemiyoruz. Sitemizden ba\u011flant\u0131 verilen t\u00fcm \u00fc\u00e7\u00fcnc\u00fc taraf hizmetlerini kullanmak sizin sorumlulu\u011funuzdad\u0131r. \u00dc\u00e7\u00fcnc\u00fc taraf k\u00f6pr\u00fclerini kullanma riski size aittir.<\/p>\n\n\n\n<h2 class=\"wp-block-heading\">OYUN HI\u0307ZMETLERI\u0307<\/h2>\n\n\n\n<p>Bu site yaln\u0131zca bilgilendirme ve e\u011flence ama\u00e7l\u0131d\u0131r, kumarhane oyunlar\u0131 ve kumar end\u00fcstrisi hakk\u0131nda bilgi sa\u011flar. Kumar hizmetleri ve \u00e7evrimi\u00e7i oyunlarla ilgili k\u00f6pr\u00fcler i\u00e7erebilir veya \u00fc\u00e7\u00fcnc\u00fc taraf i\u00e7eriklerinin reklam\u0131n\u0131 yapabiliriz. Hizmetlerimiz, 18 ya\u015f\u0131ndan b\u00fcy\u00fck ve \u00e7evrimi\u00e7i kumar\u0131n yasal oldu\u011fu bir yarg\u0131 alan\u0131nda bulunan kullan\u0131c\u0131lara y\u00f6neliktir. Hizmetlerimizi kullanarak bu gereklilikleri kar\u015f\u0131lad\u0131\u011f\u0131n\u0131z\u0131 kabul etmi\u015f olursunuz. Kumar\u0131n yasall\u0131\u011f\u0131 konusunda tavsiye vermiyoruz ve kendi b\u00f6lgelerindeki yasalar\u0131 anlamak kullan\u0131c\u0131n\u0131n sorumlulu\u011fundad\u0131r. Oyun ve kumar hakk\u0131nda bilgi sa\u011flarken, ki\u015fisel bir se\u00e7im oldu\u011fu i\u00e7in kimseyi bu faaliyetlere kat\u0131lmaya te\u015fvik etmiyoruz.<\/p>\n\n\n\n<h2 class=\"wp-block-heading\">S\u00d6ZLE\u015eMENI\u0307N FESHI\u0307<\/h2>\n\n\n\n<p>S\u00f6zle\u015fmeyi, siteye ve hizmetlere eri\u015fimi herhangi bir zamanda, size \u00f6nceden bildirimde bulunmaks\u0131z\u0131n ve herhangi bir maddi tazminat \u00f6demeksizin feshetme hakk\u0131m\u0131z\u0131 sakl\u0131 tutar\u0131z.<\/p>\n\n\n\n<p>Sitemiz, hedeflerinize ula\u015fman\u0131za yard\u0131mc\u0131 olacak bir dizi hizmet sunmaktad\u0131r ve t\u00fcm kullan\u0131c\u0131lar\u0131m\u0131z i\u00e7in m\u00fcmk\u00fcn olan en iyi deneyimi sa\u011flamaya kararl\u0131y\u0131z. Ancak, gerekli oldu\u011funa inand\u0131\u011f\u0131m\u0131z takdirde bu hizmetleri durdurma hakk\u0131m\u0131z\u0131 sakl\u0131 tutar\u0131z. Bunun nedeni, S\u00f6zle\u015fmenin ihlal edildi\u011fini tespit etmi\u015f olmam\u0131z veya bunu yapmak i\u00e7in ba\u015fka makul gerek\u00e7elerimiz olmas\u0131 olabilir. Bu kararlar\u0131 ciddiye al\u0131yoruz ve her zaman kullan\u0131c\u0131lar\u0131m\u0131za m\u00fcmk\u00fcn oldu\u011funca a\u00e7\u0131k ve \u015feffaf bir \u015fekilde iletmeye \u00e7al\u0131\u015faca\u011f\u0131z. Bize olan g\u00fcveninize ve itimad\u0131n\u0131za de\u011fer veriyoruz ve bunu korumak i\u00e7in \u00e7ok \u00e7al\u0131\u015faca\u011f\u0131z.<\/p>\n\n\n\n<h2 class=\"wp-block-heading\">FERAGAT<\/h2>\n\n\n\n<p>S\u00f6zle\u015fme \u015fartlar\u0131ndan herhangi bir feragatte bulunmayaca\u011f\u0131z.<\/p>","protected":false},"excerpt":{"rendered":"<p>Kullan\u0131m Ko\u015fullar\u0131 A\u015fa\u011f\u0131da outkast-shop.com i\u00e7in Kullan\u0131m Ko\u015fullar\u0131 yer almaktad\u0131r. Outkast Roller Gizlilik Politikas\u0131'n\u0131n sitenin ve hizmetlerinin kullan\u0131m\u0131 i\u00e7in ge\u00e7erli oldu\u011funu ve burada bulunabilece\u011fini l\u00fctfen unutmay\u0131n. Siteyi kullanarak, Kullan\u0131m Ko\u015fullar\u0131m\u0131z\u0131 ve Gizlilik Politikam\u0131z\u0131 kabul etmi\u015f olursunuz. Bunlar, [...] sitesini kullanan herkes i\u00e7in ge\u00e7erlidir.<\/p>","protected":false},"author":1,"featured_media":0,"parent":0,"menu_order":0,"comment_status":"closed","ping_status":"closed","template":"","meta":{"_mi_skip_tracking":false,"_monsterinsights_sitenote_active":false,"_monsterinsights_sitenote_note":"","_monsterinsights_sitenote_category":0,"footnotes":""},"class_list":["post-2350","page","type-page","status-publish","hentry"],"acf":[],"yoast_head":"<!-- This site is optimized with the Yoast SEO plugin v22.8 - https:\/\/yoast.com\/wordpress\/plugins\/seo\/ -->\n<title>Terms of Use - Crypto Casino<\/title>\n<meta name=\"description\" content=\"The following are the Terms of Use for outkast-shop.com. Please note that the Outkast Roller Privacy Policy applies to the use of the site and its services, and can be found here.\" \/>\n<meta name=\"robots\" content=\"index, follow, max-snippet:-1, max-image-preview:large, max-video-preview:-1\" \/>\n<link rel=\"canonical\" href=\"https:\/\/outkast-shop.com\/tr\/kullanim-sartlari\/\" \/>\n<meta property=\"og:locale\" content=\"tr_TR\" \/>\n<meta property=\"og:type\" content=\"article\" \/>\n<meta property=\"og:title\" content=\"Terms of Use - Crypto Casino\" \/>\n<meta property=\"og:description\" content=\"The following are the Terms of Use for outkast-shop.com. Please note that the Outkast Roller Privacy Policy applies to the use of the site and its services, and can be found here.\" \/>\n<meta property=\"og:url\" content=\"https:\/\/outkast-shop.com\/tr\/kullanim-sartlari\/\" \/>\n<meta property=\"og:site_name\" content=\"Crypto Casino\" \/>\n<meta property=\"article:modified_time\" content=\"2023-06-26T10:13:01+00:00\" \/>\n<meta name=\"twitter:card\" content=\"summary_large_image\" \/>\n<meta name=\"twitter:label1\" content=\"Tahmini okuma s\u00fcresi\" \/>\n\t<meta name=\"twitter:data1\" content=\"6 dakika\" \/>\n<!-- \/ Yoast SEO plugin. -->","yoast_head_json":{"title":"Terms of Use - Crypto Casino","description":"The following are the Terms of Use for outkast-shop.com. Please note that the Outkast Roller Privacy Policy applies to the use of the site and its services, and can be found here.","robots":{"index":"index","follow":"follow","max-snippet":"max-snippet:-1","max-image-preview":"max-image-preview:large","max-video-preview":"max-video-preview:-1"},"canonical":"https:\/\/outkast-shop.com\/tr\/kullanim-sartlari\/","og_locale":"tr_TR","og_type":"article","og_title":"Terms of Use - Crypto Casino","og_description":"The following are the Terms of Use for outkast-shop.com. Please note that the Outkast Roller Privacy Policy applies to the use of the site and its services, and can be found here.","og_url":"https:\/\/outkast-shop.com\/tr\/kullanim-sartlari\/","og_site_name":"Crypto Casino","article_modified_time":"2023-06-26T10:13:01+00:00","twitter_card":"summary_large_image","twitter_misc":{"Tahmini okuma s\u00fcresi":"6 dakika"},"schema":{"@context":"https:\/\/schema.org","@graph":[{"@type":"WebPage","@id":"https:\/\/outkast-shop.com\/terms-of-use\/","url":"https:\/\/outkast-shop.com\/terms-of-use\/","name":"Terms of Use - Crypto Casino","isPartOf":{"@id":"https:\/\/outkast-shop.com\/#website"},"datePublished":"2023-06-26T10:12:59+00:00","dateModified":"2023-06-26T10:13:01+00:00","description":"The following are the Terms of Use for outkast-shop.com. Please note that the Outkast Roller Privacy Policy applies to the use of the site and its services, and can be found here.","breadcrumb":{"@id":"https:\/\/outkast-shop.com\/terms-of-use\/#breadcrumb"},"inLanguage":"tr","potentialAction":[{"@type":"ReadAction","target":["https:\/\/outkast-shop.com\/terms-of-use\/"]}]},{"@type":"BreadcrumbList","@id":"https:\/\/outkast-shop.com\/terms-of-use\/#breadcrumb","itemListElement":[{"@type":"ListItem","position":1,"name":"Home","item":"https:\/\/outkast-shop.com\/"},{"@type":"ListItem","position":2,"name":"Terms of Use"}]},{"@type":"WebSite","@id":"https:\/\/outkast-shop.com\/#website","url":"https:\/\/outkast-shop.com\/","name":"Crypto Casino","description":"","publisher":{"@id":"https:\/\/outkast-shop.com\/#organization"},"potentialAction":[{"@type":"SearchAction","target":{"@type":"EntryPoint","urlTemplate":"https:\/\/outkast-shop.com\/?s={search_term_string}"},"query-input":"required name=search_term_string"}],"inLanguage":"tr"},{"@type":"Organization","@id":"https:\/\/outkast-shop.com\/#organization","name":"Outkast Roller","alternateName":"outkast-shop.com","url":"https:\/\/outkast-shop.com\/","logo":{"@type":"ImageObject","inLanguage":"tr","@id":"https:\/\/outkast-shop.com\/#\/schema\/logo\/image\/","url":"https:\/\/outkast-shop.com\/wp-content\/uploads\/2023\/06\/long-logo.png","contentUrl":"https:\/\/outkast-shop.com\/wp-content\/uploads\/2023\/06\/long-logo.png","width":326,"height":75,"caption":"Outkast Roller"},"image":{"@id":"https:\/\/outkast-shop.com\/#\/schema\/logo\/image\/"}}]}},"_links":{"self":[{"href":"https:\/\/outkast-shop.com\/tr\/wp-json\/wp\/v2\/pages\/2350","targetHints":{"allow":["GET"]}}],"collection":[{"href":"https:\/\/outkast-shop.com\/tr\/wp-json\/wp\/v2\/pages"}],"about":[{"href":"https:\/\/outkast-shop.com\/tr\/wp-json\/wp\/v2\/types\/page"}],"author":[{"embeddable":true,"href":"https:\/\/outkast-shop.com\/tr\/wp-json\/wp\/v2\/users\/1"}],"replies":[{"embeddable":true,"href":"https:\/\/outkast-shop.com\/tr\/wp-json\/wp\/v2\/comments?post=2350"}],"version-history":[{"count":0,"href":"https:\/\/outkast-shop.com\/tr\/wp-json\/wp\/v2\/pages\/2350\/revisions"}],"wp:attachment":[{"href":"https:\/\/outkast-shop.com\/tr\/wp-json\/wp\/v2\/media?parent=2350"}],"curies":[{"name":"wp","href":"https:\/\/api.w.org\/{rel}","templated":true}]}}