{"id":2621,"date":"2023-10-17T22:39:42","date_gmt":"2023-10-17T22:39:42","guid":{"rendered":"https:\/\/outkast-shop.com\/?page_id=2621"},"modified":"2023-10-17T22:41:25","modified_gmt":"2023-10-17T22:41:25","slug":"author-denis-mak","status":"publish","type":"page","link":"https:\/\/outkast-shop.com\/tr\/author-denis-mak\/","title":{"rendered":"Denis Mak"},"content":{"rendered":"<h1 class=\"wp-block-heading has-text-align-center\">Denis Mak<\/h1>\n\n\n\n<p class=\"has-text-align-center\">Denis, tutkusunda ger\u00e7ekten ba\u015far\u0131l\u0131 olan inan\u0131lmaz yetenekli bir birey: okuyucular \u00fczerinde kal\u0131c\u0131 bir etki b\u0131rakan ilgi \u00e7ekici ve b\u00fcy\u00fcleyici metinler haz\u0131rlamak.<\/p>\n\n\n\n<figure class=\"wp-block-image aligncenter size-full\"><img decoding=\"async\" width=\"500\" height=\"476\" src=\"https:\/\/outkast-shop.com\/wp-content\/uploads\/2023\/10\/denis-mak-big.jpg\" alt=\"Denis Mak sayfa hakk\u0131nda\" class=\"wp-image-2622\" srcset=\"https:\/\/outkast-shop.com\/wp-content\/uploads\/2023\/10\/denis-mak-big.jpg 500w, https:\/\/outkast-shop.com\/wp-content\/uploads\/2023\/10\/denis-mak-big-300x286.jpg 300w, https:\/\/outkast-shop.com\/wp-content\/uploads\/2023\/10\/denis-mak-big-13x12.jpg 13w, https:\/\/outkast-shop.com\/wp-content\/uploads\/2023\/10\/denis-mak-big-110x105.jpg 110w\" sizes=\"(max-width: 500px) 100vw, 500px\" \/><\/figure>\n\n\n\n<p>iGaming alan\u0131ndaki ola\u011fan\u00fcst\u00fc becerileri ve uzmanl\u0131\u011f\u0131yla Denis, web siteleri i\u00e7in g\u00f6rsel olarak \u00e7arp\u0131c\u0131 i\u00e7erikler olu\u015fturma konusunda ba\u015fvurulacak bir profesyonel haline geldi. \u0130ster kendi web sitesi i\u00e7in birinci s\u0131n\u0131f makaleler \u00fcretiyor ister ba\u015fkalar\u0131yla i\u015fbirli\u011fi yap\u0131yor olsun, Denis yaratt\u0131\u011f\u0131 her i\u00e7eri\u011fin ola\u011fan\u00fcst\u00fc kalitede olmas\u0131n\u0131 sa\u011fl\u0131yor ve okuyucular\u0131n ilgisini \u00e7ekerek deneyimlerini ger\u00e7ekten unutulmaz k\u0131lmay\u0131 garanti ediyor.<\/p>\n\n\n\n<p><strong>Bilgi:<\/strong><\/p>\n\n\n\n<ul class=\"wp-block-list\">\n<li><a href=\"https:\/\/www.facebook.com\/profile.php?id=100083645510467\" target=\"_blank\" rel=\"noreferrer noopener\">Facebook<\/a><\/li>\n\n\n\n<li><a href=\"https:\/\/twitter.com\/DenisMak18\" target=\"_blank\" rel=\"noreferrer noopener\">Twitter<\/a><\/li>\n\n\n\n<li><a href=\"https:\/\/www.youtube.com\/channel\/UChMjmYBn7NFOLKsIpviYZhA\">Youtube<\/a><\/li>\n<\/ul>\n\n\n\n<div class=\"wp-block-group alignfull gallery_section has-poka-boxes-background-color-alt-background-color has-background is-layout-constrained wp-block-group-is-layout-constrained\"><div class=\"wp-block-group__inner-container\">\n<p class=\"has-medium-font-size\"><strong><strong>En \u0130yi Kriptolar:<\/strong><\/strong><\/p>\n\n\n\n<div class=\"icons-galley\">\r\n\t\t  <a class=\"item\" href=\"https:\/\/outkast-shop.com\/tr\/bitcoin-casinos\/\"><img decoding=\"async\" src=\"\/wp-content\/uploads\/2023\/06\/btc.png\" alt=\"Bitcoin Kumarhaneler simgesi\"><span>BTC Kumarhaneler<\/span><\/a>\r\n\t  <a class=\"item\" href=\"https:\/\/outkast-shop.com\/tr\/ethereum-casinos\/\"><img decoding=\"async\" src=\"\/wp-content\/uploads\/2023\/06\/eth.png\" alt=\"Ethereum Kumarhaneler simgesi\"><span>ETH Kumarhaneler<\/span><\/a>\r\n\t  <a class=\"item\" href=\"https:\/\/outkast-shop.com\/tr\/tether-casinos\/\"><img decoding=\"async\" src=\"\/wp-content\/uploads\/2023\/06\/usdt.png\" alt=\"Tether Kumarhaneler simgesi\"><span>USDT Kumarhaneler<\/span><\/a>\r\n\t  <a class=\"item\" href=\"https:\/\/outkast-shop.com\/tr\/litecoin-casinos\/\"><img decoding=\"async\" src=\"\/wp-content\/uploads\/2023\/06\/ltc.png\" alt=\"Litecoin Kumarhaneler simgesi\"><span>LTC Kumarhaneler<\/span><\/a>\r\n\t  <a class=\"item\" href=\"https:\/\/outkast-shop.com\/tr\/dogecoin-casinos\/\"><img decoding=\"async\" src=\"\/wp-content\/uploads\/2023\/06\/doge.png\" alt=\"Dogecoin kumarhane simgesi\"><span>Doge Kumarhaneler<\/span><\/a>\r\n\t  <a class=\"item\" href=\"https:\/\/outkast-shop.com\/tr\/ripple-casinos\/\"><img decoding=\"async\" src=\"\/wp-content\/uploads\/2023\/06\/xrp.png\" alt=\"Ripple Kumarhaneler simgesi\"><span>XRP Kumarhaneler<\/span><\/a>\r\n\t  <a class=\"item\" href=\"https:\/\/outkast-shop.com\/tr\/bitcoin-cash-casinos\/\"><img decoding=\"async\" src=\"\/wp-content\/uploads\/2023\/06\/bch.png\" alt=\"Bitcoin Cash kumarhane simgesi\"><span>BCH Kumarhaneleri<\/span><\/a>\r\n\t  <a class=\"item\" href=\"https:\/\/outkast-shop.com\/tr\/tron-casinos\/\"><img decoding=\"async\" src=\"\/wp-content\/uploads\/2023\/06\/trx.png\" alt=\"Tron kumarhane simgesi\"><span>TRX<\/span><\/a> \r\n\t  <a class=\"item\" href=\"https:\/\/outkast-shop.com\/tr\/cardano-casinos\/\"><img decoding=\"async\" src=\"\/wp-content\/uploads\/2023\/06\/ada.png\" alt=\"Ada kumarhaneleri simgesi\"><span>Ada Kumarhaneleri<\/span><\/a>\r\n      <a class=\"item\" href=\"https:\/\/outkast-shop.com\/tr\/binance-coin-casinos\/\"><img decoding=\"async\" src=\"\/wp-content\/uploads\/2023\/06\/bnb.png\" alt=\"Bnb kumarhaneleri simgesi\"><span>BNB Kumarhaneler<\/span><\/a>\r\n      <a class=\"item\" href=\"https:\/\/outkast-shop.com\/tr\/dash-casinos\/\"><img decoding=\"async\" src=\"\/wp-content\/uploads\/2023\/06\/dash.png\" alt=\"Dash kumarhane simgesi\"><span>Dash Kumarhaneler<\/span><\/a>\r\n      <a class=\"item\" href=\"https:\/\/outkast-shop.com\/tr\/shiba-inu-casinos\/\"><img decoding=\"async\" src=\"\/wp-content\/uploads\/2023\/06\/shib.png\" alt=\"Shiba Inu kumarhane simgesi\"><span>Shiba Kumarhaneleri<\/span><\/a>\r\n      <a class=\"item\" href=\"https:\/\/outkast-shop.com\/tr\/solana-casinos\/\"><img decoding=\"async\" src=\"\/wp-content\/uploads\/2023\/06\/sol.png\" alt=\"Solana casionos simgesi\"><span>SOL Kumarhaneleri<\/span><\/a>\r\n      <a class=\"item\" href=\"https:\/\/outkast-shop.com\/tr\/monero-casinos\/\"><img decoding=\"async\" src=\"\/wp-content\/uploads\/2023\/06\/xmr.png\" alt=\"Xmr kumarhaneleri simgesi\"><span>XMR Kumarhaneleri<\/span><\/a>     \r\n<\/div>\n<\/div><\/div>\n\n\n\n<div class=\"wp-block-group alignfull has-background is-layout-flow wp-container-16\" style=\"padding-top:60px;padding-right:0px;padding-bottom:10px;padding-left:0px; background:#1d2730;\"><div class=\"wp-block-group__inner-container\">\n<div class=\"wp-block-columns are-vertically-aligned-center is-layout-flex wp-container-15\">\n<div class=\"wp-block-column is-vertically-aligned-center is-layout-flow\" style=\"flex-basis:100%\">\n<div class=\"wp-block-group is-layout-flow\"><div class=\"wp-block-group__inner-container\">\n<div class=\"wp-block-columns is-layout-flex wp-container-12\" style=\"padding-right:20px;padding-left:20px\">\n<div class=\"wp-block-column is-vertically-aligned-center is-layout-flow\" style=\"padding-top:20px;padding-bottom:20px;flex-basis:70%\">\n<p class=\"has-text-align-left has-white-color has-text-color wp-block-heading\" style=\"font-size:46px;font-style:normal;font-weight:300;margin-top:10px;margin-right:0px;margin-bottom:10px;margin-left:0px\">Hemen Oynamaya Ba\u015flay\u0131n!<\/p>\n<\/div>\n\n\n\n<div class=\"wp-block-column is-vertically-aligned-center is-layout-flow\" style=\"padding-top:10px;padding-bottom:10px;flex-basis:30%\"><div class=\"wp-block-poka-button\">\n<a class=\"wp-block-button__link has-vivid-red-background-color has-background\" href=\"https:\/\/outkast-shop.com\/tr\/go\/play\/\" style=\"border-radius:100px\"><strong>\u015eimdi oynay\u0131n!<\/strong><\/a>\n\n\t\t<\/div><\/div>\n<\/div>\n<\/div><\/div>\n<\/div>\n<\/div>\n<\/div><\/div>\n\n\n\n<div class=\"wp-block-group alignfull gallery_section has-poka-boxes-background-color-alt-background-color has-background is-layout-constrained wp-block-group-is-layout-constrained\"><div class=\"wp-block-group__inner-container\">\n<p class=\"has-medium-font-size\"><strong>Daha fazlas\u0131n\u0131 ke\u015ffedin:<\/strong><\/p>\n\n\n\n<div class=\"types-gallery\">\r\n\t  <a class=\"item\" href=\"https:\/\/outkast-shop.com\/tr\/anonymous-casinos\/\"><img decoding=\"async\" src=\"\/wp-content\/uploads\/2023\/06\/ct4.png\" alt=\"Anonim Kumarhaneler simgesi\"><span>Anonim Kumarhaneler<\/span><\/a>\r\n      <a class=\"item\" href=\"https:\/\/outkast-shop.com\/tr\/blockchain-casinos\/\"><img decoding=\"async\" src=\"\/wp-content\/uploads\/2023\/06\/ct2.png\" alt=\"Blockchain Kumarhaneleri simgesi\"><span>Blockchain Kumarhaneleri<\/span><\/a>\r\n      <a class=\"item\" href=\"https:\/\/outkast-shop.com\/tr\/merkezi-olmayan-kumarhaneler\/\"><img decoding=\"async\" src=\"\/wp-content\/uploads\/2023\/06\/ct5.png\" alt=\"Merkezi Olmayan Kumarhaneler simgesi\"><span>Merkezi Olmayan Kumarhaneler<\/span><\/a>\r\n      <a class=\"item\" href=\"https:\/\/outkast-shop.com\/tr\/hybrid-online-casinos\/\"><img decoding=\"async\" src=\"\/wp-content\/uploads\/2023\/06\/ct3.png\" alt=\"Hibrit Kumarhaneler simgesi\"><span>Hibrit Kumarhaneler<\/span><\/a>\r\n      <a class=\"item\" href=\"https:\/\/outkast-shop.com\/tr\/new-crypto-casinos\/\"><img decoding=\"async\" src=\"\/wp-content\/uploads\/2023\/06\/ct6-1.png\" alt=\"Yeni Crypto Casinos simgesi\"><span>Yeni Crypto Casinos<\/span><\/a>\r\n      <a class=\"item\" href=\"https:\/\/outkast-shop.com\/tr\/nft-casinos\/\"><img decoding=\"async\" src=\"\/wp-content\/uploads\/2023\/06\/ct7-1.png\" alt=\"NFT Kumarhaneleri simgesi\"><span>NFT Kumarhaneleri<\/span><\/a>     \r\n<\/div>\n<\/div><\/div>","protected":false},"excerpt":{"rendered":"<p>Denis Mak Denis, tutkusunda ger\u00e7ekten ba\u015far\u0131l\u0131 olan inan\u0131lmaz derecede yetenekli bir bireydir: okuyucular \u00fczerinde kal\u0131c\u0131 bir etki b\u0131rakan ilgi \u00e7ekici ve b\u00fcy\u00fcleyici metinler haz\u0131rlamak. iGaming alan\u0131ndaki ola\u011fan\u00fcst\u00fc becerileri ve uzmanl\u0131\u011f\u0131yla Denis, web siteleri i\u00e7in g\u00f6rsel olarak \u00e7arp\u0131c\u0131 i\u00e7erik olu\u015fturma konusunda ba\u015fvurulacak bir profesyonel haline geldi. \u0130ster [...] i\u00e7in birinci s\u0131n\u0131f makaleler \u00fcretiyor olsun<\/p>","protected":false},"author":1,"featured_media":0,"parent":0,"menu_order":0,"comment_status":"closed","ping_status":"closed","template":"","meta":{"_mi_skip_tracking":false,"_monsterinsights_sitenote_active":false,"_monsterinsights_sitenote_note":"","_monsterinsights_sitenote_category":0,"footnotes":""},"class_list":["post-2621","page","type-page","status-publish","hentry"],"acf":[],"yoast_head":"<!-- This site is optimized with the Yoast SEO plugin v22.8 - https:\/\/yoast.com\/wordpress\/plugins\/seo\/ -->\n<title>Denis Mak - Crypto Casino<\/title>\n<meta name=\"description\" content=\"Denis is an incredibly talented individual who truly excels at his passion: crafting compelling and captivating text that leaves a lasting impact on readers.\" \/>\n<meta name=\"robots\" content=\"index, follow, max-snippet:-1, max-image-preview:large, max-video-preview:-1\" \/>\n<link rel=\"canonical\" href=\"https:\/\/outkast-shop.com\/tr\/author-denis-mak\/\" \/>\n<meta property=\"og:locale\" content=\"tr_TR\" \/>\n<meta property=\"og:type\" content=\"article\" \/>\n<meta property=\"og:title\" content=\"Denis Mak - Crypto Casino\" \/>\n<meta property=\"og:description\" content=\"Denis is an incredibly talented individual who truly excels at his passion: crafting compelling and captivating text that leaves a lasting impact on readers.\" \/>\n<meta property=\"og:url\" content=\"https:\/\/outkast-shop.com\/tr\/author-denis-mak\/\" \/>\n<meta property=\"og:site_name\" content=\"Crypto Casino\" \/>\n<meta property=\"article:modified_time\" content=\"2023-10-17T22:41:25+00:00\" \/>\n<meta property=\"og:image\" content=\"https:\/\/outkast-shop.com\/wp-content\/uploads\/2023\/10\/denis-mak-big.jpg\" \/>\n<meta name=\"twitter:card\" content=\"summary_large_image\" \/>\n<meta name=\"twitter:label1\" content=\"Tahmini okuma s\u00fcresi\" \/>\n\t<meta name=\"twitter:data1\" content=\"1 dakika\" \/>\n<!-- \/ Yoast SEO plugin. -->","yoast_head_json":{"title":"Denis Mak - Crypto Casino","description":"Denis is an incredibly talented individual who truly excels at his passion: crafting compelling and captivating text that leaves a lasting impact on readers.","robots":{"index":"index","follow":"follow","max-snippet":"max-snippet:-1","max-image-preview":"max-image-preview:large","max-video-preview":"max-video-preview:-1"},"canonical":"https:\/\/outkast-shop.com\/tr\/author-denis-mak\/","og_locale":"tr_TR","og_type":"article","og_title":"Denis Mak - Crypto Casino","og_description":"Denis is an incredibly talented individual who truly excels at his passion: crafting compelling and captivating text that leaves a lasting impact on readers.","og_url":"https:\/\/outkast-shop.com\/tr\/author-denis-mak\/","og_site_name":"Crypto Casino","article_modified_time":"2023-10-17T22:41:25+00:00","og_image":[{"url":"https:\/\/outkast-shop.com\/wp-content\/uploads\/2023\/10\/denis-mak-big.jpg"}],"twitter_card":"summary_large_image","twitter_misc":{"Tahmini okuma s\u00fcresi":"1 dakika"},"schema":{"@context":"https:\/\/schema.org","@graph":[{"@type":"WebPage","@id":"https:\/\/outkast-shop.com\/author-denis-mak\/","url":"https:\/\/outkast-shop.com\/author-denis-mak\/","name":"Denis Mak - Crypto Casino","isPartOf":{"@id":"https:\/\/outkast-shop.com\/#website"},"primaryImageOfPage":{"@id":"https:\/\/outkast-shop.com\/author-denis-mak\/#primaryimage"},"image":{"@id":"https:\/\/outkast-shop.com\/author-denis-mak\/#primaryimage"},"thumbnailUrl":"https:\/\/outkast-shop.com\/wp-content\/uploads\/2023\/10\/denis-mak-big.jpg","datePublished":"2023-10-17T22:39:42+00:00","dateModified":"2023-10-17T22:41:25+00:00","description":"Denis is an incredibly talented individual who truly excels at his passion: crafting compelling and captivating text that leaves a lasting impact on readers.","breadcrumb":{"@id":"https:\/\/outkast-shop.com\/author-denis-mak\/#breadcrumb"},"inLanguage":"tr","potentialAction":[{"@type":"ReadAction","target":["https:\/\/outkast-shop.com\/author-denis-mak\/"]}]},{"@type":"ImageObject","inLanguage":"tr","@id":"https:\/\/outkast-shop.com\/author-denis-mak\/#primaryimage","url":"https:\/\/outkast-shop.com\/wp-content\/uploads\/2023\/10\/denis-mak-big.jpg","contentUrl":"https:\/\/outkast-shop.com\/wp-content\/uploads\/2023\/10\/denis-mak-big.jpg"},{"@type":"BreadcrumbList","@id":"https:\/\/outkast-shop.com\/author-denis-mak\/#breadcrumb","itemListElement":[{"@type":"ListItem","position":1,"name":"Home","item":"https:\/\/outkast-shop.com\/"},{"@type":"ListItem","position":2,"name":"Denis Mak"}]},{"@type":"WebSite","@id":"https:\/\/outkast-shop.com\/#website","url":"https:\/\/outkast-shop.com\/","name":"Crypto Casino","description":"","publisher":{"@id":"https:\/\/outkast-shop.com\/#organization"},"potentialAction":[{"@type":"SearchAction","target":{"@type":"EntryPoint","urlTemplate":"https:\/\/outkast-shop.com\/?s={search_term_string}"},"query-input":"required name=search_term_string"}],"inLanguage":"tr"},{"@type":"Organization","@id":"https:\/\/outkast-shop.com\/#organization","name":"Outkast Roller","alternateName":"outkast-shop.com","url":"https:\/\/outkast-shop.com\/","logo":{"@type":"ImageObject","inLanguage":"tr","@id":"https:\/\/outkast-shop.com\/#\/schema\/logo\/image\/","url":"https:\/\/outkast-shop.com\/wp-content\/uploads\/2023\/06\/long-logo.png","contentUrl":"https:\/\/outkast-shop.com\/wp-content\/uploads\/2023\/06\/long-logo.png","width":326,"height":75,"caption":"Outkast Roller"},"image":{"@id":"https:\/\/outkast-shop.com\/#\/schema\/logo\/image\/"}}]}},"_links":{"self":[{"href":"https:\/\/outkast-shop.com\/tr\/wp-json\/wp\/v2\/pages\/2621","targetHints":{"allow":["GET"]}}],"collection":[{"href":"https:\/\/outkast-shop.com\/tr\/wp-json\/wp\/v2\/pages"}],"about":[{"href":"https:\/\/outkast-shop.com\/tr\/wp-json\/wp\/v2\/types\/page"}],"author":[{"embeddable":true,"href":"https:\/\/outkast-shop.com\/tr\/wp-json\/wp\/v2\/users\/1"}],"replies":[{"embeddable":true,"href":"https:\/\/outkast-shop.com\/tr\/wp-json\/wp\/v2\/comments?post=2621"}],"version-history":[{"count":0,"href":"https:\/\/outkast-shop.com\/tr\/wp-json\/wp\/v2\/pages\/2621\/revisions"}],"wp:attachment":[{"href":"https:\/\/outkast-shop.com\/tr\/wp-json\/wp\/v2\/media?parent=2621"}],"curies":[{"name":"wp","href":"https:\/\/api.w.org\/{rel}","templated":true}]}}